{"id":8420,"date":"2025-02-12T15:11:30","date_gmt":"2025-02-12T07:11:30","guid":{"rendered":"https:\/\/www.yupeclaser.eu\/?post_type=product&#038;p=8420"},"modified":"2025-02-12T15:15:57","modified_gmt":"2025-02-12T07:15:57","slug":"focusing-collimating-lenses-with-holder-for-raytools-bt210-bt210s","status":"publish","type":"product","link":"https:\/\/www.yupeclaser.eu\/pl\/product\/focusing-collimating-lenses-with-holder-for-raytools-bt210-bt210s\/","title":{"rendered":"Soczewki do Ogniskowania i Kolimacji z Uchwytami dla RayTools BT210 BT210S"},"content":{"rendered":"<p><div class=\"fusion-fullwidth fullwidth-box fusion-builder-row-1 fusion-flex-container has-pattern-background has-mask-background nonhundred-percent-fullwidth non-hundred-percent-height-scrolling fusion-animated\" style=\"--awb-border-radius-top-left:0px;--awb-border-radius-top-right:0px;--awb-border-radius-bottom-right:0px;--awb-border-radius-bottom-left:0px;--awb-padding-top:0px;--awb-padding-right:0px;--awb-padding-bottom:0px;--awb-padding-left:0px;--awb-margin-top:60px;--awb-flex-wrap:wrap;\" data-animationtype=\"fadeInLeft\" data-animationduration=\"2.0\" data-animationoffset=\"top-into-view\" ><div class=\"fusion-builder-row fusion-row fusion-flex-align-items-flex-start fusion-flex-content-wrap\" style=\"max-width:1372.8px;margin-left: calc(-4% \/ 2 );margin-right: calc(-4% \/ 2 );\"><div class=\"fusion-layout-column fusion_builder_column fusion-builder-column-0 fusion_builder_column_1_1 1_1 fusion-flex-column\" style=\"--awb-bg-size:cover;--awb-width-large:100%;--awb-margin-top-large:20px;--awb-spacing-right-large:1.92%;--awb-margin-bottom-large:20px;--awb-spacing-left-large:1.92%;--awb-width-medium:100%;--awb-order-medium:0;--awb-spacing-right-medium:1.92%;--awb-spacing-left-medium:1.92%;--awb-width-small:100%;--awb-order-small:0;--awb-spacing-right-small:1.92%;--awb-spacing-left-small:1.92%;\"><div class=\"fusion-column-wrapper fusion-column-has-shadow fusion-flex-justify-content-flex-start fusion-content-layout-column\"><div class=\"fusion-title title fusion-title-1 fusion-sep-none fusion-title-text fusion-title-size-two\" style=\"--awb-text-color:var(--awb-color8);--awb-sep-color:var(--awb-custom_color_1);--awb-font-size:24px;\"><h2 class=\"fusion-title-heading title-heading-left fusion-responsive-typography-calculated\" style=\"margin:0;font-size:1em;--fontSize:24;line-height:1.3;\">Specyfikacje Produktu<\/h2><\/div><div class=\"fusion-separator\" style=\"align-self: flex-start;margin-right:auto;margin-top:-10px;width:100%;max-width:60px;\"><div class=\"fusion-separator-border sep-single sep-solid\" style=\"--awb-height:20px;--awb-amount:20px;--awb-sep-color:var(--awb-custom_color_1);border-color:var(--awb-custom_color_1);border-top-width:5px;\"><\/div><\/div><ul style=\"--awb-size:15px;--awb-margin-top:20px;--awb-margin-right:0px;--awb-margin-left:0px;--awb-item-padding-right:0px;--awb-item-padding-left:0px;--awb-iconcolor:var(--awb-color8);--awb-line-height:25.5px;--awb-icon-width:25.5px;--awb-icon-height:25.5px;--awb-icon-margin:10.5px;--awb-content-margin:36px;\" class=\"fusion-checklist fusion-checklist-1 fusion-checklist-default type-icons\"><li class=\"fusion-li-item\" style=\"\"><span class=\"icon-wrapper circle-no\"><i class=\"fusion-li-icon fa-chevron-circle-right fas\" aria-hidden=\"true\"><\/i><\/span><div class=\"fusion-li-item-content\">\n<p>Standardowy pow\u0142oka antyrefleksyjna o wysokiej wydajno\u015bci i niskich stratach.<\/p>\n<\/div><\/li><li class=\"fusion-li-item\" style=\"\"><span class=\"icon-wrapper circle-no\"><i class=\"fusion-li-icon fa-chevron-circle-right fas\" aria-hidden=\"true\"><\/i><\/span><div class=\"fusion-li-item-content\">\n<p>Proces powlekania AR po obu stronach zapewniaj\u0105cy wysok\u0105 transmisj\u0119.<\/p>\n<\/div><\/li><li class=\"fusion-li-item\" style=\"\"><span class=\"icon-wrapper circle-no\"><i class=\"fusion-li-icon fa-chevron-circle-right fas\" aria-hidden=\"true\"><\/i><\/span><div class=\"fusion-li-item-content\">\n<p>Wysokiej jako\u015bci kryszta\u0142 o doskona\u0142ej odporno\u015bci na wysokie temperatury.<\/p>\n<\/div><\/li><li class=\"fusion-li-item\" style=\"\"><span class=\"icon-wrapper circle-no\"><i class=\"fusion-li-icon fa-chevron-circle-right fas\" aria-hidden=\"true\"><\/i><\/span><div class=\"fusion-li-item-content\">\n<p>D\u0142uga \u017cywotno\u015b\u0107 i \u0142atwa instalacja.<\/p>\n<\/div><\/li><li class=\"fusion-li-item\" style=\"\"><span class=\"icon-wrapper circle-no\"><i class=\"fusion-li-icon fa-chevron-circle-right fas\" aria-hidden=\"true\"><\/i><\/span><div class=\"fusion-li-item-content\">\n<p>Kompatybilne z g\u0142owicami tn\u0105cymi laser\u00f3w RayTools BT210 \/ BT210S.<\/p>\n<\/div><\/li><\/ul><\/div><\/div><\/div><\/div><div class=\"fusion-fullwidth fullwidth-box fusion-builder-row-2 fusion-flex-container has-pattern-background has-mask-background nonhundred-percent-fullwidth non-hundred-percent-height-scrolling fusion-animated\" style=\"--awb-border-radius-top-left:0px;--awb-border-radius-top-right:0px;--awb-border-radius-bottom-right:0px;--awb-border-radius-bottom-left:0px;--awb-padding-top:0px;--awb-padding-right:0px;--awb-padding-bottom:0px;--awb-padding-left:0px;--awb-margin-top:60px;--awb-flex-wrap:wrap;\" data-animationtype=\"fadeInLeft\" data-animationduration=\"2.0\" data-animationoffset=\"top-into-view\" ><div class=\"fusion-builder-row fusion-row fusion-flex-align-items-flex-start fusion-flex-content-wrap\" style=\"max-width:1372.8px;margin-left: calc(-4% \/ 2 );margin-right: calc(-4% \/ 2 );\"><div class=\"fusion-layout-column fusion_builder_column fusion-builder-column-1 fusion_builder_column_1_1 1_1 fusion-flex-column\" style=\"--awb-bg-size:cover;--awb-width-large:100%;--awb-margin-top-large:20px;--awb-spacing-right-large:1.92%;--awb-margin-bottom-large:20px;--awb-spacing-left-large:1.92%;--awb-width-medium:100%;--awb-order-medium:0;--awb-spacing-right-medium:1.92%;--awb-spacing-left-medium:1.92%;--awb-width-small:100%;--awb-order-small:0;--awb-spacing-right-small:1.92%;--awb-spacing-left-small:1.92%;\"><div class=\"fusion-column-wrapper fusion-column-has-shadow fusion-flex-justify-content-flex-start fusion-content-layout-column\"><div class=\"fusion-title title fusion-title-2 fusion-sep-none fusion-title-text fusion-title-size-two\" style=\"--awb-text-color:var(--awb-color8);--awb-sep-color:var(--awb-custom_color_1);--awb-font-size:24px;\"><h2 class=\"fusion-title-heading title-heading-left fusion-responsive-typography-calculated\" style=\"margin:0;font-size:1em;--fontSize:24;line-height:1.3;\">Szczeg\u00f3\u0142y produktu<\/h2><\/div><div class=\"fusion-separator\" style=\"align-self: flex-start;margin-right:auto;margin-top:-10px;width:100%;max-width:60px;\"><div class=\"fusion-separator-border sep-single sep-solid\" style=\"--awb-height:20px;--awb-amount:20px;--awb-sep-color:var(--awb-custom_color_1);border-color:var(--awb-custom_color_1);border-top-width:5px;\"><\/div><\/div><div class=\"fusion-image-element\" style=\"text-align:center;--awb-margin-top:30px;--awb-margin-top-small:20px;--awb-max-width:700px;--awb-caption-title-font-family:var(--h2_typography-font-family);--awb-caption-title-font-weight:var(--h2_typography-font-weight);--awb-caption-title-font-style:var(--h2_typography-font-style);--awb-caption-title-size:var(--h2_typography-font-size);--awb-caption-title-transform:var(--h2_typography-text-transform);--awb-caption-title-line-height:var(--h2_typography-line-height);--awb-caption-title-letter-spacing:var(--h2_typography-letter-spacing);\"><span class=\"fusion-imageframe imageframe-none imageframe-1 hover-type-none\" style=\"border:1px solid var(--awb-color2);border-radius:8px;\"><img decoding=\"async\" width=\"1000\" height=\"400\" title=\"RayTools BT210 BT210S Collimating Focusing Lens &#8211; Product Details 1\" src=\"https:\/\/www.yupeclaser.eu\/wp-content\/uploads\/2025\/02\/RayTools-BT210-BT210S-Collimating-Focusing-Lens-Product-Details-1.webp\" data-orig-src=\"https:\/\/www.yupeclaser.eu\/wp-content\/uploads\/2025\/02\/RayTools-BT210-BT210S-Collimating-Focusing-Lens-Product-Details-1.webp\" alt class=\"lazyload img-responsive wp-image-8422\" srcset=\"data:image\/svg+xml,%3Csvg%20xmlns%3D%27http%3A%2F%2Fwww.w3.org%2F2000%2Fsvg%27%20width%3D%271000%27%20height%3D%27400%27%20viewBox%3D%270%200%201000%20400%27%3E%3Crect%20width%3D%271000%27%20height%3D%27400%27%20fill-opacity%3D%220%22%2F%3E%3C%2Fsvg%3E\" data-srcset=\"https:\/\/www.yupeclaser.eu\/wp-content\/uploads\/2025\/02\/RayTools-BT210-BT210S-Collimating-Focusing-Lens-Product-Details-1-200x80.webp 200w, https:\/\/www.yupeclaser.eu\/wp-content\/uploads\/2025\/02\/RayTools-BT210-BT210S-Collimating-Focusing-Lens-Product-Details-1-400x160.webp 400w, https:\/\/www.yupeclaser.eu\/wp-content\/uploads\/2025\/02\/RayTools-BT210-BT210S-Collimating-Focusing-Lens-Product-Details-1-600x240.webp 600w, https:\/\/www.yupeclaser.eu\/wp-content\/uploads\/2025\/02\/RayTools-BT210-BT210S-Collimating-Focusing-Lens-Product-Details-1-800x320.webp 800w, https:\/\/www.yupeclaser.eu\/wp-content\/uploads\/2025\/02\/RayTools-BT210-BT210S-Collimating-Focusing-Lens-Product-Details-1.webp 1000w\" data-sizes=\"auto\" data-orig-sizes=\"(max-width: 640px) 100vw, 1000px\" \/><\/span><\/div><div class=\"fusion-text fusion-text-1\" style=\"--awb-content-alignment:center;--awb-margin-top:10px;\"><p><strong>RayTools BT210 BT210S Soczewka kolimacyjna \u2013 <span style=\"color: #ff0000;\">D28 F100<\/span><\/strong><\/p>\n<\/div><div class=\"fusion-image-element\" style=\"text-align:center;--awb-margin-top:30px;--awb-margin-top-small:20px;--awb-max-width:700px;--awb-caption-title-font-family:var(--h2_typography-font-family);--awb-caption-title-font-weight:var(--h2_typography-font-weight);--awb-caption-title-font-style:var(--h2_typography-font-style);--awb-caption-title-size:var(--h2_typography-font-size);--awb-caption-title-transform:var(--h2_typography-text-transform);--awb-caption-title-line-height:var(--h2_typography-line-height);--awb-caption-title-letter-spacing:var(--h2_typography-letter-spacing);\"><span class=\"fusion-imageframe imageframe-none imageframe-2 hover-type-none\" style=\"border:1px solid var(--awb-color2);border-radius:8px;\"><img decoding=\"async\" width=\"1000\" height=\"410\" title=\"RayTools BT210 BT210S Collimating Focusing Lens &#8211; Product Details 2\" src=\"https:\/\/www.yupeclaser.eu\/wp-content\/uploads\/2025\/02\/RayTools-BT210-BT210S-Collimating-Focusing-Lens-Product-Details-2.webp\" data-orig-src=\"https:\/\/www.yupeclaser.eu\/wp-content\/uploads\/2025\/02\/RayTools-BT210-BT210S-Collimating-Focusing-Lens-Product-Details-2.webp\" alt class=\"lazyload img-responsive wp-image-8423\" srcset=\"data:image\/svg+xml,%3Csvg%20xmlns%3D%27http%3A%2F%2Fwww.w3.org%2F2000%2Fsvg%27%20width%3D%271000%27%20height%3D%27410%27%20viewBox%3D%270%200%201000%20410%27%3E%3Crect%20width%3D%271000%27%20height%3D%27410%27%20fill-opacity%3D%220%22%2F%3E%3C%2Fsvg%3E\" data-srcset=\"https:\/\/www.yupeclaser.eu\/wp-content\/uploads\/2025\/02\/RayTools-BT210-BT210S-Collimating-Focusing-Lens-Product-Details-2-200x82.webp 200w, https:\/\/www.yupeclaser.eu\/wp-content\/uploads\/2025\/02\/RayTools-BT210-BT210S-Collimating-Focusing-Lens-Product-Details-2-400x164.webp 400w, https:\/\/www.yupeclaser.eu\/wp-content\/uploads\/2025\/02\/RayTools-BT210-BT210S-Collimating-Focusing-Lens-Product-Details-2-600x246.webp 600w, https:\/\/www.yupeclaser.eu\/wp-content\/uploads\/2025\/02\/RayTools-BT210-BT210S-Collimating-Focusing-Lens-Product-Details-2-800x328.webp 800w, https:\/\/www.yupeclaser.eu\/wp-content\/uploads\/2025\/02\/RayTools-BT210-BT210S-Collimating-Focusing-Lens-Product-Details-2.webp 1000w\" data-sizes=\"auto\" data-orig-sizes=\"(max-width: 640px) 100vw, 1000px\" \/><\/span><\/div><div class=\"fusion-text fusion-text-2\" style=\"--awb-content-alignment:center;--awb-margin-top:10px;\"><p><strong>RayTools BT210 BT210S Soczewka skupiaj\u0105ca \u2013\u00a0 <span style=\"color: #ff0000;\">D28 F125<\/span><\/strong><\/p>\n<\/div><div class=\"fusion-image-element\" style=\"text-align:center;--awb-margin-top:30px;--awb-margin-top-small:20px;--awb-max-width:700px;--awb-caption-title-font-family:var(--h2_typography-font-family);--awb-caption-title-font-weight:var(--h2_typography-font-weight);--awb-caption-title-font-style:var(--h2_typography-font-style);--awb-caption-title-size:var(--h2_typography-font-size);--awb-caption-title-transform:var(--h2_typography-text-transform);--awb-caption-title-line-height:var(--h2_typography-line-height);--awb-caption-title-letter-spacing:var(--h2_typography-letter-spacing);\"><span class=\"fusion-imageframe imageframe-none imageframe-3 hover-type-none\" style=\"border:1px solid var(--awb-color2);border-radius:8px;\"><img decoding=\"async\" width=\"1000\" height=\"926\" title=\"RayTools BT210 BT210S Collimating Focusing Lens &#8211; Product Details 3\" src=\"https:\/\/www.yupeclaser.eu\/wp-content\/uploads\/2025\/02\/RayTools-BT210-BT210S-Collimating-Focusing-Lens-Product-Details-3.webp\" data-orig-src=\"https:\/\/www.yupeclaser.eu\/wp-content\/uploads\/2025\/02\/RayTools-BT210-BT210S-Collimating-Focusing-Lens-Product-Details-3.webp\" alt class=\"lazyload img-responsive wp-image-8424\" srcset=\"data:image\/svg+xml,%3Csvg%20xmlns%3D%27http%3A%2F%2Fwww.w3.org%2F2000%2Fsvg%27%20width%3D%271000%27%20height%3D%27926%27%20viewBox%3D%270%200%201000%20926%27%3E%3Crect%20width%3D%271000%27%20height%3D%27926%27%20fill-opacity%3D%220%22%2F%3E%3C%2Fsvg%3E\" data-srcset=\"https:\/\/www.yupeclaser.eu\/wp-content\/uploads\/2025\/02\/RayTools-BT210-BT210S-Collimating-Focusing-Lens-Product-Details-3-200x185.webp 200w, https:\/\/www.yupeclaser.eu\/wp-content\/uploads\/2025\/02\/RayTools-BT210-BT210S-Collimating-Focusing-Lens-Product-Details-3-400x370.webp 400w, https:\/\/www.yupeclaser.eu\/wp-content\/uploads\/2025\/02\/RayTools-BT210-BT210S-Collimating-Focusing-Lens-Product-Details-3-600x556.webp 600w, https:\/\/www.yupeclaser.eu\/wp-content\/uploads\/2025\/02\/RayTools-BT210-BT210S-Collimating-Focusing-Lens-Product-Details-3-800x741.webp 800w, https:\/\/www.yupeclaser.eu\/wp-content\/uploads\/2025\/02\/RayTools-BT210-BT210S-Collimating-Focusing-Lens-Product-Details-3.webp 1000w\" data-sizes=\"auto\" data-orig-sizes=\"(max-width: 640px) 100vw, 1000px\" \/><\/span><\/div><div class=\"fusion-text fusion-text-3\" style=\"--awb-margin-top:10px;\"><p><strong>Uwaga:<\/strong> Ten rodzaj soczewki do kolimacji i ogniskowania z rurk\u0105 soczewki jest stosowany w g\u0142owicach tn\u0105cych laser\u00f3w BT210 i BT210S. Prosz\u0119 potwierdzi\u0107 \u015brednic\u0119 i ogniskow\u0105 swojej soczewki.<\/p>\n<\/div><\/div><\/div><\/div><\/div><\/p>","protected":false},"excerpt":{"rendered":"<p>Soczewki do ogniskowania i kolimacji zosta\u0142y zaprojektowane dla g\u0142owic tn\u0105cych laser\u00f3w RayTools BT210 \/ BT210S, zapewniaj\u0105c doskona\u0142\u0105 odporno\u015b\u0107 na wysokie temperatury, co umo\u017cliwia stabilne i wydajne ci\u0119cie.<\/p>","protected":false},"featured_media":8421,"template":"","meta":[],"product_brand":[],"product_cat":[53],"product_tag":[],"class_list":{"0":"post-8420","1":"product","2":"type-product","3":"status-publish","4":"has-post-thumbnail","6":"product_cat-laser-lenses","8":"first","9":"instock","10":"shipping-taxable","11":"product-type-simple"},"yoast_head":"<!-- This site is optimized with the Yoast SEO plugin v26.5 - https:\/\/yoast.com\/wordpress\/plugins\/seo\/ -->\n<title>Focusing &amp; Collimating Lenses with Holder for RayTools BT210 BT210S - YUPEC Laser<\/title>\n<meta name=\"description\" content=\"These focusing and collimation lenses are designed for RayTools BT210 \/ BT210S laser cutting heads, providing excellent high-temperature resistance for consistent, high-performance cutting.\" \/>\n<meta name=\"robots\" content=\"index, follow, max-snippet:-1, max-image-preview:large, max-video-preview:-1\" \/>\n<link rel=\"canonical\" href=\"https:\/\/www.yupeclaser.eu\/pl\/product\/focusing-collimating-lenses-with-holder-for-raytools-bt210-bt210s\/\" \/>\n<meta property=\"og:locale\" content=\"pl_PL\" \/>\n<meta property=\"og:type\" content=\"article\" \/>\n<meta property=\"og:title\" content=\"Focusing &amp; Collimating Lenses with Holder for RayTools BT210 BT210S - YUPEC Laser\" \/>\n<meta property=\"og:description\" content=\"These focusing and collimation lenses are designed for RayTools BT210 \/ BT210S laser cutting heads, providing excellent high-temperature resistance for consistent, high-performance cutting.\" \/>\n<meta property=\"og:url\" content=\"https:\/\/www.yupeclaser.eu\/pl\/product\/focusing-collimating-lenses-with-holder-for-raytools-bt210-bt210s\/\" \/>\n<meta property=\"og:site_name\" content=\"YUPEC Laser\" \/>\n<meta property=\"og:image\" content=\"https:\/\/www.yupeclaser.eu\/wp-content\/uploads\/2025\/02\/RayTools-BT210-BT210S-Collimating-Focusing-Lens.png\" \/>\n\t<meta property=\"og:image:width\" content=\"750\" \/>\n\t<meta property=\"og:image:height\" content=\"513\" \/>\n\t<meta property=\"og:image:type\" content=\"image\/png\" \/>\n<meta name=\"twitter:card\" content=\"summary_large_image\" \/>\n<meta name=\"twitter:label1\" content=\"Szacowany czas czytania\" \/>\n\t<meta name=\"twitter:data1\" content=\"2 minuty\" \/>\n<script type=\"application\/ld+json\" class=\"yoast-schema-graph\">{\"@context\":\"https:\/\/schema.org\",\"@graph\":[{\"@type\":\"WebPage\",\"@id\":\"https:\/\/www.yupeclaser.eu\/product\/focusing-collimating-lenses-with-holder-for-raytools-bt210-bt210s\/\",\"url\":\"https:\/\/www.yupeclaser.eu\/product\/focusing-collimating-lenses-with-holder-for-raytools-bt210-bt210s\/\",\"name\":\"Focusing & Collimating Lenses with Holder for RayTools BT210 BT210S - YUPEC Laser\",\"isPartOf\":{\"@id\":\"https:\/\/www.yupeclaser.eu\/#website\"},\"primaryImageOfPage\":{\"@id\":\"https:\/\/www.yupeclaser.eu\/product\/focusing-collimating-lenses-with-holder-for-raytools-bt210-bt210s\/#primaryimage\"},\"image\":{\"@id\":\"https:\/\/www.yupeclaser.eu\/product\/focusing-collimating-lenses-with-holder-for-raytools-bt210-bt210s\/#primaryimage\"},\"thumbnailUrl\":\"https:\/\/www.yupeclaser.eu\/wp-content\/uploads\/2025\/02\/RayTools-BT210-BT210S-Collimating-Focusing-Lens.png\",\"datePublished\":\"2025-02-12T07:11:30+00:00\",\"dateModified\":\"2025-02-12T07:15:57+00:00\",\"description\":\"These focusing and collimation lenses are designed for RayTools BT210 \/ BT210S laser cutting heads, providing excellent high-temperature resistance for consistent, high-performance cutting.\",\"breadcrumb\":{\"@id\":\"https:\/\/www.yupeclaser.eu\/product\/focusing-collimating-lenses-with-holder-for-raytools-bt210-bt210s\/#breadcrumb\"},\"inLanguage\":\"pl-PL\",\"potentialAction\":[{\"@type\":\"ReadAction\",\"target\":[\"https:\/\/www.yupeclaser.eu\/product\/focusing-collimating-lenses-with-holder-for-raytools-bt210-bt210s\/\"]}]},{\"@type\":\"ImageObject\",\"inLanguage\":\"pl-PL\",\"@id\":\"https:\/\/www.yupeclaser.eu\/product\/focusing-collimating-lenses-with-holder-for-raytools-bt210-bt210s\/#primaryimage\",\"url\":\"https:\/\/www.yupeclaser.eu\/wp-content\/uploads\/2025\/02\/RayTools-BT210-BT210S-Collimating-Focusing-Lens.png\",\"contentUrl\":\"https:\/\/www.yupeclaser.eu\/wp-content\/uploads\/2025\/02\/RayTools-BT210-BT210S-Collimating-Focusing-Lens.png\",\"width\":750,\"height\":513},{\"@type\":\"BreadcrumbList\",\"@id\":\"https:\/\/www.yupeclaser.eu\/product\/focusing-collimating-lenses-with-holder-for-raytools-bt210-bt210s\/#breadcrumb\",\"itemListElement\":[{\"@type\":\"ListItem\",\"position\":1,\"name\":\"Home\",\"item\":\"https:\/\/www.yupeclaser.eu\/\"},{\"@type\":\"ListItem\",\"position\":2,\"name\":\"Products\",\"item\":\"https:\/\/www.yupeclaser.eu\/products\/\"},{\"@type\":\"ListItem\",\"position\":3,\"name\":\"Laser Lenses\",\"item\":\"https:\/\/www.yupeclaser.eu\/laser-lenses\/\"},{\"@type\":\"ListItem\",\"position\":4,\"name\":\"Focusing &#038; Collimating Lenses with Holder for RayTools BT210 BT210S\"}]},{\"@type\":\"WebSite\",\"@id\":\"https:\/\/www.yupeclaser.eu\/#website\",\"url\":\"https:\/\/www.yupeclaser.eu\/\",\"name\":\"YUPEC Laser\",\"description\":\"\",\"potentialAction\":[{\"@type\":\"SearchAction\",\"target\":{\"@type\":\"EntryPoint\",\"urlTemplate\":\"https:\/\/www.yupeclaser.eu\/?s={search_term_string}\"},\"query-input\":{\"@type\":\"PropertyValueSpecification\",\"valueRequired\":true,\"valueName\":\"search_term_string\"}}],\"inLanguage\":\"pl-PL\"}]}<\/script>\n<!-- \/ Yoast SEO plugin. -->","yoast_head_json":{"title":"Focusing & Collimating Lenses with Holder for RayTools BT210 BT210S - YUPEC Laser","description":"Soczewki do ogniskowania i kolimacji zosta\u0142y zaprojektowane dla g\u0142owic tn\u0105cych laser\u00f3w RayTools BT210 \/ BT210S, zapewniaj\u0105c doskona\u0142\u0105 odporno\u015b\u0107 na wysokie temperatury, co umo\u017cliwia stabilne i wydajne ci\u0119cie.","robots":{"index":"index","follow":"follow","max-snippet":"max-snippet:-1","max-image-preview":"max-image-preview:large","max-video-preview":"max-video-preview:-1"},"canonical":"https:\/\/www.yupeclaser.eu\/pl\/product\/focusing-collimating-lenses-with-holder-for-raytools-bt210-bt210s\/","og_locale":"pl_PL","og_type":"article","og_title":"Focusing & Collimating Lenses with Holder for RayTools BT210 BT210S - YUPEC Laser","og_description":"These focusing and collimation lenses are designed for RayTools BT210 \/ BT210S laser cutting heads, providing excellent high-temperature resistance for consistent, high-performance cutting.","og_url":"https:\/\/www.yupeclaser.eu\/pl\/product\/focusing-collimating-lenses-with-holder-for-raytools-bt210-bt210s\/","og_site_name":"YUPEC Laser","og_image":[{"width":750,"height":513,"url":"https:\/\/www.yupeclaser.eu\/wp-content\/uploads\/2025\/02\/RayTools-BT210-BT210S-Collimating-Focusing-Lens.png","type":"image\/png"}],"twitter_card":"summary_large_image","twitter_misc":{"Szacowany czas czytania":"2 minuty"},"schema":{"@context":"https:\/\/schema.org","@graph":[{"@type":"WebPage","@id":"https:\/\/www.yupeclaser.eu\/product\/focusing-collimating-lenses-with-holder-for-raytools-bt210-bt210s\/","url":"https:\/\/www.yupeclaser.eu\/product\/focusing-collimating-lenses-with-holder-for-raytools-bt210-bt210s\/","name":"Focusing & Collimating Lenses with Holder for RayTools BT210 BT210S - YUPEC Laser","isPartOf":{"@id":"https:\/\/www.yupeclaser.eu\/#website"},"primaryImageOfPage":{"@id":"https:\/\/www.yupeclaser.eu\/product\/focusing-collimating-lenses-with-holder-for-raytools-bt210-bt210s\/#primaryimage"},"image":{"@id":"https:\/\/www.yupeclaser.eu\/product\/focusing-collimating-lenses-with-holder-for-raytools-bt210-bt210s\/#primaryimage"},"thumbnailUrl":"https:\/\/www.yupeclaser.eu\/wp-content\/uploads\/2025\/02\/RayTools-BT210-BT210S-Collimating-Focusing-Lens.png","datePublished":"2025-02-12T07:11:30+00:00","dateModified":"2025-02-12T07:15:57+00:00","description":"Soczewki do ogniskowania i kolimacji zosta\u0142y zaprojektowane dla g\u0142owic tn\u0105cych laser\u00f3w RayTools BT210 \/ BT210S, zapewniaj\u0105c doskona\u0142\u0105 odporno\u015b\u0107 na wysokie temperatury, co umo\u017cliwia stabilne i wydajne ci\u0119cie.","breadcrumb":{"@id":"https:\/\/www.yupeclaser.eu\/product\/focusing-collimating-lenses-with-holder-for-raytools-bt210-bt210s\/#breadcrumb"},"inLanguage":"pl-PL","potentialAction":[{"@type":"ReadAction","target":["https:\/\/www.yupeclaser.eu\/product\/focusing-collimating-lenses-with-holder-for-raytools-bt210-bt210s\/"]}]},{"@type":"ImageObject","inLanguage":"pl-PL","@id":"https:\/\/www.yupeclaser.eu\/product\/focusing-collimating-lenses-with-holder-for-raytools-bt210-bt210s\/#primaryimage","url":"https:\/\/www.yupeclaser.eu\/wp-content\/uploads\/2025\/02\/RayTools-BT210-BT210S-Collimating-Focusing-Lens.png","contentUrl":"https:\/\/www.yupeclaser.eu\/wp-content\/uploads\/2025\/02\/RayTools-BT210-BT210S-Collimating-Focusing-Lens.png","width":750,"height":513},{"@type":"BreadcrumbList","@id":"https:\/\/www.yupeclaser.eu\/product\/focusing-collimating-lenses-with-holder-for-raytools-bt210-bt210s\/#breadcrumb","itemListElement":[{"@type":"ListItem","position":1,"name":"Home","item":"https:\/\/www.yupeclaser.eu\/"},{"@type":"ListItem","position":2,"name":"Products","item":"https:\/\/www.yupeclaser.eu\/products\/"},{"@type":"ListItem","position":3,"name":"Laser Lenses","item":"https:\/\/www.yupeclaser.eu\/laser-lenses\/"},{"@type":"ListItem","position":4,"name":"Focusing &#038; Collimating Lenses with Holder for RayTools BT210 BT210S"}]},{"@type":"WebSite","@id":"https:\/\/www.yupeclaser.eu\/#website","url":"https:\/\/www.yupeclaser.eu\/","name":"YUPEC Laser","description":"","potentialAction":[{"@type":"SearchAction","target":{"@type":"EntryPoint","urlTemplate":"https:\/\/www.yupeclaser.eu\/?s={search_term_string}"},"query-input":{"@type":"PropertyValueSpecification","valueRequired":true,"valueName":"search_term_string"}}],"inLanguage":"pl-PL"}]}},"_links":{"self":[{"href":"https:\/\/www.yupeclaser.eu\/pl\/wp-json\/wp\/v2\/product\/8420","targetHints":{"allow":["GET"]}}],"collection":[{"href":"https:\/\/www.yupeclaser.eu\/pl\/wp-json\/wp\/v2\/product"}],"about":[{"href":"https:\/\/www.yupeclaser.eu\/pl\/wp-json\/wp\/v2\/types\/product"}],"wp:featuredmedia":[{"embeddable":true,"href":"https:\/\/www.yupeclaser.eu\/pl\/wp-json\/wp\/v2\/media\/8421"}],"wp:attachment":[{"href":"https:\/\/www.yupeclaser.eu\/pl\/wp-json\/wp\/v2\/media?parent=8420"}],"wp:term":[{"taxonomy":"product_brand","embeddable":true,"href":"https:\/\/www.yupeclaser.eu\/pl\/wp-json\/wp\/v2\/product_brand?post=8420"},{"taxonomy":"product_cat","embeddable":true,"href":"https:\/\/www.yupeclaser.eu\/pl\/wp-json\/wp\/v2\/product_cat?post=8420"},{"taxonomy":"product_tag","embeddable":true,"href":"https:\/\/www.yupeclaser.eu\/pl\/wp-json\/wp\/v2\/product_tag?post=8420"}],"curies":[{"name":"wp","href":"https:\/\/api.w.org\/{rel}","templated":true}]}}