{"id":9069,"date":"2025-09-28T14:45:48","date_gmt":"2025-09-28T06:45:48","guid":{"rendered":"https:\/\/www.yupeclaser.eu\/?post_type=product&#038;p=9069"},"modified":"2025-09-28T15:09:50","modified_gmt":"2025-09-28T07:09:50","slug":"seal-rings-for-boci-laser-cutting-heads","status":"publish","type":"product","link":"https:\/\/www.yupeclaser.eu\/fr\/product\/seal-rings-for-boci-laser-cutting-heads\/","title":{"rendered":"Anneau d'\u00c9tanch\u00e9it\u00e9 pour T\u00eates de Coupe Laser BOCI"},"content":{"rendered":"<p><div class=\"fusion-fullwidth fullwidth-box fusion-builder-row-1 fusion-flex-container has-pattern-background has-mask-background nonhundred-percent-fullwidth non-hundred-percent-height-scrolling fusion-animated\" style=\"--awb-border-radius-top-left:0px;--awb-border-radius-top-right:0px;--awb-border-radius-bottom-right:0px;--awb-border-radius-bottom-left:0px;--awb-padding-top:0px;--awb-padding-right:0px;--awb-padding-bottom:0px;--awb-padding-left:0px;--awb-flex-wrap:wrap;\" data-animationtype=\"fadeInLeft\" data-animationduration=\"2.0\" data-animationoffset=\"top-into-view\" ><div class=\"fusion-builder-row fusion-row fusion-flex-align-items-flex-start fusion-flex-content-wrap\" style=\"max-width:1372.8px;margin-left: calc(-4% \/ 2 );margin-right: calc(-4% \/ 2 );\"><div class=\"fusion-layout-column fusion_builder_column fusion-builder-column-0 fusion_builder_column_1_1 1_1 fusion-flex-column\" style=\"--awb-bg-size:cover;--awb-width-large:100%;--awb-margin-top-large:20px;--awb-spacing-right-large:1.92%;--awb-margin-bottom-large:20px;--awb-spacing-left-large:1.92%;--awb-width-medium:100%;--awb-order-medium:0;--awb-spacing-right-medium:1.92%;--awb-spacing-left-medium:1.92%;--awb-width-small:100%;--awb-order-small:0;--awb-spacing-right-small:1.92%;--awb-spacing-left-small:1.92%;\"><div class=\"fusion-column-wrapper fusion-column-has-shadow fusion-flex-justify-content-flex-start fusion-content-layout-column\"><div class=\"fusion-title title fusion-title-1 fusion-sep-none fusion-title-text fusion-title-size-two\" style=\"--awb-text-color:var(--awb-color8);--awb-sep-color:var(--awb-custom_color_1);--awb-font-size:24px;\"><h2 class=\"fusion-title-heading title-heading-left fusion-responsive-typography-calculated\" style=\"margin:0;font-size:1em;--fontSize:24;line-height:1.3;\">Caract\u00e9ristiques du Produit<\/h2><\/div><div class=\"fusion-separator\" style=\"align-self: flex-start;margin-right:auto;margin-top:-10px;width:100%;max-width:60px;\"><div class=\"fusion-separator-border sep-single sep-solid\" style=\"--awb-height:20px;--awb-amount:20px;--awb-sep-color:var(--awb-custom_color_1);border-color:var(--awb-custom_color_1);border-top-width:5px;\"><\/div><\/div><ul style=\"--awb-size:15px;--awb-margin-top:30px;--awb-margin-right:0px;--awb-margin-left:0px;--awb-item-padding-right:0px;--awb-item-padding-left:0px;--awb-iconcolor:var(--awb-color8);--awb-line-height:25.5px;--awb-icon-width:25.5px;--awb-icon-height:25.5px;--awb-icon-margin:10.5px;--awb-content-margin:36px;\" class=\"fusion-checklist fusion-checklist-1 fusion-checklist-default type-icons\"><li class=\"fusion-li-item\" style=\"\"><span class=\"icon-wrapper circle-no\"><i class=\"fusion-li-icon fa-chevron-circle-right fas\" aria-hidden=\"true\"><\/i><\/span><div class=\"fusion-li-item-content\">\n<p>PTFE de haute puret\u00e9 et transparent, connu pour sa r\u00e9sistance \u00e0 l'usure.<\/p>\n<\/div><\/li><li class=\"fusion-li-item\" style=\"\"><span class=\"icon-wrapper circle-no\"><i class=\"fusion-li-icon fa-chevron-circle-right fas\" aria-hidden=\"true\"><\/i><\/span><div class=\"fusion-li-item-content\">\n<p>Le ressort est fabriqu\u00e9 en acier inoxydable ultra-fin et \u00e0 haute duret\u00e9, offrant une bonne flexibilit\u00e9 et une haute r\u00e9sistance \u00e0 la traction.<\/p>\n<\/div><\/li><li class=\"fusion-li-item\" style=\"\"><span class=\"icon-wrapper circle-no\"><i class=\"fusion-li-icon fa-chevron-circle-right fas\" aria-hidden=\"true\"><\/i><\/span><div class=\"fusion-li-item-content\">\n<p>La surface est lisse, minimisant ainsi le frottement, avec une \u00e9lasticit\u00e9 de ressort appropri\u00e9e et sans probl\u00e8me de r\u00e9sistance \u00e9lev\u00e9e \u00e0 l'extraction ou d'efficacit\u00e9 d'\u00e9tanch\u00e9it\u00e9 m\u00e9diocre.<\/p>\n<\/div><\/li><\/ul><\/div><\/div><\/div><\/div><div class=\"fusion-fullwidth fullwidth-box fusion-builder-row-2 fusion-flex-container has-pattern-background has-mask-background nonhundred-percent-fullwidth non-hundred-percent-height-scrolling fusion-animated\" style=\"--awb-border-radius-top-left:0px;--awb-border-radius-top-right:0px;--awb-border-radius-bottom-right:0px;--awb-border-radius-bottom-left:0px;--awb-padding-top:0px;--awb-padding-right:0px;--awb-padding-bottom:0px;--awb-padding-left:0px;--awb-margin-top:60px;--awb-flex-wrap:wrap;\" data-animationtype=\"fadeInLeft\" data-animationduration=\"2.0\" data-animationoffset=\"top-into-view\" ><div class=\"fusion-builder-row fusion-row fusion-flex-align-items-flex-start fusion-flex-content-wrap\" style=\"max-width:1372.8px;margin-left: calc(-4% \/ 2 );margin-right: calc(-4% \/ 2 );\"><div class=\"fusion-layout-column fusion_builder_column fusion-builder-column-1 fusion_builder_column_1_1 1_1 fusion-flex-column\" style=\"--awb-bg-size:cover;--awb-width-large:100%;--awb-margin-top-large:20px;--awb-spacing-right-large:1.92%;--awb-margin-bottom-large:20px;--awb-spacing-left-large:1.92%;--awb-width-medium:100%;--awb-order-medium:0;--awb-spacing-right-medium:1.92%;--awb-spacing-left-medium:1.92%;--awb-width-small:100%;--awb-order-small:0;--awb-spacing-right-small:1.92%;--awb-spacing-left-small:1.92%;\"><div class=\"fusion-column-wrapper fusion-column-has-shadow fusion-flex-justify-content-flex-start fusion-content-layout-column\"><div class=\"fusion-title title fusion-title-2 fusion-sep-none fusion-title-text fusion-title-size-two\" style=\"--awb-text-color:var(--awb-color8);--awb-sep-color:var(--awb-custom_color_1);--awb-font-size:24px;\"><h2 class=\"fusion-title-heading title-heading-left fusion-responsive-typography-calculated\" style=\"margin:0;font-size:1em;--fontSize:24;line-height:1.3;\">Dimensions du Produit<\/h2><\/div><div class=\"fusion-separator\" style=\"align-self: flex-start;margin-right:auto;margin-top:-10px;width:100%;max-width:60px;\"><div class=\"fusion-separator-border sep-single sep-solid\" style=\"--awb-height:20px;--awb-amount:20px;--awb-sep-color:var(--awb-custom_color_1);border-color:var(--awb-custom_color_1);border-top-width:5px;\"><\/div><\/div>\n<div class=\"table-1\" style=\"--awb-margin-top:30px;\">\n<table width=\"100%\">\n<thead>\n<tr>\n<th align=\"left\" width=\"5%\">Num\u00e9ro<\/th>\n<th align=\"left\" width=\"15%\">Num\u00e9ro Pi\u00e8ce<\/th>\n<th align=\"left\" width=\"80%\">Adapt\u00e9 pour<\/th>\n<\/tr>\n<\/thead>\n<tbody>\n<tr>\n<td align=\"left\">1<\/td>\n<td align=\"left\">D23-D31-T3.45<\/td>\n<td align=\"left\">BLT310, BLT310T<\/td>\n<\/tr>\n<tr>\n<td align=\"left\">2<\/td>\n<td align=\"left\">SRLC-P385<\/td>\n<td align=\"left\"><strong>S\u00e9rie BOCI BLT4 :<\/strong> BLT420, BLT420S, BLT440F, BLT460F, BLT421, BLT441, BLT461, BLT481, BLT4101, BLT421T, BLT441T, BLT461T, BLT442, BLT462, BLT482, BLT4102, BLT4122, BLT421S, BLT421TS, BLT442P, BLT462P, BLT482P, BLT4102P, BLT442T, BLT462T<br \/>\n<strong>S\u00e9rie BOCI BLT5 :<\/strong> BLT510, BLT520, BLT520H, BLT540H, BLT560H<br \/>\n<strong>S\u00e9rie BOCI BLT6 :<\/strong> BLT640, BLT641, BLT641H (15KW), BLT642H, BLT661, BLT661H, BLT641H (20KW), BLT662H, BLT681H, BLT682H, BLT6101H, BLT6102H, BLT662M, BLT682M, BLT6102M, BLT662MA, BLT682MA, BLT6102MA<br \/>\n<strong>S\u00e9rie BOCI BLT8 :<\/strong> BLT840H, BLT860H<br \/>\n<strong>S\u00e9rie BOCI BLT9 :<\/strong> BLT980MA, BLT9100MA, BLT9120MA<\/td>\n<\/tr>\n<tr>\n<td align=\"left\">3<\/td>\n<td align=\"left\">D46-D54.5-T3.7<\/td>\n<td align=\"left\">BLT6120H, BLT6140H<\/td>\n<\/tr>\n<tr>\n<td align=\"left\">4<\/td>\n<td align=\"left\">D33-D41.5-T3.7<\/td>\n<td align=\"left\">BLTA120M, BLTA140M, BLTA160M, BLTA180M<\/td>\n<\/tr>\n<\/tbody>\n<\/table>\n<\/div>\n<\/div><\/div><\/div><\/div><div class=\"fusion-fullwidth fullwidth-box fusion-builder-row-3 fusion-flex-container has-pattern-background has-mask-background nonhundred-percent-fullwidth non-hundred-percent-height-scrolling fusion-animated\" style=\"--awb-border-radius-top-left:0px;--awb-border-radius-top-right:0px;--awb-border-radius-bottom-right:0px;--awb-border-radius-bottom-left:0px;--awb-padding-top:0px;--awb-padding-right:0px;--awb-padding-bottom:0px;--awb-padding-left:0px;--awb-margin-top:60px;--awb-flex-wrap:wrap;\" data-animationtype=\"fadeInLeft\" data-animationduration=\"2.0\" data-animationoffset=\"top-into-view\" ><div class=\"fusion-builder-row fusion-row fusion-flex-align-items-flex-start fusion-flex-content-wrap\" style=\"max-width:1372.8px;margin-left: calc(-4% \/ 2 );margin-right: calc(-4% \/ 2 );\"><div class=\"fusion-layout-column fusion_builder_column fusion-builder-column-2 fusion_builder_column_1_1 1_1 fusion-flex-column\" style=\"--awb-bg-size:cover;--awb-width-large:100%;--awb-margin-top-large:20px;--awb-spacing-right-large:1.92%;--awb-margin-bottom-large:20px;--awb-spacing-left-large:1.92%;--awb-width-medium:100%;--awb-order-medium:0;--awb-spacing-right-medium:1.92%;--awb-spacing-left-medium:1.92%;--awb-width-small:100%;--awb-order-small:0;--awb-spacing-right-small:1.92%;--awb-spacing-left-small:1.92%;\"><div class=\"fusion-column-wrapper fusion-column-has-shadow fusion-flex-justify-content-flex-start fusion-content-layout-column\"><div class=\"fusion-title title fusion-title-3 fusion-sep-none fusion-title-text fusion-title-size-two\" style=\"--awb-text-color:var(--awb-color8);--awb-sep-color:var(--awb-custom_color_1);--awb-font-size:24px;\"><h2 class=\"fusion-title-heading title-heading-left fusion-responsive-typography-calculated\" style=\"margin:0;font-size:1em;--fontSize:24;line-height:1.3;\">Applications du Produit<\/h2><\/div><div class=\"fusion-separator\" style=\"align-self: flex-start;margin-right:auto;margin-top:-10px;width:100%;max-width:60px;\"><div class=\"fusion-separator-border sep-single sep-solid\" style=\"--awb-height:20px;--awb-amount:20px;--awb-sep-color:var(--awb-custom_color_1);border-color:var(--awb-custom_color_1);border-top-width:5px;\"><\/div><\/div><div class=\"fusion-image-element\" style=\"text-align:center;--awb-margin-top:10px;--awb-max-width:700px;--awb-caption-title-font-family:var(--h2_typography-font-family);--awb-caption-title-font-weight:var(--h2_typography-font-weight);--awb-caption-title-font-style:var(--h2_typography-font-style);--awb-caption-title-size:var(--h2_typography-font-size);--awb-caption-title-transform:var(--h2_typography-text-transform);--awb-caption-title-line-height:var(--h2_typography-line-height);--awb-caption-title-letter-spacing:var(--h2_typography-letter-spacing);\"><span class=\"fusion-imageframe imageframe-none imageframe-1 hover-type-none\" style=\"border-radius:8px;\"><img decoding=\"async\" width=\"1000\" height=\"929\" title=\"Sealing Rings for Raytools &#8211; Product Details 6\" src=\"https:\/\/www.yupeclaser.eu\/wp-content\/uploads\/2024\/05\/Sealing-Rings-for-Raytools-Product-Details-6.jpg\" data-orig-src=\"https:\/\/yupeclaser.eu\/wp-content\/uploads\/2024\/05\/Sealing-Rings-for-Raytools-Product-Details-6.jpg\" alt class=\"lazyload img-responsive wp-image-4611\" srcset=\"data:image\/svg+xml,%3Csvg%20xmlns%3D%27http%3A%2F%2Fwww.w3.org%2F2000%2Fsvg%27%20width%3D%271000%27%20height%3D%27929%27%20viewBox%3D%270%200%201000%20929%27%3E%3Crect%20width%3D%271000%27%20height%3D%27929%27%20fill-opacity%3D%220%22%2F%3E%3C%2Fsvg%3E\" data-srcset=\"https:\/\/www.yupeclaser.eu\/wp-content\/uploads\/2024\/05\/Sealing-Rings-for-Raytools-Product-Details-6-200x186.jpg 200w, https:\/\/www.yupeclaser.eu\/wp-content\/uploads\/2024\/05\/Sealing-Rings-for-Raytools-Product-Details-6-400x372.jpg 400w, https:\/\/www.yupeclaser.eu\/wp-content\/uploads\/2024\/05\/Sealing-Rings-for-Raytools-Product-Details-6-600x557.jpg 600w, https:\/\/www.yupeclaser.eu\/wp-content\/uploads\/2024\/05\/Sealing-Rings-for-Raytools-Product-Details-6-800x743.jpg 800w, https:\/\/www.yupeclaser.eu\/wp-content\/uploads\/2024\/05\/Sealing-Rings-for-Raytools-Product-Details-6.jpg 1000w\" data-sizes=\"auto\" data-orig-sizes=\"(max-width: 640px) 100vw, 1000px\" \/><\/span><\/div><\/div><\/div><\/div><\/div><\/p>","protected":false},"excerpt":{"rendered":"<p>Ces anneaux d\u2019\u00e9tanch\u00e9it\u00e9 ont \u00e9t\u00e9 sp\u00e9cialement d\u00e9velopp\u00e9s pour les t\u00eates de coupe laser BOCI, y compris les mod\u00e8les des s\u00e9ries BLT3, BLT4, BLT5, BLT6, BLT8 et BLT9. Fabriqu\u00e9s avec des ressorts en acier inoxydable ultra-fins et \u00e0 haute duret\u00e9, ils offrent une excellente flexibilit\u00e9, une grande durabilit\u00e9 et une r\u00e9sistance \u00e9lev\u00e9e \u00e0 la traction, garantissant ainsi des performances d\u2019\u00e9tanch\u00e9it\u00e9 stables. Gr\u00e2ce \u00e0 leur large compatibilit\u00e9 avec des mod\u00e8les tels que BLT421, BLT441, BLT461, BLT481, BLT640, BLT641 et bien d\u2019autres, ces anneaux d\u2019\u00e9tanch\u00e9it\u00e9 contribuent \u00e0 maintenir la stabilit\u00e9 de la coupe, \u00e0 pr\u00e9venir les fuites et \u00e0 prolonger la dur\u00e9e de vie de la t\u00eate de coupe.<\/p>","protected":false},"featured_media":9070,"template":"","meta":[],"product_brand":[],"product_cat":[52],"product_tag":[],"class_list":{"0":"post-9069","1":"product","2":"type-product","3":"status-publish","4":"has-post-thumbnail","6":"product_cat-sealing-rings","8":"first","9":"instock","10":"shipping-taxable","11":"product-type-simple"},"yoast_head":"<!-- This site is optimized with the Yoast SEO plugin v26.5 - https:\/\/yoast.com\/wordpress\/plugins\/seo\/ -->\n<title>Seal Rings for BOCI Laser Cutting Heads - YUPEC Laser<\/title>\n<meta name=\"description\" content=\"These sealing rings are designed for use with BOCI laser cutting heads, such as BLT421, BLT441, BLT461, BLT481, BLT640, BLT641 and more.\" \/>\n<meta name=\"robots\" content=\"index, follow, max-snippet:-1, max-image-preview:large, max-video-preview:-1\" \/>\n<link rel=\"canonical\" href=\"https:\/\/www.yupeclaser.eu\/fr\/product\/seal-rings-for-boci-laser-cutting-heads\/\" \/>\n<meta property=\"og:locale\" content=\"fr_FR\" \/>\n<meta property=\"og:type\" content=\"article\" \/>\n<meta property=\"og:title\" content=\"Seal Rings for BOCI Laser Cutting Heads - YUPEC Laser\" \/>\n<meta property=\"og:description\" content=\"These sealing rings are designed for use with BOCI laser cutting heads, such as BLT421, BLT441, BLT461, BLT481, BLT640, BLT641 and more.\" \/>\n<meta property=\"og:url\" content=\"https:\/\/www.yupeclaser.eu\/fr\/product\/seal-rings-for-boci-laser-cutting-heads\/\" \/>\n<meta property=\"og:site_name\" content=\"YUPEC Laser\" \/>\n<meta property=\"og:image\" content=\"https:\/\/www.yupeclaser.eu\/wp-content\/uploads\/2025\/09\/Sealing-Rings-for-BOCI-Laser-Cutting-Head.png\" \/>\n\t<meta property=\"og:image:width\" content=\"750\" \/>\n\t<meta property=\"og:image:height\" content=\"513\" \/>\n\t<meta property=\"og:image:type\" content=\"image\/png\" \/>\n<meta name=\"twitter:card\" content=\"summary_large_image\" \/>\n<meta name=\"twitter:label1\" content=\"Dur\u00e9e de lecture estim\u00e9e\" \/>\n\t<meta name=\"twitter:data1\" content=\"2 minutes\" \/>\n<script type=\"application\/ld+json\" class=\"yoast-schema-graph\">{\"@context\":\"https:\/\/schema.org\",\"@graph\":[{\"@type\":\"WebPage\",\"@id\":\"https:\/\/www.yupeclaser.eu\/product\/seal-rings-for-boci-laser-cutting-heads\/\",\"url\":\"https:\/\/www.yupeclaser.eu\/product\/seal-rings-for-boci-laser-cutting-heads\/\",\"name\":\"Seal Rings for BOCI Laser Cutting Heads - YUPEC Laser\",\"isPartOf\":{\"@id\":\"https:\/\/www.yupeclaser.eu\/#website\"},\"primaryImageOfPage\":{\"@id\":\"https:\/\/www.yupeclaser.eu\/product\/seal-rings-for-boci-laser-cutting-heads\/#primaryimage\"},\"image\":{\"@id\":\"https:\/\/www.yupeclaser.eu\/product\/seal-rings-for-boci-laser-cutting-heads\/#primaryimage\"},\"thumbnailUrl\":\"https:\/\/www.yupeclaser.eu\/wp-content\/uploads\/2025\/09\/Sealing-Rings-for-BOCI-Laser-Cutting-Head.png\",\"datePublished\":\"2025-09-28T06:45:48+00:00\",\"dateModified\":\"2025-09-28T07:09:50+00:00\",\"description\":\"These sealing rings are designed for use with BOCI laser cutting heads, such as BLT421, BLT441, BLT461, BLT481, BLT640, BLT641 and more.\",\"breadcrumb\":{\"@id\":\"https:\/\/www.yupeclaser.eu\/product\/seal-rings-for-boci-laser-cutting-heads\/#breadcrumb\"},\"inLanguage\":\"fr-FR\",\"potentialAction\":[{\"@type\":\"ReadAction\",\"target\":[\"https:\/\/www.yupeclaser.eu\/product\/seal-rings-for-boci-laser-cutting-heads\/\"]}]},{\"@type\":\"ImageObject\",\"inLanguage\":\"fr-FR\",\"@id\":\"https:\/\/www.yupeclaser.eu\/product\/seal-rings-for-boci-laser-cutting-heads\/#primaryimage\",\"url\":\"https:\/\/www.yupeclaser.eu\/wp-content\/uploads\/2025\/09\/Sealing-Rings-for-BOCI-Laser-Cutting-Head.png\",\"contentUrl\":\"https:\/\/www.yupeclaser.eu\/wp-content\/uploads\/2025\/09\/Sealing-Rings-for-BOCI-Laser-Cutting-Head.png\",\"width\":750,\"height\":513},{\"@type\":\"BreadcrumbList\",\"@id\":\"https:\/\/www.yupeclaser.eu\/product\/seal-rings-for-boci-laser-cutting-heads\/#breadcrumb\",\"itemListElement\":[{\"@type\":\"ListItem\",\"position\":1,\"name\":\"Home\",\"item\":\"https:\/\/www.yupeclaser.eu\/\"},{\"@type\":\"ListItem\",\"position\":2,\"name\":\"Products\",\"item\":\"https:\/\/www.yupeclaser.eu\/products\/\"},{\"@type\":\"ListItem\",\"position\":3,\"name\":\"Sealing Rings\",\"item\":\"https:\/\/www.yupeclaser.eu\/sealing-rings\/\"},{\"@type\":\"ListItem\",\"position\":4,\"name\":\"Seal Rings for BOCI Laser Cutting Heads\"}]},{\"@type\":\"WebSite\",\"@id\":\"https:\/\/www.yupeclaser.eu\/#website\",\"url\":\"https:\/\/www.yupeclaser.eu\/\",\"name\":\"YUPEC Laser\",\"description\":\"\",\"potentialAction\":[{\"@type\":\"SearchAction\",\"target\":{\"@type\":\"EntryPoint\",\"urlTemplate\":\"https:\/\/www.yupeclaser.eu\/?s={search_term_string}\"},\"query-input\":{\"@type\":\"PropertyValueSpecification\",\"valueRequired\":true,\"valueName\":\"search_term_string\"}}],\"inLanguage\":\"fr-FR\"}]}<\/script>\n<!-- \/ Yoast SEO plugin. -->","yoast_head_json":{"title":"Anneau d'\u00c9tanch\u00e9it\u00e9 pour T\u00eates de Coupe Laser BOCI - YUPEC Laser","description":"Ces anneaux d\u2019\u00e9tanch\u00e9it\u00e9 sont con\u00e7us pour \u00eatre utilis\u00e9s avec des t\u00eates de coupe laser BOCI, telles que BLT421, BLT441, BLT461, BLT481, BLT640, BLT641 et bien d\u2019autres.","robots":{"index":"index","follow":"follow","max-snippet":"max-snippet:-1","max-image-preview":"max-image-preview:large","max-video-preview":"max-video-preview:-1"},"canonical":"https:\/\/www.yupeclaser.eu\/fr\/product\/seal-rings-for-boci-laser-cutting-heads\/","og_locale":"fr_FR","og_type":"article","og_title":"Seal Rings for BOCI Laser Cutting Heads - YUPEC Laser","og_description":"These sealing rings are designed for use with BOCI laser cutting heads, such as BLT421, BLT441, BLT461, BLT481, BLT640, BLT641 and more.","og_url":"https:\/\/www.yupeclaser.eu\/fr\/product\/seal-rings-for-boci-laser-cutting-heads\/","og_site_name":"YUPEC Laser","og_image":[{"width":750,"height":513,"url":"https:\/\/www.yupeclaser.eu\/wp-content\/uploads\/2025\/09\/Sealing-Rings-for-BOCI-Laser-Cutting-Head.png","type":"image\/png"}],"twitter_card":"summary_large_image","twitter_misc":{"Dur\u00e9e de lecture estim\u00e9e":"2 minutes"},"schema":{"@context":"https:\/\/schema.org","@graph":[{"@type":"WebPage","@id":"https:\/\/www.yupeclaser.eu\/product\/seal-rings-for-boci-laser-cutting-heads\/","url":"https:\/\/www.yupeclaser.eu\/product\/seal-rings-for-boci-laser-cutting-heads\/","name":"Anneau d'\u00c9tanch\u00e9it\u00e9 pour T\u00eates de Coupe Laser BOCI - YUPEC Laser","isPartOf":{"@id":"https:\/\/www.yupeclaser.eu\/#website"},"primaryImageOfPage":{"@id":"https:\/\/www.yupeclaser.eu\/product\/seal-rings-for-boci-laser-cutting-heads\/#primaryimage"},"image":{"@id":"https:\/\/www.yupeclaser.eu\/product\/seal-rings-for-boci-laser-cutting-heads\/#primaryimage"},"thumbnailUrl":"https:\/\/www.yupeclaser.eu\/wp-content\/uploads\/2025\/09\/Sealing-Rings-for-BOCI-Laser-Cutting-Head.png","datePublished":"2025-09-28T06:45:48+00:00","dateModified":"2025-09-28T07:09:50+00:00","description":"Ces anneaux d\u2019\u00e9tanch\u00e9it\u00e9 sont con\u00e7us pour \u00eatre utilis\u00e9s avec des t\u00eates de coupe laser BOCI, telles que BLT421, BLT441, BLT461, BLT481, BLT640, BLT641 et bien d\u2019autres.","breadcrumb":{"@id":"https:\/\/www.yupeclaser.eu\/product\/seal-rings-for-boci-laser-cutting-heads\/#breadcrumb"},"inLanguage":"fr-FR","potentialAction":[{"@type":"ReadAction","target":["https:\/\/www.yupeclaser.eu\/product\/seal-rings-for-boci-laser-cutting-heads\/"]}]},{"@type":"ImageObject","inLanguage":"fr-FR","@id":"https:\/\/www.yupeclaser.eu\/product\/seal-rings-for-boci-laser-cutting-heads\/#primaryimage","url":"https:\/\/www.yupeclaser.eu\/wp-content\/uploads\/2025\/09\/Sealing-Rings-for-BOCI-Laser-Cutting-Head.png","contentUrl":"https:\/\/www.yupeclaser.eu\/wp-content\/uploads\/2025\/09\/Sealing-Rings-for-BOCI-Laser-Cutting-Head.png","width":750,"height":513},{"@type":"BreadcrumbList","@id":"https:\/\/www.yupeclaser.eu\/product\/seal-rings-for-boci-laser-cutting-heads\/#breadcrumb","itemListElement":[{"@type":"ListItem","position":1,"name":"Home","item":"https:\/\/www.yupeclaser.eu\/"},{"@type":"ListItem","position":2,"name":"Products","item":"https:\/\/www.yupeclaser.eu\/products\/"},{"@type":"ListItem","position":3,"name":"Sealing Rings","item":"https:\/\/www.yupeclaser.eu\/sealing-rings\/"},{"@type":"ListItem","position":4,"name":"Seal Rings for BOCI Laser Cutting Heads"}]},{"@type":"WebSite","@id":"https:\/\/www.yupeclaser.eu\/#website","url":"https:\/\/www.yupeclaser.eu\/","name":"YUPEC Laser","description":"","potentialAction":[{"@type":"SearchAction","target":{"@type":"EntryPoint","urlTemplate":"https:\/\/www.yupeclaser.eu\/?s={search_term_string}"},"query-input":{"@type":"PropertyValueSpecification","valueRequired":true,"valueName":"search_term_string"}}],"inLanguage":"fr-FR"}]}},"_links":{"self":[{"href":"https:\/\/www.yupeclaser.eu\/fr\/wp-json\/wp\/v2\/product\/9069","targetHints":{"allow":["GET"]}}],"collection":[{"href":"https:\/\/www.yupeclaser.eu\/fr\/wp-json\/wp\/v2\/product"}],"about":[{"href":"https:\/\/www.yupeclaser.eu\/fr\/wp-json\/wp\/v2\/types\/product"}],"wp:featuredmedia":[{"embeddable":true,"href":"https:\/\/www.yupeclaser.eu\/fr\/wp-json\/wp\/v2\/media\/9070"}],"wp:attachment":[{"href":"https:\/\/www.yupeclaser.eu\/fr\/wp-json\/wp\/v2\/media?parent=9069"}],"wp:term":[{"taxonomy":"product_brand","embeddable":true,"href":"https:\/\/www.yupeclaser.eu\/fr\/wp-json\/wp\/v2\/product_brand?post=9069"},{"taxonomy":"product_cat","embeddable":true,"href":"https:\/\/www.yupeclaser.eu\/fr\/wp-json\/wp\/v2\/product_cat?post=9069"},{"taxonomy":"product_tag","embeddable":true,"href":"https:\/\/www.yupeclaser.eu\/fr\/wp-json\/wp\/v2\/product_tag?post=9069"}],"curies":[{"name":"wp","href":"https:\/\/api.w.org\/{rel}","templated":true}]}}