{"id":8800,"date":"2025-07-02T14:50:53","date_gmt":"2025-07-02T06:50:53","guid":{"rendered":"https:\/\/www.yupeclaser.eu\/?post_type=product&#038;p=8800"},"modified":"2025-07-17T09:37:23","modified_gmt":"2025-07-17T01:37:23","slug":"boci-3d-laser-cutting-nozzles-d11-m8-h19","status":"publish","type":"product","link":"https:\/\/www.yupeclaser.eu\/fr\/product\/boci-3d-laser-cutting-nozzles-d11-m8-h19\/","title":{"rendered":"Buses de d\u00e9coupe laser 3D BOCI D11 M8 H19"},"content":{"rendered":"<p><div class=\"fusion-fullwidth fullwidth-box fusion-builder-row-1 fusion-flex-container has-pattern-background has-mask-background nonhundred-percent-fullwidth non-hundred-percent-height-scrolling fusion-animated\" style=\"--awb-border-radius-top-left:0px;--awb-border-radius-top-right:0px;--awb-border-radius-bottom-right:0px;--awb-border-radius-bottom-left:0px;--awb-padding-top:0px;--awb-padding-right:0px;--awb-padding-bottom:0px;--awb-padding-left:0px;--awb-flex-wrap:wrap;\" data-animationtype=\"fadeInLeft\" data-animationduration=\"2.0\" data-animationoffset=\"top-into-view\" ><div class=\"fusion-builder-row fusion-row fusion-flex-align-items-flex-start fusion-flex-content-wrap\" style=\"max-width:1372.8px;margin-left: calc(-4% \/ 2 );margin-right: calc(-4% \/ 2 );\"><div class=\"fusion-layout-column fusion_builder_column fusion-builder-column-0 fusion_builder_column_1_1 1_1 fusion-flex-column\" style=\"--awb-bg-size:cover;--awb-width-large:100%;--awb-margin-top-large:20px;--awb-spacing-right-large:1.92%;--awb-margin-bottom-large:20px;--awb-spacing-left-large:1.92%;--awb-width-medium:100%;--awb-order-medium:0;--awb-spacing-right-medium:1.92%;--awb-spacing-left-medium:1.92%;--awb-width-small:100%;--awb-order-small:0;--awb-spacing-right-small:1.92%;--awb-spacing-left-small:1.92%;\"><div class=\"fusion-column-wrapper fusion-column-has-shadow fusion-flex-justify-content-flex-start fusion-content-layout-column\"><div class=\"fusion-title title fusion-title-1 fusion-sep-none fusion-title-text fusion-title-size-two\" style=\"--awb-text-color:var(--awb-color8);--awb-sep-color:var(--awb-custom_color_1);--awb-font-size:24px;\"><h2 class=\"fusion-title-heading title-heading-left fusion-responsive-typography-calculated\" style=\"margin:0;font-size:1em;--fontSize:24;line-height:1.3;\">Sp\u00e9cifications du Produit<\/h2><\/div><div class=\"fusion-separator\" style=\"align-self: flex-start;margin-right:auto;margin-top:-10px;width:100%;max-width:60px;\"><div class=\"fusion-separator-border sep-single sep-solid\" style=\"--awb-height:20px;--awb-amount:20px;--awb-sep-color:var(--awb-custom_color_1);border-color:var(--awb-custom_color_1);border-top-width:5px;\"><\/div><\/div>\n<div class=\"table-2\" style=\"--awb-margin-top:20px;\">\n<table width=\"100%\">\n<thead>\n<tr>\n<th style=\"text-align: center;\" align=\"left\">Taper<\/th>\n<th style=\"text-align: center;\" align=\"left\">Mod\u00e8le<\/th>\n<th style=\"text-align: center;\" align=\"left\">Calibre (mm)<\/th>\n<th style=\"text-align: center;\" align=\"left\">Diam\u00e8tre Ext\u00e9rieur (mm)<\/th>\n<th style=\"text-align: center;\" align=\"left\">Hauteur (mm)<\/th>\n<th style=\"text-align: center;\" align=\"left\">Type Filetage<\/th>\n<th style=\"text-align: center;\" align=\"left\">Code Mat\u00e9riel<\/th>\n<\/tr>\n<\/thead>\n<tbody>\n<tr>\n<td style=\"text-align: center;\" align=\"left\">Couche Unique<\/td>\n<td style=\"text-align: center;\" align=\"left\">S1.6-T<\/td>\n<td style=\"text-align: center;\" align=\"left\">1.6<\/td>\n<td style=\"text-align: center;\" align=\"left\">11<\/td>\n<td style=\"text-align: center;\" align=\"left\">19<\/td>\n<td style=\"text-align: center;\" align=\"left\">M8*0.75<\/td>\n<td style=\"text-align: center;\" align=\"left\">DY.Z.E0023AA<\/td>\n<\/tr>\n<tr>\n<td style=\"text-align: center;\" align=\"left\">Couche Unique<\/td>\n<td style=\"text-align: center;\" align=\"left\">S1.8-T<\/td>\n<td style=\"text-align: center;\" align=\"left\">1.8<\/td>\n<td style=\"text-align: center;\" align=\"left\">11<\/td>\n<td style=\"text-align: center;\" align=\"left\">19<\/td>\n<td style=\"text-align: center;\" align=\"left\">M8*0.75<\/td>\n<td style=\"text-align: center;\" align=\"left\">DY.Z.E0025AA<\/td>\n<\/tr>\n<tr>\n<td style=\"text-align: center;\" align=\"left\">Couche Unique<\/td>\n<td style=\"text-align: center;\" align=\"left\">S2.0-T<\/td>\n<td style=\"text-align: center;\" align=\"left\">2.0<\/td>\n<td style=\"text-align: center;\" align=\"left\">11<\/td>\n<td style=\"text-align: center;\" align=\"left\">19<\/td>\n<td style=\"text-align: center;\" align=\"left\">M8*0.75<\/td>\n<td style=\"text-align: center;\" align=\"left\">DY.Z.E0027AA<\/td>\n<\/tr>\n<tr>\n<td style=\"text-align: center;\" align=\"left\">Couche Unique<\/td>\n<td style=\"text-align: center;\" align=\"left\">S3.0-T<\/td>\n<td style=\"text-align: center;\" align=\"left\">3.0<\/td>\n<td style=\"text-align: center;\" align=\"left\">11<\/td>\n<td style=\"text-align: center;\" align=\"left\">19<\/td>\n<td style=\"text-align: center;\" align=\"left\">M8*0.75<\/td>\n<td style=\"text-align: center;\" align=\"left\">DY.Z.E0030AA<\/td>\n<\/tr>\n<tr>\n<td style=\"text-align: center;\" align=\"left\">Couche Unique<\/td>\n<td style=\"text-align: center;\" align=\"left\">S4.0-T<\/td>\n<td style=\"text-align: center;\" align=\"left\">4.0<\/td>\n<td style=\"text-align: center;\" align=\"left\">11<\/td>\n<td style=\"text-align: center;\" align=\"left\">15<\/td>\n<td style=\"text-align: center;\" align=\"left\">M8*0.75<\/td>\n<td style=\"text-align: center;\" align=\"left\">DY.Z.E0032AA<\/td>\n<\/tr>\n<tr>\n<td style=\"text-align: center;\" align=\"left\">Couche Unique<\/td>\n<td style=\"text-align: center;\" align=\"left\">S5.0-T<\/td>\n<td style=\"text-align: center;\" align=\"left\">5.0<\/td>\n<td style=\"text-align: center;\" align=\"left\">11<\/td>\n<td style=\"text-align: center;\" align=\"left\">19<\/td>\n<td style=\"text-align: center;\" align=\"left\">M8*0.75<\/td>\n<td style=\"text-align: center;\" align=\"left\">DY.Z.E0033AA<\/td>\n<\/tr>\n<tr>\n<td style=\"text-align: center;\" align=\"left\">Double Couche<\/td>\n<td style=\"text-align: center;\" align=\"left\">D1.2-T<\/td>\n<td style=\"text-align: center;\" align=\"left\">1.2<\/td>\n<td style=\"text-align: center;\" align=\"left\">11<\/td>\n<td style=\"text-align: center;\" align=\"left\">19<\/td>\n<td style=\"text-align: center;\" align=\"left\">M8*0.75<\/td>\n<td style=\"text-align: center;\" align=\"left\">DY.Z.E0020AA<\/td>\n<\/tr>\n<tr>\n<td style=\"text-align: center;\" align=\"left\">Double Couche<\/td>\n<td style=\"text-align: center;\" align=\"left\">D1.4-T<\/td>\n<td style=\"text-align: center;\" align=\"left\">1.4<\/td>\n<td style=\"text-align: center;\" align=\"left\">11<\/td>\n<td style=\"text-align: center;\" align=\"left\">19<\/td>\n<td style=\"text-align: center;\" align=\"left\">M8*0.75<\/td>\n<td style=\"text-align: center;\" align=\"left\">DY.Z.E0011AA<\/td>\n<\/tr>\n<tr>\n<td style=\"text-align: center;\" align=\"left\">Double Couche<\/td>\n<td style=\"text-align: center;\" align=\"left\">D1.6-T<\/td>\n<td style=\"text-align: center;\" align=\"left\">1.6<\/td>\n<td style=\"text-align: center;\" align=\"left\">11<\/td>\n<td style=\"text-align: center;\" align=\"left\">19<\/td>\n<td style=\"text-align: center;\" align=\"left\">M8*0.75<\/td>\n<td style=\"text-align: center;\" align=\"left\">DY.Z.E0024AA<\/td>\n<\/tr>\n<tr>\n<td style=\"text-align: center;\" align=\"left\">Double Couche<\/td>\n<td style=\"text-align: center;\" align=\"left\">D1.8-T<\/td>\n<td style=\"text-align: center;\" align=\"left\">1.8<\/td>\n<td style=\"text-align: center;\" align=\"left\">11<\/td>\n<td style=\"text-align: center;\" align=\"left\">19<\/td>\n<td style=\"text-align: center;\" align=\"left\">M8*0.75<\/td>\n<td style=\"text-align: center;\" align=\"left\">DY.Z.E0026AA<\/td>\n<\/tr>\n<tr>\n<td style=\"text-align: center;\" align=\"left\">Double Couche<\/td>\n<td style=\"text-align: center;\" align=\"left\">D2.0-T<\/td>\n<td style=\"text-align: center;\" align=\"left\">2.0<\/td>\n<td style=\"text-align: center;\" align=\"left\">11<\/td>\n<td style=\"text-align: center;\" align=\"left\">19<\/td>\n<td style=\"text-align: center;\" align=\"left\">M8*0.75<\/td>\n<td style=\"text-align: center;\" align=\"left\">DY.Z.E0028AA<\/td>\n<\/tr>\n<\/tbody>\n<\/table>\n<\/div>\n<\/div><\/div><\/div><\/div><div class=\"fusion-fullwidth fullwidth-box fusion-builder-row-2 fusion-flex-container has-pattern-background has-mask-background nonhundred-percent-fullwidth non-hundred-percent-height-scrolling fusion-animated\" style=\"--awb-border-radius-top-left:0px;--awb-border-radius-top-right:0px;--awb-border-radius-bottom-right:0px;--awb-border-radius-bottom-left:0px;--awb-padding-top:0px;--awb-padding-right:0px;--awb-padding-bottom:0px;--awb-padding-left:0px;--awb-margin-top:20px;--awb-flex-wrap:wrap;\" data-animationtype=\"fadeInLeft\" data-animationduration=\"2.0\" data-animationoffset=\"top-into-view\" ><div class=\"fusion-builder-row fusion-row fusion-flex-align-items-flex-start fusion-flex-content-wrap\" style=\"max-width:1372.8px;margin-left: calc(-4% \/ 2 );margin-right: calc(-4% \/ 2 );\"><div class=\"fusion-layout-column fusion_builder_column fusion-builder-column-1 fusion_builder_column_1_1 1_1 fusion-flex-column\" style=\"--awb-bg-size:cover;--awb-width-large:100%;--awb-margin-top-large:20px;--awb-spacing-right-large:1.92%;--awb-margin-bottom-large:20px;--awb-spacing-left-large:1.92%;--awb-width-medium:100%;--awb-order-medium:0;--awb-spacing-right-medium:1.92%;--awb-spacing-left-medium:1.92%;--awb-width-small:100%;--awb-order-small:0;--awb-spacing-right-small:1.92%;--awb-spacing-left-small:1.92%;\"><div class=\"fusion-column-wrapper fusion-column-has-shadow fusion-flex-justify-content-flex-start fusion-content-layout-column\"><div class=\"fusion-title title fusion-title-2 fusion-sep-none fusion-title-text fusion-title-size-two\" style=\"--awb-text-color:var(--awb-color8);--awb-sep-color:var(--awb-custom_color_1);--awb-font-size:24px;\"><h2 class=\"fusion-title-heading title-heading-left fusion-responsive-typography-calculated\" style=\"margin:0;font-size:1em;--fontSize:24;line-height:1.3;\">D\u00e9tails du Produit<\/h2><\/div><div class=\"fusion-separator\" style=\"align-self: flex-start;margin-right:auto;margin-top:-10px;width:100%;max-width:60px;\"><div class=\"fusion-separator-border sep-single sep-solid\" style=\"--awb-height:20px;--awb-amount:20px;--awb-sep-color:var(--awb-custom_color_1);border-color:var(--awb-custom_color_1);border-top-width:5px;\"><\/div><\/div><div class=\"fusion-image-element\" style=\"text-align:center;--awb-margin-top:30px;--awb-max-width:600px;--awb-caption-title-font-family:var(--h2_typography-font-family);--awb-caption-title-font-weight:var(--h2_typography-font-weight);--awb-caption-title-font-style:var(--h2_typography-font-style);--awb-caption-title-size:var(--h2_typography-font-size);--awb-caption-title-transform:var(--h2_typography-text-transform);--awb-caption-title-line-height:var(--h2_typography-line-height);--awb-caption-title-letter-spacing:var(--h2_typography-letter-spacing);\"><span class=\"fusion-imageframe imageframe-none imageframe-1 hover-type-none\" style=\"border:1px solid var(--awb-color2);border-radius:8px;\"><img decoding=\"async\" width=\"1000\" height=\"602\" title=\"BOCI 3D M8 Nozzle Product Details 1\" src=\"https:\/\/www.yupeclaser.eu\/wp-content\/uploads\/2025\/07\/BOCI-3D-M8-Nozzle-Product-Details-1.webp\" data-orig-src=\"https:\/\/www.yupeclaser.eu\/wp-content\/uploads\/2025\/07\/BOCI-3D-M8-Nozzle-Product-Details-1.webp\" alt class=\"lazyload img-responsive wp-image-8803\" srcset=\"data:image\/svg+xml,%3Csvg%20xmlns%3D%27http%3A%2F%2Fwww.w3.org%2F2000%2Fsvg%27%20width%3D%271000%27%20height%3D%27602%27%20viewBox%3D%270%200%201000%20602%27%3E%3Crect%20width%3D%271000%27%20height%3D%27602%27%20fill-opacity%3D%220%22%2F%3E%3C%2Fsvg%3E\" data-srcset=\"https:\/\/www.yupeclaser.eu\/wp-content\/uploads\/2025\/07\/BOCI-3D-M8-Nozzle-Product-Details-1-200x120.webp 200w, https:\/\/www.yupeclaser.eu\/wp-content\/uploads\/2025\/07\/BOCI-3D-M8-Nozzle-Product-Details-1-400x241.webp 400w, https:\/\/www.yupeclaser.eu\/wp-content\/uploads\/2025\/07\/BOCI-3D-M8-Nozzle-Product-Details-1-600x361.webp 600w, https:\/\/www.yupeclaser.eu\/wp-content\/uploads\/2025\/07\/BOCI-3D-M8-Nozzle-Product-Details-1-800x482.webp 800w, https:\/\/www.yupeclaser.eu\/wp-content\/uploads\/2025\/07\/BOCI-3D-M8-Nozzle-Product-Details-1.webp 1000w\" data-sizes=\"auto\" data-orig-sizes=\"(max-width: 640px) 100vw, 1000px\" \/><\/span><\/div><\/div><\/div><\/div><\/div><div class=\"fusion-fullwidth fullwidth-box fusion-builder-row-3 fusion-flex-container has-pattern-background has-mask-background nonhundred-percent-fullwidth non-hundred-percent-height-scrolling fusion-animated\" style=\"--awb-border-radius-top-left:0px;--awb-border-radius-top-right:0px;--awb-border-radius-bottom-right:0px;--awb-border-radius-bottom-left:0px;--awb-padding-top:0px;--awb-padding-right:0px;--awb-padding-bottom:0px;--awb-padding-left:0px;--awb-margin-top:20px;--awb-flex-wrap:wrap;\" data-animationtype=\"fadeInLeft\" data-animationduration=\"2.0\" data-animationoffset=\"top-into-view\" ><div class=\"fusion-builder-row fusion-row fusion-flex-align-items-flex-start fusion-flex-content-wrap\" style=\"max-width:1372.8px;margin-left: calc(-4% \/ 2 );margin-right: calc(-4% \/ 2 );\"><div class=\"fusion-layout-column fusion_builder_column fusion-builder-column-2 fusion_builder_column_1_1 1_1 fusion-flex-column\" style=\"--awb-bg-size:cover;--awb-width-large:100%;--awb-margin-top-large:20px;--awb-spacing-right-large:1.92%;--awb-margin-bottom-large:20px;--awb-spacing-left-large:1.92%;--awb-width-medium:100%;--awb-order-medium:0;--awb-spacing-right-medium:1.92%;--awb-spacing-left-medium:1.92%;--awb-width-small:100%;--awb-order-small:0;--awb-spacing-right-small:1.92%;--awb-spacing-left-small:1.92%;\"><div class=\"fusion-column-wrapper fusion-column-has-shadow fusion-flex-justify-content-flex-start fusion-content-layout-column\"><div class=\"fusion-title title fusion-title-3 fusion-sep-none fusion-title-text fusion-title-size-two\" style=\"--awb-text-color:var(--awb-color8);--awb-sep-color:var(--awb-custom_color_1);--awb-font-size:24px;\"><h2 class=\"fusion-title-heading title-heading-left fusion-responsive-typography-calculated\" style=\"margin:0;font-size:1em;--fontSize:24;line-height:1.3;\">Dimensions du Produit<\/h2><\/div><div class=\"fusion-separator\" style=\"align-self: flex-start;margin-right:auto;margin-top:-10px;width:100%;max-width:60px;\"><div class=\"fusion-separator-border sep-single sep-solid\" style=\"--awb-height:20px;--awb-amount:20px;--awb-sep-color:var(--awb-custom_color_1);border-color:var(--awb-custom_color_1);border-top-width:5px;\"><\/div><\/div><div class=\"fusion-image-element\" style=\"text-align:center;--awb-margin-top:30px;--awb-max-width:600px;--awb-caption-title-font-family:var(--h2_typography-font-family);--awb-caption-title-font-weight:var(--h2_typography-font-weight);--awb-caption-title-font-style:var(--h2_typography-font-style);--awb-caption-title-size:var(--h2_typography-font-size);--awb-caption-title-transform:var(--h2_typography-text-transform);--awb-caption-title-line-height:var(--h2_typography-line-height);--awb-caption-title-letter-spacing:var(--h2_typography-letter-spacing);\"><span class=\"fusion-imageframe imageframe-none imageframe-2 hover-type-none\" style=\"border:1px solid var(--awb-color2);border-radius:8px;\"><img decoding=\"async\" width=\"1000\" height=\"640\" title=\"BOCI 3D M8 Nozzle Product Size\" src=\"https:\/\/www.yupeclaser.eu\/wp-content\/uploads\/2025\/07\/BOCI-3D-M8-Nozzle-Product-Size.webp\" data-orig-src=\"https:\/\/www.yupeclaser.eu\/wp-content\/uploads\/2025\/07\/BOCI-3D-M8-Nozzle-Product-Size.webp\" alt class=\"lazyload img-responsive wp-image-8802\" srcset=\"data:image\/svg+xml,%3Csvg%20xmlns%3D%27http%3A%2F%2Fwww.w3.org%2F2000%2Fsvg%27%20width%3D%271000%27%20height%3D%27640%27%20viewBox%3D%270%200%201000%20640%27%3E%3Crect%20width%3D%271000%27%20height%3D%27640%27%20fill-opacity%3D%220%22%2F%3E%3C%2Fsvg%3E\" data-srcset=\"https:\/\/www.yupeclaser.eu\/wp-content\/uploads\/2025\/07\/BOCI-3D-M8-Nozzle-Product-Size-200x128.webp 200w, https:\/\/www.yupeclaser.eu\/wp-content\/uploads\/2025\/07\/BOCI-3D-M8-Nozzle-Product-Size-400x256.webp 400w, https:\/\/www.yupeclaser.eu\/wp-content\/uploads\/2025\/07\/BOCI-3D-M8-Nozzle-Product-Size-600x384.webp 600w, https:\/\/www.yupeclaser.eu\/wp-content\/uploads\/2025\/07\/BOCI-3D-M8-Nozzle-Product-Size-800x512.webp 800w, https:\/\/www.yupeclaser.eu\/wp-content\/uploads\/2025\/07\/BOCI-3D-M8-Nozzle-Product-Size.webp 1000w\" data-sizes=\"auto\" data-orig-sizes=\"(max-width: 640px) 100vw, 1000px\" \/><\/span><\/div><\/div><\/div><\/div><\/div><\/p>","protected":false},"excerpt":{"rendered":"<p data-start=\"117\" data-end=\"472\">Les buses laser BOCI avec un filetage M8\u00d70,75 sont disponibles en deux versions : simple couche et double couche. Chaque buse a un diam\u00e8tre de 11 mm et une hauteur de 19 mm. Elles sont compatibles avec une large gamme de t\u00eates de d\u00e9coupe laser BOCI, y compris les mod\u00e8les BLT421T, BLT441T, BLT461T, BLT442T, BLT462T, BLT520H, BLT540H, BLT560H, BLT310T, BLT421TS, BLT510 et BLT520.<\/p>","protected":false},"featured_media":8801,"template":"","meta":[],"product_brand":[],"product_cat":[49],"product_tag":[],"class_list":{"0":"post-8800","1":"product","2":"type-product","3":"status-publish","4":"has-post-thumbnail","6":"product_cat-laser-nozzles","8":"first","9":"instock","10":"shipping-taxable","11":"product-type-simple"},"yoast_head":"<!-- This site is optimized with the Yoast SEO plugin v26.5 - https:\/\/yoast.com\/wordpress\/plugins\/seo\/ -->\n<title>BOCI 3D Laser Cutting Nozzles D11 M8 H19 - YUPEC Laser<\/title>\n<meta name=\"description\" content=\"BOCI laser nozzles (M8\u00d70.75), available in single-layer and double-layer types, are compatible with BBLT421T, BLT441T, BLT461T, BLT442T, BLT462T, BLT520H, BLT540H, and more.\" \/>\n<meta name=\"robots\" content=\"index, follow, max-snippet:-1, max-image-preview:large, max-video-preview:-1\" \/>\n<link rel=\"canonical\" href=\"https:\/\/www.yupeclaser.eu\/fr\/product\/boci-3d-laser-cutting-nozzles-d11-m8-h19\/\" \/>\n<meta property=\"og:locale\" content=\"fr_FR\" \/>\n<meta property=\"og:type\" content=\"article\" \/>\n<meta property=\"og:title\" content=\"BOCI 3D Laser Cutting Nozzles D11 M8 H19 - YUPEC Laser\" \/>\n<meta property=\"og:description\" content=\"BOCI laser nozzles (M8\u00d70.75), available in single-layer and double-layer types, are compatible with BBLT421T, BLT441T, BLT461T, BLT442T, BLT462T, BLT520H, BLT540H, and more.\" \/>\n<meta property=\"og:url\" content=\"https:\/\/www.yupeclaser.eu\/fr\/product\/boci-3d-laser-cutting-nozzles-d11-m8-h19\/\" \/>\n<meta property=\"og:site_name\" content=\"YUPEC Laser\" \/>\n<meta property=\"og:image\" content=\"https:\/\/www.yupeclaser.eu\/wp-content\/uploads\/2025\/07\/BOCI-3D-M8-Nozzle.png\" \/>\n\t<meta property=\"og:image:width\" content=\"750\" \/>\n\t<meta property=\"og:image:height\" content=\"513\" \/>\n\t<meta property=\"og:image:type\" content=\"image\/png\" \/>\n<meta name=\"twitter:card\" content=\"summary_large_image\" \/>\n<meta name=\"twitter:label1\" content=\"Dur\u00e9e de lecture estim\u00e9e\" \/>\n\t<meta name=\"twitter:data1\" content=\"2 minutes\" \/>\n<script type=\"application\/ld+json\" class=\"yoast-schema-graph\">{\"@context\":\"https:\/\/schema.org\",\"@graph\":[{\"@type\":\"WebPage\",\"@id\":\"https:\/\/www.yupeclaser.eu\/product\/boci-3d-laser-cutting-nozzles-d11-m8-h19\/\",\"url\":\"https:\/\/www.yupeclaser.eu\/product\/boci-3d-laser-cutting-nozzles-d11-m8-h19\/\",\"name\":\"BOCI 3D Laser Cutting Nozzles D11 M8 H19 - YUPEC Laser\",\"isPartOf\":{\"@id\":\"https:\/\/www.yupeclaser.eu\/#website\"},\"primaryImageOfPage\":{\"@id\":\"https:\/\/www.yupeclaser.eu\/product\/boci-3d-laser-cutting-nozzles-d11-m8-h19\/#primaryimage\"},\"image\":{\"@id\":\"https:\/\/www.yupeclaser.eu\/product\/boci-3d-laser-cutting-nozzles-d11-m8-h19\/#primaryimage\"},\"thumbnailUrl\":\"https:\/\/www.yupeclaser.eu\/wp-content\/uploads\/2025\/07\/BOCI-3D-M8-Nozzle.png\",\"datePublished\":\"2025-07-02T06:50:53+00:00\",\"dateModified\":\"2025-07-17T01:37:23+00:00\",\"description\":\"BOCI laser nozzles (M8\u00d70.75), available in single-layer and double-layer types, are compatible with BBLT421T, BLT441T, BLT461T, BLT442T, BLT462T, BLT520H, BLT540H, and more.\",\"breadcrumb\":{\"@id\":\"https:\/\/www.yupeclaser.eu\/product\/boci-3d-laser-cutting-nozzles-d11-m8-h19\/#breadcrumb\"},\"inLanguage\":\"fr-FR\",\"potentialAction\":[{\"@type\":\"ReadAction\",\"target\":[\"https:\/\/www.yupeclaser.eu\/product\/boci-3d-laser-cutting-nozzles-d11-m8-h19\/\"]}]},{\"@type\":\"ImageObject\",\"inLanguage\":\"fr-FR\",\"@id\":\"https:\/\/www.yupeclaser.eu\/product\/boci-3d-laser-cutting-nozzles-d11-m8-h19\/#primaryimage\",\"url\":\"https:\/\/www.yupeclaser.eu\/wp-content\/uploads\/2025\/07\/BOCI-3D-M8-Nozzle.png\",\"contentUrl\":\"https:\/\/www.yupeclaser.eu\/wp-content\/uploads\/2025\/07\/BOCI-3D-M8-Nozzle.png\",\"width\":750,\"height\":513},{\"@type\":\"BreadcrumbList\",\"@id\":\"https:\/\/www.yupeclaser.eu\/product\/boci-3d-laser-cutting-nozzles-d11-m8-h19\/#breadcrumb\",\"itemListElement\":[{\"@type\":\"ListItem\",\"position\":1,\"name\":\"Home\",\"item\":\"https:\/\/www.yupeclaser.eu\/\"},{\"@type\":\"ListItem\",\"position\":2,\"name\":\"Products\",\"item\":\"https:\/\/www.yupeclaser.eu\/products\/\"},{\"@type\":\"ListItem\",\"position\":3,\"name\":\"Laser Nozzles\",\"item\":\"https:\/\/www.yupeclaser.eu\/laser-nozzles\/\"},{\"@type\":\"ListItem\",\"position\":4,\"name\":\"BOCI 3D Laser Cutting Nozzles D11 M8 H19\"}]},{\"@type\":\"WebSite\",\"@id\":\"https:\/\/www.yupeclaser.eu\/#website\",\"url\":\"https:\/\/www.yupeclaser.eu\/\",\"name\":\"YUPEC Laser\",\"description\":\"\",\"potentialAction\":[{\"@type\":\"SearchAction\",\"target\":{\"@type\":\"EntryPoint\",\"urlTemplate\":\"https:\/\/www.yupeclaser.eu\/?s={search_term_string}\"},\"query-input\":{\"@type\":\"PropertyValueSpecification\",\"valueRequired\":true,\"valueName\":\"search_term_string\"}}],\"inLanguage\":\"fr-FR\"}]}<\/script>\n<!-- \/ Yoast SEO plugin. -->","yoast_head_json":{"title":"Buses de d\u00e9coupe laser 3D BOCI D11 M8 H19 \u2013 YUPEC Laser","description":"Les buses laser BOCI (M8\u00d70,75), disponibles en versions simple et double couche, sont compatibles avec les mod\u00e8les BLT421T, BLT441T, BLT461T, BLT442T, BLT462T, BLT520H, BLT540H et bien d'autres.","robots":{"index":"index","follow":"follow","max-snippet":"max-snippet:-1","max-image-preview":"max-image-preview:large","max-video-preview":"max-video-preview:-1"},"canonical":"https:\/\/www.yupeclaser.eu\/fr\/product\/boci-3d-laser-cutting-nozzles-d11-m8-h19\/","og_locale":"fr_FR","og_type":"article","og_title":"BOCI 3D Laser Cutting Nozzles D11 M8 H19 - YUPEC Laser","og_description":"BOCI laser nozzles (M8\u00d70.75), available in single-layer and double-layer types, are compatible with BBLT421T, BLT441T, BLT461T, BLT442T, BLT462T, BLT520H, BLT540H, and more.","og_url":"https:\/\/www.yupeclaser.eu\/fr\/product\/boci-3d-laser-cutting-nozzles-d11-m8-h19\/","og_site_name":"YUPEC Laser","og_image":[{"width":750,"height":513,"url":"https:\/\/www.yupeclaser.eu\/wp-content\/uploads\/2025\/07\/BOCI-3D-M8-Nozzle.png","type":"image\/png"}],"twitter_card":"summary_large_image","twitter_misc":{"Dur\u00e9e de lecture estim\u00e9e":"2 minutes"},"schema":{"@context":"https:\/\/schema.org","@graph":[{"@type":"WebPage","@id":"https:\/\/www.yupeclaser.eu\/product\/boci-3d-laser-cutting-nozzles-d11-m8-h19\/","url":"https:\/\/www.yupeclaser.eu\/product\/boci-3d-laser-cutting-nozzles-d11-m8-h19\/","name":"Buses de d\u00e9coupe laser 3D BOCI D11 M8 H19 \u2013 YUPEC Laser","isPartOf":{"@id":"https:\/\/www.yupeclaser.eu\/#website"},"primaryImageOfPage":{"@id":"https:\/\/www.yupeclaser.eu\/product\/boci-3d-laser-cutting-nozzles-d11-m8-h19\/#primaryimage"},"image":{"@id":"https:\/\/www.yupeclaser.eu\/product\/boci-3d-laser-cutting-nozzles-d11-m8-h19\/#primaryimage"},"thumbnailUrl":"https:\/\/www.yupeclaser.eu\/wp-content\/uploads\/2025\/07\/BOCI-3D-M8-Nozzle.png","datePublished":"2025-07-02T06:50:53+00:00","dateModified":"2025-07-17T01:37:23+00:00","description":"Les buses laser BOCI (M8\u00d70,75), disponibles en versions simple et double couche, sont compatibles avec les mod\u00e8les BLT421T, BLT441T, BLT461T, BLT442T, BLT462T, BLT520H, BLT540H et bien d'autres.","breadcrumb":{"@id":"https:\/\/www.yupeclaser.eu\/product\/boci-3d-laser-cutting-nozzles-d11-m8-h19\/#breadcrumb"},"inLanguage":"fr-FR","potentialAction":[{"@type":"ReadAction","target":["https:\/\/www.yupeclaser.eu\/product\/boci-3d-laser-cutting-nozzles-d11-m8-h19\/"]}]},{"@type":"ImageObject","inLanguage":"fr-FR","@id":"https:\/\/www.yupeclaser.eu\/product\/boci-3d-laser-cutting-nozzles-d11-m8-h19\/#primaryimage","url":"https:\/\/www.yupeclaser.eu\/wp-content\/uploads\/2025\/07\/BOCI-3D-M8-Nozzle.png","contentUrl":"https:\/\/www.yupeclaser.eu\/wp-content\/uploads\/2025\/07\/BOCI-3D-M8-Nozzle.png","width":750,"height":513},{"@type":"BreadcrumbList","@id":"https:\/\/www.yupeclaser.eu\/product\/boci-3d-laser-cutting-nozzles-d11-m8-h19\/#breadcrumb","itemListElement":[{"@type":"ListItem","position":1,"name":"Home","item":"https:\/\/www.yupeclaser.eu\/"},{"@type":"ListItem","position":2,"name":"Products","item":"https:\/\/www.yupeclaser.eu\/products\/"},{"@type":"ListItem","position":3,"name":"Laser Nozzles","item":"https:\/\/www.yupeclaser.eu\/laser-nozzles\/"},{"@type":"ListItem","position":4,"name":"BOCI 3D Laser Cutting Nozzles D11 M8 H19"}]},{"@type":"WebSite","@id":"https:\/\/www.yupeclaser.eu\/#website","url":"https:\/\/www.yupeclaser.eu\/","name":"YUPEC Laser","description":"","potentialAction":[{"@type":"SearchAction","target":{"@type":"EntryPoint","urlTemplate":"https:\/\/www.yupeclaser.eu\/?s={search_term_string}"},"query-input":{"@type":"PropertyValueSpecification","valueRequired":true,"valueName":"search_term_string"}}],"inLanguage":"fr-FR"}]}},"_links":{"self":[{"href":"https:\/\/www.yupeclaser.eu\/fr\/wp-json\/wp\/v2\/product\/8800","targetHints":{"allow":["GET"]}}],"collection":[{"href":"https:\/\/www.yupeclaser.eu\/fr\/wp-json\/wp\/v2\/product"}],"about":[{"href":"https:\/\/www.yupeclaser.eu\/fr\/wp-json\/wp\/v2\/types\/product"}],"wp:featuredmedia":[{"embeddable":true,"href":"https:\/\/www.yupeclaser.eu\/fr\/wp-json\/wp\/v2\/media\/8801"}],"wp:attachment":[{"href":"https:\/\/www.yupeclaser.eu\/fr\/wp-json\/wp\/v2\/media?parent=8800"}],"wp:term":[{"taxonomy":"product_brand","embeddable":true,"href":"https:\/\/www.yupeclaser.eu\/fr\/wp-json\/wp\/v2\/product_brand?post=8800"},{"taxonomy":"product_cat","embeddable":true,"href":"https:\/\/www.yupeclaser.eu\/fr\/wp-json\/wp\/v2\/product_cat?post=8800"},{"taxonomy":"product_tag","embeddable":true,"href":"https:\/\/www.yupeclaser.eu\/fr\/wp-json\/wp\/v2\/product_tag?post=8800"}],"curies":[{"name":"wp","href":"https:\/\/api.w.org\/{rel}","templated":true}]}}