{"id":8771,"date":"2025-06-25T10:44:47","date_gmt":"2025-06-25T02:44:47","guid":{"rendered":"https:\/\/www.yupeclaser.eu\/?post_type=product&#038;p=8771"},"modified":"2025-06-25T11:02:04","modified_gmt":"2025-06-25T03:02:04","slug":"raytools-gf101f-4kw-3d-autofocus-robotic-laser-cutting-head","status":"publish","type":"product","link":"https:\/\/www.yupeclaser.eu\/fr\/product\/raytools-gf101f-4kw-3d-autofocus-robotic-laser-cutting-head\/","title":{"rendered":"T\u00eate de d\u00e9coupe laser robotis\u00e9e 3D avec mise au point automatique Raytools GF101F 4kW"},"content":{"rendered":"<p><div class=\"fusion-fullwidth fullwidth-box fusion-builder-row-1 fusion-flex-container has-pattern-background has-mask-background nonhundred-percent-fullwidth non-hundred-percent-height-scrolling fusion-animated\" style=\"--awb-border-radius-top-left:0px;--awb-border-radius-top-right:0px;--awb-border-radius-bottom-right:0px;--awb-border-radius-bottom-left:0px;--awb-padding-top:0px;--awb-padding-right:0px;--awb-padding-bottom:0px;--awb-padding-left:0px;--awb-flex-wrap:wrap;\" data-animationtype=\"fadeInLeft\" data-animationduration=\"2.0\" data-animationoffset=\"top-into-view\" ><div class=\"fusion-builder-row fusion-row fusion-flex-align-items-flex-start fusion-flex-content-wrap\" style=\"max-width:1372.8px;margin-left: calc(-4% \/ 2 );margin-right: calc(-4% \/ 2 );\"><div class=\"fusion-layout-column fusion_builder_column fusion-builder-column-0 fusion_builder_column_1_1 1_1 fusion-flex-column\" style=\"--awb-bg-size:cover;--awb-width-large:100%;--awb-margin-top-large:20px;--awb-spacing-right-large:1.92%;--awb-margin-bottom-large:20px;--awb-spacing-left-large:1.92%;--awb-width-medium:100%;--awb-order-medium:0;--awb-spacing-right-medium:1.92%;--awb-spacing-left-medium:1.92%;--awb-width-small:100%;--awb-order-small:0;--awb-spacing-right-small:1.92%;--awb-spacing-left-small:1.92%;\"><div class=\"fusion-column-wrapper fusion-column-has-shadow fusion-flex-justify-content-flex-start fusion-content-layout-column\"><div class=\"fusion-title title fusion-title-1 fusion-sep-none fusion-title-text fusion-title-size-two\" style=\"--awb-text-color:var(--awb-color8);--awb-sep-color:var(--awb-custom_color_1);--awb-font-size:24px;\"><h2 class=\"fusion-title-heading title-heading-left fusion-responsive-typography-calculated\" style=\"margin:0;font-size:1em;--fontSize:24;line-height:1.3;\">Caract\u00e9ristiques du Produit<\/h2><\/div><div class=\"fusion-separator\" style=\"align-self: flex-start;margin-right:auto;margin-top:-10px;width:100%;max-width:60px;\"><div class=\"fusion-separator-border sep-single sep-solid\" style=\"--awb-height:20px;--awb-amount:20px;--awb-sep-color:var(--awb-custom_color_1);border-color:var(--awb-custom_color_1);border-top-width:5px;\"><\/div><\/div><ul style=\"--awb-size:15px;--awb-margin-top:30px;--awb-margin-right:0px;--awb-margin-left:0px;--awb-item-padding-right:0px;--awb-item-padding-left:0px;--awb-iconcolor:var(--awb-color8);--awb-line-height:25.5px;--awb-icon-width:25.5px;--awb-icon-height:25.5px;--awb-icon-margin:10.5px;--awb-content-margin:36px;\" class=\"fusion-checklist fusion-checklist-1 fusion-checklist-default type-icons\"><li class=\"fusion-li-item\" style=\"\"><span class=\"icon-wrapper circle-no\"><i class=\"fusion-li-icon fa-chevron-circle-right fas\" aria-hidden=\"true\"><\/i><\/span><div class=\"fusion-li-item-content\">\n<p><strong>Haute Adaptabilit\u00e9 :<\/strong> Une configuration optique optimis\u00e9e et un flux d'air fluide et efficace r\u00e9pondent aux exigences de la d\u00e9coupe de t\u00f4les fines et d'autres applications 3D personnalis\u00e9es.<\/p>\n<\/div><\/li><li class=\"fusion-li-item\" style=\"\"><span class=\"icon-wrapper circle-no\"><i class=\"fusion-li-icon fa-chevron-circle-right fas\" aria-hidden=\"true\"><\/i><\/span><div class=\"fusion-li-item-content\">\n<p><strong>Mise au Point Automatique :<\/strong> Permet un per\u00e7age rapide et un changement automatique de t\u00f4le, adapt\u00e9 \u00e0 la d\u00e9coupe de plaques de diff\u00e9rentes \u00e9paisseurs.<\/p>\n<\/div><\/li><li class=\"fusion-li-item\" style=\"\"><span class=\"icon-wrapper circle-no\"><i class=\"fusion-li-icon fa-chevron-circle-right fas\" aria-hidden=\"true\"><\/i><\/span><div class=\"fusion-li-item-content\">\n<p><strong>Design Int\u00e9gr\u00e9 et L\u00e9ger :<\/strong> Gr\u00e2ce \u00e0 une structure int\u00e9gr\u00e9e et l\u00e9g\u00e8re, le corps p\u00e8se environ 6,5 kg, r\u00e9duisant ainsi la charge sur le robot.<\/p>\n<\/div><\/li><li class=\"fusion-li-item\" style=\"\"><span class=\"icon-wrapper circle-no\"><i class=\"fusion-li-icon fa-chevron-circle-right fas\" aria-hidden=\"true\"><\/i><\/span><div class=\"fusion-li-item-content\">\n<p><strong>Excellente \u00e9tanch\u00e9it\u00e9 :<\/strong> Une \u00e9tanch\u00e9it\u00e9 fiable et une buse modulaire et \u00e9lanc\u00e9e r\u00e9duisent les interf\u00e9rences avec la pi\u00e8ce, diminuent les temps d\u2019arr\u00eat et prolongent la dur\u00e9e de vie.<\/p>\n<\/div><\/li><li class=\"fusion-li-item\" style=\"\"><span class=\"icon-wrapper circle-no\"><i class=\"fusion-li-icon fa-chevron-circle-right fas\" aria-hidden=\"true\"><\/i><\/span><div class=\"fusion-li-item-content\">\n<p><strong>Fonction de suivi de hauteur int\u00e9gr\u00e9e :<\/strong> Le produit int\u00e8gre une unit\u00e9 de suivi de hauteur qui ajuste automatiquement la position du module de focalisation via un m\u00e9canisme lin\u00e9aire.<\/p>\n<\/div><\/li><li class=\"fusion-li-item\" style=\"\"><span class=\"icon-wrapper circle-no\"><i class=\"fusion-li-icon fa-chevron-circle-right fas\" aria-hidden=\"true\"><\/i><\/span><div class=\"fusion-li-item-content\">\n<p><strong>Amplificateur capacitif int\u00e9gr\u00e9 :<\/strong> Un amplificateur capacitif int\u00e9gr\u00e9 est disponible en option pour un contr\u00f4le de hauteur encore plus pr\u00e9cis et stable.<\/p>\n<\/div><\/li><li class=\"fusion-li-item\" style=\"\"><span class=\"icon-wrapper circle-no\"><i class=\"fusion-li-icon fa-chevron-circle-right fas\" aria-hidden=\"true\"><\/i><\/span><div class=\"fusion-li-item-content\">\n<p><strong>Protection contre la poussi\u00e8re am\u00e9lior\u00e9e :<\/strong> Une lentille de protection suppl\u00e9mentaire, mont\u00e9e dans un tiroir au-dessus de la lentille de collimation, emp\u00eache efficacement les dommages dus \u00e0 la poussi\u00e8re.<\/p>\n<\/div><\/li><\/ul><\/div><\/div><\/div><\/div><div class=\"fusion-fullwidth fullwidth-box fusion-builder-row-2 fusion-flex-container has-pattern-background has-mask-background nonhundred-percent-fullwidth non-hundred-percent-height-scrolling fusion-animated\" style=\"--awb-border-radius-top-left:0px;--awb-border-radius-top-right:0px;--awb-border-radius-bottom-right:0px;--awb-border-radius-bottom-left:0px;--awb-padding-top:0px;--awb-padding-right:0px;--awb-padding-bottom:0px;--awb-padding-left:0px;--awb-margin-top:60px;--awb-flex-wrap:wrap;\" data-animationtype=\"fadeInLeft\" data-animationduration=\"2.0\" data-animationoffset=\"top-into-view\" ><div class=\"fusion-builder-row fusion-row fusion-flex-align-items-flex-start fusion-flex-content-wrap\" style=\"max-width:1372.8px;margin-left: calc(-4% \/ 2 );margin-right: calc(-4% \/ 2 );\"><div class=\"fusion-layout-column fusion_builder_column fusion-builder-column-1 fusion_builder_column_1_1 1_1 fusion-flex-column\" style=\"--awb-bg-size:cover;--awb-width-large:100%;--awb-margin-top-large:20px;--awb-spacing-right-large:1.92%;--awb-margin-bottom-large:20px;--awb-spacing-left-large:1.92%;--awb-width-medium:100%;--awb-order-medium:0;--awb-spacing-right-medium:1.92%;--awb-spacing-left-medium:1.92%;--awb-width-small:100%;--awb-order-small:0;--awb-spacing-right-small:1.92%;--awb-spacing-left-small:1.92%;\"><div class=\"fusion-column-wrapper fusion-column-has-shadow fusion-flex-justify-content-flex-start fusion-content-layout-column\"><div class=\"fusion-title title fusion-title-2 fusion-sep-none fusion-title-text fusion-title-size-two\" style=\"--awb-text-color:var(--awb-color8);--awb-sep-color:var(--awb-custom_color_1);--awb-font-size:24px;\"><h2 class=\"fusion-title-heading title-heading-left fusion-responsive-typography-calculated\" style=\"margin:0;font-size:1em;--fontSize:24;line-height:1.3;\">Donn\u00e9es Techniques<\/h2><\/div><div class=\"fusion-separator\" style=\"align-self: flex-start;margin-right:auto;margin-top:-10px;width:100%;max-width:60px;\"><div class=\"fusion-separator-border sep-single sep-solid\" style=\"--awb-height:20px;--awb-amount:20px;--awb-sep-color:var(--awb-custom_color_1);border-color:var(--awb-custom_color_1);border-top-width:5px;\"><\/div><\/div>\n<div class=\"table-1\" style=\"--awb-margin-top:30px;\">\n<table width=\"100%\">\n<thead>\n<tr>\n<th align=\"left\">Mod\u00e8le<\/th>\n<th align=\"left\">Raytools GF101F<\/th>\n<\/tr>\n<\/thead>\n<tbody>\n<tr>\n<td align=\"left\" width=\"50%\">Connexion Fibre<\/td>\n<td align=\"left\" width=\"50%\">QBH<\/td>\n<\/tr>\n<tr>\n<td align=\"left\" width=\"50%\">Plage de mise au point automatique<\/td>\n<td align=\"left\" width=\"50%\">-5mm ~ +5mm<\/td>\n<\/tr>\n<tr>\n<td align=\"left\" width=\"50%\">Pr\u00e9cision de mise au point<\/td>\n<td align=\"left\" width=\"50%\">0,05mm<\/td>\n<\/tr>\n<tr>\n<td align=\"left\" width=\"50%\">Course de suivi<\/td>\n<td align=\"left\" width=\"50%\">15mm<\/td>\n<\/tr>\n<tr>\n<td align=\"left\" width=\"50%\">Diam\u00e8tre de l\u2019ouverture du faisceau<\/td>\n<td align=\"left\" width=\"50%\">28mm<\/td>\n<\/tr>\n<tr>\n<td align=\"left\" width=\"50%\">Longueur Focale de Collimation<\/td>\n<td align=\"left\" width=\"50%\">75mm<\/td>\n<\/tr>\n<tr>\n<td align=\"left\" width=\"50%\">Longueur Focale de Mise au Point<\/td>\n<td align=\"left\" width=\"50%\">150mm<\/td>\n<\/tr>\n<tr>\n<td align=\"left\" width=\"50%\">Sp\u00e9cification de la buse<\/td>\n<td align=\"left\" width=\"50%\">Buse 3D M8<\/td>\n<\/tr>\n<tr>\n<td align=\"left\" width=\"50%\">Pression du gaz auxiliaire<\/td>\n<td align=\"left\" width=\"50%\">\u226425bar<\/td>\n<\/tr>\n<tr>\n<td align=\"left\" width=\"50%\">Poids<\/td>\n<td align=\"left\" width=\"50%\">Environ 6,5 kg<\/td>\n<\/tr>\n<\/tbody>\n<\/table>\n<\/div>\n<\/div><\/div><\/div><\/div><\/p>","protected":false},"excerpt":{"rendered":"<p>La GF101F est une t\u00eate de d\u00e9coupe laser \u00e0 fibre con\u00e7ue pour des applications de d\u00e9coupe 3D de moyenne \u00e0 haute puissance. Elle int\u00e8gre une unit\u00e9 d'entra\u00eenement motoris\u00e9e qui permet un ajustement automatique de la position et une mise au point automatique du module de suivi de la focalisation dans une plage de 15 mm via un m\u00e9canisme lin\u00e9aire. Gr\u00e2ce \u00e0 un syst\u00e8me optique de focalisation optimis\u00e9, un circuit d'air annulaire et un design l\u00e9ger, la GF101F r\u00e9pond parfaitement aux exigences des environnements de d\u00e9coupe laser 3D pour la d\u00e9coupe de t\u00f4les et d'autres applications personnalis\u00e9es. Son chemin optique optimis\u00e9 et son syst\u00e8me de refroidissement par eau assurent un fonctionnement stable et continu \u00e0 haute puissance sur de longues p\u00e9riodes.<\/p>","protected":false},"featured_media":8772,"template":"","meta":[],"product_brand":[],"product_cat":[47],"product_tag":[],"class_list":{"0":"post-8771","1":"product","2":"type-product","3":"status-publish","4":"has-post-thumbnail","6":"product_cat-laser-cutting-heads","8":"first","9":"instock","10":"shipping-taxable","11":"product-type-simple"},"yoast_head":"<!-- This site is optimized with the Yoast SEO plugin v26.5 - https:\/\/yoast.com\/wordpress\/plugins\/seo\/ -->\n<title>Raytools GF101F 4kW 3D Autofocus Robotic Laser Cutting Head - YUPEC Laser<\/title>\n<meta name=\"description\" content=\"The GF101F is a fiber cutting head designed for medium to high power 3D cutting applications.\" \/>\n<meta name=\"robots\" content=\"index, follow, max-snippet:-1, max-image-preview:large, max-video-preview:-1\" \/>\n<link rel=\"canonical\" href=\"https:\/\/www.yupeclaser.eu\/fr\/product\/raytools-gf101f-4kw-3d-autofocus-robotic-laser-cutting-head\/\" \/>\n<meta property=\"og:locale\" content=\"fr_FR\" \/>\n<meta property=\"og:type\" content=\"article\" \/>\n<meta property=\"og:title\" content=\"Raytools GF101F 4kW 3D Autofocus Robotic Laser Cutting Head - YUPEC Laser\" \/>\n<meta property=\"og:description\" content=\"The GF101F is a fiber cutting head designed for medium to high power 3D cutting applications.\" \/>\n<meta property=\"og:url\" content=\"https:\/\/www.yupeclaser.eu\/fr\/product\/raytools-gf101f-4kw-3d-autofocus-robotic-laser-cutting-head\/\" \/>\n<meta property=\"og:site_name\" content=\"YUPEC Laser\" \/>\n<meta property=\"og:image\" content=\"https:\/\/www.yupeclaser.eu\/wp-content\/uploads\/2025\/06\/Raytools-GF101F.png\" \/>\n\t<meta property=\"og:image:width\" content=\"750\" \/>\n\t<meta property=\"og:image:height\" content=\"513\" \/>\n\t<meta property=\"og:image:type\" content=\"image\/png\" \/>\n<meta name=\"twitter:card\" content=\"summary_large_image\" \/>\n<meta name=\"twitter:label1\" content=\"Dur\u00e9e de lecture estim\u00e9e\" \/>\n\t<meta name=\"twitter:data1\" content=\"3 minutes\" \/>\n<script type=\"application\/ld+json\" class=\"yoast-schema-graph\">{\"@context\":\"https:\/\/schema.org\",\"@graph\":[{\"@type\":\"WebPage\",\"@id\":\"https:\/\/www.yupeclaser.eu\/product\/raytools-gf101f-4kw-3d-autofocus-robotic-laser-cutting-head\/\",\"url\":\"https:\/\/www.yupeclaser.eu\/product\/raytools-gf101f-4kw-3d-autofocus-robotic-laser-cutting-head\/\",\"name\":\"Raytools GF101F 4kW 3D Autofocus Robotic Laser Cutting Head - YUPEC Laser\",\"isPartOf\":{\"@id\":\"https:\/\/www.yupeclaser.eu\/#website\"},\"primaryImageOfPage\":{\"@id\":\"https:\/\/www.yupeclaser.eu\/product\/raytools-gf101f-4kw-3d-autofocus-robotic-laser-cutting-head\/#primaryimage\"},\"image\":{\"@id\":\"https:\/\/www.yupeclaser.eu\/product\/raytools-gf101f-4kw-3d-autofocus-robotic-laser-cutting-head\/#primaryimage\"},\"thumbnailUrl\":\"https:\/\/www.yupeclaser.eu\/wp-content\/uploads\/2025\/06\/Raytools-GF101F.png\",\"datePublished\":\"2025-06-25T02:44:47+00:00\",\"dateModified\":\"2025-06-25T03:02:04+00:00\",\"description\":\"The GF101F is a fiber cutting head designed for medium to high power 3D cutting applications.\",\"breadcrumb\":{\"@id\":\"https:\/\/www.yupeclaser.eu\/product\/raytools-gf101f-4kw-3d-autofocus-robotic-laser-cutting-head\/#breadcrumb\"},\"inLanguage\":\"fr-FR\",\"potentialAction\":[{\"@type\":\"ReadAction\",\"target\":[\"https:\/\/www.yupeclaser.eu\/product\/raytools-gf101f-4kw-3d-autofocus-robotic-laser-cutting-head\/\"]}]},{\"@type\":\"ImageObject\",\"inLanguage\":\"fr-FR\",\"@id\":\"https:\/\/www.yupeclaser.eu\/product\/raytools-gf101f-4kw-3d-autofocus-robotic-laser-cutting-head\/#primaryimage\",\"url\":\"https:\/\/www.yupeclaser.eu\/wp-content\/uploads\/2025\/06\/Raytools-GF101F.png\",\"contentUrl\":\"https:\/\/www.yupeclaser.eu\/wp-content\/uploads\/2025\/06\/Raytools-GF101F.png\",\"width\":750,\"height\":513},{\"@type\":\"BreadcrumbList\",\"@id\":\"https:\/\/www.yupeclaser.eu\/product\/raytools-gf101f-4kw-3d-autofocus-robotic-laser-cutting-head\/#breadcrumb\",\"itemListElement\":[{\"@type\":\"ListItem\",\"position\":1,\"name\":\"Home\",\"item\":\"https:\/\/www.yupeclaser.eu\/\"},{\"@type\":\"ListItem\",\"position\":2,\"name\":\"Products\",\"item\":\"https:\/\/www.yupeclaser.eu\/products\/\"},{\"@type\":\"ListItem\",\"position\":3,\"name\":\"Laser Cutting Heads\",\"item\":\"https:\/\/www.yupeclaser.eu\/laser-cutting-heads\/\"},{\"@type\":\"ListItem\",\"position\":4,\"name\":\"Raytools GF101F 4kW 3D Autofocus Robotic Laser Cutting Head\"}]},{\"@type\":\"WebSite\",\"@id\":\"https:\/\/www.yupeclaser.eu\/#website\",\"url\":\"https:\/\/www.yupeclaser.eu\/\",\"name\":\"YUPEC Laser\",\"description\":\"\",\"potentialAction\":[{\"@type\":\"SearchAction\",\"target\":{\"@type\":\"EntryPoint\",\"urlTemplate\":\"https:\/\/www.yupeclaser.eu\/?s={search_term_string}\"},\"query-input\":{\"@type\":\"PropertyValueSpecification\",\"valueRequired\":true,\"valueName\":\"search_term_string\"}}],\"inLanguage\":\"fr-FR\"}]}<\/script>\n<!-- \/ Yoast SEO plugin. -->","yoast_head_json":{"title":"T\u00eate de d\u00e9coupe laser robotis\u00e9e 3D avec mise au point automatique Raytools GF101F 4kW \u2013 YUPEC Laser","description":"La GF101F est une t\u00eate de d\u00e9coupe laser \u00e0 fibre con\u00e7ue pour des applications de d\u00e9coupe 3D de moyenne \u00e0 haute puissance.","robots":{"index":"index","follow":"follow","max-snippet":"max-snippet:-1","max-image-preview":"max-image-preview:large","max-video-preview":"max-video-preview:-1"},"canonical":"https:\/\/www.yupeclaser.eu\/fr\/product\/raytools-gf101f-4kw-3d-autofocus-robotic-laser-cutting-head\/","og_locale":"fr_FR","og_type":"article","og_title":"Raytools GF101F 4kW 3D Autofocus Robotic Laser Cutting Head - YUPEC Laser","og_description":"The GF101F is a fiber cutting head designed for medium to high power 3D cutting applications.","og_url":"https:\/\/www.yupeclaser.eu\/fr\/product\/raytools-gf101f-4kw-3d-autofocus-robotic-laser-cutting-head\/","og_site_name":"YUPEC Laser","og_image":[{"width":750,"height":513,"url":"https:\/\/www.yupeclaser.eu\/wp-content\/uploads\/2025\/06\/Raytools-GF101F.png","type":"image\/png"}],"twitter_card":"summary_large_image","twitter_misc":{"Dur\u00e9e de lecture estim\u00e9e":"3 minutes"},"schema":{"@context":"https:\/\/schema.org","@graph":[{"@type":"WebPage","@id":"https:\/\/www.yupeclaser.eu\/product\/raytools-gf101f-4kw-3d-autofocus-robotic-laser-cutting-head\/","url":"https:\/\/www.yupeclaser.eu\/product\/raytools-gf101f-4kw-3d-autofocus-robotic-laser-cutting-head\/","name":"T\u00eate de d\u00e9coupe laser robotis\u00e9e 3D avec mise au point automatique Raytools GF101F 4kW \u2013 YUPEC Laser","isPartOf":{"@id":"https:\/\/www.yupeclaser.eu\/#website"},"primaryImageOfPage":{"@id":"https:\/\/www.yupeclaser.eu\/product\/raytools-gf101f-4kw-3d-autofocus-robotic-laser-cutting-head\/#primaryimage"},"image":{"@id":"https:\/\/www.yupeclaser.eu\/product\/raytools-gf101f-4kw-3d-autofocus-robotic-laser-cutting-head\/#primaryimage"},"thumbnailUrl":"https:\/\/www.yupeclaser.eu\/wp-content\/uploads\/2025\/06\/Raytools-GF101F.png","datePublished":"2025-06-25T02:44:47+00:00","dateModified":"2025-06-25T03:02:04+00:00","description":"La GF101F est une t\u00eate de d\u00e9coupe laser \u00e0 fibre con\u00e7ue pour des applications de d\u00e9coupe 3D de moyenne \u00e0 haute puissance.","breadcrumb":{"@id":"https:\/\/www.yupeclaser.eu\/product\/raytools-gf101f-4kw-3d-autofocus-robotic-laser-cutting-head\/#breadcrumb"},"inLanguage":"fr-FR","potentialAction":[{"@type":"ReadAction","target":["https:\/\/www.yupeclaser.eu\/product\/raytools-gf101f-4kw-3d-autofocus-robotic-laser-cutting-head\/"]}]},{"@type":"ImageObject","inLanguage":"fr-FR","@id":"https:\/\/www.yupeclaser.eu\/product\/raytools-gf101f-4kw-3d-autofocus-robotic-laser-cutting-head\/#primaryimage","url":"https:\/\/www.yupeclaser.eu\/wp-content\/uploads\/2025\/06\/Raytools-GF101F.png","contentUrl":"https:\/\/www.yupeclaser.eu\/wp-content\/uploads\/2025\/06\/Raytools-GF101F.png","width":750,"height":513},{"@type":"BreadcrumbList","@id":"https:\/\/www.yupeclaser.eu\/product\/raytools-gf101f-4kw-3d-autofocus-robotic-laser-cutting-head\/#breadcrumb","itemListElement":[{"@type":"ListItem","position":1,"name":"Home","item":"https:\/\/www.yupeclaser.eu\/"},{"@type":"ListItem","position":2,"name":"Products","item":"https:\/\/www.yupeclaser.eu\/products\/"},{"@type":"ListItem","position":3,"name":"Laser Cutting Heads","item":"https:\/\/www.yupeclaser.eu\/laser-cutting-heads\/"},{"@type":"ListItem","position":4,"name":"Raytools GF101F 4kW 3D Autofocus Robotic Laser Cutting Head"}]},{"@type":"WebSite","@id":"https:\/\/www.yupeclaser.eu\/#website","url":"https:\/\/www.yupeclaser.eu\/","name":"YUPEC Laser","description":"","potentialAction":[{"@type":"SearchAction","target":{"@type":"EntryPoint","urlTemplate":"https:\/\/www.yupeclaser.eu\/?s={search_term_string}"},"query-input":{"@type":"PropertyValueSpecification","valueRequired":true,"valueName":"search_term_string"}}],"inLanguage":"fr-FR"}]}},"_links":{"self":[{"href":"https:\/\/www.yupeclaser.eu\/fr\/wp-json\/wp\/v2\/product\/8771","targetHints":{"allow":["GET"]}}],"collection":[{"href":"https:\/\/www.yupeclaser.eu\/fr\/wp-json\/wp\/v2\/product"}],"about":[{"href":"https:\/\/www.yupeclaser.eu\/fr\/wp-json\/wp\/v2\/types\/product"}],"wp:featuredmedia":[{"embeddable":true,"href":"https:\/\/www.yupeclaser.eu\/fr\/wp-json\/wp\/v2\/media\/8772"}],"wp:attachment":[{"href":"https:\/\/www.yupeclaser.eu\/fr\/wp-json\/wp\/v2\/media?parent=8771"}],"wp:term":[{"taxonomy":"product_brand","embeddable":true,"href":"https:\/\/www.yupeclaser.eu\/fr\/wp-json\/wp\/v2\/product_brand?post=8771"},{"taxonomy":"product_cat","embeddable":true,"href":"https:\/\/www.yupeclaser.eu\/fr\/wp-json\/wp\/v2\/product_cat?post=8771"},{"taxonomy":"product_tag","embeddable":true,"href":"https:\/\/www.yupeclaser.eu\/fr\/wp-json\/wp\/v2\/product_tag?post=8771"}],"curies":[{"name":"wp","href":"https:\/\/api.w.org\/{rel}","templated":true}]}}