{"id":8628,"date":"2025-05-15T10:43:55","date_gmt":"2025-05-15T02:43:55","guid":{"rendered":"https:\/\/www.yupeclaser.eu\/?post_type=product&#038;p=8628"},"modified":"2025-08-06T10:36:00","modified_gmt":"2025-08-06T02:36:00","slug":"wsx-nc150-0-15kw-auto-focus-fiber-laser-cutting-head","status":"publish","type":"product","link":"https:\/\/www.yupeclaser.eu\/fr\/product\/wsx-nc150-0-15kw-auto-focus-fiber-laser-cutting-head\/","title":{"rendered":"WSX NC150 0\u201315kW T\u00eate de d\u00e9coupe laser \u00e0 fibre avec mise au point automatique"},"content":{"rendered":"<p><div class=\"fusion-fullwidth fullwidth-box fusion-builder-row-1 fusion-flex-container has-pattern-background has-mask-background nonhundred-percent-fullwidth non-hundred-percent-height-scrolling fusion-animated\" style=\"--awb-border-radius-top-left:0px;--awb-border-radius-top-right:0px;--awb-border-radius-bottom-right:0px;--awb-border-radius-bottom-left:0px;--awb-padding-top:0px;--awb-padding-right:0px;--awb-padding-bottom:0px;--awb-padding-left:0px;--awb-flex-wrap:wrap;\" data-animationtype=\"fadeInLeft\" data-animationduration=\"2.0\" data-animationoffset=\"top-into-view\" ><div class=\"fusion-builder-row fusion-row fusion-flex-align-items-flex-start fusion-flex-content-wrap\" style=\"max-width:1372.8px;margin-left: calc(-4% \/ 2 );margin-right: calc(-4% \/ 2 );\"><div class=\"fusion-layout-column fusion_builder_column fusion-builder-column-0 fusion_builder_column_1_1 1_1 fusion-flex-column\" style=\"--awb-bg-size:cover;--awb-width-large:100%;--awb-margin-top-large:20px;--awb-spacing-right-large:1.92%;--awb-margin-bottom-large:20px;--awb-spacing-left-large:1.92%;--awb-width-medium:100%;--awb-order-medium:0;--awb-spacing-right-medium:1.92%;--awb-spacing-left-medium:1.92%;--awb-width-small:100%;--awb-order-small:0;--awb-spacing-right-small:1.92%;--awb-spacing-left-small:1.92%;\"><div class=\"fusion-column-wrapper fusion-column-has-shadow fusion-flex-justify-content-flex-start fusion-content-layout-column\"><div class=\"fusion-title title fusion-title-1 fusion-sep-none fusion-title-text fusion-title-size-two\" style=\"--awb-text-color:var(--awb-color8);--awb-sep-color:var(--awb-custom_color_1);--awb-font-size:24px;\"><h2 class=\"fusion-title-heading title-heading-left fusion-responsive-typography-calculated\" style=\"margin:0;font-size:1em;--fontSize:24;line-height:1.3;\">Caract\u00e9ristiques du Produit<\/h2><\/div><div class=\"fusion-separator\" style=\"align-self: flex-start;margin-right:auto;margin-top:-10px;width:100%;max-width:60px;\"><div class=\"fusion-separator-border sep-single sep-solid\" style=\"--awb-height:20px;--awb-amount:20px;--awb-sep-color:var(--awb-custom_color_1);border-color:var(--awb-custom_color_1);border-top-width:5px;\"><\/div><\/div><ul style=\"--awb-size:15px;--awb-margin-top:30px;--awb-margin-right:0px;--awb-margin-left:0px;--awb-item-padding-right:0px;--awb-item-padding-left:0px;--awb-iconcolor:var(--awb-color8);--awb-line-height:25.5px;--awb-icon-width:25.5px;--awb-icon-height:25.5px;--awb-icon-margin:10.5px;--awb-content-margin:36px;\" class=\"fusion-checklist fusion-checklist-1 fusion-checklist-default type-icons\"><li class=\"fusion-li-item\" style=\"\"><span class=\"icon-wrapper circle-no\"><i class=\"fusion-li-icon fa-chevron-circle-right fas\" aria-hidden=\"true\"><\/i><\/span><div class=\"fusion-li-item-content\">\n<p><strong>Mise au point rapide :<\/strong> \u00c9quip\u00e9e d\u2019un m\u00e9canisme de mise au point pr\u00e9cis et d\u2019un syst\u00e8me de contr\u00f4le par servomoteur \u00e0 grande vitesse pour une perforation plus rapide et efficace, r\u00e9duisant le temps de traitement.<\/p>\n<\/div><\/li><li class=\"fusion-li-item\" style=\"\"><span class=\"icon-wrapper circle-no\"><i class=\"fusion-li-icon fa-chevron-circle-right fas\" aria-hidden=\"true\"><\/i><\/span><div class=\"fusion-li-item-content\">\n<p><strong>Surveillance en temps r\u00e9el :<\/strong> Des capteurs int\u00e9gr\u00e9s mesurent la temp\u00e9rature, l\u2019humidit\u00e9, la pression de l\u2019air et d\u2019autres param\u00e8tres, permettant une surveillance en temps r\u00e9el de l\u2019\u00e9tat de la t\u00eate de d\u00e9coupe. Toute anomalie d\u00e9clenche imm\u00e9diatement une alarme, garantissant un fonctionnement s\u00fbr et stable.<\/p>\n<\/div><\/li><li class=\"fusion-li-item\" style=\"\"><span class=\"icon-wrapper circle-no\"><i class=\"fusion-li-icon fa-chevron-circle-right fas\" aria-hidden=\"true\"><\/i><\/span><div class=\"fusion-li-item-content\">\n<p><strong>Refroidissement haute performance :<\/strong> Deux syst\u00e8mes de refroidissement \u2014 refroidissement par eau de la cavit\u00e9 et refroidissement par air \u2014 pr\u00e9viennent efficacement les probl\u00e8mes thermiques pendant la d\u00e9coupe, assurant des performances constantes et fiables.<\/p>\n<\/div><\/li><li class=\"fusion-li-item\" style=\"\"><span class=\"icon-wrapper circle-no\"><i class=\"fusion-li-icon fa-chevron-circle-right fas\" aria-hidden=\"true\"><\/i><\/span><div class=\"fusion-li-item-content\">\n<p><strong>\u00c9tanch\u00e9it\u00e9 exceptionnelle :<\/strong> La structure interne hautement \u00e9tanche prot\u00e8ge les lentilles optiques des contaminants environnementaux, prolongeant leur dur\u00e9e de vie et maintenant une pr\u00e9cision de d\u00e9coupe optimale.<\/p>\n<\/div><\/li><li class=\"fusion-li-item\" style=\"\"><span class=\"icon-wrapper circle-no\"><i class=\"fusion-li-icon fa-chevron-circle-right fas\" aria-hidden=\"true\"><\/i><\/span><div class=\"fusion-li-item-content\">\n<p><strong>Conception optique et a\u00e9raulique optimis\u00e9e :<\/strong> Une disposition optique stable combin\u00e9e \u00e0 une gestion \u00e9quilibr\u00e9e du flux d\u2019air am\u00e9liore significativement l\u2019efficacit\u00e9 de d\u00e9coupe et la qualit\u00e9 globale.<\/p>\n<\/div><\/li><\/ul><\/div><\/div><\/div><\/div><div class=\"fusion-fullwidth fullwidth-box fusion-builder-row-2 fusion-flex-container has-pattern-background has-mask-background nonhundred-percent-fullwidth non-hundred-percent-height-scrolling fusion-animated\" style=\"--awb-border-radius-top-left:0px;--awb-border-radius-top-right:0px;--awb-border-radius-bottom-right:0px;--awb-border-radius-bottom-left:0px;--awb-padding-top:0px;--awb-padding-right:0px;--awb-padding-bottom:0px;--awb-padding-left:0px;--awb-margin-top:60px;--awb-flex-wrap:wrap;\" data-animationtype=\"fadeInLeft\" data-animationduration=\"2.0\" data-animationoffset=\"top-into-view\" ><div class=\"fusion-builder-row fusion-row fusion-flex-align-items-flex-start fusion-flex-content-wrap\" style=\"max-width:1372.8px;margin-left: calc(-4% \/ 2 );margin-right: calc(-4% \/ 2 );\"><div class=\"fusion-layout-column fusion_builder_column fusion-builder-column-1 fusion_builder_column_1_1 1_1 fusion-flex-column\" style=\"--awb-bg-size:cover;--awb-width-large:100%;--awb-margin-top-large:20px;--awb-spacing-right-large:1.92%;--awb-margin-bottom-large:20px;--awb-spacing-left-large:1.92%;--awb-width-medium:100%;--awb-order-medium:0;--awb-spacing-right-medium:1.92%;--awb-spacing-left-medium:1.92%;--awb-width-small:100%;--awb-order-small:0;--awb-spacing-right-small:1.92%;--awb-spacing-left-small:1.92%;\"><div class=\"fusion-column-wrapper fusion-column-has-shadow fusion-flex-justify-content-flex-start fusion-content-layout-column\"><div class=\"fusion-title title fusion-title-2 fusion-sep-none fusion-title-text fusion-title-size-two\" style=\"--awb-text-color:var(--awb-color8);--awb-sep-color:var(--awb-custom_color_1);--awb-font-size:24px;\"><h2 class=\"fusion-title-heading title-heading-left fusion-responsive-typography-calculated\" style=\"margin:0;font-size:1em;--fontSize:24;line-height:1.3;\">Donn\u00e9es Techniques<\/h2><\/div><div class=\"fusion-separator\" style=\"align-self: flex-start;margin-right:auto;margin-top:-10px;width:100%;max-width:60px;\"><div class=\"fusion-separator-border sep-single sep-solid\" style=\"--awb-height:20px;--awb-amount:20px;--awb-sep-color:var(--awb-custom_color_1);border-color:var(--awb-custom_color_1);border-top-width:5px;\"><\/div><\/div>\n<div class=\"table-1\" style=\"--awb-margin-top:30px;\">\n<table width=\"100%\">\n<thead>\n<tr>\n<th align=\"left\" width=\"50%\">Mod\u00e8le<\/th>\n<th style=\"text-align: center;\" align=\"left\" width=\"50%\">WSX NC150<\/th>\n<\/tr>\n<\/thead>\n<tbody>\n<tr>\n<td align=\"left\">Puissance Applicable<\/td>\n<td style=\"text-align: center;\" align=\"left\">\u226415000W<\/td>\n<\/tr>\n<tr>\n<td align=\"left\">Connexion Fibre<\/td>\n<td style=\"text-align: center;\" align=\"left\">QBH, QD, Q+, LOE<\/td>\n<\/tr>\n<tr>\n<td align=\"left\">Pression Maximale du Gaz<\/td>\n<td style=\"text-align: center;\" align=\"left\">25Bar<\/td>\n<\/tr>\n<tr>\n<td align=\"left\">Longueur Focale de Collimation<\/td>\n<td style=\"text-align: center;\" align=\"left\">F100<\/td>\n<\/tr>\n<tr>\n<td align=\"left\">Longueur Focale de Mise au Point<\/td>\n<td style=\"text-align: center;\" align=\"left\">F200<\/td>\n<\/tr>\n<tr>\n<td align=\"left\">Plage de R\u00e9glage Horizontal<\/td>\n<td style=\"text-align: center;\" align=\"left\">\u00b11.5mm<\/td>\n<\/tr>\n<tr>\n<td align=\"left\">Plage de R\u00e9glage Vertical<\/td>\n<td style=\"text-align: center;\" align=\"left\">\u00b130mm<\/td>\n<\/tr>\n<tr>\n<td align=\"left\">Ouverture Effective<\/td>\n<td style=\"text-align: center;\" align=\"left\">32mm<\/td>\n<\/tr>\n<tr>\n<td align=\"left\">Poids Brut<\/td>\n<td style=\"text-align: center;\" align=\"left\">8.5kg<\/td>\n<\/tr>\n<\/tbody>\n<\/table>\n<\/div>\n<\/div><\/div><\/div><\/div><div class=\"fusion-fullwidth fullwidth-box fusion-builder-row-3 fusion-flex-container has-pattern-background has-mask-background nonhundred-percent-fullwidth non-hundred-percent-height-scrolling fusion-animated\" style=\"--awb-border-radius-top-left:0px;--awb-border-radius-top-right:0px;--awb-border-radius-bottom-right:0px;--awb-border-radius-bottom-left:0px;--awb-padding-top:0px;--awb-padding-right:0px;--awb-padding-bottom:0px;--awb-padding-left:0px;--awb-margin-top:60px;--awb-flex-wrap:wrap;\" data-animationtype=\"fadeInLeft\" data-animationduration=\"2.0\" data-animationoffset=\"top-into-view\" ><div class=\"fusion-builder-row fusion-row fusion-flex-align-items-flex-start fusion-flex-content-wrap\" style=\"max-width:1372.8px;margin-left: calc(-4% \/ 2 );margin-right: calc(-4% \/ 2 );\"><div class=\"fusion-layout-column fusion_builder_column fusion-builder-column-2 fusion_builder_column_1_1 1_1 fusion-flex-column\" style=\"--awb-bg-size:cover;--awb-width-large:100%;--awb-margin-top-large:20px;--awb-spacing-right-large:1.92%;--awb-margin-bottom-large:20px;--awb-spacing-left-large:1.92%;--awb-width-medium:100%;--awb-order-medium:0;--awb-spacing-right-medium:1.92%;--awb-spacing-left-medium:1.92%;--awb-width-small:100%;--awb-order-small:0;--awb-spacing-right-small:1.92%;--awb-spacing-left-small:1.92%;\"><div class=\"fusion-column-wrapper fusion-column-has-shadow fusion-flex-justify-content-flex-start fusion-content-layout-column\"><div class=\"fusion-title title fusion-title-3 fusion-sep-none fusion-title-text fusion-title-size-two\" style=\"--awb-text-color:var(--awb-color8);--awb-sep-color:var(--awb-custom_color_1);--awb-font-size:24px;\"><h2 class=\"fusion-title-heading title-heading-left fusion-responsive-typography-calculated\" style=\"margin:0;font-size:1em;--fontSize:24;line-height:1.3;\">Dimensions du Produit<\/h2><\/div><div class=\"fusion-separator\" style=\"align-self: flex-start;margin-right:auto;margin-top:-10px;width:100%;max-width:60px;\"><div class=\"fusion-separator-border sep-single sep-solid\" style=\"--awb-height:20px;--awb-amount:20px;--awb-sep-color:var(--awb-custom_color_1);border-color:var(--awb-custom_color_1);border-top-width:5px;\"><\/div><\/div><div class=\"fusion-image-element\" style=\"text-align:center;--awb-margin-top:30px;--awb-max-width:600px;--awb-caption-title-font-family:var(--h2_typography-font-family);--awb-caption-title-font-weight:var(--h2_typography-font-weight);--awb-caption-title-font-style:var(--h2_typography-font-style);--awb-caption-title-size:var(--h2_typography-font-size);--awb-caption-title-transform:var(--h2_typography-text-transform);--awb-caption-title-line-height:var(--h2_typography-line-height);--awb-caption-title-letter-spacing:var(--h2_typography-letter-spacing);\"><span class=\"fusion-imageframe imageframe-none imageframe-1 hover-type-none\" style=\"border-radius:8px;\"><img decoding=\"async\" width=\"1000\" height=\"1294\" title=\"WSX NC150 laser cutting head product details 1\" src=\"https:\/\/www.yupeclaser.eu\/wp-content\/uploads\/2025\/05\/WSX-NC150-laser-cutting-head-product-details-1.webp\" data-orig-src=\"https:\/\/www.yupeclaser.eu\/wp-content\/uploads\/2025\/05\/WSX-NC150-laser-cutting-head-product-details-1.webp\" alt class=\"lazyload img-responsive wp-image-8630\" srcset=\"data:image\/svg+xml,%3Csvg%20xmlns%3D%27http%3A%2F%2Fwww.w3.org%2F2000%2Fsvg%27%20width%3D%271000%27%20height%3D%271294%27%20viewBox%3D%270%200%201000%201294%27%3E%3Crect%20width%3D%271000%27%20height%3D%271294%27%20fill-opacity%3D%220%22%2F%3E%3C%2Fsvg%3E\" data-srcset=\"https:\/\/www.yupeclaser.eu\/wp-content\/uploads\/2025\/05\/WSX-NC150-laser-cutting-head-product-details-1-200x259.webp 200w, https:\/\/www.yupeclaser.eu\/wp-content\/uploads\/2025\/05\/WSX-NC150-laser-cutting-head-product-details-1-400x518.webp 400w, https:\/\/www.yupeclaser.eu\/wp-content\/uploads\/2025\/05\/WSX-NC150-laser-cutting-head-product-details-1-600x776.webp 600w, https:\/\/www.yupeclaser.eu\/wp-content\/uploads\/2025\/05\/WSX-NC150-laser-cutting-head-product-details-1-800x1035.webp 800w, https:\/\/www.yupeclaser.eu\/wp-content\/uploads\/2025\/05\/WSX-NC150-laser-cutting-head-product-details-1.webp 1000w\" data-sizes=\"auto\" data-orig-sizes=\"(max-width: 640px) 100vw, 1000px\" \/><\/span><\/div><\/div><\/div><\/div><\/div><\/p>","protected":false},"excerpt":{"rendered":"<p>La t\u00eate de d\u00e9coupe laser \u00e0 fibre WSX NC150 de 15 kW avec mise au point automatique est id\u00e9ale pour la d\u00e9coupe de plaques de moyenne et grande \u00e9paisseur. Elle offre des r\u00e9sultats rapides et pr\u00e9cis gr\u00e2ce \u00e0 son syst\u00e8me de mise au point avanc\u00e9 et \u00e0 son contr\u00f4le par servomoteur haute vitesse. Cette t\u00eate de d\u00e9coupe est \u00e9quip\u00e9e d\u2019un syst\u00e8me de surveillance en temps r\u00e9el qui suit la temp\u00e9rature, l\u2019humidit\u00e9 et la pression de l\u2019air afin d\u2019assurer un fonctionnement s\u00fbr et stable. Son syst\u00e8me de refroidissement efficace et sa structure interne enti\u00e8rement \u00e9tanche pr\u00e9viennent la surchauffe et prot\u00e8gent la lentille optique, prolongeant ainsi sa dur\u00e9e de vie. Gr\u00e2ce \u00e0 une conception optimis\u00e9e de l\u2019optique et du flux d\u2019air, la NC150 am\u00e9liore consid\u00e9rablement l\u2019efficacit\u00e9 et la qualit\u00e9 de d\u00e9coupe, en faisant une solution fiable pour les applications de d\u00e9coupe laser de haute pr\u00e9cision.<\/p>","protected":false},"featured_media":8629,"template":"","meta":[],"product_brand":[],"product_cat":[47],"product_tag":[],"class_list":{"0":"post-8628","1":"product","2":"type-product","3":"status-publish","4":"has-post-thumbnail","6":"product_cat-laser-cutting-heads","8":"first","9":"outofstock","10":"shipping-taxable","11":"product-type-simple"},"yoast_head":"<!-- This site is optimized with the Yoast SEO plugin v26.5 - https:\/\/yoast.com\/wordpress\/plugins\/seo\/ -->\n<title>WSX NC150 0-15kW Auto Focus Fiber Laser Cutting Head - YUPEC Laser<\/title>\n<meta name=\"description\" content=\"The WSX NC150 15kW Auto-Focusing Fiber Laser Cutting Head is ideal for medium and thick plate cutting.\" \/>\n<meta name=\"robots\" content=\"index, follow, max-snippet:-1, max-image-preview:large, max-video-preview:-1\" \/>\n<link rel=\"canonical\" href=\"https:\/\/www.yupeclaser.eu\/fr\/product\/wsx-nc150-0-15kw-auto-focus-fiber-laser-cutting-head\/\" \/>\n<meta property=\"og:locale\" content=\"fr_FR\" \/>\n<meta property=\"og:type\" content=\"article\" \/>\n<meta property=\"og:title\" content=\"WSX NC150 0-15kW Auto Focus Fiber Laser Cutting Head - YUPEC Laser\" \/>\n<meta property=\"og:description\" content=\"The WSX NC150 15kW Auto-Focusing Fiber Laser Cutting Head is ideal for medium and thick plate cutting.\" \/>\n<meta property=\"og:url\" content=\"https:\/\/www.yupeclaser.eu\/fr\/product\/wsx-nc150-0-15kw-auto-focus-fiber-laser-cutting-head\/\" \/>\n<meta property=\"og:site_name\" content=\"YUPEC Laser\" \/>\n<meta property=\"og:image\" content=\"https:\/\/www.yupeclaser.eu\/wp-content\/uploads\/2025\/05\/WSX-NC150-laser-cutting-head.png\" \/>\n\t<meta property=\"og:image:width\" content=\"750\" \/>\n\t<meta property=\"og:image:height\" content=\"513\" \/>\n\t<meta property=\"og:image:type\" content=\"image\/png\" \/>\n<meta name=\"twitter:card\" content=\"summary_large_image\" \/>\n<meta name=\"twitter:label1\" content=\"Dur\u00e9e de lecture estim\u00e9e\" \/>\n\t<meta name=\"twitter:data1\" content=\"2 minutes\" \/>\n<script type=\"application\/ld+json\" class=\"yoast-schema-graph\">{\"@context\":\"https:\/\/schema.org\",\"@graph\":[{\"@type\":\"WebPage\",\"@id\":\"https:\/\/www.yupeclaser.eu\/product\/wsx-nc150-0-15kw-auto-focus-fiber-laser-cutting-head\/\",\"url\":\"https:\/\/www.yupeclaser.eu\/product\/wsx-nc150-0-15kw-auto-focus-fiber-laser-cutting-head\/\",\"name\":\"WSX NC150 0-15kW Auto Focus Fiber Laser Cutting Head - YUPEC Laser\",\"isPartOf\":{\"@id\":\"https:\/\/www.yupeclaser.eu\/#website\"},\"primaryImageOfPage\":{\"@id\":\"https:\/\/www.yupeclaser.eu\/product\/wsx-nc150-0-15kw-auto-focus-fiber-laser-cutting-head\/#primaryimage\"},\"image\":{\"@id\":\"https:\/\/www.yupeclaser.eu\/product\/wsx-nc150-0-15kw-auto-focus-fiber-laser-cutting-head\/#primaryimage\"},\"thumbnailUrl\":\"https:\/\/www.yupeclaser.eu\/wp-content\/uploads\/2025\/05\/WSX-NC150-laser-cutting-head.png\",\"datePublished\":\"2025-05-15T02:43:55+00:00\",\"dateModified\":\"2025-08-06T02:36:00+00:00\",\"description\":\"The WSX NC150 15kW Auto-Focusing Fiber Laser Cutting Head is ideal for medium and thick plate cutting.\",\"breadcrumb\":{\"@id\":\"https:\/\/www.yupeclaser.eu\/product\/wsx-nc150-0-15kw-auto-focus-fiber-laser-cutting-head\/#breadcrumb\"},\"inLanguage\":\"fr-FR\",\"potentialAction\":[{\"@type\":\"ReadAction\",\"target\":[\"https:\/\/www.yupeclaser.eu\/product\/wsx-nc150-0-15kw-auto-focus-fiber-laser-cutting-head\/\"]}]},{\"@type\":\"ImageObject\",\"inLanguage\":\"fr-FR\",\"@id\":\"https:\/\/www.yupeclaser.eu\/product\/wsx-nc150-0-15kw-auto-focus-fiber-laser-cutting-head\/#primaryimage\",\"url\":\"https:\/\/www.yupeclaser.eu\/wp-content\/uploads\/2025\/05\/WSX-NC150-laser-cutting-head.png\",\"contentUrl\":\"https:\/\/www.yupeclaser.eu\/wp-content\/uploads\/2025\/05\/WSX-NC150-laser-cutting-head.png\",\"width\":750,\"height\":513},{\"@type\":\"BreadcrumbList\",\"@id\":\"https:\/\/www.yupeclaser.eu\/product\/wsx-nc150-0-15kw-auto-focus-fiber-laser-cutting-head\/#breadcrumb\",\"itemListElement\":[{\"@type\":\"ListItem\",\"position\":1,\"name\":\"Home\",\"item\":\"https:\/\/www.yupeclaser.eu\/\"},{\"@type\":\"ListItem\",\"position\":2,\"name\":\"Products\",\"item\":\"https:\/\/www.yupeclaser.eu\/products\/\"},{\"@type\":\"ListItem\",\"position\":3,\"name\":\"Laser Cutting Heads\",\"item\":\"https:\/\/www.yupeclaser.eu\/laser-cutting-heads\/\"},{\"@type\":\"ListItem\",\"position\":4,\"name\":\"WSX NC150 0-15kW Auto Focus Fiber Laser Cutting Head\"}]},{\"@type\":\"WebSite\",\"@id\":\"https:\/\/www.yupeclaser.eu\/#website\",\"url\":\"https:\/\/www.yupeclaser.eu\/\",\"name\":\"YUPEC Laser\",\"description\":\"\",\"potentialAction\":[{\"@type\":\"SearchAction\",\"target\":{\"@type\":\"EntryPoint\",\"urlTemplate\":\"https:\/\/www.yupeclaser.eu\/?s={search_term_string}\"},\"query-input\":{\"@type\":\"PropertyValueSpecification\",\"valueRequired\":true,\"valueName\":\"search_term_string\"}}],\"inLanguage\":\"fr-FR\"}]}<\/script>\n<!-- \/ Yoast SEO plugin. -->","yoast_head_json":{"title":"WSX NC150 0\u201315kW T\u00eate de d\u00e9coupe laser \u00e0 fibre avec mise au point automatique \u2013 YUPEC Laser","description":"La t\u00eate de d\u00e9coupe laser \u00e0 fibre WSX NC150 de 15 kW avec mise au point automatique est id\u00e9ale pour la d\u00e9coupe de plaques de moyenne et grande \u00e9paisseur.","robots":{"index":"index","follow":"follow","max-snippet":"max-snippet:-1","max-image-preview":"max-image-preview:large","max-video-preview":"max-video-preview:-1"},"canonical":"https:\/\/www.yupeclaser.eu\/fr\/product\/wsx-nc150-0-15kw-auto-focus-fiber-laser-cutting-head\/","og_locale":"fr_FR","og_type":"article","og_title":"WSX NC150 0-15kW Auto Focus Fiber Laser Cutting Head - YUPEC Laser","og_description":"The WSX NC150 15kW Auto-Focusing Fiber Laser Cutting Head is ideal for medium and thick plate cutting.","og_url":"https:\/\/www.yupeclaser.eu\/fr\/product\/wsx-nc150-0-15kw-auto-focus-fiber-laser-cutting-head\/","og_site_name":"YUPEC Laser","og_image":[{"width":750,"height":513,"url":"https:\/\/www.yupeclaser.eu\/wp-content\/uploads\/2025\/05\/WSX-NC150-laser-cutting-head.png","type":"image\/png"}],"twitter_card":"summary_large_image","twitter_misc":{"Dur\u00e9e de lecture estim\u00e9e":"2 minutes"},"schema":{"@context":"https:\/\/schema.org","@graph":[{"@type":"WebPage","@id":"https:\/\/www.yupeclaser.eu\/product\/wsx-nc150-0-15kw-auto-focus-fiber-laser-cutting-head\/","url":"https:\/\/www.yupeclaser.eu\/product\/wsx-nc150-0-15kw-auto-focus-fiber-laser-cutting-head\/","name":"WSX NC150 0\u201315kW T\u00eate de d\u00e9coupe laser \u00e0 fibre avec mise au point automatique \u2013 YUPEC Laser","isPartOf":{"@id":"https:\/\/www.yupeclaser.eu\/#website"},"primaryImageOfPage":{"@id":"https:\/\/www.yupeclaser.eu\/product\/wsx-nc150-0-15kw-auto-focus-fiber-laser-cutting-head\/#primaryimage"},"image":{"@id":"https:\/\/www.yupeclaser.eu\/product\/wsx-nc150-0-15kw-auto-focus-fiber-laser-cutting-head\/#primaryimage"},"thumbnailUrl":"https:\/\/www.yupeclaser.eu\/wp-content\/uploads\/2025\/05\/WSX-NC150-laser-cutting-head.png","datePublished":"2025-05-15T02:43:55+00:00","dateModified":"2025-08-06T02:36:00+00:00","description":"La t\u00eate de d\u00e9coupe laser \u00e0 fibre WSX NC150 de 15 kW avec mise au point automatique est id\u00e9ale pour la d\u00e9coupe de plaques de moyenne et grande \u00e9paisseur.","breadcrumb":{"@id":"https:\/\/www.yupeclaser.eu\/product\/wsx-nc150-0-15kw-auto-focus-fiber-laser-cutting-head\/#breadcrumb"},"inLanguage":"fr-FR","potentialAction":[{"@type":"ReadAction","target":["https:\/\/www.yupeclaser.eu\/product\/wsx-nc150-0-15kw-auto-focus-fiber-laser-cutting-head\/"]}]},{"@type":"ImageObject","inLanguage":"fr-FR","@id":"https:\/\/www.yupeclaser.eu\/product\/wsx-nc150-0-15kw-auto-focus-fiber-laser-cutting-head\/#primaryimage","url":"https:\/\/www.yupeclaser.eu\/wp-content\/uploads\/2025\/05\/WSX-NC150-laser-cutting-head.png","contentUrl":"https:\/\/www.yupeclaser.eu\/wp-content\/uploads\/2025\/05\/WSX-NC150-laser-cutting-head.png","width":750,"height":513},{"@type":"BreadcrumbList","@id":"https:\/\/www.yupeclaser.eu\/product\/wsx-nc150-0-15kw-auto-focus-fiber-laser-cutting-head\/#breadcrumb","itemListElement":[{"@type":"ListItem","position":1,"name":"Home","item":"https:\/\/www.yupeclaser.eu\/"},{"@type":"ListItem","position":2,"name":"Products","item":"https:\/\/www.yupeclaser.eu\/products\/"},{"@type":"ListItem","position":3,"name":"Laser Cutting Heads","item":"https:\/\/www.yupeclaser.eu\/laser-cutting-heads\/"},{"@type":"ListItem","position":4,"name":"WSX NC150 0-15kW Auto Focus Fiber Laser Cutting Head"}]},{"@type":"WebSite","@id":"https:\/\/www.yupeclaser.eu\/#website","url":"https:\/\/www.yupeclaser.eu\/","name":"YUPEC Laser","description":"","potentialAction":[{"@type":"SearchAction","target":{"@type":"EntryPoint","urlTemplate":"https:\/\/www.yupeclaser.eu\/?s={search_term_string}"},"query-input":{"@type":"PropertyValueSpecification","valueRequired":true,"valueName":"search_term_string"}}],"inLanguage":"fr-FR"}]}},"_links":{"self":[{"href":"https:\/\/www.yupeclaser.eu\/fr\/wp-json\/wp\/v2\/product\/8628","targetHints":{"allow":["GET"]}}],"collection":[{"href":"https:\/\/www.yupeclaser.eu\/fr\/wp-json\/wp\/v2\/product"}],"about":[{"href":"https:\/\/www.yupeclaser.eu\/fr\/wp-json\/wp\/v2\/types\/product"}],"wp:featuredmedia":[{"embeddable":true,"href":"https:\/\/www.yupeclaser.eu\/fr\/wp-json\/wp\/v2\/media\/8629"}],"wp:attachment":[{"href":"https:\/\/www.yupeclaser.eu\/fr\/wp-json\/wp\/v2\/media?parent=8628"}],"wp:term":[{"taxonomy":"product_brand","embeddable":true,"href":"https:\/\/www.yupeclaser.eu\/fr\/wp-json\/wp\/v2\/product_brand?post=8628"},{"taxonomy":"product_cat","embeddable":true,"href":"https:\/\/www.yupeclaser.eu\/fr\/wp-json\/wp\/v2\/product_cat?post=8628"},{"taxonomy":"product_tag","embeddable":true,"href":"https:\/\/www.yupeclaser.eu\/fr\/wp-json\/wp\/v2\/product_tag?post=8628"}],"curies":[{"name":"wp","href":"https:\/\/api.w.org\/{rel}","templated":true}]}}