{"id":8348,"date":"2025-02-06T11:19:43","date_gmt":"2025-02-06T03:19:43","guid":{"rendered":"https:\/\/www.yupeclaser.eu\/?post_type=product&#038;p=8348"},"modified":"2025-02-06T11:32:59","modified_gmt":"2025-02-06T03:32:59","slug":"focusing-collimating-lenses-with-holder-for-raytools-bm111-bm110","status":"publish","type":"product","link":"https:\/\/www.yupeclaser.eu\/fr\/product\/focusing-collimating-lenses-with-holder-for-raytools-bm111-bm110\/","title":{"rendered":"Lentilles de Mise au Point et de Collimation avec Support pour RayTools BM111 BM110"},"content":{"rendered":"<p><div class=\"fusion-fullwidth fullwidth-box fusion-builder-row-1 fusion-flex-container has-pattern-background has-mask-background nonhundred-percent-fullwidth non-hundred-percent-height-scrolling fusion-animated\" style=\"--awb-border-radius-top-left:0px;--awb-border-radius-top-right:0px;--awb-border-radius-bottom-right:0px;--awb-border-radius-bottom-left:0px;--awb-padding-top:0px;--awb-padding-right:0px;--awb-padding-bottom:0px;--awb-padding-left:0px;--awb-margin-top:60px;--awb-flex-wrap:wrap;\" data-animationtype=\"fadeInLeft\" data-animationduration=\"2.0\" data-animationoffset=\"top-into-view\" ><div class=\"fusion-builder-row fusion-row fusion-flex-align-items-flex-start fusion-flex-content-wrap\" style=\"max-width:1372.8px;margin-left: calc(-4% \/ 2 );margin-right: calc(-4% \/ 2 );\"><div class=\"fusion-layout-column fusion_builder_column fusion-builder-column-0 fusion_builder_column_1_1 1_1 fusion-flex-column\" style=\"--awb-bg-size:cover;--awb-width-large:100%;--awb-margin-top-large:20px;--awb-spacing-right-large:1.92%;--awb-margin-bottom-large:20px;--awb-spacing-left-large:1.92%;--awb-width-medium:100%;--awb-order-medium:0;--awb-spacing-right-medium:1.92%;--awb-spacing-left-medium:1.92%;--awb-width-small:100%;--awb-order-small:0;--awb-spacing-right-small:1.92%;--awb-spacing-left-small:1.92%;\"><div class=\"fusion-column-wrapper fusion-column-has-shadow fusion-flex-justify-content-flex-start fusion-content-layout-column\"><div class=\"fusion-title title fusion-title-1 fusion-sep-none fusion-title-text fusion-title-size-two\" style=\"--awb-text-color:var(--awb-color8);--awb-sep-color:var(--awb-custom_color_1);--awb-font-size:24px;\"><h2 class=\"fusion-title-heading title-heading-left fusion-responsive-typography-calculated\" style=\"margin:0;font-size:1em;--fontSize:24;line-height:1.3;\">Sp\u00e9cifications du Produit<\/h2><\/div><div class=\"fusion-separator\" style=\"align-self: flex-start;margin-right:auto;margin-top:-10px;width:100%;max-width:60px;\"><div class=\"fusion-separator-border sep-single sep-solid\" style=\"--awb-height:20px;--awb-amount:20px;--awb-sep-color:var(--awb-custom_color_1);border-color:var(--awb-custom_color_1);border-top-width:5px;\"><\/div><\/div><ul style=\"--awb-size:15px;--awb-margin-top:20px;--awb-margin-right:0px;--awb-margin-left:0px;--awb-item-padding-right:0px;--awb-item-padding-left:0px;--awb-iconcolor:var(--awb-color8);--awb-line-height:25.5px;--awb-icon-width:25.5px;--awb-icon-height:25.5px;--awb-icon-margin:10.5px;--awb-content-margin:36px;\" class=\"fusion-checklist fusion-checklist-1 fusion-checklist-default type-icons\"><li class=\"fusion-li-item\" style=\"\"><span class=\"icon-wrapper circle-no\"><i class=\"fusion-li-icon fa-chevron-circle-right fas\" aria-hidden=\"true\"><\/i><\/span><div class=\"fusion-li-item-content\">\n<p>Rev\u00eatement antireflet standard \u00e0 haute efficacit\u00e9 et faible perte.<\/p>\n<\/div><\/li><li class=\"fusion-li-item\" style=\"\"><span class=\"icon-wrapper circle-no\"><i class=\"fusion-li-icon fa-chevron-circle-right fas\" aria-hidden=\"true\"><\/i><\/span><div class=\"fusion-li-item-content\">\n<p>Processus de rev\u00eatement AR des deux c\u00f4t\u00e9s pour une haute transmittance.<\/p>\n<\/div><\/li><li class=\"fusion-li-item\" style=\"\"><span class=\"icon-wrapper circle-no\"><i class=\"fusion-li-icon fa-chevron-circle-right fas\" aria-hidden=\"true\"><\/i><\/span><div class=\"fusion-li-item-content\">\n<p>Cristal de haute qualit\u00e9 avec une excellente r\u00e9sistance aux hautes temp\u00e9ratures.<\/p>\n<\/div><\/li><li class=\"fusion-li-item\" style=\"\"><span class=\"icon-wrapper circle-no\"><i class=\"fusion-li-icon fa-chevron-circle-right fas\" aria-hidden=\"true\"><\/i><\/span><div class=\"fusion-li-item-content\">\n<p>Longue dur\u00e9e de vie et installation facile.<\/p>\n<\/div><\/li><li class=\"fusion-li-item\" style=\"\"><span class=\"icon-wrapper circle-no\"><i class=\"fusion-li-icon fa-chevron-circle-right fas\" aria-hidden=\"true\"><\/i><\/span><div class=\"fusion-li-item-content\">\n<p>Compatibles avec les t\u00eates de d\u00e9coupe laser RayTools BM111 \/ BM110.<\/p>\n<\/div><\/li><\/ul><div class=\"fusion-image-element\" style=\"text-align:center;--awb-margin-top:30px;--awb-margin-top-small:20px;--awb-max-width:700px;--awb-caption-title-font-family:var(--h2_typography-font-family);--awb-caption-title-font-weight:var(--h2_typography-font-weight);--awb-caption-title-font-style:var(--h2_typography-font-style);--awb-caption-title-size:var(--h2_typography-font-size);--awb-caption-title-transform:var(--h2_typography-text-transform);--awb-caption-title-line-height:var(--h2_typography-line-height);--awb-caption-title-letter-spacing:var(--h2_typography-letter-spacing);\"><span class=\"fusion-imageframe imageframe-none imageframe-1 hover-type-none\" style=\"border:1px solid var(--awb-color2);border-radius:8px;\"><img decoding=\"async\" width=\"1000\" height=\"993\" title=\"RayTools BM110 BM111 Collimating Focusing Lens &#8211; Product Details 2\" src=\"https:\/\/www.yupeclaser.eu\/wp-content\/uploads\/2025\/02\/RayTools-BM110-BM111-Collimating-Focusing-Lens-Product-Details-2.webp\" data-orig-src=\"https:\/\/www.yupeclaser.eu\/wp-content\/uploads\/2025\/02\/RayTools-BM110-BM111-Collimating-Focusing-Lens-Product-Details-2.webp\" alt class=\"lazyload img-responsive wp-image-8351\" srcset=\"data:image\/svg+xml,%3Csvg%20xmlns%3D%27http%3A%2F%2Fwww.w3.org%2F2000%2Fsvg%27%20width%3D%271000%27%20height%3D%27993%27%20viewBox%3D%270%200%201000%20993%27%3E%3Crect%20width%3D%271000%27%20height%3D%27993%27%20fill-opacity%3D%220%22%2F%3E%3C%2Fsvg%3E\" data-srcset=\"https:\/\/www.yupeclaser.eu\/wp-content\/uploads\/2025\/02\/RayTools-BM110-BM111-Collimating-Focusing-Lens-Product-Details-2-200x200.webp 200w, https:\/\/www.yupeclaser.eu\/wp-content\/uploads\/2025\/02\/RayTools-BM110-BM111-Collimating-Focusing-Lens-Product-Details-2-400x397.webp 400w, https:\/\/www.yupeclaser.eu\/wp-content\/uploads\/2025\/02\/RayTools-BM110-BM111-Collimating-Focusing-Lens-Product-Details-2-600x596.webp 600w, https:\/\/www.yupeclaser.eu\/wp-content\/uploads\/2025\/02\/RayTools-BM110-BM111-Collimating-Focusing-Lens-Product-Details-2-800x794.webp 800w, https:\/\/www.yupeclaser.eu\/wp-content\/uploads\/2025\/02\/RayTools-BM110-BM111-Collimating-Focusing-Lens-Product-Details-2.webp 1000w\" data-sizes=\"auto\" data-orig-sizes=\"(max-width: 640px) 100vw, 1000px\" \/><\/span><\/div><\/div><\/div><\/div><\/div><div class=\"fusion-fullwidth fullwidth-box fusion-builder-row-2 fusion-flex-container has-pattern-background has-mask-background nonhundred-percent-fullwidth non-hundred-percent-height-scrolling fusion-animated\" style=\"--awb-border-radius-top-left:0px;--awb-border-radius-top-right:0px;--awb-border-radius-bottom-right:0px;--awb-border-radius-bottom-left:0px;--awb-padding-top:0px;--awb-padding-right:0px;--awb-padding-bottom:0px;--awb-padding-left:0px;--awb-margin-top:60px;--awb-flex-wrap:wrap;\" data-animationtype=\"fadeInLeft\" data-animationduration=\"2.0\" data-animationoffset=\"top-into-view\" ><div class=\"fusion-builder-row fusion-row fusion-flex-align-items-flex-start fusion-flex-content-wrap\" style=\"max-width:1372.8px;margin-left: calc(-4% \/ 2 );margin-right: calc(-4% \/ 2 );\"><div class=\"fusion-layout-column fusion_builder_column fusion-builder-column-1 fusion_builder_column_1_1 1_1 fusion-flex-column\" style=\"--awb-bg-size:cover;--awb-width-large:100%;--awb-margin-top-large:20px;--awb-spacing-right-large:1.92%;--awb-margin-bottom-large:20px;--awb-spacing-left-large:1.92%;--awb-width-medium:100%;--awb-order-medium:0;--awb-spacing-right-medium:1.92%;--awb-spacing-left-medium:1.92%;--awb-width-small:100%;--awb-order-small:0;--awb-spacing-right-small:1.92%;--awb-spacing-left-small:1.92%;\"><div class=\"fusion-column-wrapper fusion-column-has-shadow fusion-flex-justify-content-flex-start fusion-content-layout-column\"><div class=\"fusion-title title fusion-title-2 fusion-sep-none fusion-title-text fusion-title-size-two\" style=\"--awb-text-color:var(--awb-color8);--awb-sep-color:var(--awb-custom_color_1);--awb-font-size:24px;\"><h2 class=\"fusion-title-heading title-heading-left fusion-responsive-typography-calculated\" style=\"margin:0;font-size:1em;--fontSize:24;line-height:1.3;\">D\u00e9tails du Produit<\/h2><\/div><div class=\"fusion-separator\" style=\"align-self: flex-start;margin-right:auto;margin-top:-10px;width:100%;max-width:60px;\"><div class=\"fusion-separator-border sep-single sep-solid\" style=\"--awb-height:20px;--awb-amount:20px;--awb-sep-color:var(--awb-custom_color_1);border-color:var(--awb-custom_color_1);border-top-width:5px;\"><\/div><\/div><div class=\"fusion-image-element\" style=\"text-align:center;--awb-margin-top:30px;--awb-margin-top-small:20px;--awb-max-width:700px;--awb-caption-title-font-family:var(--h2_typography-font-family);--awb-caption-title-font-weight:var(--h2_typography-font-weight);--awb-caption-title-font-style:var(--h2_typography-font-style);--awb-caption-title-size:var(--h2_typography-font-size);--awb-caption-title-transform:var(--h2_typography-text-transform);--awb-caption-title-line-height:var(--h2_typography-line-height);--awb-caption-title-letter-spacing:var(--h2_typography-letter-spacing);\"><span class=\"fusion-imageframe imageframe-none imageframe-2 hover-type-none\" style=\"border:1px solid var(--awb-color2);border-radius:8px;\"><img decoding=\"async\" width=\"1000\" height=\"1011\" title=\"RayTools BM110 BM111 Collimating Focusing Lens &#8211; Product Details 1-1\" src=\"https:\/\/www.yupeclaser.eu\/wp-content\/uploads\/2025\/02\/RayTools-BM110-BM111-Collimating-Focusing-Lens-Product-Details-1-1.webp\" data-orig-src=\"https:\/\/www.yupeclaser.eu\/wp-content\/uploads\/2025\/02\/RayTools-BM110-BM111-Collimating-Focusing-Lens-Product-Details-1-1.webp\" alt class=\"lazyload img-responsive wp-image-8354\" srcset=\"data:image\/svg+xml,%3Csvg%20xmlns%3D%27http%3A%2F%2Fwww.w3.org%2F2000%2Fsvg%27%20width%3D%271000%27%20height%3D%271011%27%20viewBox%3D%270%200%201000%201011%27%3E%3Crect%20width%3D%271000%27%20height%3D%271011%27%20fill-opacity%3D%220%22%2F%3E%3C%2Fsvg%3E\" data-srcset=\"https:\/\/www.yupeclaser.eu\/wp-content\/uploads\/2025\/02\/RayTools-BM110-BM111-Collimating-Focusing-Lens-Product-Details-1-1-200x202.webp 200w, https:\/\/www.yupeclaser.eu\/wp-content\/uploads\/2025\/02\/RayTools-BM110-BM111-Collimating-Focusing-Lens-Product-Details-1-1-400x404.webp 400w, https:\/\/www.yupeclaser.eu\/wp-content\/uploads\/2025\/02\/RayTools-BM110-BM111-Collimating-Focusing-Lens-Product-Details-1-1-600x607.webp 600w, https:\/\/www.yupeclaser.eu\/wp-content\/uploads\/2025\/02\/RayTools-BM110-BM111-Collimating-Focusing-Lens-Product-Details-1-1-800x809.webp 800w, https:\/\/www.yupeclaser.eu\/wp-content\/uploads\/2025\/02\/RayTools-BM110-BM111-Collimating-Focusing-Lens-Product-Details-1-1.webp 1000w\" data-sizes=\"auto\" data-orig-sizes=\"(max-width: 640px) 100vw, 1000px\" \/><\/span><\/div><div class=\"fusion-image-element\" style=\"text-align:center;--awb-margin-top:30px;--awb-margin-top-small:20px;--awb-max-width:700px;--awb-caption-title-font-family:var(--h2_typography-font-family);--awb-caption-title-font-weight:var(--h2_typography-font-weight);--awb-caption-title-font-style:var(--h2_typography-font-style);--awb-caption-title-size:var(--h2_typography-font-size);--awb-caption-title-transform:var(--h2_typography-text-transform);--awb-caption-title-line-height:var(--h2_typography-line-height);--awb-caption-title-letter-spacing:var(--h2_typography-letter-spacing);\"><span class=\"fusion-imageframe imageframe-none imageframe-3 hover-type-none\" style=\"border:1px solid var(--awb-color2);border-radius:8px;\"><img decoding=\"async\" width=\"1000\" height=\"907\" title=\"RayTools BM110 BM111 Collimating Focusing Lens &#8211; Product Details 3\" src=\"https:\/\/www.yupeclaser.eu\/wp-content\/uploads\/2025\/02\/RayTools-BM110-BM111-Collimating-Focusing-Lens-Product-Details-3.webp\" data-orig-src=\"https:\/\/www.yupeclaser.eu\/wp-content\/uploads\/2025\/02\/RayTools-BM110-BM111-Collimating-Focusing-Lens-Product-Details-3.webp\" alt class=\"lazyload img-responsive wp-image-8353\" srcset=\"data:image\/svg+xml,%3Csvg%20xmlns%3D%27http%3A%2F%2Fwww.w3.org%2F2000%2Fsvg%27%20width%3D%271000%27%20height%3D%27907%27%20viewBox%3D%270%200%201000%20907%27%3E%3Crect%20width%3D%271000%27%20height%3D%27907%27%20fill-opacity%3D%220%22%2F%3E%3C%2Fsvg%3E\" data-srcset=\"https:\/\/www.yupeclaser.eu\/wp-content\/uploads\/2025\/02\/RayTools-BM110-BM111-Collimating-Focusing-Lens-Product-Details-3-200x181.webp 200w, https:\/\/www.yupeclaser.eu\/wp-content\/uploads\/2025\/02\/RayTools-BM110-BM111-Collimating-Focusing-Lens-Product-Details-3-400x363.webp 400w, https:\/\/www.yupeclaser.eu\/wp-content\/uploads\/2025\/02\/RayTools-BM110-BM111-Collimating-Focusing-Lens-Product-Details-3-600x544.webp 600w, https:\/\/www.yupeclaser.eu\/wp-content\/uploads\/2025\/02\/RayTools-BM110-BM111-Collimating-Focusing-Lens-Product-Details-3-800x726.webp 800w, https:\/\/www.yupeclaser.eu\/wp-content\/uploads\/2025\/02\/RayTools-BM110-BM111-Collimating-Focusing-Lens-Product-Details-3.webp 1000w\" data-sizes=\"auto\" data-orig-sizes=\"(max-width: 640px) 100vw, 1000px\" \/><\/span><\/div><div class=\"fusion-text fusion-text-1\" style=\"--awb-margin-top:10px;\"><p><strong>Remarque :<\/strong> Ce type de lentille de collimation et de mise au point avec tube de lentille est utilis\u00e9 pour les t\u00eates de d\u00e9coupe laser BM110 et BM111. Veuillez confirmer le diam\u00e8tre et la longueur focale de votre lentille.<\/p>\n<\/div><\/div><\/div><\/div><\/div><\/p>","protected":false},"excerpt":{"rendered":"<p>Ces lentilles de mise au point et de collimation sont con\u00e7ues pour les t\u00eates de d\u00e9coupe laser RayTools BM111 \/ BM110, offrant une excellente r\u00e9sistance \u00e0 haute temp\u00e9rature pour un d\u00e9coupage constant et performant.<\/p>","protected":false},"featured_media":8349,"template":"","meta":[],"product_brand":[],"product_cat":[53],"product_tag":[],"class_list":{"0":"post-8348","1":"product","2":"type-product","3":"status-publish","4":"has-post-thumbnail","6":"product_cat-laser-lenses","8":"first","9":"instock","10":"shipping-taxable","11":"product-type-simple"},"yoast_head":"<!-- This site is optimized with the Yoast SEO plugin v26.5 - https:\/\/yoast.com\/wordpress\/plugins\/seo\/ -->\n<title>Focusing &amp; Collimating Lenses with Holder for RayTools BM111 BM110 - YUPEC Laser<\/title>\n<meta name=\"description\" content=\"These focusing and collimation lenses are designed for RayTools BM111 \/ BM110 laser cutting heads, providing excellent high-temperature resistance for consistent, high-performance cutting.\" \/>\n<meta name=\"robots\" content=\"index, follow, max-snippet:-1, max-image-preview:large, max-video-preview:-1\" \/>\n<link rel=\"canonical\" href=\"https:\/\/www.yupeclaser.eu\/fr\/product\/focusing-collimating-lenses-with-holder-for-raytools-bm111-bm110\/\" \/>\n<meta property=\"og:locale\" content=\"fr_FR\" \/>\n<meta property=\"og:type\" content=\"article\" \/>\n<meta property=\"og:title\" content=\"Focusing &amp; Collimating Lenses with Holder for RayTools BM111 BM110 - YUPEC Laser\" \/>\n<meta property=\"og:description\" content=\"These focusing and collimation lenses are designed for RayTools BM111 \/ BM110 laser cutting heads, providing excellent high-temperature resistance for consistent, high-performance cutting.\" \/>\n<meta property=\"og:url\" content=\"https:\/\/www.yupeclaser.eu\/fr\/product\/focusing-collimating-lenses-with-holder-for-raytools-bm111-bm110\/\" \/>\n<meta property=\"og:site_name\" content=\"YUPEC Laser\" \/>\n<meta property=\"og:image\" content=\"https:\/\/www.yupeclaser.eu\/wp-content\/uploads\/2025\/02\/RayTools-BM110-BM111-Collimating-Focusing-Lens.png\" \/>\n\t<meta property=\"og:image:width\" content=\"750\" \/>\n\t<meta property=\"og:image:height\" content=\"513\" \/>\n\t<meta property=\"og:image:type\" content=\"image\/png\" \/>\n<meta name=\"twitter:card\" content=\"summary_large_image\" \/>\n<meta name=\"twitter:label1\" content=\"Dur\u00e9e de lecture estim\u00e9e\" \/>\n\t<meta name=\"twitter:data1\" content=\"2 minutes\" \/>\n<script type=\"application\/ld+json\" class=\"yoast-schema-graph\">{\"@context\":\"https:\/\/schema.org\",\"@graph\":[{\"@type\":\"WebPage\",\"@id\":\"https:\/\/www.yupeclaser.eu\/product\/focusing-collimating-lenses-with-holder-for-raytools-bm111-bm110\/\",\"url\":\"https:\/\/www.yupeclaser.eu\/product\/focusing-collimating-lenses-with-holder-for-raytools-bm111-bm110\/\",\"name\":\"Focusing & Collimating Lenses with Holder for RayTools BM111 BM110 - YUPEC Laser\",\"isPartOf\":{\"@id\":\"https:\/\/www.yupeclaser.eu\/#website\"},\"primaryImageOfPage\":{\"@id\":\"https:\/\/www.yupeclaser.eu\/product\/focusing-collimating-lenses-with-holder-for-raytools-bm111-bm110\/#primaryimage\"},\"image\":{\"@id\":\"https:\/\/www.yupeclaser.eu\/product\/focusing-collimating-lenses-with-holder-for-raytools-bm111-bm110\/#primaryimage\"},\"thumbnailUrl\":\"https:\/\/www.yupeclaser.eu\/wp-content\/uploads\/2025\/02\/RayTools-BM110-BM111-Collimating-Focusing-Lens.png\",\"datePublished\":\"2025-02-06T03:19:43+00:00\",\"dateModified\":\"2025-02-06T03:32:59+00:00\",\"description\":\"These focusing and collimation lenses are designed for RayTools BM111 \/ BM110 laser cutting heads, providing excellent high-temperature resistance for consistent, high-performance cutting.\",\"breadcrumb\":{\"@id\":\"https:\/\/www.yupeclaser.eu\/product\/focusing-collimating-lenses-with-holder-for-raytools-bm111-bm110\/#breadcrumb\"},\"inLanguage\":\"fr-FR\",\"potentialAction\":[{\"@type\":\"ReadAction\",\"target\":[\"https:\/\/www.yupeclaser.eu\/product\/focusing-collimating-lenses-with-holder-for-raytools-bm111-bm110\/\"]}]},{\"@type\":\"ImageObject\",\"inLanguage\":\"fr-FR\",\"@id\":\"https:\/\/www.yupeclaser.eu\/product\/focusing-collimating-lenses-with-holder-for-raytools-bm111-bm110\/#primaryimage\",\"url\":\"https:\/\/www.yupeclaser.eu\/wp-content\/uploads\/2025\/02\/RayTools-BM110-BM111-Collimating-Focusing-Lens.png\",\"contentUrl\":\"https:\/\/www.yupeclaser.eu\/wp-content\/uploads\/2025\/02\/RayTools-BM110-BM111-Collimating-Focusing-Lens.png\",\"width\":750,\"height\":513},{\"@type\":\"BreadcrumbList\",\"@id\":\"https:\/\/www.yupeclaser.eu\/product\/focusing-collimating-lenses-with-holder-for-raytools-bm111-bm110\/#breadcrumb\",\"itemListElement\":[{\"@type\":\"ListItem\",\"position\":1,\"name\":\"Home\",\"item\":\"https:\/\/www.yupeclaser.eu\/\"},{\"@type\":\"ListItem\",\"position\":2,\"name\":\"Products\",\"item\":\"https:\/\/www.yupeclaser.eu\/products\/\"},{\"@type\":\"ListItem\",\"position\":3,\"name\":\"Laser Lenses\",\"item\":\"https:\/\/www.yupeclaser.eu\/laser-lenses\/\"},{\"@type\":\"ListItem\",\"position\":4,\"name\":\"Focusing &#038; Collimating Lenses with Holder for RayTools BM111 BM110\"}]},{\"@type\":\"WebSite\",\"@id\":\"https:\/\/www.yupeclaser.eu\/#website\",\"url\":\"https:\/\/www.yupeclaser.eu\/\",\"name\":\"YUPEC Laser\",\"description\":\"\",\"potentialAction\":[{\"@type\":\"SearchAction\",\"target\":{\"@type\":\"EntryPoint\",\"urlTemplate\":\"https:\/\/www.yupeclaser.eu\/?s={search_term_string}\"},\"query-input\":{\"@type\":\"PropertyValueSpecification\",\"valueRequired\":true,\"valueName\":\"search_term_string\"}}],\"inLanguage\":\"fr-FR\"}]}<\/script>\n<!-- \/ Yoast SEO plugin. -->","yoast_head_json":{"title":"Lentilles de Mise au Point et de Collimation avec Support pour RayTools BM111 BM110 - YUPEC Laser","description":"Ces lentilles de mise au point et de collimation sont con\u00e7ues pour les t\u00eates de d\u00e9coupe laser RayTools BM111 \/ BM110, offrant une excellente r\u00e9sistance \u00e0 haute temp\u00e9rature pour un d\u00e9coupage constant et performant.","robots":{"index":"index","follow":"follow","max-snippet":"max-snippet:-1","max-image-preview":"max-image-preview:large","max-video-preview":"max-video-preview:-1"},"canonical":"https:\/\/www.yupeclaser.eu\/fr\/product\/focusing-collimating-lenses-with-holder-for-raytools-bm111-bm110\/","og_locale":"fr_FR","og_type":"article","og_title":"Focusing & Collimating Lenses with Holder for RayTools BM111 BM110 - YUPEC Laser","og_description":"These focusing and collimation lenses are designed for RayTools BM111 \/ BM110 laser cutting heads, providing excellent high-temperature resistance for consistent, high-performance cutting.","og_url":"https:\/\/www.yupeclaser.eu\/fr\/product\/focusing-collimating-lenses-with-holder-for-raytools-bm111-bm110\/","og_site_name":"YUPEC Laser","og_image":[{"width":750,"height":513,"url":"https:\/\/www.yupeclaser.eu\/wp-content\/uploads\/2025\/02\/RayTools-BM110-BM111-Collimating-Focusing-Lens.png","type":"image\/png"}],"twitter_card":"summary_large_image","twitter_misc":{"Dur\u00e9e de lecture estim\u00e9e":"2 minutes"},"schema":{"@context":"https:\/\/schema.org","@graph":[{"@type":"WebPage","@id":"https:\/\/www.yupeclaser.eu\/product\/focusing-collimating-lenses-with-holder-for-raytools-bm111-bm110\/","url":"https:\/\/www.yupeclaser.eu\/product\/focusing-collimating-lenses-with-holder-for-raytools-bm111-bm110\/","name":"Lentilles de Mise au Point et de Collimation avec Support pour RayTools BM111 BM110 - YUPEC Laser","isPartOf":{"@id":"https:\/\/www.yupeclaser.eu\/#website"},"primaryImageOfPage":{"@id":"https:\/\/www.yupeclaser.eu\/product\/focusing-collimating-lenses-with-holder-for-raytools-bm111-bm110\/#primaryimage"},"image":{"@id":"https:\/\/www.yupeclaser.eu\/product\/focusing-collimating-lenses-with-holder-for-raytools-bm111-bm110\/#primaryimage"},"thumbnailUrl":"https:\/\/www.yupeclaser.eu\/wp-content\/uploads\/2025\/02\/RayTools-BM110-BM111-Collimating-Focusing-Lens.png","datePublished":"2025-02-06T03:19:43+00:00","dateModified":"2025-02-06T03:32:59+00:00","description":"Ces lentilles de mise au point et de collimation sont con\u00e7ues pour les t\u00eates de d\u00e9coupe laser RayTools BM111 \/ BM110, offrant une excellente r\u00e9sistance \u00e0 haute temp\u00e9rature pour un d\u00e9coupage constant et performant.","breadcrumb":{"@id":"https:\/\/www.yupeclaser.eu\/product\/focusing-collimating-lenses-with-holder-for-raytools-bm111-bm110\/#breadcrumb"},"inLanguage":"fr-FR","potentialAction":[{"@type":"ReadAction","target":["https:\/\/www.yupeclaser.eu\/product\/focusing-collimating-lenses-with-holder-for-raytools-bm111-bm110\/"]}]},{"@type":"ImageObject","inLanguage":"fr-FR","@id":"https:\/\/www.yupeclaser.eu\/product\/focusing-collimating-lenses-with-holder-for-raytools-bm111-bm110\/#primaryimage","url":"https:\/\/www.yupeclaser.eu\/wp-content\/uploads\/2025\/02\/RayTools-BM110-BM111-Collimating-Focusing-Lens.png","contentUrl":"https:\/\/www.yupeclaser.eu\/wp-content\/uploads\/2025\/02\/RayTools-BM110-BM111-Collimating-Focusing-Lens.png","width":750,"height":513},{"@type":"BreadcrumbList","@id":"https:\/\/www.yupeclaser.eu\/product\/focusing-collimating-lenses-with-holder-for-raytools-bm111-bm110\/#breadcrumb","itemListElement":[{"@type":"ListItem","position":1,"name":"Home","item":"https:\/\/www.yupeclaser.eu\/"},{"@type":"ListItem","position":2,"name":"Products","item":"https:\/\/www.yupeclaser.eu\/products\/"},{"@type":"ListItem","position":3,"name":"Laser Lenses","item":"https:\/\/www.yupeclaser.eu\/laser-lenses\/"},{"@type":"ListItem","position":4,"name":"Focusing &#038; Collimating Lenses with Holder for RayTools BM111 BM110"}]},{"@type":"WebSite","@id":"https:\/\/www.yupeclaser.eu\/#website","url":"https:\/\/www.yupeclaser.eu\/","name":"YUPEC Laser","description":"","potentialAction":[{"@type":"SearchAction","target":{"@type":"EntryPoint","urlTemplate":"https:\/\/www.yupeclaser.eu\/?s={search_term_string}"},"query-input":{"@type":"PropertyValueSpecification","valueRequired":true,"valueName":"search_term_string"}}],"inLanguage":"fr-FR"}]}},"_links":{"self":[{"href":"https:\/\/www.yupeclaser.eu\/fr\/wp-json\/wp\/v2\/product\/8348","targetHints":{"allow":["GET"]}}],"collection":[{"href":"https:\/\/www.yupeclaser.eu\/fr\/wp-json\/wp\/v2\/product"}],"about":[{"href":"https:\/\/www.yupeclaser.eu\/fr\/wp-json\/wp\/v2\/types\/product"}],"wp:featuredmedia":[{"embeddable":true,"href":"https:\/\/www.yupeclaser.eu\/fr\/wp-json\/wp\/v2\/media\/8349"}],"wp:attachment":[{"href":"https:\/\/www.yupeclaser.eu\/fr\/wp-json\/wp\/v2\/media?parent=8348"}],"wp:term":[{"taxonomy":"product_brand","embeddable":true,"href":"https:\/\/www.yupeclaser.eu\/fr\/wp-json\/wp\/v2\/product_brand?post=8348"},{"taxonomy":"product_cat","embeddable":true,"href":"https:\/\/www.yupeclaser.eu\/fr\/wp-json\/wp\/v2\/product_cat?post=8348"},{"taxonomy":"product_tag","embeddable":true,"href":"https:\/\/www.yupeclaser.eu\/fr\/wp-json\/wp\/v2\/product_tag?post=8348"}],"curies":[{"name":"wp","href":"https:\/\/api.w.org\/{rel}","templated":true}]}}