{"id":7712,"date":"2024-09-20T15:37:04","date_gmt":"2024-09-20T07:37:04","guid":{"rendered":"https:\/\/www.yupeclaser.eu\/?post_type=product&#038;p=7712"},"modified":"2024-09-20T16:25:51","modified_gmt":"2024-09-20T08:25:51","slug":"raytools-original-qbh-qd-interface-connector","status":"publish","type":"product","link":"https:\/\/www.yupeclaser.eu\/fr\/product\/raytools-original-qbh-qd-interface-connector\/","title":{"rendered":"Connecteur d'interface RayTools original QBH et QD"},"content":{"rendered":"<div class=\"fusion-fullwidth fullwidth-box fusion-builder-row-1 fusion-flex-container has-pattern-background has-mask-background nonhundred-percent-fullwidth non-hundred-percent-height-scrolling fusion-animated\" style=\"--awb-border-radius-top-left:0px;--awb-border-radius-top-right:0px;--awb-border-radius-bottom-right:0px;--awb-border-radius-bottom-left:0px;--awb-padding-top:0px;--awb-padding-right:0px;--awb-padding-bottom:0px;--awb-padding-left:0px;--awb-flex-wrap:wrap;\" data-animationtype=\"fadeInLeft\" data-animationduration=\"2.0\" data-animationoffset=\"top-into-view\" ><div class=\"fusion-builder-row fusion-row fusion-flex-align-items-flex-start fusion-flex-content-wrap\" style=\"max-width:1372.8px;margin-left: calc(-4% \/ 2 );margin-right: calc(-4% \/ 2 );\"><div class=\"fusion-layout-column fusion_builder_column fusion-builder-column-0 fusion_builder_column_1_1 1_1 fusion-flex-column\" style=\"--awb-bg-size:cover;--awb-width-large:100%;--awb-margin-top-large:20px;--awb-spacing-right-large:1.92%;--awb-margin-bottom-large:20px;--awb-spacing-left-large:1.92%;--awb-width-medium:100%;--awb-order-medium:0;--awb-spacing-right-medium:1.92%;--awb-spacing-left-medium:1.92%;--awb-width-small:100%;--awb-order-small:0;--awb-spacing-right-small:1.92%;--awb-spacing-left-small:1.92%;\"><div class=\"fusion-column-wrapper fusion-column-has-shadow fusion-flex-justify-content-flex-start fusion-content-layout-column\"><div class=\"fusion-title title fusion-title-1 fusion-sep-none fusion-title-text fusion-title-size-two\" style=\"--awb-text-color:var(--awb-color8);--awb-sep-color:var(--awb-custom_color_1);--awb-font-size:24px;\"><h2 class=\"fusion-title-heading title-heading-left fusion-responsive-typography-calculated\" style=\"margin:0;font-size:1em;--fontSize:24;line-height:1.3;\">Sp\u00e9cifications du Produit<\/h2><\/div><div class=\"fusion-separator\" style=\"align-self: flex-start;margin-right:auto;margin-top:-10px;width:100%;max-width:60px;\"><div class=\"fusion-separator-border sep-single sep-solid\" style=\"--awb-height:20px;--awb-amount:20px;--awb-sep-color:var(--awb-custom_color_1);border-color:var(--awb-custom_color_1);border-top-width:5px;\"><\/div><\/div>\n<div class=\"table-2\" style=\"--awb-margin-top:20px;\">\n<table width=\"100%\">\n<thead>\n<tr>\n<th style=\"text-align: center;\" align=\"left\">Code Mat\u00e9riel<\/th>\n<th style=\"text-align: center;\" align=\"left\">Adapt\u00e9 pour<\/th>\n<th style=\"text-align: center;\" align=\"left\">Photo<\/th>\n<th style=\"text-align: center;\" align=\"left\">Description du Produit<\/th>\n<\/tr>\n<\/thead>\n<tbody>\n<tr>\n<td style=\"text-align: center;\" align=\"left\">211FIA1001<\/td>\n<td style=\"text-align: center;\" align=\"left\">BT220 (BT210S), FM220, BT230, Fibermini, BT200, BM109, BM111, BM112S&#8230;<\/td>\n<td style=\"text-align: center;\" align=\"left\"><img decoding=\"async\" class=\"lazyload alignnone wp-image-7714\" src=\"https:\/\/www.yupeclaser.eu\/wp-content\/uploads\/2024\/09\/RayTools-QBH-Connector-211FIA1001.jpg\" data-orig-src=\"https:\/\/www.yupeclaser.eu\/wp-content\/uploads\/2024\/09\/RayTools-QBH-Connector-211FIA1001.jpg\" alt=\"\" width=\"200\" height=\"133\" srcset=\"data:image\/svg+xml,%3Csvg%20xmlns%3D%27http%3A%2F%2Fwww.w3.org%2F2000%2Fsvg%27%20width%3D%27200%27%20height%3D%27133%27%20viewBox%3D%270%200%20200%20133%27%3E%3Crect%20width%3D%27200%27%20height%3D%27133%27%20fill-opacity%3D%220%22%2F%3E%3C%2Fsvg%3E\" data-srcset=\"https:\/\/www.yupeclaser.eu\/wp-content\/uploads\/2024\/09\/RayTools-QBH-Connector-211FIA1001-18x12.jpg 18w, https:\/\/www.yupeclaser.eu\/wp-content\/uploads\/2024\/09\/RayTools-QBH-Connector-211FIA1001-200x133.jpg 200w, https:\/\/www.yupeclaser.eu\/wp-content\/uploads\/2024\/09\/RayTools-QBH-Connector-211FIA1001.jpg 300w\" data-sizes=\"auto\" data-orig-sizes=\"(max-width: 200px) 100vw, 200px\" \/><\/td>\n<td style=\"text-align: center;\" align=\"left\">Connecteur QBH RayTools (Sans Refroidissement par Eau)<\/td>\n<\/tr>\n<tr>\n<td style=\"text-align: center;\" align=\"left\">211FIA3003<\/td>\n<td style=\"text-align: center;\" align=\"left\">BT04K, BT220, BT240S, BD04K, BM04K, BM111, BM110, BM111E&#8230;<\/td>\n<td style=\"text-align: center;\" align=\"left\"><img decoding=\"async\" class=\"lazyload alignnone wp-image-7715\" src=\"https:\/\/www.yupeclaser.eu\/wp-content\/uploads\/2024\/09\/RayTools-QBH-Connector-211FIA3003.jpg\" data-orig-src=\"https:\/\/www.yupeclaser.eu\/wp-content\/uploads\/2024\/09\/RayTools-QBH-Connector-211FIA3003.jpg\" alt=\"\" width=\"200\" height=\"133\" srcset=\"data:image\/svg+xml,%3Csvg%20xmlns%3D%27http%3A%2F%2Fwww.w3.org%2F2000%2Fsvg%27%20width%3D%27200%27%20height%3D%27133%27%20viewBox%3D%270%200%20200%20133%27%3E%3Crect%20width%3D%27200%27%20height%3D%27133%27%20fill-opacity%3D%220%22%2F%3E%3C%2Fsvg%3E\" data-srcset=\"https:\/\/www.yupeclaser.eu\/wp-content\/uploads\/2024\/09\/RayTools-QBH-Connector-211FIA3003-18x12.jpg 18w, https:\/\/www.yupeclaser.eu\/wp-content\/uploads\/2024\/09\/RayTools-QBH-Connector-211FIA3003-200x133.jpg 200w, https:\/\/www.yupeclaser.eu\/wp-content\/uploads\/2024\/09\/RayTools-QBH-Connector-211FIA3003.jpg 300w\" data-sizes=\"auto\" data-orig-sizes=\"(max-width: 200px) 100vw, 200px\" \/><\/td>\n<td style=\"text-align: center;\" align=\"left\">Connecteur QBH RayTools (Avec Refroidissement par Eau)<\/td>\n<\/tr>\n<tr>\n<td style=\"text-align: center;\" align=\"left\">211FIA1003<\/td>\n<td style=\"text-align: center;\" align=\"left\">BMH114S02A<\/td>\n<td style=\"text-align: center;\" align=\"left\"><img decoding=\"async\" class=\"lazyload alignnone wp-image-7716\" src=\"https:\/\/www.yupeclaser.eu\/wp-content\/uploads\/2024\/09\/RayTools-QBH-Connector-211FIA1003.jpg\" data-orig-src=\"https:\/\/www.yupeclaser.eu\/wp-content\/uploads\/2024\/09\/RayTools-QBH-Connector-211FIA1003.jpg\" alt=\"\" width=\"200\" height=\"133\" srcset=\"data:image\/svg+xml,%3Csvg%20xmlns%3D%27http%3A%2F%2Fwww.w3.org%2F2000%2Fsvg%27%20width%3D%27200%27%20height%3D%27133%27%20viewBox%3D%270%200%20200%20133%27%3E%3Crect%20width%3D%27200%27%20height%3D%27133%27%20fill-opacity%3D%220%22%2F%3E%3C%2Fsvg%3E\" data-srcset=\"https:\/\/www.yupeclaser.eu\/wp-content\/uploads\/2024\/09\/RayTools-QBH-Connector-211FIA1003-18x12.jpg 18w, https:\/\/www.yupeclaser.eu\/wp-content\/uploads\/2024\/09\/RayTools-QBH-Connector-211FIA1003-200x133.jpg 200w, https:\/\/www.yupeclaser.eu\/wp-content\/uploads\/2024\/09\/RayTools-QBH-Connector-211FIA1003.jpg 300w\" data-sizes=\"auto\" data-orig-sizes=\"(max-width: 200px) 100vw, 200px\" \/><\/td>\n<td style=\"text-align: center;\" align=\"left\">Connecteur QBH RayTools (Avec Refroidissement par Eau)<\/td>\n<\/tr>\n<tr>\n<td style=\"text-align: center;\" align=\"left\">211FIA3002<\/td>\n<td style=\"text-align: center;\" align=\"left\">BM111<\/td>\n<td style=\"text-align: center;\" align=\"left\"><img decoding=\"async\" class=\"lazyload alignnone wp-image-7717\" src=\"https:\/\/www.yupeclaser.eu\/wp-content\/uploads\/2024\/09\/RayTools-QD-Connector-211FIA3002.jpg\" data-orig-src=\"https:\/\/www.yupeclaser.eu\/wp-content\/uploads\/2024\/09\/RayTools-QD-Connector-211FIA3002.jpg\" alt=\"\" width=\"200\" height=\"133\" srcset=\"data:image\/svg+xml,%3Csvg%20xmlns%3D%27http%3A%2F%2Fwww.w3.org%2F2000%2Fsvg%27%20width%3D%27200%27%20height%3D%27133%27%20viewBox%3D%270%200%20200%20133%27%3E%3Crect%20width%3D%27200%27%20height%3D%27133%27%20fill-opacity%3D%220%22%2F%3E%3C%2Fsvg%3E\" data-srcset=\"https:\/\/www.yupeclaser.eu\/wp-content\/uploads\/2024\/09\/RayTools-QD-Connector-211FIA3002-18x12.jpg 18w, https:\/\/www.yupeclaser.eu\/wp-content\/uploads\/2024\/09\/RayTools-QD-Connector-211FIA3002-200x133.jpg 200w, https:\/\/www.yupeclaser.eu\/wp-content\/uploads\/2024\/09\/RayTools-QD-Connector-211FIA3002.jpg 300w\" data-sizes=\"auto\" data-orig-sizes=\"(max-width: 200px) 100vw, 200px\" \/><\/td>\n<td style=\"text-align: center;\" align=\"left\">Connecteur QD RayTools<\/td>\n<\/tr>\n<tr>\n<td style=\"text-align: center;\" align=\"left\">211FIA0003<\/td>\n<td style=\"text-align: center;\" align=\"left\">\u00a0BT240S, BM111<\/td>\n<td style=\"text-align: center;\" align=\"left\"><img decoding=\"async\" class=\"lazyload alignnone wp-image-7718\" src=\"https:\/\/www.yupeclaser.eu\/wp-content\/uploads\/2024\/09\/RayTools-QD-Connector-211FIA0003.jpg\" data-orig-src=\"https:\/\/www.yupeclaser.eu\/wp-content\/uploads\/2024\/09\/RayTools-QD-Connector-211FIA0003.jpg\" alt=\"\" width=\"200\" height=\"133\" srcset=\"data:image\/svg+xml,%3Csvg%20xmlns%3D%27http%3A%2F%2Fwww.w3.org%2F2000%2Fsvg%27%20width%3D%27200%27%20height%3D%27133%27%20viewBox%3D%270%200%20200%20133%27%3E%3Crect%20width%3D%27200%27%20height%3D%27133%27%20fill-opacity%3D%220%22%2F%3E%3C%2Fsvg%3E\" data-srcset=\"https:\/\/www.yupeclaser.eu\/wp-content\/uploads\/2024\/09\/RayTools-QD-Connector-211FIA0003-18x12.jpg 18w, https:\/\/www.yupeclaser.eu\/wp-content\/uploads\/2024\/09\/RayTools-QD-Connector-211FIA0003-200x133.jpg 200w, https:\/\/www.yupeclaser.eu\/wp-content\/uploads\/2024\/09\/RayTools-QD-Connector-211FIA0003.jpg 300w\" data-sizes=\"auto\" data-orig-sizes=\"(max-width: 200px) 100vw, 200px\" \/><\/td>\n<td style=\"text-align: center;\" align=\"left\">Connecteur QD RayTools<\/td>\n<\/tr>\n<\/tbody>\n<\/table>\n<\/div>\n<\/div><\/div><\/div><\/div>","protected":false},"excerpt":{"rendered":"<p>Les connecteurs d'interface originaux RayTools QBH et QD sont con\u00e7us pour une installation et une utilisation faciles, disponibles en versions avec et sans refroidissement par eau. Ils sont compatibles avec une large gamme de t\u00eates de coupe laser \u00e0 fibre RayTools, y compris des mod\u00e8les comme BT220, BT230, BT200, BM109, BM111, BM112S, BTO4K, BT220, BT240S, BD04K, BM04K, BM111, BM110 et BM111E. Pour maintenir des performances optimales, une installation professionnelle dans un environnement propre est recommand\u00e9e, en veillant \u00e0 ce que le cache antipoussi\u00e8re reste intact pour \u00e9viter toute contamination.<\/p>","protected":false},"featured_media":7713,"template":"","meta":[],"product_brand":[],"product_cat":[50],"product_tag":[],"class_list":{"0":"post-7712","1":"product","2":"type-product","3":"status-publish","4":"has-post-thumbnail","6":"product_cat-nozzle-connectors","8":"first","9":"instock","10":"shipping-taxable","11":"product-type-simple"},"yoast_head":"<!-- This site is optimized with the Yoast SEO plugin v26.5 - https:\/\/yoast.com\/wordpress\/plugins\/seo\/ -->\n<title>RayTools Original QBH QD Interface Connector - YUPEC Laser<\/title>\n<meta name=\"description\" content=\"RayTools original QBH and QD interface connectors are designed for easy installation and operation, available with material codes such as 211FIA1001, 211FIA1003, 211FIA3003, 211FIA3002, and 211FIA0003.\" \/>\n<meta name=\"robots\" content=\"index, follow, max-snippet:-1, max-image-preview:large, max-video-preview:-1\" \/>\n<link rel=\"canonical\" href=\"https:\/\/www.yupeclaser.eu\/fr\/product\/raytools-original-qbh-qd-interface-connector\/\" \/>\n<meta property=\"og:locale\" content=\"fr_FR\" \/>\n<meta property=\"og:type\" content=\"article\" \/>\n<meta property=\"og:title\" content=\"RayTools Original QBH QD Interface Connector - YUPEC Laser\" \/>\n<meta property=\"og:description\" content=\"RayTools original QBH and QD interface connectors are designed for easy installation and operation, available with material codes such as 211FIA1001, 211FIA1003, 211FIA3003, 211FIA3002, and 211FIA0003.\" \/>\n<meta property=\"og:url\" content=\"https:\/\/www.yupeclaser.eu\/fr\/product\/raytools-original-qbh-qd-interface-connector\/\" \/>\n<meta property=\"og:site_name\" content=\"YUPEC Laser\" \/>\n<meta property=\"og:image\" content=\"https:\/\/www.yupeclaser.eu\/wp-content\/uploads\/2024\/09\/RayTools-QBH-QD-Connector.png\" \/>\n\t<meta property=\"og:image:width\" content=\"750\" \/>\n\t<meta property=\"og:image:height\" content=\"513\" \/>\n\t<meta property=\"og:image:type\" content=\"image\/png\" \/>\n<meta name=\"twitter:card\" content=\"summary_large_image\" \/>\n<meta name=\"twitter:label1\" content=\"Dur\u00e9e de lecture estim\u00e9e\" \/>\n\t<meta name=\"twitter:data1\" content=\"2 minutes\" \/>\n<script type=\"application\/ld+json\" class=\"yoast-schema-graph\">{\"@context\":\"https:\/\/schema.org\",\"@graph\":[{\"@type\":\"WebPage\",\"@id\":\"https:\/\/www.yupeclaser.eu\/product\/raytools-original-qbh-qd-interface-connector\/\",\"url\":\"https:\/\/www.yupeclaser.eu\/product\/raytools-original-qbh-qd-interface-connector\/\",\"name\":\"RayTools Original QBH QD Interface Connector - YUPEC Laser\",\"isPartOf\":{\"@id\":\"https:\/\/www.yupeclaser.eu\/#website\"},\"primaryImageOfPage\":{\"@id\":\"https:\/\/www.yupeclaser.eu\/product\/raytools-original-qbh-qd-interface-connector\/#primaryimage\"},\"image\":{\"@id\":\"https:\/\/www.yupeclaser.eu\/product\/raytools-original-qbh-qd-interface-connector\/#primaryimage\"},\"thumbnailUrl\":\"https:\/\/www.yupeclaser.eu\/wp-content\/uploads\/2024\/09\/RayTools-QBH-QD-Connector.png\",\"datePublished\":\"2024-09-20T07:37:04+00:00\",\"dateModified\":\"2024-09-20T08:25:51+00:00\",\"description\":\"RayTools original QBH and QD interface connectors are designed for easy installation and operation, available with material codes such as 211FIA1001, 211FIA1003, 211FIA3003, 211FIA3002, and 211FIA0003.\",\"breadcrumb\":{\"@id\":\"https:\/\/www.yupeclaser.eu\/product\/raytools-original-qbh-qd-interface-connector\/#breadcrumb\"},\"inLanguage\":\"fr-FR\",\"potentialAction\":[{\"@type\":\"ReadAction\",\"target\":[\"https:\/\/www.yupeclaser.eu\/product\/raytools-original-qbh-qd-interface-connector\/\"]}]},{\"@type\":\"ImageObject\",\"inLanguage\":\"fr-FR\",\"@id\":\"https:\/\/www.yupeclaser.eu\/product\/raytools-original-qbh-qd-interface-connector\/#primaryimage\",\"url\":\"https:\/\/www.yupeclaser.eu\/wp-content\/uploads\/2024\/09\/RayTools-QBH-QD-Connector.png\",\"contentUrl\":\"https:\/\/www.yupeclaser.eu\/wp-content\/uploads\/2024\/09\/RayTools-QBH-QD-Connector.png\",\"width\":750,\"height\":513},{\"@type\":\"BreadcrumbList\",\"@id\":\"https:\/\/www.yupeclaser.eu\/product\/raytools-original-qbh-qd-interface-connector\/#breadcrumb\",\"itemListElement\":[{\"@type\":\"ListItem\",\"position\":1,\"name\":\"Home\",\"item\":\"https:\/\/www.yupeclaser.eu\/\"},{\"@type\":\"ListItem\",\"position\":2,\"name\":\"Products\",\"item\":\"https:\/\/www.yupeclaser.eu\/products\/\"},{\"@type\":\"ListItem\",\"position\":3,\"name\":\"Nozzle Connectors\",\"item\":\"https:\/\/www.yupeclaser.eu\/nozzle-connectors\/\"},{\"@type\":\"ListItem\",\"position\":4,\"name\":\"RayTools Original QBH QD Interface Connector\"}]},{\"@type\":\"WebSite\",\"@id\":\"https:\/\/www.yupeclaser.eu\/#website\",\"url\":\"https:\/\/www.yupeclaser.eu\/\",\"name\":\"YUPEC Laser\",\"description\":\"\",\"potentialAction\":[{\"@type\":\"SearchAction\",\"target\":{\"@type\":\"EntryPoint\",\"urlTemplate\":\"https:\/\/www.yupeclaser.eu\/?s={search_term_string}\"},\"query-input\":{\"@type\":\"PropertyValueSpecification\",\"valueRequired\":true,\"valueName\":\"search_term_string\"}}],\"inLanguage\":\"fr-FR\"}]}<\/script>\n<!-- \/ Yoast SEO plugin. -->","yoast_head_json":{"title":"Connecteur d'interface RayTools original QBH et QD - YUPEC Laser","description":"Les connecteurs d'interface originaux RayTools QBH et QD sont con\u00e7us pour une installation et une utilisation faciles, disponibles avec des codes de mat\u00e9riel tels que 211FIA1001, 211FIA1003, 211FIA3003, 211FIA3002 et 211FIA0003.","robots":{"index":"index","follow":"follow","max-snippet":"max-snippet:-1","max-image-preview":"max-image-preview:large","max-video-preview":"max-video-preview:-1"},"canonical":"https:\/\/www.yupeclaser.eu\/fr\/product\/raytools-original-qbh-qd-interface-connector\/","og_locale":"fr_FR","og_type":"article","og_title":"RayTools Original QBH QD Interface Connector - YUPEC Laser","og_description":"RayTools original QBH and QD interface connectors are designed for easy installation and operation, available with material codes such as 211FIA1001, 211FIA1003, 211FIA3003, 211FIA3002, and 211FIA0003.","og_url":"https:\/\/www.yupeclaser.eu\/fr\/product\/raytools-original-qbh-qd-interface-connector\/","og_site_name":"YUPEC Laser","og_image":[{"width":750,"height":513,"url":"https:\/\/www.yupeclaser.eu\/wp-content\/uploads\/2024\/09\/RayTools-QBH-QD-Connector.png","type":"image\/png"}],"twitter_card":"summary_large_image","twitter_misc":{"Dur\u00e9e de lecture estim\u00e9e":"2 minutes"},"schema":{"@context":"https:\/\/schema.org","@graph":[{"@type":"WebPage","@id":"https:\/\/www.yupeclaser.eu\/product\/raytools-original-qbh-qd-interface-connector\/","url":"https:\/\/www.yupeclaser.eu\/product\/raytools-original-qbh-qd-interface-connector\/","name":"Connecteur d'interface RayTools original QBH et QD - YUPEC Laser","isPartOf":{"@id":"https:\/\/www.yupeclaser.eu\/#website"},"primaryImageOfPage":{"@id":"https:\/\/www.yupeclaser.eu\/product\/raytools-original-qbh-qd-interface-connector\/#primaryimage"},"image":{"@id":"https:\/\/www.yupeclaser.eu\/product\/raytools-original-qbh-qd-interface-connector\/#primaryimage"},"thumbnailUrl":"https:\/\/www.yupeclaser.eu\/wp-content\/uploads\/2024\/09\/RayTools-QBH-QD-Connector.png","datePublished":"2024-09-20T07:37:04+00:00","dateModified":"2024-09-20T08:25:51+00:00","description":"Les connecteurs d'interface originaux RayTools QBH et QD sont con\u00e7us pour une installation et une utilisation faciles, disponibles avec des codes de mat\u00e9riel tels que 211FIA1001, 211FIA1003, 211FIA3003, 211FIA3002 et 211FIA0003.","breadcrumb":{"@id":"https:\/\/www.yupeclaser.eu\/product\/raytools-original-qbh-qd-interface-connector\/#breadcrumb"},"inLanguage":"fr-FR","potentialAction":[{"@type":"ReadAction","target":["https:\/\/www.yupeclaser.eu\/product\/raytools-original-qbh-qd-interface-connector\/"]}]},{"@type":"ImageObject","inLanguage":"fr-FR","@id":"https:\/\/www.yupeclaser.eu\/product\/raytools-original-qbh-qd-interface-connector\/#primaryimage","url":"https:\/\/www.yupeclaser.eu\/wp-content\/uploads\/2024\/09\/RayTools-QBH-QD-Connector.png","contentUrl":"https:\/\/www.yupeclaser.eu\/wp-content\/uploads\/2024\/09\/RayTools-QBH-QD-Connector.png","width":750,"height":513},{"@type":"BreadcrumbList","@id":"https:\/\/www.yupeclaser.eu\/product\/raytools-original-qbh-qd-interface-connector\/#breadcrumb","itemListElement":[{"@type":"ListItem","position":1,"name":"Home","item":"https:\/\/www.yupeclaser.eu\/"},{"@type":"ListItem","position":2,"name":"Products","item":"https:\/\/www.yupeclaser.eu\/products\/"},{"@type":"ListItem","position":3,"name":"Nozzle Connectors","item":"https:\/\/www.yupeclaser.eu\/nozzle-connectors\/"},{"@type":"ListItem","position":4,"name":"RayTools Original QBH QD Interface Connector"}]},{"@type":"WebSite","@id":"https:\/\/www.yupeclaser.eu\/#website","url":"https:\/\/www.yupeclaser.eu\/","name":"YUPEC Laser","description":"","potentialAction":[{"@type":"SearchAction","target":{"@type":"EntryPoint","urlTemplate":"https:\/\/www.yupeclaser.eu\/?s={search_term_string}"},"query-input":{"@type":"PropertyValueSpecification","valueRequired":true,"valueName":"search_term_string"}}],"inLanguage":"fr-FR"}]}},"_links":{"self":[{"href":"https:\/\/www.yupeclaser.eu\/fr\/wp-json\/wp\/v2\/product\/7712","targetHints":{"allow":["GET"]}}],"collection":[{"href":"https:\/\/www.yupeclaser.eu\/fr\/wp-json\/wp\/v2\/product"}],"about":[{"href":"https:\/\/www.yupeclaser.eu\/fr\/wp-json\/wp\/v2\/types\/product"}],"wp:featuredmedia":[{"embeddable":true,"href":"https:\/\/www.yupeclaser.eu\/fr\/wp-json\/wp\/v2\/media\/7713"}],"wp:attachment":[{"href":"https:\/\/www.yupeclaser.eu\/fr\/wp-json\/wp\/v2\/media?parent=7712"}],"wp:term":[{"taxonomy":"product_brand","embeddable":true,"href":"https:\/\/www.yupeclaser.eu\/fr\/wp-json\/wp\/v2\/product_brand?post=7712"},{"taxonomy":"product_cat","embeddable":true,"href":"https:\/\/www.yupeclaser.eu\/fr\/wp-json\/wp\/v2\/product_cat?post=7712"},{"taxonomy":"product_tag","embeddable":true,"href":"https:\/\/www.yupeclaser.eu\/fr\/wp-json\/wp\/v2\/product_tag?post=7712"}],"curies":[{"name":"wp","href":"https:\/\/api.w.org\/{rel}","templated":true}]}}