{"id":7398,"date":"2024-08-02T09:15:07","date_gmt":"2024-08-02T01:15:07","guid":{"rendered":"https:\/\/www.yupeclaser.eu\/?post_type=product&#038;p=7398"},"modified":"2025-02-26T14:21:14","modified_gmt":"2025-02-26T06:21:14","slug":"hanli-1500w-industrial-water-chiller-for-laser-machine","status":"publish","type":"product","link":"https:\/\/www.yupeclaser.eu\/fr\/product\/hanli-1500w-industrial-water-chiller-for-laser-machine\/","title":{"rendered":"HanLi 1500W Refroidisseur d'Eau Industriel pour Machine Laser"},"content":{"rendered":"<p><div class=\"fusion-fullwidth fullwidth-box fusion-builder-row-1 fusion-flex-container has-pattern-background has-mask-background nonhundred-percent-fullwidth non-hundred-percent-height-scrolling fusion-animated\" style=\"--awb-border-radius-top-left:0px;--awb-border-radius-top-right:0px;--awb-border-radius-bottom-right:0px;--awb-border-radius-bottom-left:0px;--awb-padding-top:0px;--awb-padding-right:0px;--awb-padding-bottom:0px;--awb-padding-left:0px;--awb-flex-wrap:wrap;\" data-animationtype=\"fadeInLeft\" data-animationduration=\"2.0\" data-animationoffset=\"top-into-view\" ><div class=\"fusion-builder-row fusion-row fusion-flex-align-items-flex-start fusion-flex-content-wrap\" style=\"max-width:1372.8px;margin-left: calc(-4% \/ 2 );margin-right: calc(-4% \/ 2 );\"><div class=\"fusion-layout-column fusion_builder_column fusion-builder-column-0 fusion_builder_column_1_1 1_1 fusion-flex-column\" style=\"--awb-bg-size:cover;--awb-width-large:100%;--awb-margin-top-large:20px;--awb-spacing-right-large:1.92%;--awb-margin-bottom-large:20px;--awb-spacing-left-large:1.92%;--awb-width-medium:100%;--awb-order-medium:0;--awb-spacing-right-medium:1.92%;--awb-spacing-left-medium:1.92%;--awb-width-small:100%;--awb-order-small:0;--awb-spacing-right-small:1.92%;--awb-spacing-left-small:1.92%;\"><div class=\"fusion-column-wrapper fusion-column-has-shadow fusion-flex-justify-content-flex-start fusion-content-layout-column\"><div class=\"fusion-title title fusion-title-1 fusion-sep-none fusion-title-text fusion-title-size-two\" style=\"--awb-text-color:var(--awb-color8);--awb-sep-color:var(--awb-custom_color_1);--awb-font-size:24px;\"><h2 class=\"fusion-title-heading title-heading-left fusion-responsive-typography-calculated\" style=\"margin:0;font-size:1em;--fontSize:24;line-height:1.3;\">Caract\u00e9ristiques du Produit<\/h2><\/div><div class=\"fusion-separator\" style=\"align-self: flex-start;margin-right:auto;margin-top:-10px;width:100%;max-width:60px;\"><div class=\"fusion-separator-border sep-single sep-solid\" style=\"--awb-height:20px;--awb-amount:20px;--awb-sep-color:var(--awb-custom_color_1);border-color:var(--awb-custom_color_1);border-top-width:5px;\"><\/div><\/div><\/div><\/div><div class=\"fusion-layout-column fusion_builder_column fusion-builder-column-1 fusion_builder_column_1_2 1_2 fusion-flex-column\" style=\"--awb-bg-size:cover;--awb-width-large:50%;--awb-margin-top-large:20px;--awb-spacing-right-large:3.84%;--awb-margin-bottom-large:20px;--awb-spacing-left-large:3.84%;--awb-width-medium:50%;--awb-order-medium:0;--awb-spacing-right-medium:3.84%;--awb-spacing-left-medium:3.84%;--awb-width-small:100%;--awb-order-small:0;--awb-spacing-right-small:1.92%;--awb-spacing-left-small:1.92%;\"><div class=\"fusion-column-wrapper fusion-column-has-shadow fusion-flex-justify-content-flex-start fusion-content-layout-column\"><ul style=\"--awb-size:15px;--awb-margin-top:-10px;--awb-margin-right:0px;--awb-margin-left:0px;--awb-item-padding-right:0px;--awb-item-padding-left:0px;--awb-iconcolor:var(--awb-color8);--awb-line-height:25.5px;--awb-icon-width:25.5px;--awb-icon-height:25.5px;--awb-icon-margin:10.5px;--awb-content-margin:36px;\" class=\"fusion-checklist fusion-checklist-1 fusion-checklist-default type-icons\"><li class=\"fusion-li-item\" style=\"\"><span class=\"icon-wrapper circle-no\"><i class=\"fusion-li-icon fa-chevron-circle-right fas\" aria-hidden=\"true\"><\/i><\/span><div class=\"fusion-li-item-content\">\n<p>Efficacit\u00e9 et Protection Environnementale<\/p>\n<\/div><\/li><li class=\"fusion-li-item\" style=\"\"><span class=\"icon-wrapper circle-no\"><i class=\"fusion-li-icon fa-chevron-circle-right fas\" aria-hidden=\"true\"><\/i><\/span><div class=\"fusion-li-item-content\">\n<p>Double Contr\u00f4les de Temp\u00e9rature<\/p>\n<\/div><\/li><li class=\"fusion-li-item\" style=\"\"><span class=\"icon-wrapper circle-no\"><i class=\"fusion-li-icon fa-chevron-circle-right fas\" aria-hidden=\"true\"><\/i><\/span><div class=\"fusion-li-item-content\">\n<p>Alarmes de D\u00e9bit et de Surchauffe<\/p>\n<\/div><\/li><li class=\"fusion-li-item\" style=\"\"><span class=\"icon-wrapper circle-no\"><i class=\"fusion-li-icon fa-chevron-circle-right fas\" aria-hidden=\"true\"><\/i><\/span><div class=\"fusion-li-item-content\">\n<p>Protection Thermique du Compresseur<\/p>\n<\/div><\/li><li class=\"fusion-li-item\" style=\"\"><span class=\"icon-wrapper circle-no\"><i class=\"fusion-li-icon fa-chevron-circle-right fas\" aria-hidden=\"true\"><\/i><\/span><div class=\"fusion-li-item-content\">\n<p>Dispositif de Protection Contre les Fuites<\/p>\n<\/div><\/li><\/ul><\/div><\/div><div class=\"fusion-layout-column fusion_builder_column fusion-builder-column-2 fusion_builder_column_1_2 1_2 fusion-flex-column\" style=\"--awb-bg-size:cover;--awb-width-large:50%;--awb-margin-top-large:20px;--awb-spacing-right-large:3.84%;--awb-margin-bottom-large:20px;--awb-spacing-left-large:3.84%;--awb-width-medium:50%;--awb-order-medium:0;--awb-spacing-right-medium:3.84%;--awb-spacing-left-medium:3.84%;--awb-width-small:100%;--awb-order-small:0;--awb-margin-top-small:-5px;--awb-spacing-right-small:1.92%;--awb-spacing-left-small:1.92%;\"><div class=\"fusion-column-wrapper fusion-column-has-shadow fusion-flex-justify-content-flex-start fusion-content-layout-column\"><ul style=\"--awb-size:15px;--awb-margin-top:-10px;--awb-margin-right:0px;--awb-margin-left:0px;--awb-item-padding-right:0px;--awb-item-padding-left:0px;--awb-iconcolor:var(--awb-color8);--awb-line-height:25.5px;--awb-icon-width:25.5px;--awb-icon-height:25.5px;--awb-icon-margin:10.5px;--awb-content-margin:36px;\" class=\"fusion-checklist fusion-checklist-2 fusion-checklist-default type-icons\"><li class=\"fusion-li-item\" style=\"\"><span class=\"icon-wrapper circle-no\"><i class=\"fusion-li-icon fa-chevron-circle-right fas\" aria-hidden=\"true\"><\/i><\/span><div class=\"fusion-li-item-content\">\n<p>Conception Rigoureusement Ing\u00e9nier\u00e9e<\/p>\n<\/div><\/li><li class=\"fusion-li-item\" style=\"\"><span class=\"icon-wrapper circle-no\"><i class=\"fusion-li-icon fa-chevron-circle-right fas\" aria-hidden=\"true\"><\/i><\/span><div class=\"fusion-li-item-content\">\n<p>Installation et Utilisation Faciles<\/p>\n<\/div><\/li><li class=\"fusion-li-item\" style=\"\"><span class=\"icon-wrapper circle-no\"><i class=\"fusion-li-icon fa-chevron-circle-right fas\" aria-hidden=\"true\"><\/i><\/span><div class=\"fusion-li-item-content\">\n<p>Faible Bruit, Grande Hauteur de Refoulement, Grand D\u00e9bit, Longue Dur\u00e9e de Vie<\/p>\n<\/div><\/li><li class=\"fusion-li-item\" style=\"\"><span class=\"icon-wrapper circle-no\"><i class=\"fusion-li-icon fa-chevron-circle-right fas\" aria-hidden=\"true\"><\/i><\/span><div class=\"fusion-li-item-content\">\n<p>R\u00e9servoir d'Eau en Acier Inoxydable R\u00e9sistant \u00e0 la Corrosion<\/p>\n<\/div><\/li><li class=\"fusion-li-item\" style=\"\"><span class=\"icon-wrapper circle-no\"><i class=\"fusion-li-icon fa-chevron-circle-right fas\" aria-hidden=\"true\"><\/i><\/span><div class=\"fusion-li-item-content\">\n<p>Filtres \u00e0 Eau Install\u00e9s dans le R\u00e9servoir et \u00e0 la Sortie<\/p>\n<\/div><\/li><\/ul><\/div><\/div><\/div><\/div><div class=\"fusion-fullwidth fullwidth-box fusion-builder-row-2 fusion-flex-container has-pattern-background has-mask-background nonhundred-percent-fullwidth non-hundred-percent-height-scrolling fusion-animated\" style=\"--awb-border-radius-top-left:0px;--awb-border-radius-top-right:0px;--awb-border-radius-bottom-right:0px;--awb-border-radius-bottom-left:0px;--awb-padding-top:0px;--awb-padding-right:0px;--awb-padding-bottom:0px;--awb-padding-left:0px;--awb-margin-top:60px;--awb-flex-wrap:wrap;\" data-animationtype=\"fadeInLeft\" data-animationduration=\"2.0\" data-animationoffset=\"top-into-view\" ><div class=\"fusion-builder-row fusion-row fusion-flex-align-items-flex-start fusion-flex-content-wrap\" style=\"max-width:1372.8px;margin-left: calc(-4% \/ 2 );margin-right: calc(-4% \/ 2 );\"><div class=\"fusion-layout-column fusion_builder_column fusion-builder-column-3 fusion_builder_column_1_1 1_1 fusion-flex-column\" style=\"--awb-bg-size:cover;--awb-width-large:100%;--awb-margin-top-large:20px;--awb-spacing-right-large:1.92%;--awb-margin-bottom-large:20px;--awb-spacing-left-large:1.92%;--awb-width-medium:100%;--awb-order-medium:0;--awb-spacing-right-medium:1.92%;--awb-spacing-left-medium:1.92%;--awb-width-small:100%;--awb-order-small:0;--awb-spacing-right-small:1.92%;--awb-spacing-left-small:1.92%;\"><div class=\"fusion-column-wrapper fusion-column-has-shadow fusion-flex-justify-content-flex-start fusion-content-layout-column\"><div class=\"fusion-title title fusion-title-2 fusion-sep-none fusion-title-text fusion-title-size-two\" style=\"--awb-text-color:var(--awb-color8);--awb-sep-color:var(--awb-custom_color_1);--awb-font-size:24px;\"><h2 class=\"fusion-title-heading title-heading-left fusion-responsive-typography-calculated\" style=\"margin:0;font-size:1em;--fontSize:24;line-height:1.3;\">Donn\u00e9es Techniques<\/h2><\/div><div class=\"fusion-separator\" style=\"align-self: flex-start;margin-right:auto;margin-top:-10px;width:100%;max-width:60px;\"><div class=\"fusion-separator-border sep-single sep-solid\" style=\"--awb-height:20px;--awb-amount:20px;--awb-sep-color:var(--awb-custom_color_1);border-color:var(--awb-custom_color_1);border-top-width:5px;\"><\/div><\/div>\n<div class=\"table-1\" style=\"--awb-margin-top:30px;\">\n<table width=\"100%\">\n<thead>\n<tr>\n<th align=\"left\">Mod\u00e8le<\/th>\n<th align=\"left\">HL-1500-QG2\/2<\/th>\n<th align=\"left\">HL-1500-EH-QG2\/2<\/th>\n<\/tr>\n<\/thead>\n<tbody>\n<tr>\n<td align=\"left\">Tension &amp; Fr\u00e9quence<\/td>\n<td align=\"left\">1p 220V @50hz<\/td>\n<td align=\"left\">1p 220V @60hz<\/td>\n<\/tr>\n<tr>\n<td align=\"left\">Courant<\/td>\n<td align=\"left\">12.3A<\/td>\n<td align=\"left\">11.8A<\/td>\n<\/tr>\n<tr>\n<td align=\"left\">Puissance Machine<\/td>\n<td align=\"left\">2.7kw<\/td>\n<td align=\"left\">2.6kw<\/td>\n<\/tr>\n<tr>\n<td align=\"left\">Environnement d'Application<\/td>\n<td align=\"left\">Temp\u00e9rature ambiante : 5~40\u2103<br \/>Humidit\u00e9 relative : \u226490%<\/td>\n<td align=\"left\">Temp\u00e9rature ambiante : 5~40\u2103<br \/>Humidit\u00e9 relative : \u226490%<\/td>\n<\/tr>\n<tr>\n<td align=\"left\">Pr\u00e9cision Contr\u00f4le Temp\u00e9.<\/td>\n<td align=\"left\">\u00b11\u2103<\/td>\n<td align=\"left\">\u00b11\u2103<\/td>\n<\/tr>\n<tr>\n<td align=\"left\">Puissance de Chauffage \u00c9lectrique<\/td>\n<td align=\"left\">800w<\/td>\n<td align=\"left\">800w<\/td>\n<\/tr>\n<tr>\n<td align=\"left\">R\u00e9frig\u00e9rant<\/td>\n<td align=\"left\">R32<\/td>\n<td align=\"left\">R32<\/td>\n<\/tr>\n<tr>\n<td align=\"left\">D\u00e9bit nominal (extr\u00e9mit\u00e9 basse temp\u00e9rature)<\/td>\n<td align=\"left\">16.5\uff5e18 L\/min<\/td>\n<td align=\"left\">16.5\uff5e18 L\/min<\/td>\n<\/tr>\n<tr>\n<td align=\"left\">D\u00e9bit nominal (extr\u00e9mit\u00e9 haute temp\u00e9rature)<\/td>\n<td align=\"left\">1.2\uff5e1.5 L\/min<\/td>\n<td align=\"left\">1.2\uff5e1.5 L\/min<\/td>\n<\/tr>\n<tr>\n<td align=\"left\">Puissance de la Pompe<\/td>\n<td align=\"left\">0.32kW<\/td>\n<td align=\"left\">0.32kW<\/td>\n<\/tr>\n<tr>\n<td align=\"left\">Volume du R\u00e9servoir<\/td>\n<td align=\"left\">13L<\/td>\n<td align=\"left\">13L<\/td>\n<\/tr>\n<tr>\n<td align=\"left\">Interface de Buse d'Eau du Laser<\/td>\n<td align=\"left\">Connecteur de tuyau type pagode G1\/2*\u00d812mm<\/td>\n<td align=\"left\">Connecteur de tuyau type pagode G1\/2*\u00d812mm<\/td>\n<\/tr>\n<tr>\n<td align=\"left\">Cutting Head&nbsp; Water Nozzle Interface<\/td>\n<td align=\"left\">Connecteur rapide \u00d810mm<\/td>\n<td align=\"left\">Connecteur rapide \u00d810mm<\/td>\n<\/tr>\n<tr>\n<td align=\"left\">Poids de la Machine<\/td>\n<td align=\"left\">47KG<\/td>\n<td align=\"left\">47KG<\/td>\n<\/tr>\n<tr>\n<td align=\"left\">Dimensions de la Machine<\/td>\n<td align=\"left\">530\u00d7470\u00d7725mm (L*W*H)<\/td>\n<td align=\"left\">530\u00d7470\u00d7725mm (L*W*H)<\/td>\n<\/tr>\n<tr>\n<td align=\"left\">Dimensions de l'Emballage<\/td>\n<td align=\"left\">675\u00d7520\u00d7875mm (L*W*H)<\/td>\n<td align=\"left\">675\u00d7520\u00d7875mm (L*W*H)<\/td>\n<\/tr>\n<\/tbody>\n<\/table>\n<\/div>\n<\/div><\/div><\/div><\/div><div class=\"fusion-fullwidth fullwidth-box fusion-builder-row-3 fusion-flex-container has-pattern-background has-mask-background nonhundred-percent-fullwidth non-hundred-percent-height-scrolling fusion-animated\" style=\"--awb-border-radius-top-left:0px;--awb-border-radius-top-right:0px;--awb-border-radius-bottom-right:0px;--awb-border-radius-bottom-left:0px;--awb-padding-top:0px;--awb-padding-right:0px;--awb-padding-bottom:0px;--awb-padding-left:0px;--awb-margin-top:60px;--awb-flex-wrap:wrap;\" data-animationtype=\"fadeInLeft\" data-animationduration=\"2.0\" data-animationoffset=\"top-into-view\" ><div class=\"fusion-builder-row fusion-row fusion-flex-align-items-flex-start fusion-flex-content-wrap\" style=\"max-width:1372.8px;margin-left: calc(-4% \/ 2 );margin-right: calc(-4% \/ 2 );\"><div class=\"fusion-layout-column fusion_builder_column fusion-builder-column-4 fusion_builder_column_1_1 1_1 fusion-flex-column\" style=\"--awb-bg-size:cover;--awb-width-large:100%;--awb-margin-top-large:20px;--awb-spacing-right-large:1.92%;--awb-margin-bottom-large:20px;--awb-spacing-left-large:1.92%;--awb-width-medium:100%;--awb-order-medium:0;--awb-spacing-right-medium:1.92%;--awb-spacing-left-medium:1.92%;--awb-width-small:100%;--awb-order-small:0;--awb-spacing-right-small:1.92%;--awb-spacing-left-small:1.92%;\"><div class=\"fusion-column-wrapper fusion-column-has-shadow fusion-flex-justify-content-flex-start fusion-content-layout-column\"><div class=\"fusion-title title fusion-title-3 fusion-sep-none fusion-title-text fusion-title-size-two\" style=\"--awb-text-color:var(--awb-color8);--awb-sep-color:var(--awb-custom_color_1);--awb-font-size:24px;\"><h2 class=\"fusion-title-heading title-heading-left fusion-responsive-typography-calculated\" style=\"margin:0;font-size:1em;--fontSize:24;line-height:1.3;\">Applications<\/h2><\/div><div class=\"fusion-separator\" style=\"align-self: flex-start;margin-right:auto;margin-top:-10px;width:100%;max-width:60px;\"><div class=\"fusion-separator-border sep-single sep-solid\" style=\"--awb-height:20px;--awb-amount:20px;--awb-sep-color:var(--awb-custom_color_1);border-color:var(--awb-custom_color_1);border-top-width:5px;\"><\/div><\/div><\/div><\/div><div class=\"fusion-layout-column fusion_builder_column fusion-builder-column-5 fusion_builder_column_1_1 1_1 fusion-flex-column\" style=\"--awb-bg-size:cover;--awb-width-large:100%;--awb-margin-top-large:20px;--awb-spacing-right-large:1.92%;--awb-margin-bottom-large:20px;--awb-spacing-left-large:1.92%;--awb-width-medium:100%;--awb-order-medium:0;--awb-spacing-right-medium:1.92%;--awb-spacing-left-medium:1.92%;--awb-width-small:100%;--awb-order-small:0;--awb-spacing-right-small:1.92%;--awb-spacing-left-small:1.92%;\"><div class=\"fusion-column-wrapper fusion-column-has-shadow fusion-flex-justify-content-flex-start fusion-content-layout-column\"><ul style=\"--awb-size:15px;--awb-margin-top:-10px;--awb-margin-right:0px;--awb-margin-left:0px;--awb-item-padding-right:0px;--awb-item-padding-left:0px;--awb-iconcolor:var(--awb-color8);--awb-line-height:25.5px;--awb-icon-width:25.5px;--awb-icon-height:25.5px;--awb-icon-margin:10.5px;--awb-content-margin:36px;\" class=\"fusion-checklist fusion-checklist-3 fusion-checklist-default type-icons\"><li class=\"fusion-li-item\" style=\"\"><span class=\"icon-wrapper circle-no\"><i class=\"fusion-li-icon fa-check-circle fas\" aria-hidden=\"true\"><\/i><\/span><div class=\"fusion-li-item-content\">\n<p>Pour le refroidissement des lasers \u00e0 fibre CW de 1500W.<\/p>\n<\/div><\/li><\/ul><\/div><\/div><\/div><\/div><\/p>","protected":false},"excerpt":{"rendered":"<p>Les refroidisseurs d'eau industriels pour laser HanLi 1500W sont sp\u00e9cifiquement con\u00e7us pour les machines de traitement laser \u00e0 fibre de 1.5kW. Gr\u00e2ce au circuit de contr\u00f4le de temp\u00e9rature double \u00e0 l'int\u00e9rieur du refroidisseur, le refroidisseur d'eau HanLi-1500 est capable de r\u00e9guler et de maintenir la temp\u00e9rature de deux parties \u2013 le laser et l'optique. Le refroidisseur d'eau industriel HanLi-1500 est \u00e9quip\u00e9 d'une pompe \u00e0 eau haute performance, qui garantit que la circulation de l'eau entre le refroidisseur et les deux parties susmentionn\u00e9es produisant de la chaleur puisse se poursuivre en continu.<\/p>","protected":false},"featured_media":7399,"template":"","meta":[],"product_brand":[],"product_cat":[57],"product_tag":[],"class_list":{"0":"post-7398","1":"product","2":"type-product","3":"status-publish","4":"has-post-thumbnail","6":"product_cat-industrial-chillers","8":"first","9":"instock","10":"shipping-taxable","11":"product-type-simple"},"yoast_head":"<!-- This site is optimized with the Yoast SEO plugin v26.5 - https:\/\/yoast.com\/wordpress\/plugins\/seo\/ -->\n<title>HanLi 1500W Industrial Water Chiller for Laser Machine - YUPEC Laser<\/title>\n<meta name=\"description\" content=\"The HanLi 1500W industrial water chiller is specially designed for 1500w cw fiber laser equipments, compatible with various brand lasers.\" \/>\n<meta name=\"robots\" content=\"index, follow, max-snippet:-1, max-image-preview:large, max-video-preview:-1\" \/>\n<link rel=\"canonical\" href=\"https:\/\/www.yupeclaser.eu\/fr\/product\/hanli-1500w-industrial-water-chiller-for-laser-machine\/\" \/>\n<meta property=\"og:locale\" content=\"fr_FR\" \/>\n<meta property=\"og:type\" content=\"article\" \/>\n<meta property=\"og:title\" content=\"HanLi 1500W Industrial Water Chiller for Laser Machine - YUPEC Laser\" \/>\n<meta property=\"og:description\" content=\"The HanLi 1500W industrial water chiller is specially designed for 1500w cw fiber laser equipments, compatible with various brand lasers.\" \/>\n<meta property=\"og:url\" content=\"https:\/\/www.yupeclaser.eu\/fr\/product\/hanli-1500w-industrial-water-chiller-for-laser-machine\/\" \/>\n<meta property=\"og:site_name\" content=\"YUPEC Laser\" \/>\n<meta property=\"og:image\" content=\"https:\/\/www.yupeclaser.eu\/wp-content\/uploads\/2024\/08\/HanLi-Water-Chiller-1500W.png\" \/>\n\t<meta property=\"og:image:width\" content=\"750\" \/>\n\t<meta property=\"og:image:height\" content=\"513\" \/>\n\t<meta property=\"og:image:type\" content=\"image\/png\" \/>\n<meta name=\"twitter:card\" content=\"summary_large_image\" \/>\n<meta name=\"twitter:label1\" content=\"Dur\u00e9e de lecture estim\u00e9e\" \/>\n\t<meta name=\"twitter:data1\" content=\"1 minute\" \/>\n<script type=\"application\/ld+json\" class=\"yoast-schema-graph\">{\"@context\":\"https:\/\/schema.org\",\"@graph\":[{\"@type\":\"WebPage\",\"@id\":\"https:\/\/www.yupeclaser.eu\/product\/hanli-1500w-industrial-water-chiller-for-laser-machine\/\",\"url\":\"https:\/\/www.yupeclaser.eu\/product\/hanli-1500w-industrial-water-chiller-for-laser-machine\/\",\"name\":\"HanLi 1500W Industrial Water Chiller for Laser Machine - YUPEC Laser\",\"isPartOf\":{\"@id\":\"https:\/\/www.yupeclaser.eu\/#website\"},\"primaryImageOfPage\":{\"@id\":\"https:\/\/www.yupeclaser.eu\/product\/hanli-1500w-industrial-water-chiller-for-laser-machine\/#primaryimage\"},\"image\":{\"@id\":\"https:\/\/www.yupeclaser.eu\/product\/hanli-1500w-industrial-water-chiller-for-laser-machine\/#primaryimage\"},\"thumbnailUrl\":\"https:\/\/www.yupeclaser.eu\/wp-content\/uploads\/2024\/08\/HanLi-Water-Chiller-1500W.png\",\"datePublished\":\"2024-08-02T01:15:07+00:00\",\"dateModified\":\"2025-02-26T06:21:14+00:00\",\"description\":\"The HanLi 1500W industrial water chiller is specially designed for 1500w cw fiber laser equipments, compatible with various brand lasers.\",\"breadcrumb\":{\"@id\":\"https:\/\/www.yupeclaser.eu\/product\/hanli-1500w-industrial-water-chiller-for-laser-machine\/#breadcrumb\"},\"inLanguage\":\"fr-FR\",\"potentialAction\":[{\"@type\":\"ReadAction\",\"target\":[\"https:\/\/www.yupeclaser.eu\/product\/hanli-1500w-industrial-water-chiller-for-laser-machine\/\"]}]},{\"@type\":\"ImageObject\",\"inLanguage\":\"fr-FR\",\"@id\":\"https:\/\/www.yupeclaser.eu\/product\/hanli-1500w-industrial-water-chiller-for-laser-machine\/#primaryimage\",\"url\":\"https:\/\/www.yupeclaser.eu\/wp-content\/uploads\/2024\/08\/HanLi-Water-Chiller-1500W.png\",\"contentUrl\":\"https:\/\/www.yupeclaser.eu\/wp-content\/uploads\/2024\/08\/HanLi-Water-Chiller-1500W.png\",\"width\":750,\"height\":513},{\"@type\":\"BreadcrumbList\",\"@id\":\"https:\/\/www.yupeclaser.eu\/product\/hanli-1500w-industrial-water-chiller-for-laser-machine\/#breadcrumb\",\"itemListElement\":[{\"@type\":\"ListItem\",\"position\":1,\"name\":\"Home\",\"item\":\"https:\/\/www.yupeclaser.eu\/\"},{\"@type\":\"ListItem\",\"position\":2,\"name\":\"Products\",\"item\":\"https:\/\/www.yupeclaser.eu\/products\/\"},{\"@type\":\"ListItem\",\"position\":3,\"name\":\"Industrial Chillers\",\"item\":\"https:\/\/www.yupeclaser.eu\/industrial-chillers\/\"},{\"@type\":\"ListItem\",\"position\":4,\"name\":\"HanLi 1500W Industrial Water Chiller for Laser Machine\"}]},{\"@type\":\"WebSite\",\"@id\":\"https:\/\/www.yupeclaser.eu\/#website\",\"url\":\"https:\/\/www.yupeclaser.eu\/\",\"name\":\"YUPEC Laser\",\"description\":\"\",\"potentialAction\":[{\"@type\":\"SearchAction\",\"target\":{\"@type\":\"EntryPoint\",\"urlTemplate\":\"https:\/\/www.yupeclaser.eu\/?s={search_term_string}\"},\"query-input\":{\"@type\":\"PropertyValueSpecification\",\"valueRequired\":true,\"valueName\":\"search_term_string\"}}],\"inLanguage\":\"fr-FR\"}]}<\/script>\n<!-- \/ Yoast SEO plugin. -->","yoast_head_json":{"title":"HanLi 1500W Refroidisseur d'Eau Industriel pour Machine Laser - YUPEC Laser","description":"Le refroidisseur d'eau industriel HanLi 1500W est sp\u00e9cialement con\u00e7u pour les \u00e9quipements laser \u00e0 fibre CW de 1500w, compatibles avec les lasers de diff\u00e9rentes marques.","robots":{"index":"index","follow":"follow","max-snippet":"max-snippet:-1","max-image-preview":"max-image-preview:large","max-video-preview":"max-video-preview:-1"},"canonical":"https:\/\/www.yupeclaser.eu\/fr\/product\/hanli-1500w-industrial-water-chiller-for-laser-machine\/","og_locale":"fr_FR","og_type":"article","og_title":"HanLi 1500W Industrial Water Chiller for Laser Machine - YUPEC Laser","og_description":"The HanLi 1500W industrial water chiller is specially designed for 1500w cw fiber laser equipments, compatible with various brand lasers.","og_url":"https:\/\/www.yupeclaser.eu\/fr\/product\/hanli-1500w-industrial-water-chiller-for-laser-machine\/","og_site_name":"YUPEC Laser","og_image":[{"width":750,"height":513,"url":"https:\/\/www.yupeclaser.eu\/wp-content\/uploads\/2024\/08\/HanLi-Water-Chiller-1500W.png","type":"image\/png"}],"twitter_card":"summary_large_image","twitter_misc":{"Dur\u00e9e de lecture estim\u00e9e":"1 minute"},"schema":{"@context":"https:\/\/schema.org","@graph":[{"@type":"WebPage","@id":"https:\/\/www.yupeclaser.eu\/product\/hanli-1500w-industrial-water-chiller-for-laser-machine\/","url":"https:\/\/www.yupeclaser.eu\/product\/hanli-1500w-industrial-water-chiller-for-laser-machine\/","name":"HanLi 1500W Refroidisseur d'Eau Industriel pour Machine Laser - YUPEC Laser","isPartOf":{"@id":"https:\/\/www.yupeclaser.eu\/#website"},"primaryImageOfPage":{"@id":"https:\/\/www.yupeclaser.eu\/product\/hanli-1500w-industrial-water-chiller-for-laser-machine\/#primaryimage"},"image":{"@id":"https:\/\/www.yupeclaser.eu\/product\/hanli-1500w-industrial-water-chiller-for-laser-machine\/#primaryimage"},"thumbnailUrl":"https:\/\/www.yupeclaser.eu\/wp-content\/uploads\/2024\/08\/HanLi-Water-Chiller-1500W.png","datePublished":"2024-08-02T01:15:07+00:00","dateModified":"2025-02-26T06:21:14+00:00","description":"Le refroidisseur d'eau industriel HanLi 1500W est sp\u00e9cialement con\u00e7u pour les \u00e9quipements laser \u00e0 fibre CW de 1500w, compatibles avec les lasers de diff\u00e9rentes marques.","breadcrumb":{"@id":"https:\/\/www.yupeclaser.eu\/product\/hanli-1500w-industrial-water-chiller-for-laser-machine\/#breadcrumb"},"inLanguage":"fr-FR","potentialAction":[{"@type":"ReadAction","target":["https:\/\/www.yupeclaser.eu\/product\/hanli-1500w-industrial-water-chiller-for-laser-machine\/"]}]},{"@type":"ImageObject","inLanguage":"fr-FR","@id":"https:\/\/www.yupeclaser.eu\/product\/hanli-1500w-industrial-water-chiller-for-laser-machine\/#primaryimage","url":"https:\/\/www.yupeclaser.eu\/wp-content\/uploads\/2024\/08\/HanLi-Water-Chiller-1500W.png","contentUrl":"https:\/\/www.yupeclaser.eu\/wp-content\/uploads\/2024\/08\/HanLi-Water-Chiller-1500W.png","width":750,"height":513},{"@type":"BreadcrumbList","@id":"https:\/\/www.yupeclaser.eu\/product\/hanli-1500w-industrial-water-chiller-for-laser-machine\/#breadcrumb","itemListElement":[{"@type":"ListItem","position":1,"name":"Home","item":"https:\/\/www.yupeclaser.eu\/"},{"@type":"ListItem","position":2,"name":"Products","item":"https:\/\/www.yupeclaser.eu\/products\/"},{"@type":"ListItem","position":3,"name":"Industrial Chillers","item":"https:\/\/www.yupeclaser.eu\/industrial-chillers\/"},{"@type":"ListItem","position":4,"name":"HanLi 1500W Industrial Water Chiller for Laser Machine"}]},{"@type":"WebSite","@id":"https:\/\/www.yupeclaser.eu\/#website","url":"https:\/\/www.yupeclaser.eu\/","name":"YUPEC Laser","description":"","potentialAction":[{"@type":"SearchAction","target":{"@type":"EntryPoint","urlTemplate":"https:\/\/www.yupeclaser.eu\/?s={search_term_string}"},"query-input":{"@type":"PropertyValueSpecification","valueRequired":true,"valueName":"search_term_string"}}],"inLanguage":"fr-FR"}]}},"_links":{"self":[{"href":"https:\/\/www.yupeclaser.eu\/fr\/wp-json\/wp\/v2\/product\/7398","targetHints":{"allow":["GET"]}}],"collection":[{"href":"https:\/\/www.yupeclaser.eu\/fr\/wp-json\/wp\/v2\/product"}],"about":[{"href":"https:\/\/www.yupeclaser.eu\/fr\/wp-json\/wp\/v2\/types\/product"}],"wp:featuredmedia":[{"embeddable":true,"href":"https:\/\/www.yupeclaser.eu\/fr\/wp-json\/wp\/v2\/media\/7399"}],"wp:attachment":[{"href":"https:\/\/www.yupeclaser.eu\/fr\/wp-json\/wp\/v2\/media?parent=7398"}],"wp:term":[{"taxonomy":"product_brand","embeddable":true,"href":"https:\/\/www.yupeclaser.eu\/fr\/wp-json\/wp\/v2\/product_brand?post=7398"},{"taxonomy":"product_cat","embeddable":true,"href":"https:\/\/www.yupeclaser.eu\/fr\/wp-json\/wp\/v2\/product_cat?post=7398"},{"taxonomy":"product_tag","embeddable":true,"href":"https:\/\/www.yupeclaser.eu\/fr\/wp-json\/wp\/v2\/product_tag?post=7398"}],"curies":[{"name":"wp","href":"https:\/\/api.w.org\/{rel}","templated":true}]}}