{"id":4822,"date":"2024-05-20T07:45:47","date_gmt":"2024-05-20T07:45:47","guid":{"rendered":"https:\/\/yupeclaser.eu\/?post_type=product&#038;p=4822"},"modified":"2024-06-17T02:49:29","modified_gmt":"2024-06-17T02:49:29","slug":"sensor-terminal-plug-for-raytools-wsx-precitec-friendess-he","status":"publish","type":"product","link":"https:\/\/www.yupeclaser.eu\/fr\/product\/sensor-terminal-plug-for-raytools-wsx-precitec-friendess-he\/","title":{"rendered":"Connecteur de Terminal de Capteur pour Raytools \/ WSX \/ Precitec \/ Friendess \/ HE"},"content":{"rendered":"<p><div class=\"fusion-fullwidth fullwidth-box fusion-builder-row-1 fusion-flex-container has-pattern-background has-mask-background nonhundred-percent-fullwidth non-hundred-percent-height-scrolling fusion-animated\" style=\"--awb-border-radius-top-left:0px;--awb-border-radius-top-right:0px;--awb-border-radius-bottom-right:0px;--awb-border-radius-bottom-left:0px;--awb-padding-top:0px;--awb-padding-right:0px;--awb-padding-bottom:0px;--awb-padding-left:0px;--awb-flex-wrap:wrap;\" data-animationtype=\"fadeInLeft\" data-animationduration=\"2.0\" data-animationoffset=\"top-into-view\" ><div class=\"fusion-builder-row fusion-row fusion-flex-align-items-flex-start fusion-flex-content-wrap\" style=\"max-width:1372.8px;margin-left: calc(-4% \/ 2 );margin-right: calc(-4% \/ 2 );\"><div class=\"fusion-layout-column fusion_builder_column fusion-builder-column-0 fusion_builder_column_1_1 1_1 fusion-flex-column\" style=\"--awb-bg-size:cover;--awb-width-large:100%;--awb-margin-top-large:20px;--awb-spacing-right-large:1.92%;--awb-margin-bottom-large:20px;--awb-spacing-left-large:1.92%;--awb-width-medium:100%;--awb-order-medium:0;--awb-spacing-right-medium:1.92%;--awb-spacing-left-medium:1.92%;--awb-width-small:100%;--awb-order-small:0;--awb-spacing-right-small:1.92%;--awb-spacing-left-small:1.92%;\"><div class=\"fusion-column-wrapper fusion-column-has-shadow fusion-flex-justify-content-flex-start fusion-content-layout-column\"><div class=\"fusion-title title fusion-title-1 fusion-sep-none fusion-title-text fusion-title-size-two\" style=\"--awb-text-color:var(--awb-color8);--awb-sep-color:var(--awb-custom_color_1);--awb-font-size:24px;\"><h2 class=\"fusion-title-heading title-heading-left fusion-responsive-typography-calculated\" style=\"margin:0;font-size:1em;--fontSize:24;line-height:1.3;\">Caract\u00e9ristiques du Produit<\/h2><\/div><div class=\"fusion-separator\" style=\"align-self: flex-start;margin-right:auto;margin-top:-10px;width:100%;max-width:60px;\"><div class=\"fusion-separator-border sep-single sep-solid\" style=\"--awb-height:20px;--awb-amount:20px;--awb-sep-color:var(--awb-custom_color_1);border-color:var(--awb-custom_color_1);border-top-width:5px;\"><\/div><\/div><ul style=\"--awb-size:15px;--awb-margin-top:30px;--awb-margin-right:0px;--awb-margin-left:0px;--awb-item-padding-right:0px;--awb-item-padding-left:0px;--awb-iconcolor:var(--awb-color8);--awb-line-height:25.5px;--awb-icon-width:25.5px;--awb-icon-height:25.5px;--awb-icon-margin:10.5px;--awb-content-margin:36px;\" class=\"fusion-checklist fusion-checklist-1 fusion-checklist-default type-icons\"><li class=\"fusion-li-item\" style=\"\"><span class=\"icon-wrapper circle-no\"><i class=\"fusion-li-icon fa-chevron-circle-right fas\" aria-hidden=\"true\"><\/i><\/span><div class=\"fusion-li-item-content\">\n<p>Excellente qualit\u00e9<\/p>\n<\/div><\/li><li class=\"fusion-li-item\" style=\"\"><span class=\"icon-wrapper circle-no\"><i class=\"fusion-li-icon fa-chevron-circle-right fas\" aria-hidden=\"true\"><\/i><\/span><div class=\"fusion-li-item-content\">\n<p>Performances stables<\/p>\n<\/div><\/li><li class=\"fusion-li-item\" style=\"\"><span class=\"icon-wrapper circle-no\"><i class=\"fusion-li-icon fa-chevron-circle-right fas\" aria-hidden=\"true\"><\/i><\/span><div class=\"fusion-li-item-content\">\n<p>Installation pratique<\/p>\n<\/div><\/li><\/ul><div class=\"fusion-image-element\" style=\"text-align:center;--awb-margin-top:10px;--awb-margin-top-small:20px;--awb-max-width:700px;--awb-caption-title-font-family:var(--h2_typography-font-family);--awb-caption-title-font-weight:var(--h2_typography-font-weight);--awb-caption-title-font-style:var(--h2_typography-font-style);--awb-caption-title-size:var(--h2_typography-font-size);--awb-caption-title-transform:var(--h2_typography-text-transform);--awb-caption-title-line-height:var(--h2_typography-line-height);--awb-caption-title-letter-spacing:var(--h2_typography-letter-spacing);\"><span class=\"fusion-imageframe imageframe-none imageframe-1 hover-type-none\" style=\"border-radius:8px;\"><img decoding=\"async\" width=\"1000\" height=\"392\" title=\"Sensor Terminal Plug &#8211; Product Details 1\" src=\"https:\/\/www.yupeclaser.eu\/wp-content\/uploads\/2024\/05\/Sensor-Terminal-Plug-Product-Details-1.jpg\" data-orig-src=\"https:\/\/yupeclaser.eu\/wp-content\/uploads\/2024\/05\/Sensor-Terminal-Plug-Product-Details-1.jpg\" alt class=\"lazyload img-responsive wp-image-4825\" srcset=\"data:image\/svg+xml,%3Csvg%20xmlns%3D%27http%3A%2F%2Fwww.w3.org%2F2000%2Fsvg%27%20width%3D%271000%27%20height%3D%27392%27%20viewBox%3D%270%200%201000%20392%27%3E%3Crect%20width%3D%271000%27%20height%3D%27392%27%20fill-opacity%3D%220%22%2F%3E%3C%2Fsvg%3E\" data-srcset=\"https:\/\/www.yupeclaser.eu\/wp-content\/uploads\/2024\/05\/Sensor-Terminal-Plug-Product-Details-1-200x78.jpg 200w, https:\/\/www.yupeclaser.eu\/wp-content\/uploads\/2024\/05\/Sensor-Terminal-Plug-Product-Details-1-400x157.jpg 400w, https:\/\/www.yupeclaser.eu\/wp-content\/uploads\/2024\/05\/Sensor-Terminal-Plug-Product-Details-1-600x235.jpg 600w, https:\/\/www.yupeclaser.eu\/wp-content\/uploads\/2024\/05\/Sensor-Terminal-Plug-Product-Details-1-800x314.jpg 800w, https:\/\/www.yupeclaser.eu\/wp-content\/uploads\/2024\/05\/Sensor-Terminal-Plug-Product-Details-1.jpg 1000w\" data-sizes=\"auto\" data-orig-sizes=\"(max-width: 640px) 100vw, 1000px\" \/><\/span><\/div><\/div><\/div><\/div><\/div><div class=\"fusion-fullwidth fullwidth-box fusion-builder-row-2 fusion-flex-container has-pattern-background has-mask-background nonhundred-percent-fullwidth non-hundred-percent-height-scrolling fusion-animated\" style=\"--awb-border-radius-top-left:0px;--awb-border-radius-top-right:0px;--awb-border-radius-bottom-right:0px;--awb-border-radius-bottom-left:0px;--awb-padding-top:0px;--awb-padding-right:0px;--awb-padding-bottom:0px;--awb-padding-left:0px;--awb-margin-top:60px;--awb-flex-wrap:wrap;\" data-animationtype=\"fadeInLeft\" data-animationduration=\"2.0\" data-animationoffset=\"top-into-view\" ><div class=\"fusion-builder-row fusion-row fusion-flex-align-items-flex-start fusion-flex-content-wrap\" style=\"max-width:1372.8px;margin-left: calc(-4% \/ 2 );margin-right: calc(-4% \/ 2 );\"><div class=\"fusion-layout-column fusion_builder_column fusion-builder-column-1 fusion_builder_column_1_1 1_1 fusion-flex-column\" style=\"--awb-bg-size:cover;--awb-width-large:100%;--awb-margin-top-large:20px;--awb-spacing-right-large:1.92%;--awb-margin-bottom-large:20px;--awb-spacing-left-large:1.92%;--awb-width-medium:100%;--awb-order-medium:0;--awb-spacing-right-medium:1.92%;--awb-spacing-left-medium:1.92%;--awb-width-small:100%;--awb-order-small:0;--awb-spacing-right-small:1.92%;--awb-spacing-left-small:1.92%;\"><div class=\"fusion-column-wrapper fusion-column-has-shadow fusion-flex-justify-content-flex-start fusion-content-layout-column\"><div class=\"fusion-title title fusion-title-2 fusion-sep-none fusion-title-text fusion-title-size-two\" style=\"--awb-text-color:var(--awb-color8);--awb-sep-color:var(--awb-custom_color_1);--awb-font-size:24px;\"><h2 class=\"fusion-title-heading title-heading-left fusion-responsive-typography-calculated\" style=\"margin:0;font-size:1em;--fontSize:24;line-height:1.3;\">Dimensions du Produit<\/h2><\/div><div class=\"fusion-separator\" style=\"align-self: flex-start;margin-right:auto;margin-top:-10px;width:100%;max-width:60px;\"><div class=\"fusion-separator-border sep-single sep-solid\" style=\"--awb-height:20px;--awb-amount:20px;--awb-sep-color:var(--awb-custom_color_1);border-color:var(--awb-custom_color_1);border-top-width:5px;\"><\/div><\/div><div class=\"fusion-image-element\" style=\"text-align:center;--awb-margin-top:10px;--awb-margin-top-small:20px;--awb-max-width:700px;--awb-caption-title-font-family:var(--h2_typography-font-family);--awb-caption-title-font-weight:var(--h2_typography-font-weight);--awb-caption-title-font-style:var(--h2_typography-font-style);--awb-caption-title-size:var(--h2_typography-font-size);--awb-caption-title-transform:var(--h2_typography-text-transform);--awb-caption-title-line-height:var(--h2_typography-line-height);--awb-caption-title-letter-spacing:var(--h2_typography-letter-spacing);\"><span class=\"fusion-imageframe imageframe-none imageframe-2 hover-type-none\" style=\"border-radius:8px;\"><img decoding=\"async\" width=\"1000\" height=\"627\" title=\"Sensor Terminal Plug &#8211; Product Details 2\" src=\"https:\/\/www.yupeclaser.eu\/wp-content\/uploads\/2024\/05\/Sensor-Terminal-Plug-Product-Details-2.jpg\" data-orig-src=\"https:\/\/yupeclaser.eu\/wp-content\/uploads\/2024\/05\/Sensor-Terminal-Plug-Product-Details-2.jpg\" alt class=\"lazyload img-responsive wp-image-4826\" srcset=\"data:image\/svg+xml,%3Csvg%20xmlns%3D%27http%3A%2F%2Fwww.w3.org%2F2000%2Fsvg%27%20width%3D%271000%27%20height%3D%27627%27%20viewBox%3D%270%200%201000%20627%27%3E%3Crect%20width%3D%271000%27%20height%3D%27627%27%20fill-opacity%3D%220%22%2F%3E%3C%2Fsvg%3E\" data-srcset=\"https:\/\/www.yupeclaser.eu\/wp-content\/uploads\/2024\/05\/Sensor-Terminal-Plug-Product-Details-2-200x125.jpg 200w, https:\/\/www.yupeclaser.eu\/wp-content\/uploads\/2024\/05\/Sensor-Terminal-Plug-Product-Details-2-400x251.jpg 400w, https:\/\/www.yupeclaser.eu\/wp-content\/uploads\/2024\/05\/Sensor-Terminal-Plug-Product-Details-2-600x376.jpg 600w, https:\/\/www.yupeclaser.eu\/wp-content\/uploads\/2024\/05\/Sensor-Terminal-Plug-Product-Details-2-800x502.jpg 800w, https:\/\/www.yupeclaser.eu\/wp-content\/uploads\/2024\/05\/Sensor-Terminal-Plug-Product-Details-2.jpg 1000w\" data-sizes=\"auto\" data-orig-sizes=\"(max-width: 640px) 100vw, 1000px\" \/><\/span><\/div><div class=\"fusion-image-element\" style=\"text-align:center;--awb-margin-top:10px;--awb-margin-top-small:20px;--awb-max-width:700px;--awb-caption-title-font-family:var(--h2_typography-font-family);--awb-caption-title-font-weight:var(--h2_typography-font-weight);--awb-caption-title-font-style:var(--h2_typography-font-style);--awb-caption-title-size:var(--h2_typography-font-size);--awb-caption-title-transform:var(--h2_typography-text-transform);--awb-caption-title-line-height:var(--h2_typography-line-height);--awb-caption-title-letter-spacing:var(--h2_typography-letter-spacing);\"><span class=\"fusion-imageframe imageframe-none imageframe-3 hover-type-none\" style=\"border-radius:8px;\"><img decoding=\"async\" width=\"1000\" height=\"941\" title=\"Sensor Terminal Plug &#8211; Product Details 3\" src=\"https:\/\/www.yupeclaser.eu\/wp-content\/uploads\/2024\/05\/Sensor-Terminal-Plug-Product-Details-3.jpg\" data-orig-src=\"https:\/\/yupeclaser.eu\/wp-content\/uploads\/2024\/05\/Sensor-Terminal-Plug-Product-Details-3.jpg\" alt class=\"lazyload img-responsive wp-image-4827\" srcset=\"data:image\/svg+xml,%3Csvg%20xmlns%3D%27http%3A%2F%2Fwww.w3.org%2F2000%2Fsvg%27%20width%3D%271000%27%20height%3D%27941%27%20viewBox%3D%270%200%201000%20941%27%3E%3Crect%20width%3D%271000%27%20height%3D%27941%27%20fill-opacity%3D%220%22%2F%3E%3C%2Fsvg%3E\" data-srcset=\"https:\/\/www.yupeclaser.eu\/wp-content\/uploads\/2024\/05\/Sensor-Terminal-Plug-Product-Details-3-200x188.jpg 200w, https:\/\/www.yupeclaser.eu\/wp-content\/uploads\/2024\/05\/Sensor-Terminal-Plug-Product-Details-3-400x376.jpg 400w, https:\/\/www.yupeclaser.eu\/wp-content\/uploads\/2024\/05\/Sensor-Terminal-Plug-Product-Details-3-600x565.jpg 600w, https:\/\/www.yupeclaser.eu\/wp-content\/uploads\/2024\/05\/Sensor-Terminal-Plug-Product-Details-3-800x753.jpg 800w, https:\/\/www.yupeclaser.eu\/wp-content\/uploads\/2024\/05\/Sensor-Terminal-Plug-Product-Details-3.jpg 1000w\" data-sizes=\"auto\" data-orig-sizes=\"(max-width: 640px) 100vw, 1000px\" \/><\/span><\/div><\/div><\/div><\/div><\/div><\/p>","protected":false},"excerpt":{"rendered":"<p>Il existe plusieurs mod\u00e8les de connecteurs de terminal de capteur disponibles, allant du mod\u00e8le T1 au mod\u00e8le T10. Les connecteurs de terminal de capteur sont utilis\u00e9s pour les c\u00e2bles de capteur des t\u00eates de coupe laser, telles que Raytools, WSX, Precitec, Hans, Friendess, HE, Mazak et autres.<\/p>","protected":false},"featured_media":4823,"template":"","meta":[],"product_brand":[],"product_cat":[54],"product_tag":[],"class_list":{"0":"post-4822","1":"product","2":"type-product","3":"status-publish","4":"has-post-thumbnail","6":"product_cat-sensor-cables","8":"first","9":"instock","10":"shipping-taxable","11":"product-type-simple"},"yoast_head":"<!-- This site is optimized with the Yoast SEO plugin v26.5 - https:\/\/yoast.com\/wordpress\/plugins\/seo\/ -->\n<title>Sensor Terminal Plug for Raytools \/ WSX \/ Precitec \/ Friendess \/ HE - YUPEC Laser<\/title>\n<meta name=\"description\" content=\"Sensor terminal plugs are used for sensor cables of laser cutting heads, such as: Raytools, WSX, Precitec, Hans, Friendess, HE, Mazak and more.\" \/>\n<meta name=\"robots\" content=\"index, follow, max-snippet:-1, max-image-preview:large, max-video-preview:-1\" \/>\n<link rel=\"canonical\" href=\"https:\/\/www.yupeclaser.eu\/fr\/product\/sensor-terminal-plug-for-raytools-wsx-precitec-friendess-he\/\" \/>\n<meta property=\"og:locale\" content=\"fr_FR\" \/>\n<meta property=\"og:type\" content=\"article\" \/>\n<meta property=\"og:title\" content=\"Sensor Terminal Plug for Raytools \/ WSX \/ Precitec \/ Friendess \/ HE - YUPEC Laser\" \/>\n<meta property=\"og:description\" content=\"Sensor terminal plugs are used for sensor cables of laser cutting heads, such as: Raytools, WSX, Precitec, Hans, Friendess, HE, Mazak and more.\" \/>\n<meta property=\"og:url\" content=\"https:\/\/www.yupeclaser.eu\/fr\/product\/sensor-terminal-plug-for-raytools-wsx-precitec-friendess-he\/\" \/>\n<meta property=\"og:site_name\" content=\"YUPEC Laser\" \/>\n<meta property=\"og:image\" content=\"https:\/\/www.yupeclaser.eu\/wp-content\/uploads\/2024\/05\/Sensor-Terminal-Plug-0.png\" \/>\n\t<meta property=\"og:image:width\" content=\"750\" \/>\n\t<meta property=\"og:image:height\" content=\"513\" \/>\n\t<meta property=\"og:image:type\" content=\"image\/png\" \/>\n<meta name=\"twitter:card\" content=\"summary_large_image\" \/>\n<meta name=\"twitter:label1\" content=\"Dur\u00e9e de lecture estim\u00e9e\" \/>\n\t<meta name=\"twitter:data1\" content=\"1 minute\" \/>\n<script type=\"application\/ld+json\" class=\"yoast-schema-graph\">{\"@context\":\"https:\/\/schema.org\",\"@graph\":[{\"@type\":\"WebPage\",\"@id\":\"https:\/\/www.yupeclaser.eu\/product\/sensor-terminal-plug-for-raytools-wsx-precitec-friendess-he\/\",\"url\":\"https:\/\/www.yupeclaser.eu\/product\/sensor-terminal-plug-for-raytools-wsx-precitec-friendess-he\/\",\"name\":\"Sensor Terminal Plug for Raytools \/ WSX \/ Precitec \/ Friendess \/ HE - YUPEC Laser\",\"isPartOf\":{\"@id\":\"https:\/\/www.yupeclaser.eu\/#website\"},\"primaryImageOfPage\":{\"@id\":\"https:\/\/www.yupeclaser.eu\/product\/sensor-terminal-plug-for-raytools-wsx-precitec-friendess-he\/#primaryimage\"},\"image\":{\"@id\":\"https:\/\/www.yupeclaser.eu\/product\/sensor-terminal-plug-for-raytools-wsx-precitec-friendess-he\/#primaryimage\"},\"thumbnailUrl\":\"https:\/\/www.yupeclaser.eu\/wp-content\/uploads\/2024\/05\/Sensor-Terminal-Plug-0.png\",\"datePublished\":\"2024-05-20T07:45:47+00:00\",\"dateModified\":\"2024-06-17T02:49:29+00:00\",\"description\":\"Sensor terminal plugs are used for sensor cables of laser cutting heads, such as: Raytools, WSX, Precitec, Hans, Friendess, HE, Mazak and more.\",\"breadcrumb\":{\"@id\":\"https:\/\/www.yupeclaser.eu\/product\/sensor-terminal-plug-for-raytools-wsx-precitec-friendess-he\/#breadcrumb\"},\"inLanguage\":\"fr-FR\",\"potentialAction\":[{\"@type\":\"ReadAction\",\"target\":[\"https:\/\/www.yupeclaser.eu\/product\/sensor-terminal-plug-for-raytools-wsx-precitec-friendess-he\/\"]}]},{\"@type\":\"ImageObject\",\"inLanguage\":\"fr-FR\",\"@id\":\"https:\/\/www.yupeclaser.eu\/product\/sensor-terminal-plug-for-raytools-wsx-precitec-friendess-he\/#primaryimage\",\"url\":\"https:\/\/www.yupeclaser.eu\/wp-content\/uploads\/2024\/05\/Sensor-Terminal-Plug-0.png\",\"contentUrl\":\"https:\/\/www.yupeclaser.eu\/wp-content\/uploads\/2024\/05\/Sensor-Terminal-Plug-0.png\",\"width\":750,\"height\":513},{\"@type\":\"BreadcrumbList\",\"@id\":\"https:\/\/www.yupeclaser.eu\/product\/sensor-terminal-plug-for-raytools-wsx-precitec-friendess-he\/#breadcrumb\",\"itemListElement\":[{\"@type\":\"ListItem\",\"position\":1,\"name\":\"Home\",\"item\":\"https:\/\/www.yupeclaser.eu\/\"},{\"@type\":\"ListItem\",\"position\":2,\"name\":\"Products\",\"item\":\"https:\/\/www.yupeclaser.eu\/products\/\"},{\"@type\":\"ListItem\",\"position\":3,\"name\":\"Sensor Cables\",\"item\":\"https:\/\/www.yupeclaser.eu\/sensor-cables\/\"},{\"@type\":\"ListItem\",\"position\":4,\"name\":\"Sensor Terminal Plug for Raytools \/ WSX \/ Precitec \/ Friendess \/ HE\"}]},{\"@type\":\"WebSite\",\"@id\":\"https:\/\/www.yupeclaser.eu\/#website\",\"url\":\"https:\/\/www.yupeclaser.eu\/\",\"name\":\"YUPEC Laser\",\"description\":\"\",\"potentialAction\":[{\"@type\":\"SearchAction\",\"target\":{\"@type\":\"EntryPoint\",\"urlTemplate\":\"https:\/\/www.yupeclaser.eu\/?s={search_term_string}\"},\"query-input\":{\"@type\":\"PropertyValueSpecification\",\"valueRequired\":true,\"valueName\":\"search_term_string\"}}],\"inLanguage\":\"fr-FR\"}]}<\/script>\n<!-- \/ Yoast SEO plugin. -->","yoast_head_json":{"title":"Connecteur de Terminal de Capteur pour Raytools \/ WSX \/ Precitec \/ Friendess \/ HE - YUPEC Laser","description":"Les connecteurs de terminal de capteur sont utilis\u00e9s pour les c\u00e2bles de capteur des t\u00eates de coupe laser, telles que Raytools, WSX, Precitec, Hans, Friendess, HE, Mazak et d'autres encore.","robots":{"index":"index","follow":"follow","max-snippet":"max-snippet:-1","max-image-preview":"max-image-preview:large","max-video-preview":"max-video-preview:-1"},"canonical":"https:\/\/www.yupeclaser.eu\/fr\/product\/sensor-terminal-plug-for-raytools-wsx-precitec-friendess-he\/","og_locale":"fr_FR","og_type":"article","og_title":"Sensor Terminal Plug for Raytools \/ WSX \/ Precitec \/ Friendess \/ HE - YUPEC Laser","og_description":"Sensor terminal plugs are used for sensor cables of laser cutting heads, such as: Raytools, WSX, Precitec, Hans, Friendess, HE, Mazak and more.","og_url":"https:\/\/www.yupeclaser.eu\/fr\/product\/sensor-terminal-plug-for-raytools-wsx-precitec-friendess-he\/","og_site_name":"YUPEC Laser","og_image":[{"width":750,"height":513,"url":"https:\/\/www.yupeclaser.eu\/wp-content\/uploads\/2024\/05\/Sensor-Terminal-Plug-0.png","type":"image\/png"}],"twitter_card":"summary_large_image","twitter_misc":{"Dur\u00e9e de lecture estim\u00e9e":"1 minute"},"schema":{"@context":"https:\/\/schema.org","@graph":[{"@type":"WebPage","@id":"https:\/\/www.yupeclaser.eu\/product\/sensor-terminal-plug-for-raytools-wsx-precitec-friendess-he\/","url":"https:\/\/www.yupeclaser.eu\/product\/sensor-terminal-plug-for-raytools-wsx-precitec-friendess-he\/","name":"Connecteur de Terminal de Capteur pour Raytools \/ WSX \/ Precitec \/ Friendess \/ HE - YUPEC Laser","isPartOf":{"@id":"https:\/\/www.yupeclaser.eu\/#website"},"primaryImageOfPage":{"@id":"https:\/\/www.yupeclaser.eu\/product\/sensor-terminal-plug-for-raytools-wsx-precitec-friendess-he\/#primaryimage"},"image":{"@id":"https:\/\/www.yupeclaser.eu\/product\/sensor-terminal-plug-for-raytools-wsx-precitec-friendess-he\/#primaryimage"},"thumbnailUrl":"https:\/\/www.yupeclaser.eu\/wp-content\/uploads\/2024\/05\/Sensor-Terminal-Plug-0.png","datePublished":"2024-05-20T07:45:47+00:00","dateModified":"2024-06-17T02:49:29+00:00","description":"Les connecteurs de terminal de capteur sont utilis\u00e9s pour les c\u00e2bles de capteur des t\u00eates de coupe laser, telles que Raytools, WSX, Precitec, Hans, Friendess, HE, Mazak et d'autres encore.","breadcrumb":{"@id":"https:\/\/www.yupeclaser.eu\/product\/sensor-terminal-plug-for-raytools-wsx-precitec-friendess-he\/#breadcrumb"},"inLanguage":"fr-FR","potentialAction":[{"@type":"ReadAction","target":["https:\/\/www.yupeclaser.eu\/product\/sensor-terminal-plug-for-raytools-wsx-precitec-friendess-he\/"]}]},{"@type":"ImageObject","inLanguage":"fr-FR","@id":"https:\/\/www.yupeclaser.eu\/product\/sensor-terminal-plug-for-raytools-wsx-precitec-friendess-he\/#primaryimage","url":"https:\/\/www.yupeclaser.eu\/wp-content\/uploads\/2024\/05\/Sensor-Terminal-Plug-0.png","contentUrl":"https:\/\/www.yupeclaser.eu\/wp-content\/uploads\/2024\/05\/Sensor-Terminal-Plug-0.png","width":750,"height":513},{"@type":"BreadcrumbList","@id":"https:\/\/www.yupeclaser.eu\/product\/sensor-terminal-plug-for-raytools-wsx-precitec-friendess-he\/#breadcrumb","itemListElement":[{"@type":"ListItem","position":1,"name":"Home","item":"https:\/\/www.yupeclaser.eu\/"},{"@type":"ListItem","position":2,"name":"Products","item":"https:\/\/www.yupeclaser.eu\/products\/"},{"@type":"ListItem","position":3,"name":"Sensor Cables","item":"https:\/\/www.yupeclaser.eu\/sensor-cables\/"},{"@type":"ListItem","position":4,"name":"Sensor Terminal Plug for Raytools \/ WSX \/ Precitec \/ Friendess \/ HE"}]},{"@type":"WebSite","@id":"https:\/\/www.yupeclaser.eu\/#website","url":"https:\/\/www.yupeclaser.eu\/","name":"YUPEC Laser","description":"","potentialAction":[{"@type":"SearchAction","target":{"@type":"EntryPoint","urlTemplate":"https:\/\/www.yupeclaser.eu\/?s={search_term_string}"},"query-input":{"@type":"PropertyValueSpecification","valueRequired":true,"valueName":"search_term_string"}}],"inLanguage":"fr-FR"}]}},"_links":{"self":[{"href":"https:\/\/www.yupeclaser.eu\/fr\/wp-json\/wp\/v2\/product\/4822","targetHints":{"allow":["GET"]}}],"collection":[{"href":"https:\/\/www.yupeclaser.eu\/fr\/wp-json\/wp\/v2\/product"}],"about":[{"href":"https:\/\/www.yupeclaser.eu\/fr\/wp-json\/wp\/v2\/types\/product"}],"wp:featuredmedia":[{"embeddable":true,"href":"https:\/\/www.yupeclaser.eu\/fr\/wp-json\/wp\/v2\/media\/4823"}],"wp:attachment":[{"href":"https:\/\/www.yupeclaser.eu\/fr\/wp-json\/wp\/v2\/media?parent=4822"}],"wp:term":[{"taxonomy":"product_brand","embeddable":true,"href":"https:\/\/www.yupeclaser.eu\/fr\/wp-json\/wp\/v2\/product_brand?post=4822"},{"taxonomy":"product_cat","embeddable":true,"href":"https:\/\/www.yupeclaser.eu\/fr\/wp-json\/wp\/v2\/product_cat?post=4822"},{"taxonomy":"product_tag","embeddable":true,"href":"https:\/\/www.yupeclaser.eu\/fr\/wp-json\/wp\/v2\/product_tag?post=4822"}],"curies":[{"name":"wp","href":"https:\/\/api.w.org\/{rel}","templated":true}]}}