{"id":4583,"date":"2024-05-17T03:30:12","date_gmt":"2024-05-17T03:30:12","guid":{"rendered":"https:\/\/yupeclaser.eu\/?post_type=product&#038;p=4583"},"modified":"2024-06-17T02:46:23","modified_gmt":"2024-06-17T02:46:23","slug":"locking-ring-for-raytools-bm111-laser-head","status":"publish","type":"product","link":"https:\/\/www.yupeclaser.eu\/fr\/product\/locking-ring-for-raytools-bm111-laser-head\/","title":{"rendered":"Bague de Verrouillage pour T\u00eate Laser Raytools BM111"},"content":{"rendered":"<p><div class=\"fusion-fullwidth fullwidth-box fusion-builder-row-1 fusion-flex-container has-pattern-background has-mask-background nonhundred-percent-fullwidth non-hundred-percent-height-scrolling fusion-animated\" style=\"--awb-border-radius-top-left:0px;--awb-border-radius-top-right:0px;--awb-border-radius-bottom-right:0px;--awb-border-radius-bottom-left:0px;--awb-padding-top:0px;--awb-padding-right:0px;--awb-padding-bottom:0px;--awb-padding-left:0px;--awb-flex-wrap:wrap;\" data-animationtype=\"fadeInLeft\" data-animationduration=\"2.0\" data-animationoffset=\"top-into-view\" ><div class=\"fusion-builder-row fusion-row fusion-flex-align-items-flex-start fusion-flex-content-wrap\" style=\"max-width:1372.8px;margin-left: calc(-4% \/ 2 );margin-right: calc(-4% \/ 2 );\"><div class=\"fusion-layout-column fusion_builder_column fusion-builder-column-0 fusion_builder_column_1_1 1_1 fusion-flex-column\" style=\"--awb-bg-size:cover;--awb-width-large:100%;--awb-margin-top-large:20px;--awb-spacing-right-large:1.92%;--awb-margin-bottom-large:20px;--awb-spacing-left-large:1.92%;--awb-width-medium:100%;--awb-order-medium:0;--awb-spacing-right-medium:1.92%;--awb-spacing-left-medium:1.92%;--awb-width-small:100%;--awb-order-small:0;--awb-spacing-right-small:1.92%;--awb-spacing-left-small:1.92%;\"><div class=\"fusion-column-wrapper fusion-column-has-shadow fusion-flex-justify-content-flex-start fusion-content-layout-column\"><div class=\"fusion-title title fusion-title-1 fusion-sep-none fusion-title-text fusion-title-size-two\" style=\"--awb-text-color:var(--awb-color8);--awb-sep-color:var(--awb-custom_color_1);--awb-font-size:24px;\"><h2 class=\"fusion-title-heading title-heading-left fusion-responsive-typography-calculated\" style=\"margin:0;font-size:1em;--fontSize:24;line-height:1.3;\">Caract\u00e9ristiques du Produit<\/h2><\/div><div class=\"fusion-separator\" style=\"align-self: flex-start;margin-right:auto;margin-top:-10px;width:100%;max-width:60px;\"><div class=\"fusion-separator-border sep-single sep-solid\" style=\"--awb-height:20px;--awb-amount:20px;--awb-sep-color:var(--awb-custom_color_1);border-color:var(--awb-custom_color_1);border-top-width:5px;\"><\/div><\/div><ul style=\"--awb-size:15px;--awb-margin-top:30px;--awb-margin-right:0px;--awb-margin-left:0px;--awb-item-padding-right:0px;--awb-item-padding-left:0px;--awb-iconcolor:var(--awb-color8);--awb-line-height:25.5px;--awb-icon-width:25.5px;--awb-icon-height:25.5px;--awb-icon-margin:10.5px;--awb-content-margin:36px;\" class=\"fusion-checklist fusion-checklist-1 fusion-checklist-default type-icons\"><li class=\"fusion-li-item\" style=\"\"><span class=\"icon-wrapper circle-no\"><i class=\"fusion-li-icon fa-chevron-circle-right fas\" aria-hidden=\"true\"><\/i><\/span><div class=\"fusion-li-item-content\">\n<p>Haute r\u00e9sistance m\u00e9canique et bonne t\u00e9nacit\u00e9, avec une r\u00e9sistance \u00e9lev\u00e9e \u00e0 la traction et \u00e0 la compression.<\/p>\n<\/div><\/li><li class=\"fusion-li-item\" style=\"\"><span class=\"icon-wrapper circle-no\"><i class=\"fusion-li-icon fa-chevron-circle-right fas\" aria-hidden=\"true\"><\/i><\/span><div class=\"fusion-li-item-content\">\n<p>Avec une r\u00e9sistance exceptionnelle \u00e0 la fatigue, les pi\u00e8ces peuvent maintenir leur r\u00e9sistance m\u00e9canique d'origine m\u00eame apr\u00e8s des inflexions r\u00e9p\u00e9t\u00e9es.<\/p>\n<\/div><\/li><li class=\"fusion-li-item\" style=\"\"><span class=\"icon-wrapper circle-no\"><i class=\"fusion-li-icon fa-chevron-circle-right fas\" aria-hidden=\"true\"><\/i><\/span><div class=\"fusion-li-item-content\">\n<p>Surface lisse avec un faible coefficient de frottement, offrant une r\u00e9sistance au frottement.<\/p>\n<\/div><\/li><li class=\"fusion-li-item\" style=\"\"><span class=\"icon-wrapper circle-no\"><i class=\"fusion-li-icon fa-chevron-circle-right fas\" aria-hidden=\"true\"><\/i><\/span><div class=\"fusion-li-item-content\">\n<p>Bague de verrouillage pour connecteur de buse laser con\u00e7ue pour Raytools BT220\/BM115, BT240\/BM109, BM111 et BT240S.<\/p>\n<\/div><\/li><\/ul><div class=\"fusion-image-element\" style=\"text-align:center;--awb-margin-top:10px;--awb-margin-top-small:20px;--awb-max-width:700px;--awb-caption-title-font-family:var(--h2_typography-font-family);--awb-caption-title-font-weight:var(--h2_typography-font-weight);--awb-caption-title-font-style:var(--h2_typography-font-style);--awb-caption-title-size:var(--h2_typography-font-size);--awb-caption-title-transform:var(--h2_typography-text-transform);--awb-caption-title-line-height:var(--h2_typography-line-height);--awb-caption-title-letter-spacing:var(--h2_typography-letter-spacing);\"><span class=\"fusion-imageframe imageframe-none imageframe-1 hover-type-none\" style=\"border-radius:8px;\"><img decoding=\"async\" width=\"1000\" height=\"855\" title=\"Locking Ring for Raytools BM111 &#8211; Product Details 1\" src=\"https:\/\/www.yupeclaser.eu\/wp-content\/uploads\/2024\/05\/Locking-Ring-for-Raytools-BM111-Product-Details-1.jpg\" data-orig-src=\"https:\/\/yupeclaser.eu\/wp-content\/uploads\/2024\/05\/Locking-Ring-for-Raytools-BM111-Product-Details-1.jpg\" alt class=\"lazyload img-responsive wp-image-4587\" srcset=\"data:image\/svg+xml,%3Csvg%20xmlns%3D%27http%3A%2F%2Fwww.w3.org%2F2000%2Fsvg%27%20width%3D%271000%27%20height%3D%27855%27%20viewBox%3D%270%200%201000%20855%27%3E%3Crect%20width%3D%271000%27%20height%3D%27855%27%20fill-opacity%3D%220%22%2F%3E%3C%2Fsvg%3E\" data-srcset=\"https:\/\/www.yupeclaser.eu\/wp-content\/uploads\/2024\/05\/Locking-Ring-for-Raytools-BM111-Product-Details-1-200x171.jpg 200w, https:\/\/www.yupeclaser.eu\/wp-content\/uploads\/2024\/05\/Locking-Ring-for-Raytools-BM111-Product-Details-1-400x342.jpg 400w, https:\/\/www.yupeclaser.eu\/wp-content\/uploads\/2024\/05\/Locking-Ring-for-Raytools-BM111-Product-Details-1-600x513.jpg 600w, https:\/\/www.yupeclaser.eu\/wp-content\/uploads\/2024\/05\/Locking-Ring-for-Raytools-BM111-Product-Details-1-800x684.jpg 800w, https:\/\/www.yupeclaser.eu\/wp-content\/uploads\/2024\/05\/Locking-Ring-for-Raytools-BM111-Product-Details-1.jpg 1000w\" data-sizes=\"auto\" data-orig-sizes=\"(max-width: 640px) 100vw, 1000px\" \/><\/span><\/div><\/div><\/div><\/div><\/div><div class=\"fusion-fullwidth fullwidth-box fusion-builder-row-2 fusion-flex-container has-pattern-background has-mask-background nonhundred-percent-fullwidth non-hundred-percent-height-scrolling fusion-animated\" style=\"--awb-border-radius-top-left:0px;--awb-border-radius-top-right:0px;--awb-border-radius-bottom-right:0px;--awb-border-radius-bottom-left:0px;--awb-padding-top:0px;--awb-padding-right:0px;--awb-padding-bottom:0px;--awb-padding-left:0px;--awb-margin-top:60px;--awb-flex-wrap:wrap;\" data-animationtype=\"fadeInLeft\" data-animationduration=\"2.0\" data-animationoffset=\"top-into-view\" ><div class=\"fusion-builder-row fusion-row fusion-flex-align-items-flex-start fusion-flex-content-wrap\" style=\"max-width:1372.8px;margin-left: calc(-4% \/ 2 );margin-right: calc(-4% \/ 2 );\"><div class=\"fusion-layout-column fusion_builder_column fusion-builder-column-1 fusion_builder_column_1_1 1_1 fusion-flex-column\" style=\"--awb-bg-size:cover;--awb-width-large:100%;--awb-margin-top-large:20px;--awb-spacing-right-large:1.92%;--awb-margin-bottom-large:20px;--awb-spacing-left-large:1.92%;--awb-width-medium:100%;--awb-order-medium:0;--awb-spacing-right-medium:1.92%;--awb-spacing-left-medium:1.92%;--awb-width-small:100%;--awb-order-small:0;--awb-spacing-right-small:1.92%;--awb-spacing-left-small:1.92%;\"><div class=\"fusion-column-wrapper fusion-column-has-shadow fusion-flex-justify-content-flex-start fusion-content-layout-column\"><div class=\"fusion-title title fusion-title-2 fusion-sep-none fusion-title-text fusion-title-size-two\" style=\"--awb-text-color:var(--awb-color8);--awb-sep-color:var(--awb-custom_color_1);--awb-font-size:24px;\"><h2 class=\"fusion-title-heading title-heading-left fusion-responsive-typography-calculated\" style=\"margin:0;font-size:1em;--fontSize:24;line-height:1.3;\">Dimensions du Produit<\/h2><\/div><div class=\"fusion-separator\" style=\"align-self: flex-start;margin-right:auto;margin-top:-10px;width:100%;max-width:60px;\"><div class=\"fusion-separator-border sep-single sep-solid\" style=\"--awb-height:20px;--awb-amount:20px;--awb-sep-color:var(--awb-custom_color_1);border-color:var(--awb-custom_color_1);border-top-width:5px;\"><\/div><\/div><div class=\"fusion-image-element\" style=\"text-align:center;--awb-margin-top:10px;--awb-margin-top-small:20px;--awb-max-width:700px;--awb-caption-title-font-family:var(--h2_typography-font-family);--awb-caption-title-font-weight:var(--h2_typography-font-weight);--awb-caption-title-font-style:var(--h2_typography-font-style);--awb-caption-title-size:var(--h2_typography-font-size);--awb-caption-title-transform:var(--h2_typography-text-transform);--awb-caption-title-line-height:var(--h2_typography-line-height);--awb-caption-title-letter-spacing:var(--h2_typography-letter-spacing);\"><span class=\"fusion-imageframe imageframe-none imageframe-2 hover-type-none\" style=\"border-radius:8px;\"><img decoding=\"async\" width=\"1000\" height=\"546\" title=\"Locking Ring for Raytools BM111 &#8211; Product Size 1\" src=\"https:\/\/www.yupeclaser.eu\/wp-content\/uploads\/2024\/05\/Locking-Ring-for-Raytools-BM111-Product-Size-1.jpg\" data-orig-src=\"https:\/\/yupeclaser.eu\/wp-content\/uploads\/2024\/05\/Locking-Ring-for-Raytools-BM111-Product-Size-1.jpg\" alt class=\"lazyload img-responsive wp-image-4585\" srcset=\"data:image\/svg+xml,%3Csvg%20xmlns%3D%27http%3A%2F%2Fwww.w3.org%2F2000%2Fsvg%27%20width%3D%271000%27%20height%3D%27546%27%20viewBox%3D%270%200%201000%20546%27%3E%3Crect%20width%3D%271000%27%20height%3D%27546%27%20fill-opacity%3D%220%22%2F%3E%3C%2Fsvg%3E\" data-srcset=\"https:\/\/www.yupeclaser.eu\/wp-content\/uploads\/2024\/05\/Locking-Ring-for-Raytools-BM111-Product-Size-1-200x109.jpg 200w, https:\/\/www.yupeclaser.eu\/wp-content\/uploads\/2024\/05\/Locking-Ring-for-Raytools-BM111-Product-Size-1-400x218.jpg 400w, https:\/\/www.yupeclaser.eu\/wp-content\/uploads\/2024\/05\/Locking-Ring-for-Raytools-BM111-Product-Size-1-600x328.jpg 600w, https:\/\/www.yupeclaser.eu\/wp-content\/uploads\/2024\/05\/Locking-Ring-for-Raytools-BM111-Product-Size-1-800x437.jpg 800w, https:\/\/www.yupeclaser.eu\/wp-content\/uploads\/2024\/05\/Locking-Ring-for-Raytools-BM111-Product-Size-1.jpg 1000w\" data-sizes=\"auto\" data-orig-sizes=\"(max-width: 640px) 100vw, 1000px\" \/><\/span><\/div><\/div><\/div><\/div><\/div><div class=\"fusion-fullwidth fullwidth-box fusion-builder-row-3 fusion-flex-container has-pattern-background has-mask-background nonhundred-percent-fullwidth non-hundred-percent-height-scrolling fusion-animated\" style=\"--awb-border-radius-top-left:0px;--awb-border-radius-top-right:0px;--awb-border-radius-bottom-right:0px;--awb-border-radius-bottom-left:0px;--awb-padding-top:0px;--awb-padding-right:0px;--awb-padding-bottom:0px;--awb-padding-left:0px;--awb-margin-top:60px;--awb-flex-wrap:wrap;\" data-animationtype=\"fadeInLeft\" data-animationduration=\"2.0\" data-animationoffset=\"top-into-view\" ><div class=\"fusion-builder-row fusion-row fusion-flex-align-items-flex-start fusion-flex-content-wrap\" style=\"max-width:1372.8px;margin-left: calc(-4% \/ 2 );margin-right: calc(-4% \/ 2 );\"><div class=\"fusion-layout-column fusion_builder_column fusion-builder-column-2 fusion_builder_column_1_1 1_1 fusion-flex-column\" style=\"--awb-bg-size:cover;--awb-width-large:100%;--awb-margin-top-large:20px;--awb-spacing-right-large:1.92%;--awb-margin-bottom-large:20px;--awb-spacing-left-large:1.92%;--awb-width-medium:100%;--awb-order-medium:0;--awb-spacing-right-medium:1.92%;--awb-spacing-left-medium:1.92%;--awb-width-small:100%;--awb-order-small:0;--awb-spacing-right-small:1.92%;--awb-spacing-left-small:1.92%;\"><div class=\"fusion-column-wrapper fusion-column-has-shadow fusion-flex-justify-content-flex-start fusion-content-layout-column\"><div class=\"fusion-title title fusion-title-3 fusion-sep-none fusion-title-text fusion-title-size-two\" style=\"--awb-text-color:var(--awb-color8);--awb-sep-color:var(--awb-custom_color_1);--awb-font-size:24px;\"><h2 class=\"fusion-title-heading title-heading-left fusion-responsive-typography-calculated\" style=\"margin:0;font-size:1em;--fontSize:24;line-height:1.3;\">Applications du Produit<\/h2><\/div><div class=\"fusion-separator\" style=\"align-self: flex-start;margin-right:auto;margin-top:-10px;width:100%;max-width:60px;\"><div class=\"fusion-separator-border sep-single sep-solid\" style=\"--awb-height:20px;--awb-amount:20px;--awb-sep-color:var(--awb-custom_color_1);border-color:var(--awb-custom_color_1);border-top-width:5px;\"><\/div><\/div><div class=\"fusion-image-element\" style=\"text-align:center;--awb-margin-top:10px;--awb-max-width:700px;--awb-caption-title-font-family:var(--h2_typography-font-family);--awb-caption-title-font-weight:var(--h2_typography-font-weight);--awb-caption-title-font-style:var(--h2_typography-font-style);--awb-caption-title-size:var(--h2_typography-font-size);--awb-caption-title-transform:var(--h2_typography-text-transform);--awb-caption-title-line-height:var(--h2_typography-line-height);--awb-caption-title-letter-spacing:var(--h2_typography-letter-spacing);\"><span class=\"fusion-imageframe imageframe-none imageframe-3 hover-type-none\" style=\"border-radius:8px;\"><img decoding=\"async\" width=\"1000\" height=\"983\" title=\"Locking Ring for Raytools &#8211; Product Applications\" src=\"https:\/\/www.yupeclaser.eu\/wp-content\/uploads\/2024\/05\/Locking-Ring-for-Raytools-Product-Applications.jpg\" data-orig-src=\"https:\/\/yupeclaser.eu\/wp-content\/uploads\/2024\/05\/Locking-Ring-for-Raytools-Product-Applications.jpg\" alt class=\"lazyload img-responsive wp-image-4588\" srcset=\"data:image\/svg+xml,%3Csvg%20xmlns%3D%27http%3A%2F%2Fwww.w3.org%2F2000%2Fsvg%27%20width%3D%271000%27%20height%3D%27983%27%20viewBox%3D%270%200%201000%20983%27%3E%3Crect%20width%3D%271000%27%20height%3D%27983%27%20fill-opacity%3D%220%22%2F%3E%3C%2Fsvg%3E\" data-srcset=\"https:\/\/www.yupeclaser.eu\/wp-content\/uploads\/2024\/05\/Locking-Ring-for-Raytools-Product-Applications-200x197.jpg 200w, https:\/\/www.yupeclaser.eu\/wp-content\/uploads\/2024\/05\/Locking-Ring-for-Raytools-Product-Applications-400x393.jpg 400w, https:\/\/www.yupeclaser.eu\/wp-content\/uploads\/2024\/05\/Locking-Ring-for-Raytools-Product-Applications-600x590.jpg 600w, https:\/\/www.yupeclaser.eu\/wp-content\/uploads\/2024\/05\/Locking-Ring-for-Raytools-Product-Applications-800x786.jpg 800w, https:\/\/www.yupeclaser.eu\/wp-content\/uploads\/2024\/05\/Locking-Ring-for-Raytools-Product-Applications.jpg 1000w\" data-sizes=\"auto\" data-orig-sizes=\"(max-width: 640px) 100vw, 1000px\" \/><\/span><\/div><\/div><\/div><\/div><\/div><\/p>","protected":false},"excerpt":{"rendered":"<p>Cette bague de verrouillage est con\u00e7ue pour la t\u00eate laser Raytools BM111. Ce composant offre une haute r\u00e9sistance m\u00e9canique, une r\u00e9sistance exceptionnelle \u00e0 la fatigue et une surface lisse avec un frottement minimal, garantissant \u00e0 la fois durabilit\u00e9 et performance pr\u00e9cise pour les connecteurs de buses laser.<\/p>","protected":false},"featured_media":4584,"template":"","meta":[],"product_brand":[],"product_cat":[50],"product_tag":[],"class_list":{"0":"post-4583","1":"product","2":"type-product","3":"status-publish","4":"has-post-thumbnail","6":"product_cat-nozzle-connectors","8":"first","9":"instock","10":"shipping-taxable","11":"product-type-simple"},"yoast_head":"<!-- This site is optimized with the Yoast SEO plugin v26.5 - https:\/\/yoast.com\/wordpress\/plugins\/seo\/ -->\n<title>Locking Ring for Raytools BM111 Laser Head - YUPEC Laser<\/title>\n<meta name=\"description\" content=\"This Locking Ring is designed for Raytools BM111 Laser Head. This component boasts high mechanical strength, exceptional fatigue resistance, and a smooth surface...\" \/>\n<meta name=\"robots\" content=\"index, follow, max-snippet:-1, max-image-preview:large, max-video-preview:-1\" \/>\n<link rel=\"canonical\" href=\"https:\/\/www.yupeclaser.eu\/fr\/product\/locking-ring-for-raytools-bm111-laser-head\/\" \/>\n<meta property=\"og:locale\" content=\"fr_FR\" \/>\n<meta property=\"og:type\" content=\"article\" \/>\n<meta property=\"og:title\" content=\"Locking Ring for Raytools BM111 Laser Head - YUPEC Laser\" \/>\n<meta property=\"og:description\" content=\"This Locking Ring is designed for Raytools BM111 Laser Head. This component boasts high mechanical strength, exceptional fatigue resistance, and a smooth surface...\" \/>\n<meta property=\"og:url\" content=\"https:\/\/www.yupeclaser.eu\/fr\/product\/locking-ring-for-raytools-bm111-laser-head\/\" \/>\n<meta property=\"og:site_name\" content=\"YUPEC Laser\" \/>\n<meta property=\"og:image\" content=\"https:\/\/www.yupeclaser.eu\/wp-content\/uploads\/2024\/05\/Locking-Ring-for-Raytools-BM111-1.png\" \/>\n\t<meta property=\"og:image:width\" content=\"750\" \/>\n\t<meta property=\"og:image:height\" content=\"513\" \/>\n\t<meta property=\"og:image:type\" content=\"image\/png\" \/>\n<meta name=\"twitter:card\" content=\"summary_large_image\" \/>\n<meta name=\"twitter:label1\" content=\"Dur\u00e9e de lecture estim\u00e9e\" \/>\n\t<meta name=\"twitter:data1\" content=\"1 minute\" \/>\n<script type=\"application\/ld+json\" class=\"yoast-schema-graph\">{\"@context\":\"https:\/\/schema.org\",\"@graph\":[{\"@type\":\"WebPage\",\"@id\":\"https:\/\/www.yupeclaser.eu\/product\/locking-ring-for-raytools-bm111-laser-head\/\",\"url\":\"https:\/\/www.yupeclaser.eu\/product\/locking-ring-for-raytools-bm111-laser-head\/\",\"name\":\"Locking Ring for Raytools BM111 Laser Head - YUPEC Laser\",\"isPartOf\":{\"@id\":\"https:\/\/www.yupeclaser.eu\/#website\"},\"primaryImageOfPage\":{\"@id\":\"https:\/\/www.yupeclaser.eu\/product\/locking-ring-for-raytools-bm111-laser-head\/#primaryimage\"},\"image\":{\"@id\":\"https:\/\/www.yupeclaser.eu\/product\/locking-ring-for-raytools-bm111-laser-head\/#primaryimage\"},\"thumbnailUrl\":\"https:\/\/www.yupeclaser.eu\/wp-content\/uploads\/2024\/05\/Locking-Ring-for-Raytools-BM111-1.png\",\"datePublished\":\"2024-05-17T03:30:12+00:00\",\"dateModified\":\"2024-06-17T02:46:23+00:00\",\"description\":\"This Locking Ring is designed for Raytools BM111 Laser Head. This component boasts high mechanical strength, exceptional fatigue resistance, and a smooth surface...\",\"breadcrumb\":{\"@id\":\"https:\/\/www.yupeclaser.eu\/product\/locking-ring-for-raytools-bm111-laser-head\/#breadcrumb\"},\"inLanguage\":\"fr-FR\",\"potentialAction\":[{\"@type\":\"ReadAction\",\"target\":[\"https:\/\/www.yupeclaser.eu\/product\/locking-ring-for-raytools-bm111-laser-head\/\"]}]},{\"@type\":\"ImageObject\",\"inLanguage\":\"fr-FR\",\"@id\":\"https:\/\/www.yupeclaser.eu\/product\/locking-ring-for-raytools-bm111-laser-head\/#primaryimage\",\"url\":\"https:\/\/www.yupeclaser.eu\/wp-content\/uploads\/2024\/05\/Locking-Ring-for-Raytools-BM111-1.png\",\"contentUrl\":\"https:\/\/www.yupeclaser.eu\/wp-content\/uploads\/2024\/05\/Locking-Ring-for-Raytools-BM111-1.png\",\"width\":750,\"height\":513},{\"@type\":\"BreadcrumbList\",\"@id\":\"https:\/\/www.yupeclaser.eu\/product\/locking-ring-for-raytools-bm111-laser-head\/#breadcrumb\",\"itemListElement\":[{\"@type\":\"ListItem\",\"position\":1,\"name\":\"Home\",\"item\":\"https:\/\/www.yupeclaser.eu\/\"},{\"@type\":\"ListItem\",\"position\":2,\"name\":\"Products\",\"item\":\"https:\/\/www.yupeclaser.eu\/products\/\"},{\"@type\":\"ListItem\",\"position\":3,\"name\":\"Nozzle Connectors\",\"item\":\"https:\/\/www.yupeclaser.eu\/nozzle-connectors\/\"},{\"@type\":\"ListItem\",\"position\":4,\"name\":\"Locking Ring for Raytools BM111 Laser Head\"}]},{\"@type\":\"WebSite\",\"@id\":\"https:\/\/www.yupeclaser.eu\/#website\",\"url\":\"https:\/\/www.yupeclaser.eu\/\",\"name\":\"YUPEC Laser\",\"description\":\"\",\"potentialAction\":[{\"@type\":\"SearchAction\",\"target\":{\"@type\":\"EntryPoint\",\"urlTemplate\":\"https:\/\/www.yupeclaser.eu\/?s={search_term_string}\"},\"query-input\":{\"@type\":\"PropertyValueSpecification\",\"valueRequired\":true,\"valueName\":\"search_term_string\"}}],\"inLanguage\":\"fr-FR\"}]}<\/script>\n<!-- \/ Yoast SEO plugin. -->","yoast_head_json":{"title":"Bague de Verrouillage pour T\u00eate Laser Raytools BM111 - YUPEC Laser","description":"Cette Bague de Verrouillage est con\u00e7ue pour la T\u00eate Laser Raytools BM111. Ce composant offre une haute r\u00e9sistance m\u00e9canique, une r\u00e9sistance exceptionnelle \u00e0 la fatigue et une surface lisse...","robots":{"index":"index","follow":"follow","max-snippet":"max-snippet:-1","max-image-preview":"max-image-preview:large","max-video-preview":"max-video-preview:-1"},"canonical":"https:\/\/www.yupeclaser.eu\/fr\/product\/locking-ring-for-raytools-bm111-laser-head\/","og_locale":"fr_FR","og_type":"article","og_title":"Locking Ring for Raytools BM111 Laser Head - YUPEC Laser","og_description":"This Locking Ring is designed for Raytools BM111 Laser Head. This component boasts high mechanical strength, exceptional fatigue resistance, and a smooth surface...","og_url":"https:\/\/www.yupeclaser.eu\/fr\/product\/locking-ring-for-raytools-bm111-laser-head\/","og_site_name":"YUPEC Laser","og_image":[{"width":750,"height":513,"url":"https:\/\/www.yupeclaser.eu\/wp-content\/uploads\/2024\/05\/Locking-Ring-for-Raytools-BM111-1.png","type":"image\/png"}],"twitter_card":"summary_large_image","twitter_misc":{"Dur\u00e9e de lecture estim\u00e9e":"1 minute"},"schema":{"@context":"https:\/\/schema.org","@graph":[{"@type":"WebPage","@id":"https:\/\/www.yupeclaser.eu\/product\/locking-ring-for-raytools-bm111-laser-head\/","url":"https:\/\/www.yupeclaser.eu\/product\/locking-ring-for-raytools-bm111-laser-head\/","name":"Bague de Verrouillage pour T\u00eate Laser Raytools BM111 - YUPEC Laser","isPartOf":{"@id":"https:\/\/www.yupeclaser.eu\/#website"},"primaryImageOfPage":{"@id":"https:\/\/www.yupeclaser.eu\/product\/locking-ring-for-raytools-bm111-laser-head\/#primaryimage"},"image":{"@id":"https:\/\/www.yupeclaser.eu\/product\/locking-ring-for-raytools-bm111-laser-head\/#primaryimage"},"thumbnailUrl":"https:\/\/www.yupeclaser.eu\/wp-content\/uploads\/2024\/05\/Locking-Ring-for-Raytools-BM111-1.png","datePublished":"2024-05-17T03:30:12+00:00","dateModified":"2024-06-17T02:46:23+00:00","description":"Cette Bague de Verrouillage est con\u00e7ue pour la T\u00eate Laser Raytools BM111. Ce composant offre une haute r\u00e9sistance m\u00e9canique, une r\u00e9sistance exceptionnelle \u00e0 la fatigue et une surface lisse...","breadcrumb":{"@id":"https:\/\/www.yupeclaser.eu\/product\/locking-ring-for-raytools-bm111-laser-head\/#breadcrumb"},"inLanguage":"fr-FR","potentialAction":[{"@type":"ReadAction","target":["https:\/\/www.yupeclaser.eu\/product\/locking-ring-for-raytools-bm111-laser-head\/"]}]},{"@type":"ImageObject","inLanguage":"fr-FR","@id":"https:\/\/www.yupeclaser.eu\/product\/locking-ring-for-raytools-bm111-laser-head\/#primaryimage","url":"https:\/\/www.yupeclaser.eu\/wp-content\/uploads\/2024\/05\/Locking-Ring-for-Raytools-BM111-1.png","contentUrl":"https:\/\/www.yupeclaser.eu\/wp-content\/uploads\/2024\/05\/Locking-Ring-for-Raytools-BM111-1.png","width":750,"height":513},{"@type":"BreadcrumbList","@id":"https:\/\/www.yupeclaser.eu\/product\/locking-ring-for-raytools-bm111-laser-head\/#breadcrumb","itemListElement":[{"@type":"ListItem","position":1,"name":"Home","item":"https:\/\/www.yupeclaser.eu\/"},{"@type":"ListItem","position":2,"name":"Products","item":"https:\/\/www.yupeclaser.eu\/products\/"},{"@type":"ListItem","position":3,"name":"Nozzle Connectors","item":"https:\/\/www.yupeclaser.eu\/nozzle-connectors\/"},{"@type":"ListItem","position":4,"name":"Locking Ring for Raytools BM111 Laser Head"}]},{"@type":"WebSite","@id":"https:\/\/www.yupeclaser.eu\/#website","url":"https:\/\/www.yupeclaser.eu\/","name":"YUPEC Laser","description":"","potentialAction":[{"@type":"SearchAction","target":{"@type":"EntryPoint","urlTemplate":"https:\/\/www.yupeclaser.eu\/?s={search_term_string}"},"query-input":{"@type":"PropertyValueSpecification","valueRequired":true,"valueName":"search_term_string"}}],"inLanguage":"fr-FR"}]}},"_links":{"self":[{"href":"https:\/\/www.yupeclaser.eu\/fr\/wp-json\/wp\/v2\/product\/4583","targetHints":{"allow":["GET"]}}],"collection":[{"href":"https:\/\/www.yupeclaser.eu\/fr\/wp-json\/wp\/v2\/product"}],"about":[{"href":"https:\/\/www.yupeclaser.eu\/fr\/wp-json\/wp\/v2\/types\/product"}],"wp:featuredmedia":[{"embeddable":true,"href":"https:\/\/www.yupeclaser.eu\/fr\/wp-json\/wp\/v2\/media\/4584"}],"wp:attachment":[{"href":"https:\/\/www.yupeclaser.eu\/fr\/wp-json\/wp\/v2\/media?parent=4583"}],"wp:term":[{"taxonomy":"product_brand","embeddable":true,"href":"https:\/\/www.yupeclaser.eu\/fr\/wp-json\/wp\/v2\/product_brand?post=4583"},{"taxonomy":"product_cat","embeddable":true,"href":"https:\/\/www.yupeclaser.eu\/fr\/wp-json\/wp\/v2\/product_cat?post=4583"},{"taxonomy":"product_tag","embeddable":true,"href":"https:\/\/www.yupeclaser.eu\/fr\/wp-json\/wp\/v2\/product_tag?post=4583"}],"curies":[{"name":"wp","href":"https:\/\/api.w.org\/{rel}","templated":true}]}}