{"id":4408,"date":"2024-05-16T03:00:53","date_gmt":"2024-05-16T03:00:53","guid":{"rendered":"https:\/\/yupeclaser.eu\/?post_type=product&#038;p=4408"},"modified":"2024-06-17T02:43:25","modified_gmt":"2024-06-17T02:43:25","slug":"ceramic-parts-dia-19-5-h12-5-m8-for-raytools-bt210s-bt240s-bm109-bm111","status":"publish","type":"product","link":"https:\/\/www.yupeclaser.eu\/fr\/product\/ceramic-parts-dia-19-5-h12-5-m8-for-raytools-bt210s-bt240s-bm109-bm111\/","title":{"rendered":"Pi\u00e8ces en C\u00e9ramique Dia. 19.5 pour Raytools BT210S BT240S BM109 BM111"},"content":{"rendered":"<p><div class=\"fusion-fullwidth fullwidth-box fusion-builder-row-1 fusion-flex-container has-pattern-background has-mask-background nonhundred-percent-fullwidth non-hundred-percent-height-scrolling fusion-animated\" style=\"--awb-border-radius-top-left:0px;--awb-border-radius-top-right:0px;--awb-border-radius-bottom-right:0px;--awb-border-radius-bottom-left:0px;--awb-padding-top:0px;--awb-padding-right:0px;--awb-padding-bottom:0px;--awb-padding-left:0px;--awb-flex-wrap:wrap;\" data-animationtype=\"fadeInLeft\" data-animationduration=\"2.0\" data-animationoffset=\"top-into-view\" ><div class=\"fusion-builder-row fusion-row fusion-flex-align-items-flex-start fusion-flex-content-wrap\" style=\"max-width:1372.8px;margin-left: calc(-4% \/ 2 );margin-right: calc(-4% \/ 2 );\"><div class=\"fusion-layout-column fusion_builder_column fusion-builder-column-0 fusion_builder_column_1_1 1_1 fusion-flex-column\" style=\"--awb-bg-size:cover;--awb-width-large:100%;--awb-margin-top-large:20px;--awb-spacing-right-large:1.92%;--awb-margin-bottom-large:20px;--awb-spacing-left-large:1.92%;--awb-width-medium:100%;--awb-order-medium:0;--awb-spacing-right-medium:1.92%;--awb-spacing-left-medium:1.92%;--awb-width-small:100%;--awb-order-small:0;--awb-spacing-right-small:1.92%;--awb-spacing-left-small:1.92%;\"><div class=\"fusion-column-wrapper fusion-column-has-shadow fusion-flex-justify-content-flex-start fusion-content-layout-column\"><div class=\"fusion-title title fusion-title-1 fusion-sep-none fusion-title-text fusion-title-size-two\" style=\"--awb-text-color:var(--awb-color8);--awb-sep-color:var(--awb-custom_color_1);--awb-font-size:24px;\"><h2 class=\"fusion-title-heading title-heading-left fusion-responsive-typography-calculated\" style=\"margin:0;font-size:1em;--fontSize:24;line-height:1.3;\">D\u00e9tails du Produit<\/h2><\/div><div class=\"fusion-separator\" style=\"align-self: flex-start;margin-right:auto;margin-top:-10px;width:100%;max-width:60px;\"><div class=\"fusion-separator-border sep-single sep-solid\" style=\"--awb-height:20px;--awb-amount:20px;--awb-sep-color:var(--awb-custom_color_1);border-color:var(--awb-custom_color_1);border-top-width:5px;\"><\/div><\/div><div class=\"fusion-image-element\" style=\"text-align:center;--awb-margin-top:10px;--awb-max-width:600px;--awb-caption-title-font-family:var(--h2_typography-font-family);--awb-caption-title-font-weight:var(--h2_typography-font-weight);--awb-caption-title-font-style:var(--h2_typography-font-style);--awb-caption-title-size:var(--h2_typography-font-size);--awb-caption-title-transform:var(--h2_typography-text-transform);--awb-caption-title-line-height:var(--h2_typography-line-height);--awb-caption-title-letter-spacing:var(--h2_typography-letter-spacing);\"><span class=\"fusion-imageframe imageframe-none imageframe-1 hover-type-none\" style=\"border-radius:8px;\"><img decoding=\"async\" width=\"1000\" height=\"591\" title=\"Ceramic Parts for Raytools BT210S &#8211; Product Details 1\" src=\"https:\/\/www.yupeclaser.eu\/wp-content\/uploads\/2024\/05\/Ceramic-Parts-for-Raytools-BT210S-Product-Details-1.jpg\" data-orig-src=\"https:\/\/yupeclaser.eu\/wp-content\/uploads\/2024\/05\/Ceramic-Parts-for-Raytools-BT210S-Product-Details-1.jpg\" alt class=\"lazyload img-responsive wp-image-4410\" srcset=\"data:image\/svg+xml,%3Csvg%20xmlns%3D%27http%3A%2F%2Fwww.w3.org%2F2000%2Fsvg%27%20width%3D%271000%27%20height%3D%27591%27%20viewBox%3D%270%200%201000%20591%27%3E%3Crect%20width%3D%271000%27%20height%3D%27591%27%20fill-opacity%3D%220%22%2F%3E%3C%2Fsvg%3E\" data-srcset=\"https:\/\/www.yupeclaser.eu\/wp-content\/uploads\/2024\/05\/Ceramic-Parts-for-Raytools-BT210S-Product-Details-1-200x118.jpg 200w, https:\/\/www.yupeclaser.eu\/wp-content\/uploads\/2024\/05\/Ceramic-Parts-for-Raytools-BT210S-Product-Details-1-400x236.jpg 400w, https:\/\/www.yupeclaser.eu\/wp-content\/uploads\/2024\/05\/Ceramic-Parts-for-Raytools-BT210S-Product-Details-1-600x355.jpg 600w, https:\/\/www.yupeclaser.eu\/wp-content\/uploads\/2024\/05\/Ceramic-Parts-for-Raytools-BT210S-Product-Details-1-800x473.jpg 800w, https:\/\/www.yupeclaser.eu\/wp-content\/uploads\/2024\/05\/Ceramic-Parts-for-Raytools-BT210S-Product-Details-1.jpg 1000w\" data-sizes=\"auto\" data-orig-sizes=\"(max-width: 640px) 100vw, 1000px\" \/><\/span><\/div><\/div><\/div><\/div><\/div><div class=\"fusion-fullwidth fullwidth-box fusion-builder-row-2 fusion-flex-container has-pattern-background has-mask-background nonhundred-percent-fullwidth non-hundred-percent-height-scrolling fusion-animated\" style=\"--awb-border-radius-top-left:0px;--awb-border-radius-top-right:0px;--awb-border-radius-bottom-right:0px;--awb-border-radius-bottom-left:0px;--awb-padding-top:0px;--awb-padding-right:0px;--awb-padding-bottom:0px;--awb-padding-left:0px;--awb-margin-top:60px;--awb-flex-wrap:wrap;\" data-animationtype=\"fadeInLeft\" data-animationduration=\"2.0\" data-animationoffset=\"top-into-view\" ><div class=\"fusion-builder-row fusion-row fusion-flex-align-items-flex-start fusion-flex-content-wrap\" style=\"max-width:1372.8px;margin-left: calc(-4% \/ 2 );margin-right: calc(-4% \/ 2 );\"><div class=\"fusion-layout-column fusion_builder_column fusion-builder-column-1 fusion_builder_column_1_1 1_1 fusion-flex-column\" style=\"--awb-bg-size:cover;--awb-width-large:100%;--awb-margin-top-large:20px;--awb-spacing-right-large:1.92%;--awb-margin-bottom-large:20px;--awb-spacing-left-large:1.92%;--awb-width-medium:100%;--awb-order-medium:0;--awb-spacing-right-medium:1.92%;--awb-spacing-left-medium:1.92%;--awb-width-small:100%;--awb-order-small:0;--awb-spacing-right-small:1.92%;--awb-spacing-left-small:1.92%;\"><div class=\"fusion-column-wrapper fusion-column-has-shadow fusion-flex-justify-content-flex-start fusion-content-layout-column\"><div class=\"fusion-title title fusion-title-2 fusion-sep-none fusion-title-text fusion-title-size-two\" style=\"--awb-text-color:var(--awb-color8);--awb-sep-color:var(--awb-custom_color_1);--awb-font-size:24px;\"><h2 class=\"fusion-title-heading title-heading-left fusion-responsive-typography-calculated\" style=\"margin:0;font-size:1em;--fontSize:24;line-height:1.3;\">Dimensions du Produit<\/h2><\/div><div class=\"fusion-separator\" style=\"align-self: flex-start;margin-right:auto;margin-top:-10px;width:100%;max-width:60px;\"><div class=\"fusion-separator-border sep-single sep-solid\" style=\"--awb-height:20px;--awb-amount:20px;--awb-sep-color:var(--awb-custom_color_1);border-color:var(--awb-custom_color_1);border-top-width:5px;\"><\/div><\/div><div class=\"fusion-image-element\" style=\"text-align:center;--awb-margin-top:10px;--awb-max-width:600px;--awb-caption-title-font-family:var(--h2_typography-font-family);--awb-caption-title-font-weight:var(--h2_typography-font-weight);--awb-caption-title-font-style:var(--h2_typography-font-style);--awb-caption-title-size:var(--h2_typography-font-size);--awb-caption-title-transform:var(--h2_typography-text-transform);--awb-caption-title-line-height:var(--h2_typography-line-height);--awb-caption-title-letter-spacing:var(--h2_typography-letter-spacing);\"><span class=\"fusion-imageframe imageframe-none imageframe-2 hover-type-none\" style=\"border-radius:8px;\"><img decoding=\"async\" width=\"1000\" height=\"547\" title=\"Ceramic Parts for Raytools BT210S &#8211; Product Details 2\" src=\"https:\/\/www.yupeclaser.eu\/wp-content\/uploads\/2024\/05\/Ceramic-Parts-for-Raytools-BT210S-Product-Details-2.jpg\" data-orig-src=\"https:\/\/yupeclaser.eu\/wp-content\/uploads\/2024\/05\/Ceramic-Parts-for-Raytools-BT210S-Product-Details-2.jpg\" alt class=\"lazyload img-responsive wp-image-4411\" srcset=\"data:image\/svg+xml,%3Csvg%20xmlns%3D%27http%3A%2F%2Fwww.w3.org%2F2000%2Fsvg%27%20width%3D%271000%27%20height%3D%27547%27%20viewBox%3D%270%200%201000%20547%27%3E%3Crect%20width%3D%271000%27%20height%3D%27547%27%20fill-opacity%3D%220%22%2F%3E%3C%2Fsvg%3E\" data-srcset=\"https:\/\/www.yupeclaser.eu\/wp-content\/uploads\/2024\/05\/Ceramic-Parts-for-Raytools-BT210S-Product-Details-2-200x109.jpg 200w, https:\/\/www.yupeclaser.eu\/wp-content\/uploads\/2024\/05\/Ceramic-Parts-for-Raytools-BT210S-Product-Details-2-400x219.jpg 400w, https:\/\/www.yupeclaser.eu\/wp-content\/uploads\/2024\/05\/Ceramic-Parts-for-Raytools-BT210S-Product-Details-2-600x328.jpg 600w, https:\/\/www.yupeclaser.eu\/wp-content\/uploads\/2024\/05\/Ceramic-Parts-for-Raytools-BT210S-Product-Details-2-800x438.jpg 800w, https:\/\/www.yupeclaser.eu\/wp-content\/uploads\/2024\/05\/Ceramic-Parts-for-Raytools-BT210S-Product-Details-2.jpg 1000w\" data-sizes=\"auto\" data-orig-sizes=\"(max-width: 640px) 100vw, 1000px\" \/><\/span><\/div><\/div><\/div><\/div><\/div><div class=\"fusion-fullwidth fullwidth-box fusion-builder-row-3 fusion-flex-container has-pattern-background has-mask-background nonhundred-percent-fullwidth non-hundred-percent-height-scrolling fusion-animated\" style=\"--awb-border-radius-top-left:0px;--awb-border-radius-top-right:0px;--awb-border-radius-bottom-right:0px;--awb-border-radius-bottom-left:0px;--awb-padding-top:0px;--awb-padding-right:0px;--awb-padding-bottom:0px;--awb-padding-left:0px;--awb-margin-top:60px;--awb-flex-wrap:wrap;\" data-animationtype=\"fadeInLeft\" data-animationduration=\"2.0\" data-animationoffset=\"top-into-view\" ><div class=\"fusion-builder-row fusion-row fusion-flex-align-items-flex-start fusion-flex-content-wrap\" style=\"max-width:1372.8px;margin-left: calc(-4% \/ 2 );margin-right: calc(-4% \/ 2 );\"><div class=\"fusion-layout-column fusion_builder_column fusion-builder-column-2 fusion_builder_column_1_1 1_1 fusion-flex-column\" style=\"--awb-bg-size:cover;--awb-width-large:100%;--awb-margin-top-large:20px;--awb-spacing-right-large:1.92%;--awb-margin-bottom-large:20px;--awb-spacing-left-large:1.92%;--awb-width-medium:100%;--awb-order-medium:0;--awb-spacing-right-medium:1.92%;--awb-spacing-left-medium:1.92%;--awb-width-small:100%;--awb-order-small:0;--awb-spacing-right-small:1.92%;--awb-spacing-left-small:1.92%;\"><div class=\"fusion-column-wrapper fusion-column-has-shadow fusion-flex-justify-content-flex-start fusion-content-layout-column\"><div class=\"fusion-title title fusion-title-3 fusion-sep-none fusion-title-text fusion-title-size-two\" style=\"--awb-text-color:var(--awb-color8);--awb-sep-color:var(--awb-custom_color_1);--awb-font-size:24px;\"><h2 class=\"fusion-title-heading title-heading-left fusion-responsive-typography-calculated\" style=\"margin:0;font-size:1em;--fontSize:24;line-height:1.3;\">Applications du Produit<\/h2><\/div><div class=\"fusion-separator\" style=\"align-self: flex-start;margin-right:auto;margin-top:-10px;width:100%;max-width:60px;\"><div class=\"fusion-separator-border sep-single sep-solid\" style=\"--awb-height:20px;--awb-amount:20px;--awb-sep-color:var(--awb-custom_color_1);border-color:var(--awb-custom_color_1);border-top-width:5px;\"><\/div><\/div><div class=\"fusion-image-element\" style=\"text-align:center;--awb-margin-top:10px;--awb-max-width:600px;--awb-caption-title-font-family:var(--h2_typography-font-family);--awb-caption-title-font-weight:var(--h2_typography-font-weight);--awb-caption-title-font-style:var(--h2_typography-font-style);--awb-caption-title-size:var(--h2_typography-font-size);--awb-caption-title-transform:var(--h2_typography-text-transform);--awb-caption-title-line-height:var(--h2_typography-line-height);--awb-caption-title-letter-spacing:var(--h2_typography-letter-spacing);\"><span class=\"fusion-imageframe imageframe-none imageframe-3 hover-type-none\" style=\"border-radius:8px;\"><img decoding=\"async\" width=\"1000\" height=\"549\" title=\"Ceramic Parts for Raytools BT210S &#8211; Product Details 3\" src=\"https:\/\/www.yupeclaser.eu\/wp-content\/uploads\/2024\/05\/Ceramic-Parts-for-Raytools-BT210S-Product-Details-3.jpg\" data-orig-src=\"https:\/\/yupeclaser.eu\/wp-content\/uploads\/2024\/05\/Ceramic-Parts-for-Raytools-BT210S-Product-Details-3.jpg\" alt class=\"lazyload img-responsive wp-image-4412\" srcset=\"data:image\/svg+xml,%3Csvg%20xmlns%3D%27http%3A%2F%2Fwww.w3.org%2F2000%2Fsvg%27%20width%3D%271000%27%20height%3D%27549%27%20viewBox%3D%270%200%201000%20549%27%3E%3Crect%20width%3D%271000%27%20height%3D%27549%27%20fill-opacity%3D%220%22%2F%3E%3C%2Fsvg%3E\" data-srcset=\"https:\/\/www.yupeclaser.eu\/wp-content\/uploads\/2024\/05\/Ceramic-Parts-for-Raytools-BT210S-Product-Details-3-200x110.jpg 200w, https:\/\/www.yupeclaser.eu\/wp-content\/uploads\/2024\/05\/Ceramic-Parts-for-Raytools-BT210S-Product-Details-3-400x220.jpg 400w, https:\/\/www.yupeclaser.eu\/wp-content\/uploads\/2024\/05\/Ceramic-Parts-for-Raytools-BT210S-Product-Details-3-600x329.jpg 600w, https:\/\/www.yupeclaser.eu\/wp-content\/uploads\/2024\/05\/Ceramic-Parts-for-Raytools-BT210S-Product-Details-3-800x439.jpg 800w, https:\/\/www.yupeclaser.eu\/wp-content\/uploads\/2024\/05\/Ceramic-Parts-for-Raytools-BT210S-Product-Details-3.jpg 1000w\" data-sizes=\"auto\" data-orig-sizes=\"(max-width: 640px) 100vw, 1000px\" \/><\/span><\/div><\/div><\/div><\/div><\/div><\/p>","protected":false},"excerpt":{"rendered":"<p>Con\u00e7ues pour am\u00e9liorer les processus de coupe, ces c\u00e9ramiques offrent une isolation efficace et une longue dur\u00e9e de vie pour une utilisation fiable et prolong\u00e9e. Leur alliage sp\u00e9cial de haute qualit\u00e9 garantit une bonne conductivit\u00e9 et une sensibilit\u00e9 \u00e9lev\u00e9e, contribuant ainsi \u00e0 des performances de coupe optimales.<\/p>","protected":false},"featured_media":4409,"template":"","meta":[],"product_brand":[],"product_cat":[51],"product_tag":[],"class_list":{"0":"post-4408","1":"product","2":"type-product","3":"status-publish","4":"has-post-thumbnail","6":"product_cat-laser-ceramics","8":"first","9":"instock","10":"shipping-taxable","11":"product-type-simple"},"yoast_head":"<!-- This site is optimized with the Yoast SEO plugin v26.5 - https:\/\/yoast.com\/wordpress\/plugins\/seo\/ -->\n<title>Ceramic Parts Dia. 19.5 for Raytools BT210S BT240S BM109 BM111 - YUPEC Laser<\/title>\n<meta name=\"description\" content=\"Crafted for enhanced cutting processes, these ceramics for Raytools offer effective insulation and a long lifespan for reliable, extended use.\" \/>\n<meta name=\"robots\" content=\"index, follow, max-snippet:-1, max-image-preview:large, max-video-preview:-1\" \/>\n<link rel=\"canonical\" href=\"https:\/\/www.yupeclaser.eu\/fr\/product\/ceramic-parts-dia-19-5-h12-5-m8-for-raytools-bt210s-bt240s-bm109-bm111\/\" \/>\n<meta property=\"og:locale\" content=\"fr_FR\" \/>\n<meta property=\"og:type\" content=\"article\" \/>\n<meta property=\"og:title\" content=\"Ceramic Parts Dia. 19.5 for Raytools BT210S BT240S BM109 BM111 - YUPEC Laser\" \/>\n<meta property=\"og:description\" content=\"Crafted for enhanced cutting processes, these ceramics for Raytools offer effective insulation and a long lifespan for reliable, extended use.\" \/>\n<meta property=\"og:url\" content=\"https:\/\/www.yupeclaser.eu\/fr\/product\/ceramic-parts-dia-19-5-h12-5-m8-for-raytools-bt210s-bt240s-bm109-bm111\/\" \/>\n<meta property=\"og:site_name\" content=\"YUPEC Laser\" \/>\n<meta property=\"og:image\" content=\"https:\/\/www.yupeclaser.eu\/wp-content\/uploads\/2024\/05\/Ceramic-Parts-for-Raytools-BT210S-1.png\" \/>\n\t<meta property=\"og:image:width\" content=\"750\" \/>\n\t<meta property=\"og:image:height\" content=\"513\" \/>\n\t<meta property=\"og:image:type\" content=\"image\/png\" \/>\n<meta name=\"twitter:card\" content=\"summary_large_image\" \/>\n<meta name=\"twitter:label1\" content=\"Dur\u00e9e de lecture estim\u00e9e\" \/>\n\t<meta name=\"twitter:data1\" content=\"1 minute\" \/>\n<script type=\"application\/ld+json\" class=\"yoast-schema-graph\">{\"@context\":\"https:\/\/schema.org\",\"@graph\":[{\"@type\":\"WebPage\",\"@id\":\"https:\/\/www.yupeclaser.eu\/product\/ceramic-parts-dia-19-5-h12-5-m8-for-raytools-bt210s-bt240s-bm109-bm111\/\",\"url\":\"https:\/\/www.yupeclaser.eu\/product\/ceramic-parts-dia-19-5-h12-5-m8-for-raytools-bt210s-bt240s-bm109-bm111\/\",\"name\":\"Ceramic Parts Dia. 19.5 for Raytools BT210S BT240S BM109 BM111 - YUPEC Laser\",\"isPartOf\":{\"@id\":\"https:\/\/www.yupeclaser.eu\/#website\"},\"primaryImageOfPage\":{\"@id\":\"https:\/\/www.yupeclaser.eu\/product\/ceramic-parts-dia-19-5-h12-5-m8-for-raytools-bt210s-bt240s-bm109-bm111\/#primaryimage\"},\"image\":{\"@id\":\"https:\/\/www.yupeclaser.eu\/product\/ceramic-parts-dia-19-5-h12-5-m8-for-raytools-bt210s-bt240s-bm109-bm111\/#primaryimage\"},\"thumbnailUrl\":\"https:\/\/www.yupeclaser.eu\/wp-content\/uploads\/2024\/05\/Ceramic-Parts-for-Raytools-BT210S-1.png\",\"datePublished\":\"2024-05-16T03:00:53+00:00\",\"dateModified\":\"2024-06-17T02:43:25+00:00\",\"description\":\"Crafted for enhanced cutting processes, these ceramics for Raytools offer effective insulation and a long lifespan for reliable, extended use.\",\"breadcrumb\":{\"@id\":\"https:\/\/www.yupeclaser.eu\/product\/ceramic-parts-dia-19-5-h12-5-m8-for-raytools-bt210s-bt240s-bm109-bm111\/#breadcrumb\"},\"inLanguage\":\"fr-FR\",\"potentialAction\":[{\"@type\":\"ReadAction\",\"target\":[\"https:\/\/www.yupeclaser.eu\/product\/ceramic-parts-dia-19-5-h12-5-m8-for-raytools-bt210s-bt240s-bm109-bm111\/\"]}]},{\"@type\":\"ImageObject\",\"inLanguage\":\"fr-FR\",\"@id\":\"https:\/\/www.yupeclaser.eu\/product\/ceramic-parts-dia-19-5-h12-5-m8-for-raytools-bt210s-bt240s-bm109-bm111\/#primaryimage\",\"url\":\"https:\/\/www.yupeclaser.eu\/wp-content\/uploads\/2024\/05\/Ceramic-Parts-for-Raytools-BT210S-1.png\",\"contentUrl\":\"https:\/\/www.yupeclaser.eu\/wp-content\/uploads\/2024\/05\/Ceramic-Parts-for-Raytools-BT210S-1.png\",\"width\":750,\"height\":513},{\"@type\":\"BreadcrumbList\",\"@id\":\"https:\/\/www.yupeclaser.eu\/product\/ceramic-parts-dia-19-5-h12-5-m8-for-raytools-bt210s-bt240s-bm109-bm111\/#breadcrumb\",\"itemListElement\":[{\"@type\":\"ListItem\",\"position\":1,\"name\":\"Home\",\"item\":\"https:\/\/www.yupeclaser.eu\/\"},{\"@type\":\"ListItem\",\"position\":2,\"name\":\"Products\",\"item\":\"https:\/\/www.yupeclaser.eu\/products\/\"},{\"@type\":\"ListItem\",\"position\":3,\"name\":\"Laser Ceramics\",\"item\":\"https:\/\/www.yupeclaser.eu\/laser-ceramics\/\"},{\"@type\":\"ListItem\",\"position\":4,\"name\":\"Ceramic Parts Dia. 19.5 for Raytools BT210S BT240S BM109 BM111\"}]},{\"@type\":\"WebSite\",\"@id\":\"https:\/\/www.yupeclaser.eu\/#website\",\"url\":\"https:\/\/www.yupeclaser.eu\/\",\"name\":\"YUPEC Laser\",\"description\":\"\",\"potentialAction\":[{\"@type\":\"SearchAction\",\"target\":{\"@type\":\"EntryPoint\",\"urlTemplate\":\"https:\/\/www.yupeclaser.eu\/?s={search_term_string}\"},\"query-input\":{\"@type\":\"PropertyValueSpecification\",\"valueRequired\":true,\"valueName\":\"search_term_string\"}}],\"inLanguage\":\"fr-FR\"}]}<\/script>\n<!-- \/ Yoast SEO plugin. -->","yoast_head_json":{"title":"Pi\u00e8ces en C\u00e9ramique Dia. 19.5 pour Raytools BT210S BT240S BM109 BM111 - YUPEC Laser","description":"Con\u00e7ues pour am\u00e9liorer les processus de coupe, ces c\u00e9ramiques pour Raytools offrent une isolation efficace et une longue dur\u00e9e de vie pour une utilisation fiable et prolong\u00e9e.","robots":{"index":"index","follow":"follow","max-snippet":"max-snippet:-1","max-image-preview":"max-image-preview:large","max-video-preview":"max-video-preview:-1"},"canonical":"https:\/\/www.yupeclaser.eu\/fr\/product\/ceramic-parts-dia-19-5-h12-5-m8-for-raytools-bt210s-bt240s-bm109-bm111\/","og_locale":"fr_FR","og_type":"article","og_title":"Ceramic Parts Dia. 19.5 for Raytools BT210S BT240S BM109 BM111 - YUPEC Laser","og_description":"Crafted for enhanced cutting processes, these ceramics for Raytools offer effective insulation and a long lifespan for reliable, extended use.","og_url":"https:\/\/www.yupeclaser.eu\/fr\/product\/ceramic-parts-dia-19-5-h12-5-m8-for-raytools-bt210s-bt240s-bm109-bm111\/","og_site_name":"YUPEC Laser","og_image":[{"width":750,"height":513,"url":"https:\/\/www.yupeclaser.eu\/wp-content\/uploads\/2024\/05\/Ceramic-Parts-for-Raytools-BT210S-1.png","type":"image\/png"}],"twitter_card":"summary_large_image","twitter_misc":{"Dur\u00e9e de lecture estim\u00e9e":"1 minute"},"schema":{"@context":"https:\/\/schema.org","@graph":[{"@type":"WebPage","@id":"https:\/\/www.yupeclaser.eu\/product\/ceramic-parts-dia-19-5-h12-5-m8-for-raytools-bt210s-bt240s-bm109-bm111\/","url":"https:\/\/www.yupeclaser.eu\/product\/ceramic-parts-dia-19-5-h12-5-m8-for-raytools-bt210s-bt240s-bm109-bm111\/","name":"Pi\u00e8ces en C\u00e9ramique Dia. 19.5 pour Raytools BT210S BT240S BM109 BM111 - YUPEC Laser","isPartOf":{"@id":"https:\/\/www.yupeclaser.eu\/#website"},"primaryImageOfPage":{"@id":"https:\/\/www.yupeclaser.eu\/product\/ceramic-parts-dia-19-5-h12-5-m8-for-raytools-bt210s-bt240s-bm109-bm111\/#primaryimage"},"image":{"@id":"https:\/\/www.yupeclaser.eu\/product\/ceramic-parts-dia-19-5-h12-5-m8-for-raytools-bt210s-bt240s-bm109-bm111\/#primaryimage"},"thumbnailUrl":"https:\/\/www.yupeclaser.eu\/wp-content\/uploads\/2024\/05\/Ceramic-Parts-for-Raytools-BT210S-1.png","datePublished":"2024-05-16T03:00:53+00:00","dateModified":"2024-06-17T02:43:25+00:00","description":"Con\u00e7ues pour am\u00e9liorer les processus de coupe, ces c\u00e9ramiques pour Raytools offrent une isolation efficace et une longue dur\u00e9e de vie pour une utilisation fiable et prolong\u00e9e.","breadcrumb":{"@id":"https:\/\/www.yupeclaser.eu\/product\/ceramic-parts-dia-19-5-h12-5-m8-for-raytools-bt210s-bt240s-bm109-bm111\/#breadcrumb"},"inLanguage":"fr-FR","potentialAction":[{"@type":"ReadAction","target":["https:\/\/www.yupeclaser.eu\/product\/ceramic-parts-dia-19-5-h12-5-m8-for-raytools-bt210s-bt240s-bm109-bm111\/"]}]},{"@type":"ImageObject","inLanguage":"fr-FR","@id":"https:\/\/www.yupeclaser.eu\/product\/ceramic-parts-dia-19-5-h12-5-m8-for-raytools-bt210s-bt240s-bm109-bm111\/#primaryimage","url":"https:\/\/www.yupeclaser.eu\/wp-content\/uploads\/2024\/05\/Ceramic-Parts-for-Raytools-BT210S-1.png","contentUrl":"https:\/\/www.yupeclaser.eu\/wp-content\/uploads\/2024\/05\/Ceramic-Parts-for-Raytools-BT210S-1.png","width":750,"height":513},{"@type":"BreadcrumbList","@id":"https:\/\/www.yupeclaser.eu\/product\/ceramic-parts-dia-19-5-h12-5-m8-for-raytools-bt210s-bt240s-bm109-bm111\/#breadcrumb","itemListElement":[{"@type":"ListItem","position":1,"name":"Home","item":"https:\/\/www.yupeclaser.eu\/"},{"@type":"ListItem","position":2,"name":"Products","item":"https:\/\/www.yupeclaser.eu\/products\/"},{"@type":"ListItem","position":3,"name":"Laser Ceramics","item":"https:\/\/www.yupeclaser.eu\/laser-ceramics\/"},{"@type":"ListItem","position":4,"name":"Ceramic Parts Dia. 19.5 for Raytools BT210S BT240S BM109 BM111"}]},{"@type":"WebSite","@id":"https:\/\/www.yupeclaser.eu\/#website","url":"https:\/\/www.yupeclaser.eu\/","name":"YUPEC Laser","description":"","potentialAction":[{"@type":"SearchAction","target":{"@type":"EntryPoint","urlTemplate":"https:\/\/www.yupeclaser.eu\/?s={search_term_string}"},"query-input":{"@type":"PropertyValueSpecification","valueRequired":true,"valueName":"search_term_string"}}],"inLanguage":"fr-FR"}]}},"_links":{"self":[{"href":"https:\/\/www.yupeclaser.eu\/fr\/wp-json\/wp\/v2\/product\/4408","targetHints":{"allow":["GET"]}}],"collection":[{"href":"https:\/\/www.yupeclaser.eu\/fr\/wp-json\/wp\/v2\/product"}],"about":[{"href":"https:\/\/www.yupeclaser.eu\/fr\/wp-json\/wp\/v2\/types\/product"}],"wp:featuredmedia":[{"embeddable":true,"href":"https:\/\/www.yupeclaser.eu\/fr\/wp-json\/wp\/v2\/media\/4409"}],"wp:attachment":[{"href":"https:\/\/www.yupeclaser.eu\/fr\/wp-json\/wp\/v2\/media?parent=4408"}],"wp:term":[{"taxonomy":"product_brand","embeddable":true,"href":"https:\/\/www.yupeclaser.eu\/fr\/wp-json\/wp\/v2\/product_brand?post=4408"},{"taxonomy":"product_cat","embeddable":true,"href":"https:\/\/www.yupeclaser.eu\/fr\/wp-json\/wp\/v2\/product_cat?post=4408"},{"taxonomy":"product_tag","embeddable":true,"href":"https:\/\/www.yupeclaser.eu\/fr\/wp-json\/wp\/v2\/product_tag?post=4408"}],"curies":[{"name":"wp","href":"https:\/\/api.w.org\/{rel}","templated":true}]}}