{"id":4348,"date":"2024-05-15T06:48:36","date_gmt":"2024-05-15T06:48:36","guid":{"rendered":"https:\/\/yupeclaser.eu\/?post_type=product&#038;p=4348"},"modified":"2024-06-17T02:26:24","modified_gmt":"2024-06-17T02:26:24","slug":"raycus-1000w-qcw-fiber-laser","status":"publish","type":"product","link":"https:\/\/www.yupeclaser.eu\/fr\/product\/raycus-1000w-qcw-fiber-laser\/","title":{"rendered":"Raycus 1000W QCW Laser \u00e0 Fibre"},"content":{"rendered":"<p><div class=\"fusion-fullwidth fullwidth-box fusion-builder-row-1 fusion-flex-container has-pattern-background has-mask-background nonhundred-percent-fullwidth non-hundred-percent-height-scrolling fusion-animated\" style=\"--awb-border-radius-top-left:0px;--awb-border-radius-top-right:0px;--awb-border-radius-bottom-right:0px;--awb-border-radius-bottom-left:0px;--awb-padding-top:0px;--awb-padding-right:0px;--awb-padding-bottom:0px;--awb-padding-left:0px;--awb-flex-wrap:wrap;\" data-animationtype=\"fadeInLeft\" data-animationduration=\"2.0\" data-animationoffset=\"top-into-view\" ><div class=\"fusion-builder-row fusion-row fusion-flex-align-items-flex-start fusion-flex-content-wrap\" style=\"max-width:1372.8px;margin-left: calc(-4% \/ 2 );margin-right: calc(-4% \/ 2 );\"><div class=\"fusion-layout-column fusion_builder_column fusion-builder-column-0 fusion_builder_column_1_1 1_1 fusion-flex-column\" style=\"--awb-bg-size:cover;--awb-width-large:100%;--awb-margin-top-large:20px;--awb-spacing-right-large:1.92%;--awb-margin-bottom-large:20px;--awb-spacing-left-large:1.92%;--awb-width-medium:100%;--awb-order-medium:0;--awb-spacing-right-medium:1.92%;--awb-spacing-left-medium:1.92%;--awb-width-small:100%;--awb-order-small:0;--awb-spacing-right-small:1.92%;--awb-spacing-left-small:1.92%;\"><div class=\"fusion-column-wrapper fusion-column-has-shadow fusion-flex-justify-content-flex-start fusion-content-layout-column\"><div class=\"fusion-title title fusion-title-1 fusion-sep-none fusion-title-text fusion-title-size-two\" style=\"--awb-text-color:var(--awb-color8);--awb-sep-color:var(--awb-custom_color_1);--awb-font-size:24px;\"><h2 class=\"fusion-title-heading title-heading-left fusion-responsive-typography-calculated\" style=\"margin:0;font-size:1em;--fontSize:24;line-height:1.3;\">Caract\u00e9ristiques du Produit<\/h2><\/div><div class=\"fusion-separator\" style=\"align-self: flex-start;margin-right:auto;margin-top:-10px;width:100%;max-width:60px;\"><div class=\"fusion-separator-border sep-single sep-solid\" style=\"--awb-height:20px;--awb-amount:20px;--awb-sep-color:var(--awb-custom_color_1);border-color:var(--awb-custom_color_1);border-top-width:5px;\"><\/div><\/div><\/div><\/div><div class=\"fusion-layout-column fusion_builder_column fusion-builder-column-1 fusion_builder_column_1_2 1_2 fusion-flex-column\" style=\"--awb-bg-size:cover;--awb-width-large:50%;--awb-margin-top-large:20px;--awb-spacing-right-large:3.84%;--awb-margin-bottom-large:20px;--awb-spacing-left-large:3.84%;--awb-width-medium:50%;--awb-order-medium:0;--awb-spacing-right-medium:3.84%;--awb-spacing-left-medium:3.84%;--awb-width-small:100%;--awb-order-small:0;--awb-spacing-right-small:1.92%;--awb-spacing-left-small:1.92%;\"><div class=\"fusion-column-wrapper fusion-column-has-shadow fusion-flex-justify-content-flex-start fusion-content-layout-column\"><ul style=\"--awb-size:15px;--awb-margin-top:-10px;--awb-margin-right:0px;--awb-margin-left:0px;--awb-item-padding-right:0px;--awb-item-padding-left:0px;--awb-iconcolor:var(--awb-color8);--awb-line-height:25.5px;--awb-icon-width:25.5px;--awb-icon-height:25.5px;--awb-icon-margin:10.5px;--awb-content-margin:36px;\" class=\"fusion-checklist fusion-checklist-1 fusion-checklist-default type-icons\"><li class=\"fusion-li-item\" style=\"\"><span class=\"icon-wrapper circle-no\"><i class=\"fusion-li-icon fa-chevron-circle-right fas\" aria-hidden=\"true\"><\/i><\/span><div class=\"fusion-li-item-content\">\n<p>Deux modes de fonctionnement : Continu et Puls\u00e9<\/p>\n<\/div><\/li><li class=\"fusion-li-item\" style=\"\"><span class=\"icon-wrapper circle-no\"><i class=\"fusion-li-icon fa-chevron-circle-right fas\" aria-hidden=\"true\"><\/i><\/span><div class=\"fusion-li-item-content\">\n<p>Puissance de cr\u00eate : 3000W<\/p>\n<\/div><\/li><li class=\"fusion-li-item\" style=\"\"><span class=\"icon-wrapper circle-no\"><i class=\"fusion-li-icon fa-chevron-circle-right fas\" aria-hidden=\"true\"><\/i><\/span><div class=\"fusion-li-item-content\">\n<p>Performance de sortie extr\u00eamement stable<\/p>\n<\/div><\/li><\/ul><\/div><\/div><div class=\"fusion-layout-column fusion_builder_column fusion-builder-column-2 fusion_builder_column_1_2 1_2 fusion-flex-column\" style=\"--awb-bg-size:cover;--awb-width-large:50%;--awb-margin-top-large:20px;--awb-spacing-right-large:3.84%;--awb-margin-bottom-large:20px;--awb-spacing-left-large:3.84%;--awb-width-medium:50%;--awb-order-medium:0;--awb-spacing-right-medium:3.84%;--awb-spacing-left-medium:3.84%;--awb-width-small:100%;--awb-order-small:0;--awb-margin-top-small:-5px;--awb-spacing-right-small:1.92%;--awb-spacing-left-small:1.92%;\"><div class=\"fusion-column-wrapper fusion-column-has-shadow fusion-flex-justify-content-flex-start fusion-content-layout-column\"><ul style=\"--awb-size:15px;--awb-margin-top:-10px;--awb-margin-right:0px;--awb-margin-left:0px;--awb-item-padding-right:0px;--awb-item-padding-left:0px;--awb-iconcolor:var(--awb-color8);--awb-line-height:25.5px;--awb-icon-width:25.5px;--awb-icon-height:25.5px;--awb-icon-margin:10.5px;--awb-content-margin:36px;\" class=\"fusion-checklist fusion-checklist-2 fusion-checklist-default type-icons\"><li class=\"fusion-li-item\" style=\"\"><span class=\"icon-wrapper circle-no\"><i class=\"fusion-li-icon fa-chevron-circle-right fas\" aria-hidden=\"true\"><\/i><\/span><div class=\"fusion-li-item-content\">\n<p>Excellente qualit\u00e9 de faisceau lumineux<\/p>\n<\/div><\/li><li class=\"fusion-li-item\" style=\"\"><span class=\"icon-wrapper circle-no\"><i class=\"fusion-li-icon fa-chevron-circle-right fas\" aria-hidden=\"true\"><\/i><\/span><div class=\"fusion-li-item-content\">\n<p>Connecteur de sortie IQB et longueur de sortie optionnelle<\/p>\n<\/div><\/li><li class=\"fusion-li-item\" style=\"\"><span class=\"icon-wrapper circle-no\"><i class=\"fusion-li-icon fa-chevron-circle-right fas\" aria-hidden=\"true\"><\/i><\/span><div class=\"fusion-li-item-content\">\n<p>Dissipation de la chaleur refroidie par eau<\/p>\n<\/div><\/li><\/ul><\/div><\/div><\/div><\/div><div class=\"fusion-fullwidth fullwidth-box fusion-builder-row-2 fusion-flex-container has-pattern-background has-mask-background nonhundred-percent-fullwidth non-hundred-percent-height-scrolling fusion-animated\" style=\"--awb-border-radius-top-left:0px;--awb-border-radius-top-right:0px;--awb-border-radius-bottom-right:0px;--awb-border-radius-bottom-left:0px;--awb-padding-top:0px;--awb-padding-right:0px;--awb-padding-bottom:0px;--awb-padding-left:0px;--awb-margin-top:60px;--awb-flex-wrap:wrap;\" data-animationtype=\"fadeInLeft\" data-animationduration=\"2.0\" data-animationoffset=\"top-into-view\" ><div class=\"fusion-builder-row fusion-row fusion-flex-align-items-flex-start fusion-flex-content-wrap\" style=\"max-width:1372.8px;margin-left: calc(-4% \/ 2 );margin-right: calc(-4% \/ 2 );\"><div class=\"fusion-layout-column fusion_builder_column fusion-builder-column-3 fusion_builder_column_1_1 1_1 fusion-flex-column\" style=\"--awb-bg-size:cover;--awb-width-large:100%;--awb-margin-top-large:20px;--awb-spacing-right-large:1.92%;--awb-margin-bottom-large:20px;--awb-spacing-left-large:1.92%;--awb-width-medium:100%;--awb-order-medium:0;--awb-spacing-right-medium:1.92%;--awb-spacing-left-medium:1.92%;--awb-width-small:100%;--awb-order-small:0;--awb-spacing-right-small:1.92%;--awb-spacing-left-small:1.92%;\"><div class=\"fusion-column-wrapper fusion-column-has-shadow fusion-flex-justify-content-flex-start fusion-content-layout-column\"><div class=\"fusion-title title fusion-title-2 fusion-sep-none fusion-title-text fusion-title-size-two\" style=\"--awb-text-color:var(--awb-color8);--awb-sep-color:var(--awb-custom_color_1);--awb-font-size:24px;\"><h2 class=\"fusion-title-heading title-heading-left fusion-responsive-typography-calculated\" style=\"margin:0;font-size:1em;--fontSize:24;line-height:1.3;\">Donn\u00e9es Techniques<\/h2><\/div><div class=\"fusion-separator\" style=\"align-self: flex-start;margin-right:auto;margin-top:-10px;width:100%;max-width:60px;\"><div class=\"fusion-separator-border sep-single sep-solid\" style=\"--awb-height:20px;--awb-amount:20px;--awb-sep-color:var(--awb-custom_color_1);border-color:var(--awb-custom_color_1);border-top-width:5px;\"><\/div><\/div>\n<div class=\"table-1\" style=\"--awb-margin-top:30px;\">\n<table width=\"100%\">\n<thead>\n<tr>\n<th align=\"left\">Mod\u00e8le<\/th>\n<th align=\"left\">RFL-QCW1000\/3000<\/th>\n<\/tr>\n<\/thead>\n<tbody>\n<tr>\n<td align=\"left\">Puissance Moyenne (CW) (W)<\/td>\n<td align=\"left\">1000<\/td>\n<\/tr>\n<tr>\n<td align=\"left\">Puissance Moyenne (Puls\u00e9) (W)<\/td>\n<td align=\"left\">1000<\/td>\n<\/tr>\n<tr>\n<td align=\"left\">Puissance de Sortie Maximale (W)<\/td>\n<td align=\"left\">3000<\/td>\n<\/tr>\n<tr>\n<td align=\"left\">\u00c9nergie Maximale par Impulsion (J)<\/td>\n<td align=\"left\">100<\/td>\n<\/tr>\n<tr>\n<td align=\"left\">Longueur d'Onde Centrale (nm)<\/td>\n<td align=\"left\">1080\u00b15<\/td>\n<\/tr>\n<tr>\n<td align=\"left\">Fr\u00e9quence de R\u00e9p\u00e9tition (Hz)<\/td>\n<td align=\"left\">0-5000<\/td>\n<\/tr>\n<tr>\n<td align=\"left\">Dur\u00e9e de l'Impulsion (ms)<\/td>\n<td align=\"left\">0.05-50<\/td>\n<\/tr>\n<tr>\n<td align=\"left\">Instabilit\u00e9 de la Puissance de Sortie<\/td>\n<td align=\"left\">\u00b11.5%<\/td>\n<\/tr>\n<tr>\n<td align=\"left\">Laser Rouge<\/td>\n<td align=\"left\">Oui<\/td>\n<\/tr>\n<tr>\n<td align=\"left\">Optique de Livraison du Faisceau<\/td>\n<td align=\"left\">IQB<\/td>\n<\/tr>\n<tr>\n<td align=\"left\">Diam\u00e8tre du C\u0153ur de la Fibre de Sortie (\u03bcm)<\/td>\n<td align=\"left\">50 (25, 100, 200 en option\uff09<\/td>\n<\/tr>\n<tr>\n<td align=\"left\">BPP (mm.nrad)<\/td>\n<td align=\"left\">&lt;2.5<\/td>\n<\/tr>\n<tr>\n<td align=\"left\">Puissance d'Entr\u00e9e (V AC)<\/td>\n<td align=\"left\">380\u00b115%, 50\/60Hz<\/td>\n<\/tr>\n<tr>\n<td align=\"left\">Mode de Contr\u00f4le<\/td>\n<td align=\"left\">RS232, AD, Ethernet<\/td>\n<\/tr>\n<tr>\n<td align=\"left\">Plage de R\u00e9glage de la Puissance (%)<\/td>\n<td align=\"left\">10-100<\/td>\n<\/tr>\n<tr>\n<td align=\"left\">Dimensions (mm )<\/td>\n<td align=\"left\">450*234*913 (Poign\u00e9e Incluse)<\/td>\n<\/tr>\n<tr>\n<td align=\"left\">Poids (kg)<\/td>\n<td align=\"left\">&lt;70<\/td>\n<\/tr>\n<tr>\n<td align=\"left\">M\u00e9thode de Refroidissement<\/td>\n<td align=\"left\">Refroidissement par Eau<\/td>\n<\/tr>\n<tr>\n<td align=\"left\">Temp\u00e9rature de Fonctionnement (\u2103)<\/td>\n<td align=\"left\">0-40<\/td>\n<\/tr>\n<\/tbody>\n<\/table>\n<\/div>\n<\/div><\/div><\/div><\/div><div class=\"fusion-fullwidth fullwidth-box fusion-builder-row-3 fusion-flex-container has-pattern-background has-mask-background nonhundred-percent-fullwidth non-hundred-percent-height-scrolling fusion-animated\" style=\"--awb-border-radius-top-left:0px;--awb-border-radius-top-right:0px;--awb-border-radius-bottom-right:0px;--awb-border-radius-bottom-left:0px;--awb-padding-top:0px;--awb-padding-right:0px;--awb-padding-bottom:0px;--awb-padding-left:0px;--awb-margin-top:60px;--awb-flex-wrap:wrap;\" data-animationtype=\"fadeInLeft\" data-animationduration=\"2.0\" data-animationoffset=\"top-into-view\" ><div class=\"fusion-builder-row fusion-row fusion-flex-align-items-flex-start fusion-flex-content-wrap\" style=\"max-width:1372.8px;margin-left: calc(-4% \/ 2 );margin-right: calc(-4% \/ 2 );\"><div class=\"fusion-layout-column fusion_builder_column fusion-builder-column-4 fusion_builder_column_1_1 1_1 fusion-flex-column\" style=\"--awb-bg-size:cover;--awb-width-large:100%;--awb-margin-top-large:20px;--awb-spacing-right-large:1.92%;--awb-margin-bottom-large:20px;--awb-spacing-left-large:1.92%;--awb-width-medium:100%;--awb-order-medium:0;--awb-spacing-right-medium:1.92%;--awb-spacing-left-medium:1.92%;--awb-width-small:100%;--awb-order-small:0;--awb-spacing-right-small:1.92%;--awb-spacing-left-small:1.92%;\"><div class=\"fusion-column-wrapper fusion-column-has-shadow fusion-flex-justify-content-flex-start fusion-content-layout-column\"><div class=\"fusion-title title fusion-title-3 fusion-sep-none fusion-title-text fusion-title-size-two\" style=\"--awb-text-color:var(--awb-color8);--awb-sep-color:var(--awb-custom_color_1);--awb-font-size:24px;\"><h2 class=\"fusion-title-heading title-heading-left fusion-responsive-typography-calculated\" style=\"margin:0;font-size:1em;--fontSize:24;line-height:1.3;\">Applications<\/h2><\/div><div class=\"fusion-separator\" style=\"align-self: flex-start;margin-right:auto;margin-top:-10px;width:100%;max-width:60px;\"><div class=\"fusion-separator-border sep-single sep-solid\" style=\"--awb-height:20px;--awb-amount:20px;--awb-sep-color:var(--awb-custom_color_1);border-color:var(--awb-custom_color_1);border-top-width:5px;\"><\/div><\/div><\/div><\/div><div class=\"fusion-layout-column fusion_builder_column fusion-builder-column-5 fusion_builder_column_1_2 1_2 fusion-flex-column\" style=\"--awb-bg-size:cover;--awb-width-large:50%;--awb-margin-top-large:20px;--awb-spacing-right-large:3.84%;--awb-margin-bottom-large:20px;--awb-spacing-left-large:3.84%;--awb-width-medium:50%;--awb-order-medium:0;--awb-spacing-right-medium:3.84%;--awb-spacing-left-medium:3.84%;--awb-width-small:100%;--awb-order-small:0;--awb-spacing-right-small:1.92%;--awb-spacing-left-small:1.92%;\"><div class=\"fusion-column-wrapper fusion-column-has-shadow fusion-flex-justify-content-flex-start fusion-content-layout-column\"><ul style=\"--awb-size:15px;--awb-margin-top:-10px;--awb-margin-right:0px;--awb-margin-left:0px;--awb-item-padding-right:0px;--awb-item-padding-left:0px;--awb-iconcolor:var(--awb-color8);--awb-line-height:25.5px;--awb-icon-width:25.5px;--awb-icon-height:25.5px;--awb-icon-margin:10.5px;--awb-content-margin:36px;\" class=\"fusion-checklist fusion-checklist-3 fusion-checklist-default type-icons\"><li class=\"fusion-li-item\" style=\"\"><span class=\"icon-wrapper circle-no\"><i class=\"fusion-li-icon fa-check-circle fas\" aria-hidden=\"true\"><\/i><\/span><div class=\"fusion-li-item-content\">\n<p>Soudage par Points \/ Faisceau<\/p>\n<\/div><\/li><li class=\"fusion-li-item\" style=\"\"><span class=\"icon-wrapper circle-no\"><i class=\"fusion-li-icon fa-check-circle fas\" aria-hidden=\"true\"><\/i><\/span><div class=\"fusion-li-item-content\">\n<p>D\u00e9coupe de C\u00e9ramiques<\/p>\n<\/div><\/li><li class=\"fusion-li-item\" style=\"\"><span class=\"icon-wrapper circle-no\"><i class=\"fusion-li-icon fa-check-circle fas\" aria-hidden=\"true\"><\/i><\/span><div class=\"fusion-li-item-content\">\n<p>Soudage \/ D\u00e9coupe de Pr\u00e9cision<\/p>\n<\/div><\/li><li class=\"fusion-li-item\" style=\"\"><span class=\"icon-wrapper circle-no\"><i class=\"fusion-li-icon fa-check-circle fas\" aria-hidden=\"true\"><\/i><\/span><div class=\"fusion-li-item-content\">\n<p>Soudage de PCB<\/p>\n<\/div><\/li><\/ul><\/div><\/div><div class=\"fusion-layout-column fusion_builder_column fusion-builder-column-6 fusion_builder_column_1_2 1_2 fusion-flex-column\" style=\"--awb-bg-size:cover;--awb-width-large:50%;--awb-margin-top-large:20px;--awb-spacing-right-large:3.84%;--awb-margin-bottom-large:20px;--awb-spacing-left-large:3.84%;--awb-width-medium:50%;--awb-order-medium:0;--awb-spacing-right-medium:3.84%;--awb-spacing-left-medium:3.84%;--awb-width-small:100%;--awb-order-small:0;--awb-margin-top-small:-5px;--awb-spacing-right-small:1.92%;--awb-spacing-left-small:1.92%;\"><div class=\"fusion-column-wrapper fusion-column-has-shadow fusion-flex-justify-content-flex-start fusion-content-layout-column\"><ul style=\"--awb-size:15px;--awb-margin-top:-10px;--awb-margin-right:0px;--awb-margin-left:0px;--awb-item-padding-right:0px;--awb-item-padding-left:0px;--awb-iconcolor:var(--awb-color8);--awb-line-height:25.5px;--awb-icon-width:25.5px;--awb-icon-height:25.5px;--awb-icon-margin:10.5px;--awb-content-margin:36px;\" class=\"fusion-checklist fusion-checklist-4 fusion-checklist-default type-icons\"><li class=\"fusion-li-item\" style=\"\"><span class=\"icon-wrapper circle-no\"><i class=\"fusion-li-icon fa-check-circle fas\" aria-hidden=\"true\"><\/i><\/span><div class=\"fusion-li-item-content\">\n<p>Traitement des Pi\u00e8ces \u00c9lectroniques<\/p>\n<\/div><\/li><li class=\"fusion-li-item\" style=\"\"><span class=\"icon-wrapper circle-no\"><i class=\"fusion-li-icon fa-check-circle fas\" aria-hidden=\"true\"><\/i><\/span><div class=\"fusion-li-item-content\">\n<p>Soudage de Batteries \u00c9lectriques<\/p>\n<\/div><\/li><li class=\"fusion-li-item\" style=\"\"><span class=\"icon-wrapper circle-no\"><i class=\"fusion-li-icon fa-check-circle fas\" aria-hidden=\"true\"><\/i><\/span><div class=\"fusion-li-item-content\">\n<p>Soudure<\/p>\n<\/div><\/li><\/ul><\/div><\/div><\/div><\/div><\/p>","protected":false},"excerpt":{"rendered":"<p>Ce laser \u00e0 fibre QCW est une excellente alternative aux lasers YAG \u00e0 pompe lumineuse traditionnelle, ce qui en fait un choix id\u00e9al pour le soudage par points, le soudage de joints, l'ennuyage et diverses applications industrielles.<\/p>","protected":false},"featured_media":4349,"template":"","meta":[],"product_brand":[],"product_cat":[43],"product_tag":[],"class_list":{"0":"post-4348","1":"product","2":"type-product","3":"status-publish","4":"has-post-thumbnail","6":"product_cat-qcw-fiber-lasers","8":"first","9":"instock","10":"shipping-taxable","11":"product-type-simple"},"yoast_head":"<!-- This site is optimized with the Yoast SEO plugin v26.5 - https:\/\/yoast.com\/wordpress\/plugins\/seo\/ -->\n<title>Raycus 1000W QCW Fiber Laser - YUPEC Laser<\/title>\n<meta name=\"description\" content=\"This Raycus 1000W QCW Fiber Laser is ideal for spot welding, seam welding, boring, as well as many other industrial applications.\" \/>\n<meta name=\"robots\" content=\"index, follow, max-snippet:-1, max-image-preview:large, max-video-preview:-1\" \/>\n<link rel=\"canonical\" href=\"https:\/\/www.yupeclaser.eu\/fr\/product\/raycus-1000w-qcw-fiber-laser\/\" \/>\n<meta property=\"og:locale\" content=\"fr_FR\" \/>\n<meta property=\"og:type\" content=\"article\" \/>\n<meta property=\"og:title\" content=\"Raycus 1000W QCW Fiber Laser - YUPEC Laser\" \/>\n<meta property=\"og:description\" content=\"This Raycus 1000W QCW Fiber Laser is ideal for spot welding, seam welding, boring, as well as many other industrial applications.\" \/>\n<meta property=\"og:url\" content=\"https:\/\/www.yupeclaser.eu\/fr\/product\/raycus-1000w-qcw-fiber-laser\/\" \/>\n<meta property=\"og:site_name\" content=\"YUPEC Laser\" \/>\n<meta property=\"og:image\" content=\"https:\/\/www.yupeclaser.eu\/wp-content\/uploads\/2024\/05\/RFL-QCW-1000-3000-1.png\" \/>\n\t<meta property=\"og:image:width\" content=\"750\" \/>\n\t<meta property=\"og:image:height\" content=\"513\" \/>\n\t<meta property=\"og:image:type\" content=\"image\/png\" \/>\n<meta name=\"twitter:card\" content=\"summary_large_image\" \/>\n<meta name=\"twitter:label1\" content=\"Dur\u00e9e de lecture estim\u00e9e\" \/>\n\t<meta name=\"twitter:data1\" content=\"1 minute\" \/>\n<script type=\"application\/ld+json\" class=\"yoast-schema-graph\">{\"@context\":\"https:\/\/schema.org\",\"@graph\":[{\"@type\":\"WebPage\",\"@id\":\"https:\/\/www.yupeclaser.eu\/product\/raycus-1000w-qcw-fiber-laser\/\",\"url\":\"https:\/\/www.yupeclaser.eu\/product\/raycus-1000w-qcw-fiber-laser\/\",\"name\":\"Raycus 1000W QCW Fiber Laser - YUPEC Laser\",\"isPartOf\":{\"@id\":\"https:\/\/www.yupeclaser.eu\/#website\"},\"primaryImageOfPage\":{\"@id\":\"https:\/\/www.yupeclaser.eu\/product\/raycus-1000w-qcw-fiber-laser\/#primaryimage\"},\"image\":{\"@id\":\"https:\/\/www.yupeclaser.eu\/product\/raycus-1000w-qcw-fiber-laser\/#primaryimage\"},\"thumbnailUrl\":\"https:\/\/www.yupeclaser.eu\/wp-content\/uploads\/2024\/05\/RFL-QCW-1000-3000-1.png\",\"datePublished\":\"2024-05-15T06:48:36+00:00\",\"dateModified\":\"2024-06-17T02:26:24+00:00\",\"description\":\"This Raycus 1000W QCW Fiber Laser is ideal for spot welding, seam welding, boring, as well as many other industrial applications.\",\"breadcrumb\":{\"@id\":\"https:\/\/www.yupeclaser.eu\/product\/raycus-1000w-qcw-fiber-laser\/#breadcrumb\"},\"inLanguage\":\"fr-FR\",\"potentialAction\":[{\"@type\":\"ReadAction\",\"target\":[\"https:\/\/www.yupeclaser.eu\/product\/raycus-1000w-qcw-fiber-laser\/\"]}]},{\"@type\":\"ImageObject\",\"inLanguage\":\"fr-FR\",\"@id\":\"https:\/\/www.yupeclaser.eu\/product\/raycus-1000w-qcw-fiber-laser\/#primaryimage\",\"url\":\"https:\/\/www.yupeclaser.eu\/wp-content\/uploads\/2024\/05\/RFL-QCW-1000-3000-1.png\",\"contentUrl\":\"https:\/\/www.yupeclaser.eu\/wp-content\/uploads\/2024\/05\/RFL-QCW-1000-3000-1.png\",\"width\":750,\"height\":513},{\"@type\":\"BreadcrumbList\",\"@id\":\"https:\/\/www.yupeclaser.eu\/product\/raycus-1000w-qcw-fiber-laser\/#breadcrumb\",\"itemListElement\":[{\"@type\":\"ListItem\",\"position\":1,\"name\":\"Home\",\"item\":\"https:\/\/www.yupeclaser.eu\/\"},{\"@type\":\"ListItem\",\"position\":2,\"name\":\"Products\",\"item\":\"https:\/\/www.yupeclaser.eu\/products\/\"},{\"@type\":\"ListItem\",\"position\":3,\"name\":\"QCW Fiber Series\",\"item\":\"https:\/\/www.yupeclaser.eu\/qcw-fiber-lasers\/\"},{\"@type\":\"ListItem\",\"position\":4,\"name\":\"Raycus 1000W QCW Fiber Laser\"}]},{\"@type\":\"WebSite\",\"@id\":\"https:\/\/www.yupeclaser.eu\/#website\",\"url\":\"https:\/\/www.yupeclaser.eu\/\",\"name\":\"YUPEC Laser\",\"description\":\"\",\"potentialAction\":[{\"@type\":\"SearchAction\",\"target\":{\"@type\":\"EntryPoint\",\"urlTemplate\":\"https:\/\/www.yupeclaser.eu\/?s={search_term_string}\"},\"query-input\":{\"@type\":\"PropertyValueSpecification\",\"valueRequired\":true,\"valueName\":\"search_term_string\"}}],\"inLanguage\":\"fr-FR\"}]}<\/script>\n<!-- \/ Yoast SEO plugin. -->","yoast_head_json":{"title":"Raycus 1000W QCW Laser \u00e0 Fibre - YUPEC Laser","description":"Ce laser \u00e0 fibre QCW Raycus 1000W est id\u00e9al pour le soudage par points, le soudage de joints, l'ennuyage ainsi que de nombreuses autres applications industrielles.","robots":{"index":"index","follow":"follow","max-snippet":"max-snippet:-1","max-image-preview":"max-image-preview:large","max-video-preview":"max-video-preview:-1"},"canonical":"https:\/\/www.yupeclaser.eu\/fr\/product\/raycus-1000w-qcw-fiber-laser\/","og_locale":"fr_FR","og_type":"article","og_title":"Raycus 1000W QCW Fiber Laser - YUPEC Laser","og_description":"This Raycus 1000W QCW Fiber Laser is ideal for spot welding, seam welding, boring, as well as many other industrial applications.","og_url":"https:\/\/www.yupeclaser.eu\/fr\/product\/raycus-1000w-qcw-fiber-laser\/","og_site_name":"YUPEC Laser","og_image":[{"width":750,"height":513,"url":"https:\/\/www.yupeclaser.eu\/wp-content\/uploads\/2024\/05\/RFL-QCW-1000-3000-1.png","type":"image\/png"}],"twitter_card":"summary_large_image","twitter_misc":{"Dur\u00e9e de lecture estim\u00e9e":"1 minute"},"schema":{"@context":"https:\/\/schema.org","@graph":[{"@type":"WebPage","@id":"https:\/\/www.yupeclaser.eu\/product\/raycus-1000w-qcw-fiber-laser\/","url":"https:\/\/www.yupeclaser.eu\/product\/raycus-1000w-qcw-fiber-laser\/","name":"Raycus 1000W QCW Laser \u00e0 Fibre - YUPEC Laser","isPartOf":{"@id":"https:\/\/www.yupeclaser.eu\/#website"},"primaryImageOfPage":{"@id":"https:\/\/www.yupeclaser.eu\/product\/raycus-1000w-qcw-fiber-laser\/#primaryimage"},"image":{"@id":"https:\/\/www.yupeclaser.eu\/product\/raycus-1000w-qcw-fiber-laser\/#primaryimage"},"thumbnailUrl":"https:\/\/www.yupeclaser.eu\/wp-content\/uploads\/2024\/05\/RFL-QCW-1000-3000-1.png","datePublished":"2024-05-15T06:48:36+00:00","dateModified":"2024-06-17T02:26:24+00:00","description":"Ce laser \u00e0 fibre QCW Raycus 1000W est id\u00e9al pour le soudage par points, le soudage de joints, l'ennuyage ainsi que de nombreuses autres applications industrielles.","breadcrumb":{"@id":"https:\/\/www.yupeclaser.eu\/product\/raycus-1000w-qcw-fiber-laser\/#breadcrumb"},"inLanguage":"fr-FR","potentialAction":[{"@type":"ReadAction","target":["https:\/\/www.yupeclaser.eu\/product\/raycus-1000w-qcw-fiber-laser\/"]}]},{"@type":"ImageObject","inLanguage":"fr-FR","@id":"https:\/\/www.yupeclaser.eu\/product\/raycus-1000w-qcw-fiber-laser\/#primaryimage","url":"https:\/\/www.yupeclaser.eu\/wp-content\/uploads\/2024\/05\/RFL-QCW-1000-3000-1.png","contentUrl":"https:\/\/www.yupeclaser.eu\/wp-content\/uploads\/2024\/05\/RFL-QCW-1000-3000-1.png","width":750,"height":513},{"@type":"BreadcrumbList","@id":"https:\/\/www.yupeclaser.eu\/product\/raycus-1000w-qcw-fiber-laser\/#breadcrumb","itemListElement":[{"@type":"ListItem","position":1,"name":"Home","item":"https:\/\/www.yupeclaser.eu\/"},{"@type":"ListItem","position":2,"name":"Products","item":"https:\/\/www.yupeclaser.eu\/products\/"},{"@type":"ListItem","position":3,"name":"QCW Fiber Series","item":"https:\/\/www.yupeclaser.eu\/qcw-fiber-lasers\/"},{"@type":"ListItem","position":4,"name":"Raycus 1000W QCW Fiber Laser"}]},{"@type":"WebSite","@id":"https:\/\/www.yupeclaser.eu\/#website","url":"https:\/\/www.yupeclaser.eu\/","name":"YUPEC Laser","description":"","potentialAction":[{"@type":"SearchAction","target":{"@type":"EntryPoint","urlTemplate":"https:\/\/www.yupeclaser.eu\/?s={search_term_string}"},"query-input":{"@type":"PropertyValueSpecification","valueRequired":true,"valueName":"search_term_string"}}],"inLanguage":"fr-FR"}]}},"_links":{"self":[{"href":"https:\/\/www.yupeclaser.eu\/fr\/wp-json\/wp\/v2\/product\/4348","targetHints":{"allow":["GET"]}}],"collection":[{"href":"https:\/\/www.yupeclaser.eu\/fr\/wp-json\/wp\/v2\/product"}],"about":[{"href":"https:\/\/www.yupeclaser.eu\/fr\/wp-json\/wp\/v2\/types\/product"}],"wp:featuredmedia":[{"embeddable":true,"href":"https:\/\/www.yupeclaser.eu\/fr\/wp-json\/wp\/v2\/media\/4349"}],"wp:attachment":[{"href":"https:\/\/www.yupeclaser.eu\/fr\/wp-json\/wp\/v2\/media?parent=4348"}],"wp:term":[{"taxonomy":"product_brand","embeddable":true,"href":"https:\/\/www.yupeclaser.eu\/fr\/wp-json\/wp\/v2\/product_brand?post=4348"},{"taxonomy":"product_cat","embeddable":true,"href":"https:\/\/www.yupeclaser.eu\/fr\/wp-json\/wp\/v2\/product_cat?post=4348"},{"taxonomy":"product_tag","embeddable":true,"href":"https:\/\/www.yupeclaser.eu\/fr\/wp-json\/wp\/v2\/product_tag?post=4348"}],"curies":[{"name":"wp","href":"https:\/\/api.w.org\/{rel}","templated":true}]}}