{"id":4395,"date":"2024-05-16T01:41:11","date_gmt":"2024-05-16T01:41:11","guid":{"rendered":"https:\/\/yupeclaser.eu\/?post_type=product&#038;p=4395"},"modified":"2025-06-24T15:15:12","modified_gmt":"2025-06-24T07:15:12","slug":"raytools-bd04k-0-4kw-3d-autofocus-fiber-laser-cutting-head","status":"publish","type":"product","link":"https:\/\/www.yupeclaser.eu\/es\/product\/raytools-bd04k-0-4kw-3d-autofocus-fiber-laser-cutting-head\/","title":{"rendered":"Raytools BD04K 0-4kW Cabezal de Corte con L\u00e1ser de Fibra 3D Autofocus"},"content":{"rendered":"<p><div class=\"fusion-fullwidth fullwidth-box fusion-builder-row-1 fusion-flex-container has-pattern-background has-mask-background nonhundred-percent-fullwidth non-hundred-percent-height-scrolling fusion-animated\" style=\"--awb-border-radius-top-left:0px;--awb-border-radius-top-right:0px;--awb-border-radius-bottom-right:0px;--awb-border-radius-bottom-left:0px;--awb-padding-top:0px;--awb-padding-right:0px;--awb-padding-bottom:0px;--awb-padding-left:0px;--awb-flex-wrap:wrap;\" data-animationtype=\"fadeInLeft\" data-animationduration=\"2.0\" data-animationoffset=\"top-into-view\" ><div class=\"fusion-builder-row fusion-row fusion-flex-align-items-flex-start fusion-flex-content-wrap\" style=\"max-width:1372.8px;margin-left: calc(-4% \/ 2 );margin-right: calc(-4% \/ 2 );\"><div class=\"fusion-layout-column fusion_builder_column fusion-builder-column-0 fusion_builder_column_1_1 1_1 fusion-flex-column\" style=\"--awb-bg-size:cover;--awb-width-large:100%;--awb-margin-top-large:20px;--awb-spacing-right-large:1.92%;--awb-margin-bottom-large:20px;--awb-spacing-left-large:1.92%;--awb-width-medium:100%;--awb-order-medium:0;--awb-spacing-right-medium:1.92%;--awb-spacing-left-medium:1.92%;--awb-width-small:100%;--awb-order-small:0;--awb-spacing-right-small:1.92%;--awb-spacing-left-small:1.92%;\"><div class=\"fusion-column-wrapper fusion-column-has-shadow fusion-flex-justify-content-flex-start fusion-content-layout-column\"><div class=\"fusion-title title fusion-title-1 fusion-sep-none fusion-title-text fusion-title-size-two\" style=\"--awb-text-color:var(--awb-color8);--awb-sep-color:var(--awb-custom_color_1);--awb-font-size:24px;\"><h2 class=\"fusion-title-heading title-heading-left fusion-responsive-typography-calculated\" style=\"margin:0;font-size:1em;--fontSize:24;line-height:1.3;\">Caracter\u00edsticas del Producto<\/h2><\/div><div class=\"fusion-separator\" style=\"align-self: flex-start;margin-right:auto;margin-top:-10px;width:100%;max-width:60px;\"><div class=\"fusion-separator-border sep-single sep-solid\" style=\"--awb-height:20px;--awb-amount:20px;--awb-sep-color:var(--awb-custom_color_1);border-color:var(--awb-custom_color_1);border-top-width:5px;\"><\/div><\/div><ul style=\"--awb-size:15px;--awb-margin-top:30px;--awb-margin-right:0px;--awb-margin-left:0px;--awb-item-padding-right:0px;--awb-item-padding-left:0px;--awb-iconcolor:var(--awb-color8);--awb-line-height:25.5px;--awb-icon-width:25.5px;--awb-icon-height:25.5px;--awb-icon-margin:10.5px;--awb-content-margin:36px;\" class=\"fusion-checklist fusion-checklist-1 fusion-checklist-default type-icons\"><li class=\"fusion-li-item\" style=\"\"><span class=\"icon-wrapper circle-no\"><i class=\"fusion-li-icon fa-chevron-circle-right fas\" aria-hidden=\"true\"><\/i><\/span><div class=\"fusion-li-item-content\">\n<p>Dise\u00f1o ligero con r\u00e1pida aceleraci\u00f3n mejora la eficiencia y calidad del corte.<\/p>\n<\/div><\/li><li class=\"fusion-li-item\" style=\"\"><span class=\"icon-wrapper circle-no\"><i class=\"fusion-li-icon fa-chevron-circle-right fas\" aria-hidden=\"true\"><\/i><\/span><div class=\"fusion-li-item-content\">\n<p>Configuraci\u00f3n \u00f3ptica optimizada y dise\u00f1o eficiente del flujo de aire elevan el rendimiento.<\/p>\n<\/div><\/li><li class=\"fusion-li-item\" style=\"\"><span class=\"icon-wrapper circle-no\"><i class=\"fusion-li-icon fa-chevron-circle-right fas\" aria-hidden=\"true\"><\/i><\/span><div class=\"fusion-li-item-content\">\n<p>Sellado efectivo asegura un camino de haz limpio.<\/p>\n<\/div><\/li><li class=\"fusion-li-item\" style=\"\"><span class=\"icon-wrapper circle-no\"><i class=\"fusion-li-icon fa-chevron-circle-right fas\" aria-hidden=\"true\"><\/i><\/span><div class=\"fusion-li-item-content\">\n<p>Compatible con interfaces de fibra \u00f3ptica QBH, G5 y otras, haci\u00e9ndolo adecuado para varios l\u00e1seres de fibra.<\/p>\n<\/div><\/li><li class=\"fusion-li-item\" style=\"\"><span class=\"icon-wrapper circle-no\"><i class=\"fusion-li-icon fa-chevron-circle-right fas\" aria-hidden=\"true\"><\/i><\/span><div class=\"fusion-li-item-content\">\n<p>Ajuste autom\u00e1tico de la posici\u00f3n de enfoque que simplifica el proceso de corte.<\/p>\n<\/div><\/li><\/ul><\/div><\/div><\/div><\/div><div class=\"fusion-fullwidth fullwidth-box fusion-builder-row-2 fusion-flex-container has-pattern-background has-mask-background nonhundred-percent-fullwidth non-hundred-percent-height-scrolling fusion-animated\" style=\"--awb-border-radius-top-left:0px;--awb-border-radius-top-right:0px;--awb-border-radius-bottom-right:0px;--awb-border-radius-bottom-left:0px;--awb-padding-top:0px;--awb-padding-right:0px;--awb-padding-bottom:0px;--awb-padding-left:0px;--awb-margin-top:60px;--awb-flex-wrap:wrap;\" data-animationtype=\"fadeInLeft\" data-animationduration=\"2.0\" data-animationoffset=\"top-into-view\" ><div class=\"fusion-builder-row fusion-row fusion-flex-align-items-flex-start fusion-flex-content-wrap\" style=\"max-width:1372.8px;margin-left: calc(-4% \/ 2 );margin-right: calc(-4% \/ 2 );\"><div class=\"fusion-layout-column fusion_builder_column fusion-builder-column-1 fusion_builder_column_1_1 1_1 fusion-flex-column\" style=\"--awb-bg-size:cover;--awb-width-large:100%;--awb-margin-top-large:20px;--awb-spacing-right-large:1.92%;--awb-margin-bottom-large:20px;--awb-spacing-left-large:1.92%;--awb-width-medium:100%;--awb-order-medium:0;--awb-spacing-right-medium:1.92%;--awb-spacing-left-medium:1.92%;--awb-width-small:100%;--awb-order-small:0;--awb-spacing-right-small:1.92%;--awb-spacing-left-small:1.92%;\"><div class=\"fusion-column-wrapper fusion-column-has-shadow fusion-flex-justify-content-flex-start fusion-content-layout-column\"><div class=\"fusion-title title fusion-title-2 fusion-sep-none fusion-title-text fusion-title-size-two\" style=\"--awb-text-color:var(--awb-color8);--awb-sep-color:var(--awb-custom_color_1);--awb-font-size:24px;\"><h2 class=\"fusion-title-heading title-heading-left fusion-responsive-typography-calculated\" style=\"margin:0;font-size:1em;--fontSize:24;line-height:1.3;\">Datos T\u00e9cnicos<\/h2><\/div><div class=\"fusion-separator\" style=\"align-self: flex-start;margin-right:auto;margin-top:-10px;width:100%;max-width:60px;\"><div class=\"fusion-separator-border sep-single sep-solid\" style=\"--awb-height:20px;--awb-amount:20px;--awb-sep-color:var(--awb-custom_color_1);border-color:var(--awb-custom_color_1);border-top-width:5px;\"><\/div><\/div>\n<div class=\"table-1\" style=\"--awb-margin-top:30px;\">\n<table width=\"100%\">\n<thead>\n<tr>\n<th align=\"left\">Modelo<\/th>\n<th align=\"left\">Raytools BD04K<\/th>\n<\/tr>\n<\/thead>\n<tbody>\n<tr>\n<td align=\"left\" width=\"50%\">Potencia Nominal<\/td>\n<td align=\"left\" width=\"50%\">\u22644kW<\/td>\n<\/tr>\n<tr>\n<td align=\"left\" width=\"50%\">Interfaz Fibra<\/td>\n<td align=\"left\" width=\"50%\">QBH, G5<\/td>\n<\/tr>\n<tr>\n<td align=\"left\" width=\"50%\">Longitud del Colimador<\/td>\n<td align=\"left\" width=\"50%\">F100<\/td>\n<\/tr>\n<tr>\n<td align=\"left\" width=\"50%\">Lente de Enfoque<\/td>\n<td align=\"left\" width=\"50%\">F150 \/ F200<\/td>\n<\/tr>\n<tr>\n<td align=\"left\" width=\"50%\">Ventanas Protectoras<\/td>\n<td align=\"left\" width=\"50%\">D24.9*1.5mm (Superior); D27.9*4.1mm (Medio); D27.9*4.1mm (Inferior)<\/td>\n<\/tr>\n<tr>\n<td align=\"left\" width=\"50%\">Estilos de Boquilla<\/td>\n<td align=\"left\" width=\"50%\">Simple \/ Doble<\/td>\n<\/tr>\n<tr>\n<td align=\"left\" width=\"50%\">Di\u00e1metro de la Punta de la Boquilla<\/td>\n<td align=\"left\" width=\"50%\">1.2mm, 1.5mm, 2.0mm, 2.5mm, 3.0mm, 3.5mm, 4.0mm<\/td>\n<\/tr>\n<tr>\n<td align=\"left\" width=\"50%\">N\u00famero de Parte de Cer\u00e1mica:<\/td>\n<td align=\"left\" width=\"50%\">120515093A<\/td>\n<\/tr>\n<tr>\n<td align=\"left\" width=\"50%\">Zoom<\/td>\n<td align=\"left\" width=\"50%\">EtherCAT \/ Anal\u00f3gico \/ Pulso<\/td>\n<\/tr>\n<\/tbody>\n<\/table>\n<\/div>\n<\/div><\/div><\/div><\/div><div class=\"fusion-fullwidth fullwidth-box fusion-builder-row-3 fusion-flex-container has-pattern-background has-mask-background nonhundred-percent-fullwidth non-hundred-percent-height-scrolling fusion-animated\" style=\"--awb-border-radius-top-left:0px;--awb-border-radius-top-right:0px;--awb-border-radius-bottom-right:0px;--awb-border-radius-bottom-left:0px;--awb-padding-top:0px;--awb-padding-right:0px;--awb-padding-bottom:0px;--awb-padding-left:0px;--awb-margin-top:60px;--awb-flex-wrap:wrap;\" data-animationtype=\"fadeInLeft\" data-animationduration=\"2.0\" data-animationoffset=\"top-into-view\" ><div class=\"fusion-builder-row fusion-row fusion-flex-align-items-flex-start fusion-flex-content-wrap\" style=\"max-width:1372.8px;margin-left: calc(-4% \/ 2 );margin-right: calc(-4% \/ 2 );\"><div class=\"fusion-layout-column fusion_builder_column fusion-builder-column-2 fusion_builder_column_1_1 1_1 fusion-flex-column\" style=\"--awb-bg-size:cover;--awb-width-large:100%;--awb-margin-top-large:20px;--awb-spacing-right-large:1.92%;--awb-margin-bottom-large:20px;--awb-spacing-left-large:1.92%;--awb-width-medium:100%;--awb-order-medium:0;--awb-spacing-right-medium:1.92%;--awb-spacing-left-medium:1.92%;--awb-width-small:100%;--awb-order-small:0;--awb-spacing-right-small:1.92%;--awb-spacing-left-small:1.92%;\"><div class=\"fusion-column-wrapper fusion-column-has-shadow fusion-flex-justify-content-flex-start fusion-content-layout-column\"><div class=\"fusion-title title fusion-title-3 fusion-sep-none fusion-title-text fusion-title-size-two\" style=\"--awb-text-color:var(--awb-color8);--awb-sep-color:var(--awb-custom_color_1);--awb-font-size:24px;\"><h2 class=\"fusion-title-heading title-heading-left fusion-responsive-typography-calculated\" style=\"margin:0;font-size:1em;--fontSize:24;line-height:1.3;\">Dimensiones del Producto<\/h2><\/div><div class=\"fusion-separator\" style=\"align-self: flex-start;margin-right:auto;margin-top:-10px;width:100%;max-width:60px;\"><div class=\"fusion-separator-border sep-single sep-solid\" style=\"--awb-height:20px;--awb-amount:20px;--awb-sep-color:var(--awb-custom_color_1);border-color:var(--awb-custom_color_1);border-top-width:5px;\"><\/div><\/div><div class=\"fusion-image-element\" style=\"text-align:center;--awb-margin-top:10px;--awb-max-width:600px;--awb-caption-title-font-family:var(--h2_typography-font-family);--awb-caption-title-font-weight:var(--h2_typography-font-weight);--awb-caption-title-font-style:var(--h2_typography-font-style);--awb-caption-title-size:var(--h2_typography-font-size);--awb-caption-title-transform:var(--h2_typography-text-transform);--awb-caption-title-line-height:var(--h2_typography-line-height);--awb-caption-title-letter-spacing:var(--h2_typography-letter-spacing);\"><span class=\"fusion-imageframe imageframe-none imageframe-1 hover-type-none\" style=\"border-radius:8px;\"><img decoding=\"async\" width=\"1000\" height=\"912\" title=\"Raytools BD04K Product Demension 2\" src=\"https:\/\/www.yupeclaser.eu\/wp-content\/uploads\/2024\/05\/Raytools-BD04K-Product-Demension-2.jpg\" data-orig-src=\"https:\/\/yupeclaser.eu\/wp-content\/uploads\/2024\/05\/Raytools-BD04K-Product-Demension-2.jpg\" alt class=\"lazyload img-responsive wp-image-4398\" srcset=\"data:image\/svg+xml,%3Csvg%20xmlns%3D%27http%3A%2F%2Fwww.w3.org%2F2000%2Fsvg%27%20width%3D%271000%27%20height%3D%27912%27%20viewBox%3D%270%200%201000%20912%27%3E%3Crect%20width%3D%271000%27%20height%3D%27912%27%20fill-opacity%3D%220%22%2F%3E%3C%2Fsvg%3E\" data-srcset=\"https:\/\/www.yupeclaser.eu\/wp-content\/uploads\/2024\/05\/Raytools-BD04K-Product-Demension-2-200x182.jpg 200w, https:\/\/www.yupeclaser.eu\/wp-content\/uploads\/2024\/05\/Raytools-BD04K-Product-Demension-2-400x365.jpg 400w, https:\/\/www.yupeclaser.eu\/wp-content\/uploads\/2024\/05\/Raytools-BD04K-Product-Demension-2-600x547.jpg 600w, https:\/\/www.yupeclaser.eu\/wp-content\/uploads\/2024\/05\/Raytools-BD04K-Product-Demension-2-800x730.jpg 800w, https:\/\/www.yupeclaser.eu\/wp-content\/uploads\/2024\/05\/Raytools-BD04K-Product-Demension-2.jpg 1000w\" data-sizes=\"auto\" data-orig-sizes=\"(max-width: 640px) 100vw, 1000px\" \/><\/span><\/div><div class=\"fusion-image-element\" style=\"text-align:center;--awb-margin-top:30px;--awb-max-width:600px;--awb-caption-title-font-family:var(--h2_typography-font-family);--awb-caption-title-font-weight:var(--h2_typography-font-weight);--awb-caption-title-font-style:var(--h2_typography-font-style);--awb-caption-title-size:var(--h2_typography-font-size);--awb-caption-title-transform:var(--h2_typography-text-transform);--awb-caption-title-line-height:var(--h2_typography-line-height);--awb-caption-title-letter-spacing:var(--h2_typography-letter-spacing);\"><span class=\"fusion-imageframe imageframe-none imageframe-2 hover-type-none\" style=\"border-radius:8px;\"><img decoding=\"async\" width=\"1000\" height=\"894\" title=\"Raytools BD04K Product Demension 1\" src=\"https:\/\/www.yupeclaser.eu\/wp-content\/uploads\/2024\/05\/Raytools-BD04K-Product-Demension-1.jpg\" data-orig-src=\"https:\/\/yupeclaser.eu\/wp-content\/uploads\/2024\/05\/Raytools-BD04K-Product-Demension-1.jpg\" alt class=\"lazyload img-responsive wp-image-4397\" srcset=\"data:image\/svg+xml,%3Csvg%20xmlns%3D%27http%3A%2F%2Fwww.w3.org%2F2000%2Fsvg%27%20width%3D%271000%27%20height%3D%27894%27%20viewBox%3D%270%200%201000%20894%27%3E%3Crect%20width%3D%271000%27%20height%3D%27894%27%20fill-opacity%3D%220%22%2F%3E%3C%2Fsvg%3E\" data-srcset=\"https:\/\/www.yupeclaser.eu\/wp-content\/uploads\/2024\/05\/Raytools-BD04K-Product-Demension-1-200x179.jpg 200w, https:\/\/www.yupeclaser.eu\/wp-content\/uploads\/2024\/05\/Raytools-BD04K-Product-Demension-1-400x358.jpg 400w, https:\/\/www.yupeclaser.eu\/wp-content\/uploads\/2024\/05\/Raytools-BD04K-Product-Demension-1-600x536.jpg 600w, https:\/\/www.yupeclaser.eu\/wp-content\/uploads\/2024\/05\/Raytools-BD04K-Product-Demension-1-800x715.jpg 800w, https:\/\/www.yupeclaser.eu\/wp-content\/uploads\/2024\/05\/Raytools-BD04K-Product-Demension-1.jpg 1000w\" data-sizes=\"auto\" data-orig-sizes=\"(max-width: 640px) 100vw, 1000px\" \/><\/span><\/div><\/div><\/div><\/div><\/div><\/p>","protected":false},"excerpt":{"rendered":"<p>El cabezal de corte con l\u00e1ser de fibra Raytools BD04K 0-4kW 3D Autofocus se caracteriza por un dise\u00f1o ligero con r\u00e1pida aceleraci\u00f3n, asegurando operaciones de corte \u00e1giles y precisas. Su configuraci\u00f3n \u00f3ptica optimizada y dise\u00f1o eficiente del flujo de aire elevan la calidad y eficiencia del corte a nuevos niveles. El robusto mecanismo de sellado mantiene un camino de haz limpio, mejorando el rendimiento general.<\/p>","protected":false},"featured_media":4396,"template":"","meta":[],"product_brand":[],"product_cat":[47],"product_tag":[],"class_list":{"0":"post-4395","1":"product","2":"type-product","3":"status-publish","4":"has-post-thumbnail","6":"product_cat-laser-cutting-heads","8":"first","9":"instock","10":"shipping-taxable","11":"product-type-simple"},"yoast_head":"<!-- This site is optimized with the Yoast SEO plugin v26.5 - https:\/\/yoast.com\/wordpress\/plugins\/seo\/ -->\n<title>Raytools BD04K 0-4kW 3D Autofocus Fiber Laser Cutting Head - YUPEC Laser<\/title>\n<meta name=\"description\" content=\"The Raytools BD04K Fiber Laser Cutting Head boasts a lightweight design with rapid acceleration, ensuring swift and precise cutting operations. Its optimized optical configuration and efficient airflow design elevate cutting quality and efficiency to new heights.\" \/>\n<meta name=\"robots\" content=\"index, follow, max-snippet:-1, max-image-preview:large, max-video-preview:-1\" \/>\n<link rel=\"canonical\" href=\"https:\/\/www.yupeclaser.eu\/es\/product\/raytools-bd04k-0-4kw-3d-autofocus-fiber-laser-cutting-head\/\" \/>\n<meta property=\"og:locale\" content=\"es_ES\" \/>\n<meta property=\"og:type\" content=\"article\" \/>\n<meta property=\"og:title\" content=\"Raytools BD04K 0-4kW 3D Autofocus Fiber Laser Cutting Head - YUPEC Laser\" \/>\n<meta property=\"og:description\" content=\"The Raytools BD04K Fiber Laser Cutting Head boasts a lightweight design with rapid acceleration, ensuring swift and precise cutting operations. Its optimized optical configuration and efficient airflow design elevate cutting quality and efficiency to new heights.\" \/>\n<meta property=\"og:url\" content=\"https:\/\/www.yupeclaser.eu\/es\/product\/raytools-bd04k-0-4kw-3d-autofocus-fiber-laser-cutting-head\/\" \/>\n<meta property=\"og:site_name\" content=\"YUPEC Laser\" \/>\n<meta property=\"og:image\" content=\"https:\/\/www.yupeclaser.eu\/wp-content\/uploads\/2024\/05\/Raytools-BD04K-1.png\" \/>\n\t<meta property=\"og:image:width\" content=\"750\" \/>\n\t<meta property=\"og:image:height\" content=\"513\" \/>\n\t<meta property=\"og:image:type\" content=\"image\/png\" \/>\n<meta name=\"twitter:card\" content=\"summary_large_image\" \/>\n<meta name=\"twitter:label1\" content=\"Tiempo de lectura\" \/>\n\t<meta name=\"twitter:data1\" content=\"2 minutos\" \/>\n<script type=\"application\/ld+json\" class=\"yoast-schema-graph\">{\"@context\":\"https:\/\/schema.org\",\"@graph\":[{\"@type\":\"WebPage\",\"@id\":\"https:\/\/www.yupeclaser.eu\/product\/raytools-bd04k-0-4kw-3d-autofocus-fiber-laser-cutting-head\/\",\"url\":\"https:\/\/www.yupeclaser.eu\/product\/raytools-bd04k-0-4kw-3d-autofocus-fiber-laser-cutting-head\/\",\"name\":\"Raytools BD04K 0-4kW 3D Autofocus Fiber Laser Cutting Head - YUPEC Laser\",\"isPartOf\":{\"@id\":\"https:\/\/www.yupeclaser.eu\/#website\"},\"primaryImageOfPage\":{\"@id\":\"https:\/\/www.yupeclaser.eu\/product\/raytools-bd04k-0-4kw-3d-autofocus-fiber-laser-cutting-head\/#primaryimage\"},\"image\":{\"@id\":\"https:\/\/www.yupeclaser.eu\/product\/raytools-bd04k-0-4kw-3d-autofocus-fiber-laser-cutting-head\/#primaryimage\"},\"thumbnailUrl\":\"https:\/\/www.yupeclaser.eu\/wp-content\/uploads\/2024\/05\/Raytools-BD04K-1.png\",\"datePublished\":\"2024-05-16T01:41:11+00:00\",\"dateModified\":\"2025-06-24T07:15:12+00:00\",\"description\":\"The Raytools BD04K Fiber Laser Cutting Head boasts a lightweight design with rapid acceleration, ensuring swift and precise cutting operations. Its optimized optical configuration and efficient airflow design elevate cutting quality and efficiency to new heights.\",\"breadcrumb\":{\"@id\":\"https:\/\/www.yupeclaser.eu\/product\/raytools-bd04k-0-4kw-3d-autofocus-fiber-laser-cutting-head\/#breadcrumb\"},\"inLanguage\":\"es\",\"potentialAction\":[{\"@type\":\"ReadAction\",\"target\":[\"https:\/\/www.yupeclaser.eu\/product\/raytools-bd04k-0-4kw-3d-autofocus-fiber-laser-cutting-head\/\"]}]},{\"@type\":\"ImageObject\",\"inLanguage\":\"es\",\"@id\":\"https:\/\/www.yupeclaser.eu\/product\/raytools-bd04k-0-4kw-3d-autofocus-fiber-laser-cutting-head\/#primaryimage\",\"url\":\"https:\/\/www.yupeclaser.eu\/wp-content\/uploads\/2024\/05\/Raytools-BD04K-1.png\",\"contentUrl\":\"https:\/\/www.yupeclaser.eu\/wp-content\/uploads\/2024\/05\/Raytools-BD04K-1.png\",\"width\":750,\"height\":513},{\"@type\":\"BreadcrumbList\",\"@id\":\"https:\/\/www.yupeclaser.eu\/product\/raytools-bd04k-0-4kw-3d-autofocus-fiber-laser-cutting-head\/#breadcrumb\",\"itemListElement\":[{\"@type\":\"ListItem\",\"position\":1,\"name\":\"Home\",\"item\":\"https:\/\/www.yupeclaser.eu\/\"},{\"@type\":\"ListItem\",\"position\":2,\"name\":\"Products\",\"item\":\"https:\/\/www.yupeclaser.eu\/products\/\"},{\"@type\":\"ListItem\",\"position\":3,\"name\":\"Laser Cutting Heads\",\"item\":\"https:\/\/www.yupeclaser.eu\/laser-cutting-heads\/\"},{\"@type\":\"ListItem\",\"position\":4,\"name\":\"Raytools BD04K 0-4kW 3D Autofocus Fiber Laser Cutting Head\"}]},{\"@type\":\"WebSite\",\"@id\":\"https:\/\/www.yupeclaser.eu\/#website\",\"url\":\"https:\/\/www.yupeclaser.eu\/\",\"name\":\"YUPEC Laser\",\"description\":\"\",\"potentialAction\":[{\"@type\":\"SearchAction\",\"target\":{\"@type\":\"EntryPoint\",\"urlTemplate\":\"https:\/\/www.yupeclaser.eu\/?s={search_term_string}\"},\"query-input\":{\"@type\":\"PropertyValueSpecification\",\"valueRequired\":true,\"valueName\":\"search_term_string\"}}],\"inLanguage\":\"es\"}]}<\/script>\n<!-- \/ Yoast SEO plugin. -->","yoast_head_json":{"title":"Raytools BD04K 0-4kW Cabezal de Corte con L\u00e1ser de Fibra 3D Autofocus - YUPEC Laser","description":"El cabezal de corte con l\u00e1ser de fibra Raytools BD04K presume un dise\u00f1o ligero con r\u00e1pida aceleraci\u00f3n, asegurando operaciones de corte \u00e1giles y precisas. Su configuraci\u00f3n \u00f3ptica optimizada y dise\u00f1o eficiente del flujo de aire elevan la calidad y eficiencia del corte a nuevos niveles.","robots":{"index":"index","follow":"follow","max-snippet":"max-snippet:-1","max-image-preview":"max-image-preview:large","max-video-preview":"max-video-preview:-1"},"canonical":"https:\/\/www.yupeclaser.eu\/es\/product\/raytools-bd04k-0-4kw-3d-autofocus-fiber-laser-cutting-head\/","og_locale":"es_ES","og_type":"article","og_title":"Raytools BD04K 0-4kW 3D Autofocus Fiber Laser Cutting Head - YUPEC Laser","og_description":"The Raytools BD04K Fiber Laser Cutting Head boasts a lightweight design with rapid acceleration, ensuring swift and precise cutting operations. Its optimized optical configuration and efficient airflow design elevate cutting quality and efficiency to new heights.","og_url":"https:\/\/www.yupeclaser.eu\/es\/product\/raytools-bd04k-0-4kw-3d-autofocus-fiber-laser-cutting-head\/","og_site_name":"YUPEC Laser","og_image":[{"width":750,"height":513,"url":"https:\/\/www.yupeclaser.eu\/wp-content\/uploads\/2024\/05\/Raytools-BD04K-1.png","type":"image\/png"}],"twitter_card":"summary_large_image","twitter_misc":{"Tiempo de lectura":"2 minutos"},"schema":{"@context":"https:\/\/schema.org","@graph":[{"@type":"WebPage","@id":"https:\/\/www.yupeclaser.eu\/product\/raytools-bd04k-0-4kw-3d-autofocus-fiber-laser-cutting-head\/","url":"https:\/\/www.yupeclaser.eu\/product\/raytools-bd04k-0-4kw-3d-autofocus-fiber-laser-cutting-head\/","name":"Raytools BD04K 0-4kW Cabezal de Corte con L\u00e1ser de Fibra 3D Autofocus - YUPEC Laser","isPartOf":{"@id":"https:\/\/www.yupeclaser.eu\/#website"},"primaryImageOfPage":{"@id":"https:\/\/www.yupeclaser.eu\/product\/raytools-bd04k-0-4kw-3d-autofocus-fiber-laser-cutting-head\/#primaryimage"},"image":{"@id":"https:\/\/www.yupeclaser.eu\/product\/raytools-bd04k-0-4kw-3d-autofocus-fiber-laser-cutting-head\/#primaryimage"},"thumbnailUrl":"https:\/\/www.yupeclaser.eu\/wp-content\/uploads\/2024\/05\/Raytools-BD04K-1.png","datePublished":"2024-05-16T01:41:11+00:00","dateModified":"2025-06-24T07:15:12+00:00","description":"El cabezal de corte con l\u00e1ser de fibra Raytools BD04K presume un dise\u00f1o ligero con r\u00e1pida aceleraci\u00f3n, asegurando operaciones de corte \u00e1giles y precisas. Su configuraci\u00f3n \u00f3ptica optimizada y dise\u00f1o eficiente del flujo de aire elevan la calidad y eficiencia del corte a nuevos niveles.","breadcrumb":{"@id":"https:\/\/www.yupeclaser.eu\/product\/raytools-bd04k-0-4kw-3d-autofocus-fiber-laser-cutting-head\/#breadcrumb"},"inLanguage":"es","potentialAction":[{"@type":"ReadAction","target":["https:\/\/www.yupeclaser.eu\/product\/raytools-bd04k-0-4kw-3d-autofocus-fiber-laser-cutting-head\/"]}]},{"@type":"ImageObject","inLanguage":"es","@id":"https:\/\/www.yupeclaser.eu\/product\/raytools-bd04k-0-4kw-3d-autofocus-fiber-laser-cutting-head\/#primaryimage","url":"https:\/\/www.yupeclaser.eu\/wp-content\/uploads\/2024\/05\/Raytools-BD04K-1.png","contentUrl":"https:\/\/www.yupeclaser.eu\/wp-content\/uploads\/2024\/05\/Raytools-BD04K-1.png","width":750,"height":513},{"@type":"BreadcrumbList","@id":"https:\/\/www.yupeclaser.eu\/product\/raytools-bd04k-0-4kw-3d-autofocus-fiber-laser-cutting-head\/#breadcrumb","itemListElement":[{"@type":"ListItem","position":1,"name":"Home","item":"https:\/\/www.yupeclaser.eu\/"},{"@type":"ListItem","position":2,"name":"Products","item":"https:\/\/www.yupeclaser.eu\/products\/"},{"@type":"ListItem","position":3,"name":"Laser Cutting Heads","item":"https:\/\/www.yupeclaser.eu\/laser-cutting-heads\/"},{"@type":"ListItem","position":4,"name":"Raytools BD04K 0-4kW 3D Autofocus Fiber Laser Cutting Head"}]},{"@type":"WebSite","@id":"https:\/\/www.yupeclaser.eu\/#website","url":"https:\/\/www.yupeclaser.eu\/","name":"YUPEC Laser","description":"","potentialAction":[{"@type":"SearchAction","target":{"@type":"EntryPoint","urlTemplate":"https:\/\/www.yupeclaser.eu\/?s={search_term_string}"},"query-input":{"@type":"PropertyValueSpecification","valueRequired":true,"valueName":"search_term_string"}}],"inLanguage":"es"}]}},"_links":{"self":[{"href":"https:\/\/www.yupeclaser.eu\/es\/wp-json\/wp\/v2\/product\/4395","targetHints":{"allow":["GET"]}}],"collection":[{"href":"https:\/\/www.yupeclaser.eu\/es\/wp-json\/wp\/v2\/product"}],"about":[{"href":"https:\/\/www.yupeclaser.eu\/es\/wp-json\/wp\/v2\/types\/product"}],"wp:featuredmedia":[{"embeddable":true,"href":"https:\/\/www.yupeclaser.eu\/es\/wp-json\/wp\/v2\/media\/4396"}],"wp:attachment":[{"href":"https:\/\/www.yupeclaser.eu\/es\/wp-json\/wp\/v2\/media?parent=4395"}],"wp:term":[{"taxonomy":"product_brand","embeddable":true,"href":"https:\/\/www.yupeclaser.eu\/es\/wp-json\/wp\/v2\/product_brand?post=4395"},{"taxonomy":"product_cat","embeddable":true,"href":"https:\/\/www.yupeclaser.eu\/es\/wp-json\/wp\/v2\/product_cat?post=4395"},{"taxonomy":"product_tag","embeddable":true,"href":"https:\/\/www.yupeclaser.eu\/es\/wp-json\/wp\/v2\/product_tag?post=4395"}],"curies":[{"name":"wp","href":"https:\/\/api.w.org\/{rel}","templated":true}]}}