{"id":8771,"date":"2025-06-25T10:44:47","date_gmt":"2025-06-25T02:44:47","guid":{"rendered":"https:\/\/www.yupeclaser.eu\/?post_type=product&#038;p=8771"},"modified":"2025-06-25T11:02:04","modified_gmt":"2025-06-25T03:02:04","slug":"raytools-gf101f-4kw-3d-autofocus-robotic-laser-cutting-head","status":"publish","type":"product","link":"https:\/\/www.yupeclaser.eu\/de\/product\/raytools-gf101f-4kw-3d-autofocus-robotic-laser-cutting-head\/","title":{"rendered":"Raytools GF101F 4kW 3D-Autofokus-Roboter-Laserschneidkopf"},"content":{"rendered":"<p><div class=\"fusion-fullwidth fullwidth-box fusion-builder-row-1 fusion-flex-container has-pattern-background has-mask-background nonhundred-percent-fullwidth non-hundred-percent-height-scrolling fusion-animated\" style=\"--awb-border-radius-top-left:0px;--awb-border-radius-top-right:0px;--awb-border-radius-bottom-right:0px;--awb-border-radius-bottom-left:0px;--awb-padding-top:0px;--awb-padding-right:0px;--awb-padding-bottom:0px;--awb-padding-left:0px;--awb-flex-wrap:wrap;\" data-animationtype=\"fadeInLeft\" data-animationduration=\"2.0\" data-animationoffset=\"top-into-view\" ><div class=\"fusion-builder-row fusion-row fusion-flex-align-items-flex-start fusion-flex-content-wrap\" style=\"max-width:1372.8px;margin-left: calc(-4% \/ 2 );margin-right: calc(-4% \/ 2 );\"><div class=\"fusion-layout-column fusion_builder_column fusion-builder-column-0 fusion_builder_column_1_1 1_1 fusion-flex-column\" style=\"--awb-bg-size:cover;--awb-width-large:100%;--awb-margin-top-large:20px;--awb-spacing-right-large:1.92%;--awb-margin-bottom-large:20px;--awb-spacing-left-large:1.92%;--awb-width-medium:100%;--awb-order-medium:0;--awb-spacing-right-medium:1.92%;--awb-spacing-left-medium:1.92%;--awb-width-small:100%;--awb-order-small:0;--awb-spacing-right-small:1.92%;--awb-spacing-left-small:1.92%;\"><div class=\"fusion-column-wrapper fusion-column-has-shadow fusion-flex-justify-content-flex-start fusion-content-layout-column\"><div class=\"fusion-title title fusion-title-1 fusion-sep-none fusion-title-text fusion-title-size-two\" style=\"--awb-text-color:var(--awb-color8);--awb-sep-color:var(--awb-custom_color_1);--awb-font-size:24px;\"><h2 class=\"fusion-title-heading title-heading-left fusion-responsive-typography-calculated\" style=\"margin:0;font-size:1em;--fontSize:24;line-height:1.3;\">Produktmerkmale<\/h2><\/div><div class=\"fusion-separator\" style=\"align-self: flex-start;margin-right:auto;margin-top:-10px;width:100%;max-width:60px;\"><div class=\"fusion-separator-border sep-single sep-solid\" style=\"--awb-height:20px;--awb-amount:20px;--awb-sep-color:var(--awb-custom_color_1);border-color:var(--awb-custom_color_1);border-top-width:5px;\"><\/div><\/div><ul style=\"--awb-size:15px;--awb-margin-top:30px;--awb-margin-right:0px;--awb-margin-left:0px;--awb-item-padding-right:0px;--awb-item-padding-left:0px;--awb-iconcolor:var(--awb-color8);--awb-line-height:25.5px;--awb-icon-width:25.5px;--awb-icon-height:25.5px;--awb-icon-margin:10.5px;--awb-content-margin:36px;\" class=\"fusion-checklist fusion-checklist-1 fusion-checklist-default type-icons\"><li class=\"fusion-li-item\" style=\"\"><span class=\"icon-wrapper circle-no\"><i class=\"fusion-li-icon fa-chevron-circle-right fas\" aria-hidden=\"true\"><\/i><\/span><div class=\"fusion-li-item-content\">\n<p><strong>Hohe Anpassungsf\u00e4higkeit:<\/strong> Optimierte optische Konfiguration und ein gleichm\u00e4\u00dfiger, effizienter Luftstrom erf\u00fcllen die Anforderungen beim Schneiden von D\u00fcnnblechen sowie bei anderen kundenspezifischen 3D-Laserschneidanwendungen.<\/p>\n<\/div><\/li><li class=\"fusion-li-item\" style=\"\"><span class=\"icon-wrapper circle-no\"><i class=\"fusion-li-icon fa-chevron-circle-right fas\" aria-hidden=\"true\"><\/i><\/span><div class=\"fusion-li-item-content\">\n<p><strong>Autofokus:<\/strong> Erm\u00f6glicht schnelles Einstechen und automatischen Plattenwechsel \u2013 ideal f\u00fcr das Schneiden unterschiedlich dicker Materialien.<\/p>\n<\/div><\/li><li class=\"fusion-li-item\" style=\"\"><span class=\"icon-wrapper circle-no\"><i class=\"fusion-li-icon fa-chevron-circle-right fas\" aria-hidden=\"true\"><\/i><\/span><div class=\"fusion-li-item-content\">\n<p><strong>Leichtes, integriertes Design:<\/strong> Dank des leichten, integrierten Designs wiegt das Ger\u00e4t nur ca. 6,5 kg und reduziert so die Belastung des Roboters.<\/p>\n<\/div><\/li><li class=\"fusion-li-item\" style=\"\"><span class=\"icon-wrapper circle-no\"><i class=\"fusion-li-icon fa-chevron-circle-right fas\" aria-hidden=\"true\"><\/i><\/span><div class=\"fusion-li-item-content\">\n<p><strong>Hohe Dichtleistung:<\/strong> Zuverl\u00e4ssige Abdichtung und ein modulares, schlankes D\u00fcsendesign minimieren die Werkst\u00fcckinterferenzen, reduzieren Ausfallzeiten und verl\u00e4ngern die Lebensdauer.<\/p>\n<\/div><\/li><li class=\"fusion-li-item\" style=\"\"><span class=\"icon-wrapper circle-no\"><i class=\"fusion-li-icon fa-chevron-circle-right fas\" aria-hidden=\"true\"><\/i><\/span><div class=\"fusion-li-item-content\">\n<p><strong>Integrierte H\u00f6hennachf\u00fchrung:<\/strong> Das Produkt verf\u00fcgt \u00fcber eine integrierte Nachf\u00fchreinheit, die das Fokusnachf\u00fchrmodul mittels Linearmechanismus automatisch innerhalb eines bestimmten Bereichs positioniert.<\/p>\n<\/div><\/li><li class=\"fusion-li-item\" style=\"\"><span class=\"icon-wrapper circle-no\"><i class=\"fusion-li-icon fa-chevron-circle-right fas\" aria-hidden=\"true\"><\/i><\/span><div class=\"fusion-li-item-content\">\n<p><strong>Integrierter kapazitiver Verst\u00e4rker:<\/strong> Optional erh\u00e4ltlich ist ein integrierter kapazitiver Verst\u00e4rker f\u00fcr eine noch pr\u00e4zisere und stabilere H\u00f6henregelung.<\/p>\n<\/div><\/li><li class=\"fusion-li-item\" style=\"\"><span class=\"icon-wrapper circle-no\"><i class=\"fusion-li-icon fa-chevron-circle-right fas\" aria-hidden=\"true\"><\/i><\/span><div class=\"fusion-li-item-content\">\n<p><strong>Erh\u00f6hter Staubschutz:<\/strong> Eine zus\u00e4tzliche Schutzlinse in einem Schubladenhalter oberhalb der Kollimationslinse sch\u00fctzt wirksam vor Staubsch\u00e4den an der Optik.<\/p>\n<\/div><\/li><\/ul><\/div><\/div><\/div><\/div><div class=\"fusion-fullwidth fullwidth-box fusion-builder-row-2 fusion-flex-container has-pattern-background has-mask-background nonhundred-percent-fullwidth non-hundred-percent-height-scrolling fusion-animated\" style=\"--awb-border-radius-top-left:0px;--awb-border-radius-top-right:0px;--awb-border-radius-bottom-right:0px;--awb-border-radius-bottom-left:0px;--awb-padding-top:0px;--awb-padding-right:0px;--awb-padding-bottom:0px;--awb-padding-left:0px;--awb-margin-top:60px;--awb-flex-wrap:wrap;\" data-animationtype=\"fadeInLeft\" data-animationduration=\"2.0\" data-animationoffset=\"top-into-view\" ><div class=\"fusion-builder-row fusion-row fusion-flex-align-items-flex-start fusion-flex-content-wrap\" style=\"max-width:1372.8px;margin-left: calc(-4% \/ 2 );margin-right: calc(-4% \/ 2 );\"><div class=\"fusion-layout-column fusion_builder_column fusion-builder-column-1 fusion_builder_column_1_1 1_1 fusion-flex-column\" style=\"--awb-bg-size:cover;--awb-width-large:100%;--awb-margin-top-large:20px;--awb-spacing-right-large:1.92%;--awb-margin-bottom-large:20px;--awb-spacing-left-large:1.92%;--awb-width-medium:100%;--awb-order-medium:0;--awb-spacing-right-medium:1.92%;--awb-spacing-left-medium:1.92%;--awb-width-small:100%;--awb-order-small:0;--awb-spacing-right-small:1.92%;--awb-spacing-left-small:1.92%;\"><div class=\"fusion-column-wrapper fusion-column-has-shadow fusion-flex-justify-content-flex-start fusion-content-layout-column\"><div class=\"fusion-title title fusion-title-2 fusion-sep-none fusion-title-text fusion-title-size-two\" style=\"--awb-text-color:var(--awb-color8);--awb-sep-color:var(--awb-custom_color_1);--awb-font-size:24px;\"><h2 class=\"fusion-title-heading title-heading-left fusion-responsive-typography-calculated\" style=\"margin:0;font-size:1em;--fontSize:24;line-height:1.3;\">Technische Daten<\/h2><\/div><div class=\"fusion-separator\" style=\"align-self: flex-start;margin-right:auto;margin-top:-10px;width:100%;max-width:60px;\"><div class=\"fusion-separator-border sep-single sep-solid\" style=\"--awb-height:20px;--awb-amount:20px;--awb-sep-color:var(--awb-custom_color_1);border-color:var(--awb-custom_color_1);border-top-width:5px;\"><\/div><\/div>\n<div class=\"table-1\" style=\"--awb-margin-top:30px;\">\n<table width=\"100%\">\n<thead>\n<tr>\n<th align=\"left\">Modell<\/th>\n<th align=\"left\">Raytools GF101F<\/th>\n<\/tr>\n<\/thead>\n<tbody>\n<tr>\n<td align=\"left\" width=\"50%\">Faseranschluss<\/td>\n<td align=\"left\" width=\"50%\">QBH<\/td>\n<\/tr>\n<tr>\n<td align=\"left\" width=\"50%\">Automatischer Fokusbereich<\/td>\n<td align=\"left\" width=\"50%\">-5mm ~ +5mm<\/td>\n<\/tr>\n<tr>\n<td align=\"left\" width=\"50%\">Fokussiergenauigkeit<\/td>\n<td align=\"left\" width=\"50%\">0,05mm<\/td>\n<\/tr>\n<tr>\n<td align=\"left\" width=\"50%\">Nachf\u00fchrhub<\/td>\n<td align=\"left\" width=\"50%\">15mm<\/td>\n<\/tr>\n<tr>\n<td align=\"left\" width=\"50%\">Strahldurchmesser<\/td>\n<td align=\"left\" width=\"50%\">28mm<\/td>\n<\/tr>\n<tr>\n<td align=\"left\" width=\"50%\">Kollimationsbrennweite<\/td>\n<td align=\"left\" width=\"50%\">75mm<\/td>\n<\/tr>\n<tr>\n<td align=\"left\" width=\"50%\">Fokussierbrennweite<\/td>\n<td align=\"left\" width=\"50%\">150mm<\/td>\n<\/tr>\n<tr>\n<td align=\"left\" width=\"50%\">D\u00fcsenstandard<\/td>\n<td align=\"left\" width=\"50%\">M8 3D-D\u00fcse<\/td>\n<\/tr>\n<tr>\n<td align=\"left\" width=\"50%\">Hilfsgasdruck<\/td>\n<td align=\"left\" width=\"50%\">\u226425bar<\/td>\n<\/tr>\n<tr>\n<td align=\"left\" width=\"50%\">Gewicht<\/td>\n<td align=\"left\" width=\"50%\">ca. 6,5kg<\/td>\n<\/tr>\n<\/tbody>\n<\/table>\n<\/div>\n<\/div><\/div><\/div><\/div><\/p>","protected":false},"excerpt":{"rendered":"<p>Der GF101F ist ein Faserlaserschneidkopf, der f\u00fcr mittel- bis hochleistungsf\u00e4hige 3D-Schneidanwendungen entwickelt wurde. Er verf\u00fcgt \u00fcber eine integrierte Motoreinheit, die mithilfe eines Linearmechanismus eine automatische Positionsanpassung und Autofokusfunktion des Fokusnachf\u00fchrmoduls innerhalb eines Bereichs von 15 mm erm\u00f6glicht. Mit einem optimierten optischen Fokussiersystem, einem ringf\u00f6rmigen Luftkanal und einem leichten Design erf\u00fcllt der GF101F vollst\u00e4ndig die Anforderungen an 3D-Laserschneidumgebungen f\u00fcr verschiedene Blechschneid- und kundenspezifische Anwendungen. Das optimierte Strahlengangdesign und die Wasserk\u00fchlung sorgen f\u00fcr einen stabilen und dauerhaften Betrieb unter hoher Leistung.<\/p>","protected":false},"featured_media":8772,"template":"","meta":[],"product_brand":[],"product_cat":[47],"product_tag":[],"class_list":{"0":"post-8771","1":"product","2":"type-product","3":"status-publish","4":"has-post-thumbnail","6":"product_cat-laser-cutting-heads","8":"first","9":"instock","10":"shipping-taxable","11":"product-type-simple"},"yoast_head":"<!-- This site is optimized with the Yoast SEO plugin v26.5 - https:\/\/yoast.com\/wordpress\/plugins\/seo\/ -->\n<title>Raytools GF101F 4kW 3D Autofocus Robotic Laser Cutting Head - YUPEC Laser<\/title>\n<meta name=\"description\" content=\"The GF101F is a fiber cutting head designed for medium to high power 3D cutting applications.\" \/>\n<meta name=\"robots\" content=\"index, follow, max-snippet:-1, max-image-preview:large, max-video-preview:-1\" \/>\n<link rel=\"canonical\" href=\"https:\/\/www.yupeclaser.eu\/de\/product\/raytools-gf101f-4kw-3d-autofocus-robotic-laser-cutting-head\/\" \/>\n<meta property=\"og:locale\" content=\"de_DE\" \/>\n<meta property=\"og:type\" content=\"article\" \/>\n<meta property=\"og:title\" content=\"Raytools GF101F 4kW 3D Autofocus Robotic Laser Cutting Head - YUPEC Laser\" \/>\n<meta property=\"og:description\" content=\"The GF101F is a fiber cutting head designed for medium to high power 3D cutting applications.\" \/>\n<meta property=\"og:url\" content=\"https:\/\/www.yupeclaser.eu\/de\/product\/raytools-gf101f-4kw-3d-autofocus-robotic-laser-cutting-head\/\" \/>\n<meta property=\"og:site_name\" content=\"YUPEC Laser\" \/>\n<meta property=\"og:image\" content=\"https:\/\/www.yupeclaser.eu\/wp-content\/uploads\/2025\/06\/Raytools-GF101F.png\" \/>\n\t<meta property=\"og:image:width\" content=\"750\" \/>\n\t<meta property=\"og:image:height\" content=\"513\" \/>\n\t<meta property=\"og:image:type\" content=\"image\/png\" \/>\n<meta name=\"twitter:card\" content=\"summary_large_image\" \/>\n<meta name=\"twitter:label1\" content=\"Gesch\u00e4tzte Lesezeit\" \/>\n\t<meta name=\"twitter:data1\" content=\"3\u00a0Minuten\" \/>\n<script type=\"application\/ld+json\" class=\"yoast-schema-graph\">{\"@context\":\"https:\/\/schema.org\",\"@graph\":[{\"@type\":\"WebPage\",\"@id\":\"https:\/\/www.yupeclaser.eu\/product\/raytools-gf101f-4kw-3d-autofocus-robotic-laser-cutting-head\/\",\"url\":\"https:\/\/www.yupeclaser.eu\/product\/raytools-gf101f-4kw-3d-autofocus-robotic-laser-cutting-head\/\",\"name\":\"Raytools GF101F 4kW 3D Autofocus Robotic Laser Cutting Head - YUPEC Laser\",\"isPartOf\":{\"@id\":\"https:\/\/www.yupeclaser.eu\/#website\"},\"primaryImageOfPage\":{\"@id\":\"https:\/\/www.yupeclaser.eu\/product\/raytools-gf101f-4kw-3d-autofocus-robotic-laser-cutting-head\/#primaryimage\"},\"image\":{\"@id\":\"https:\/\/www.yupeclaser.eu\/product\/raytools-gf101f-4kw-3d-autofocus-robotic-laser-cutting-head\/#primaryimage\"},\"thumbnailUrl\":\"https:\/\/www.yupeclaser.eu\/wp-content\/uploads\/2025\/06\/Raytools-GF101F.png\",\"datePublished\":\"2025-06-25T02:44:47+00:00\",\"dateModified\":\"2025-06-25T03:02:04+00:00\",\"description\":\"The GF101F is a fiber cutting head designed for medium to high power 3D cutting applications.\",\"breadcrumb\":{\"@id\":\"https:\/\/www.yupeclaser.eu\/product\/raytools-gf101f-4kw-3d-autofocus-robotic-laser-cutting-head\/#breadcrumb\"},\"inLanguage\":\"de\",\"potentialAction\":[{\"@type\":\"ReadAction\",\"target\":[\"https:\/\/www.yupeclaser.eu\/product\/raytools-gf101f-4kw-3d-autofocus-robotic-laser-cutting-head\/\"]}]},{\"@type\":\"ImageObject\",\"inLanguage\":\"de\",\"@id\":\"https:\/\/www.yupeclaser.eu\/product\/raytools-gf101f-4kw-3d-autofocus-robotic-laser-cutting-head\/#primaryimage\",\"url\":\"https:\/\/www.yupeclaser.eu\/wp-content\/uploads\/2025\/06\/Raytools-GF101F.png\",\"contentUrl\":\"https:\/\/www.yupeclaser.eu\/wp-content\/uploads\/2025\/06\/Raytools-GF101F.png\",\"width\":750,\"height\":513},{\"@type\":\"BreadcrumbList\",\"@id\":\"https:\/\/www.yupeclaser.eu\/product\/raytools-gf101f-4kw-3d-autofocus-robotic-laser-cutting-head\/#breadcrumb\",\"itemListElement\":[{\"@type\":\"ListItem\",\"position\":1,\"name\":\"Home\",\"item\":\"https:\/\/www.yupeclaser.eu\/\"},{\"@type\":\"ListItem\",\"position\":2,\"name\":\"Products\",\"item\":\"https:\/\/www.yupeclaser.eu\/products\/\"},{\"@type\":\"ListItem\",\"position\":3,\"name\":\"Laser Cutting Heads\",\"item\":\"https:\/\/www.yupeclaser.eu\/laser-cutting-heads\/\"},{\"@type\":\"ListItem\",\"position\":4,\"name\":\"Raytools GF101F 4kW 3D Autofocus Robotic Laser Cutting Head\"}]},{\"@type\":\"WebSite\",\"@id\":\"https:\/\/www.yupeclaser.eu\/#website\",\"url\":\"https:\/\/www.yupeclaser.eu\/\",\"name\":\"YUPEC Laser\",\"description\":\"\",\"potentialAction\":[{\"@type\":\"SearchAction\",\"target\":{\"@type\":\"EntryPoint\",\"urlTemplate\":\"https:\/\/www.yupeclaser.eu\/?s={search_term_string}\"},\"query-input\":{\"@type\":\"PropertyValueSpecification\",\"valueRequired\":true,\"valueName\":\"search_term_string\"}}],\"inLanguage\":\"de\"}]}<\/script>\n<!-- \/ Yoast SEO plugin. -->","yoast_head_json":{"title":"Raytools GF101F 4kW 3D-Autofokus-Roboter-Laserschneidkopf \u2013 YUPEC Laser","description":"Der GF101F ist ein Faserlaserschneidkopf, der f\u00fcr mittel- bis hochleistungsf\u00e4hige 3D-Schneidanwendungen entwickelt wurde.","robots":{"index":"index","follow":"follow","max-snippet":"max-snippet:-1","max-image-preview":"max-image-preview:large","max-video-preview":"max-video-preview:-1"},"canonical":"https:\/\/www.yupeclaser.eu\/de\/product\/raytools-gf101f-4kw-3d-autofocus-robotic-laser-cutting-head\/","og_locale":"de_DE","og_type":"article","og_title":"Raytools GF101F 4kW 3D Autofocus Robotic Laser Cutting Head - YUPEC Laser","og_description":"The GF101F is a fiber cutting head designed for medium to high power 3D cutting applications.","og_url":"https:\/\/www.yupeclaser.eu\/de\/product\/raytools-gf101f-4kw-3d-autofocus-robotic-laser-cutting-head\/","og_site_name":"YUPEC Laser","og_image":[{"width":750,"height":513,"url":"https:\/\/www.yupeclaser.eu\/wp-content\/uploads\/2025\/06\/Raytools-GF101F.png","type":"image\/png"}],"twitter_card":"summary_large_image","twitter_misc":{"Gesch\u00e4tzte Lesezeit":"3\u00a0Minuten"},"schema":{"@context":"https:\/\/schema.org","@graph":[{"@type":"WebPage","@id":"https:\/\/www.yupeclaser.eu\/product\/raytools-gf101f-4kw-3d-autofocus-robotic-laser-cutting-head\/","url":"https:\/\/www.yupeclaser.eu\/product\/raytools-gf101f-4kw-3d-autofocus-robotic-laser-cutting-head\/","name":"Raytools GF101F 4kW 3D-Autofokus-Roboter-Laserschneidkopf \u2013 YUPEC Laser","isPartOf":{"@id":"https:\/\/www.yupeclaser.eu\/#website"},"primaryImageOfPage":{"@id":"https:\/\/www.yupeclaser.eu\/product\/raytools-gf101f-4kw-3d-autofocus-robotic-laser-cutting-head\/#primaryimage"},"image":{"@id":"https:\/\/www.yupeclaser.eu\/product\/raytools-gf101f-4kw-3d-autofocus-robotic-laser-cutting-head\/#primaryimage"},"thumbnailUrl":"https:\/\/www.yupeclaser.eu\/wp-content\/uploads\/2025\/06\/Raytools-GF101F.png","datePublished":"2025-06-25T02:44:47+00:00","dateModified":"2025-06-25T03:02:04+00:00","description":"Der GF101F ist ein Faserlaserschneidkopf, der f\u00fcr mittel- bis hochleistungsf\u00e4hige 3D-Schneidanwendungen entwickelt wurde.","breadcrumb":{"@id":"https:\/\/www.yupeclaser.eu\/product\/raytools-gf101f-4kw-3d-autofocus-robotic-laser-cutting-head\/#breadcrumb"},"inLanguage":"de","potentialAction":[{"@type":"ReadAction","target":["https:\/\/www.yupeclaser.eu\/product\/raytools-gf101f-4kw-3d-autofocus-robotic-laser-cutting-head\/"]}]},{"@type":"ImageObject","inLanguage":"de","@id":"https:\/\/www.yupeclaser.eu\/product\/raytools-gf101f-4kw-3d-autofocus-robotic-laser-cutting-head\/#primaryimage","url":"https:\/\/www.yupeclaser.eu\/wp-content\/uploads\/2025\/06\/Raytools-GF101F.png","contentUrl":"https:\/\/www.yupeclaser.eu\/wp-content\/uploads\/2025\/06\/Raytools-GF101F.png","width":750,"height":513},{"@type":"BreadcrumbList","@id":"https:\/\/www.yupeclaser.eu\/product\/raytools-gf101f-4kw-3d-autofocus-robotic-laser-cutting-head\/#breadcrumb","itemListElement":[{"@type":"ListItem","position":1,"name":"Home","item":"https:\/\/www.yupeclaser.eu\/"},{"@type":"ListItem","position":2,"name":"Products","item":"https:\/\/www.yupeclaser.eu\/products\/"},{"@type":"ListItem","position":3,"name":"Laser Cutting Heads","item":"https:\/\/www.yupeclaser.eu\/laser-cutting-heads\/"},{"@type":"ListItem","position":4,"name":"Raytools GF101F 4kW 3D Autofocus Robotic Laser Cutting Head"}]},{"@type":"WebSite","@id":"https:\/\/www.yupeclaser.eu\/#website","url":"https:\/\/www.yupeclaser.eu\/","name":"YUPEC Laser","description":"","potentialAction":[{"@type":"SearchAction","target":{"@type":"EntryPoint","urlTemplate":"https:\/\/www.yupeclaser.eu\/?s={search_term_string}"},"query-input":{"@type":"PropertyValueSpecification","valueRequired":true,"valueName":"search_term_string"}}],"inLanguage":"de"}]}},"_links":{"self":[{"href":"https:\/\/www.yupeclaser.eu\/de\/wp-json\/wp\/v2\/product\/8771","targetHints":{"allow":["GET"]}}],"collection":[{"href":"https:\/\/www.yupeclaser.eu\/de\/wp-json\/wp\/v2\/product"}],"about":[{"href":"https:\/\/www.yupeclaser.eu\/de\/wp-json\/wp\/v2\/types\/product"}],"wp:featuredmedia":[{"embeddable":true,"href":"https:\/\/www.yupeclaser.eu\/de\/wp-json\/wp\/v2\/media\/8772"}],"wp:attachment":[{"href":"https:\/\/www.yupeclaser.eu\/de\/wp-json\/wp\/v2\/media?parent=8771"}],"wp:term":[{"taxonomy":"product_brand","embeddable":true,"href":"https:\/\/www.yupeclaser.eu\/de\/wp-json\/wp\/v2\/product_brand?post=8771"},{"taxonomy":"product_cat","embeddable":true,"href":"https:\/\/www.yupeclaser.eu\/de\/wp-json\/wp\/v2\/product_cat?post=8771"},{"taxonomy":"product_tag","embeddable":true,"href":"https:\/\/www.yupeclaser.eu\/de\/wp-json\/wp\/v2\/product_tag?post=8771"}],"curies":[{"name":"wp","href":"https:\/\/api.w.org\/{rel}","templated":true}]}}