{"id":7453,"date":"2024-08-06T11:53:03","date_gmt":"2024-08-06T03:53:03","guid":{"rendered":"https:\/\/www.yupeclaser.eu\/?post_type=product&#038;p=7453"},"modified":"2024-08-06T13:37:03","modified_gmt":"2024-08-06T05:37:03","slug":"raytools-bt240s-0-3kw-manual-focus-fiber-laser-cutting-head","status":"publish","type":"product","link":"https:\/\/www.yupeclaser.eu\/de\/product\/raytools-bt240s-0-3kw-manual-focus-fiber-laser-cutting-head\/","title":{"rendered":"RayTools BT240S 0-3kW Manueller Fokus Faserlaser-Schneidkopf"},"content":{"rendered":"<p><div class=\"fusion-fullwidth fullwidth-box fusion-builder-row-1 fusion-flex-container has-pattern-background has-mask-background nonhundred-percent-fullwidth non-hundred-percent-height-scrolling fusion-animated\" style=\"--awb-border-radius-top-left:0px;--awb-border-radius-top-right:0px;--awb-border-radius-bottom-right:0px;--awb-border-radius-bottom-left:0px;--awb-padding-top:0px;--awb-padding-right:0px;--awb-padding-bottom:0px;--awb-padding-left:0px;--awb-flex-wrap:wrap;\" data-animationtype=\"fadeInLeft\" data-animationduration=\"2.0\" data-animationoffset=\"top-into-view\" ><div class=\"fusion-builder-row fusion-row fusion-flex-align-items-flex-start fusion-flex-content-wrap\" style=\"max-width:1372.8px;margin-left: calc(-4% \/ 2 );margin-right: calc(-4% \/ 2 );\"><div class=\"fusion-layout-column fusion_builder_column fusion-builder-column-0 fusion_builder_column_1_1 1_1 fusion-flex-column\" style=\"--awb-bg-size:cover;--awb-width-large:100%;--awb-margin-top-large:20px;--awb-spacing-right-large:1.92%;--awb-margin-bottom-large:20px;--awb-spacing-left-large:1.92%;--awb-width-medium:100%;--awb-order-medium:0;--awb-spacing-right-medium:1.92%;--awb-spacing-left-medium:1.92%;--awb-width-small:100%;--awb-order-small:0;--awb-spacing-right-small:1.92%;--awb-spacing-left-small:1.92%;\"><div class=\"fusion-column-wrapper fusion-column-has-shadow fusion-flex-justify-content-flex-start fusion-content-layout-column\"><div class=\"fusion-title title fusion-title-1 fusion-sep-none fusion-title-text fusion-title-size-two\" style=\"--awb-text-color:var(--awb-color8);--awb-sep-color:var(--awb-custom_color_1);--awb-font-size:24px;\"><h2 class=\"fusion-title-heading title-heading-left fusion-responsive-typography-calculated\" style=\"margin:0;font-size:1em;--fontSize:24;line-height:1.3;\">Produktmerkmale<\/h2><\/div><div class=\"fusion-separator\" style=\"align-self: flex-start;margin-right:auto;margin-top:-10px;width:100%;max-width:60px;\"><div class=\"fusion-separator-border sep-single sep-solid\" style=\"--awb-height:20px;--awb-amount:20px;--awb-sep-color:var(--awb-custom_color_1);border-color:var(--awb-custom_color_1);border-top-width:5px;\"><\/div><\/div><ul style=\"--awb-size:15px;--awb-margin-top:30px;--awb-margin-right:0px;--awb-margin-left:0px;--awb-item-padding-right:0px;--awb-item-padding-left:0px;--awb-iconcolor:var(--awb-color8);--awb-line-height:25.5px;--awb-icon-width:25.5px;--awb-icon-height:25.5px;--awb-icon-margin:10.5px;--awb-content-margin:36px;\" class=\"fusion-checklist fusion-checklist-1 fusion-checklist-default type-icons\"><li class=\"fusion-li-item\" style=\"\"><span class=\"icon-wrapper circle-no\"><i class=\"fusion-li-icon fa-chevron-circle-right fas\" aria-hidden=\"true\"><\/i><\/span><div class=\"fusion-li-item-content\">\n<p>Zero Focus Scale Recovery Function zur Aufrechterhaltung genauer Fokuseinstellung.<\/p>\n<\/div><\/li><li class=\"fusion-li-item\" style=\"\"><span class=\"icon-wrapper circle-no\"><i class=\"fusion-li-icon fa-chevron-circle-right fas\" aria-hidden=\"true\"><\/i><\/span><div class=\"fusion-li-item-content\">\n<p>Integriertes Design und verbesserte QBH-Faser-Schnittstelle zur Vermeidung von Blockaden.<\/p>\n<\/div><\/li><li class=\"fusion-li-item\" style=\"\"><span class=\"icon-wrapper circle-no\"><i class=\"fusion-li-icon fa-chevron-circle-right fas\" aria-hidden=\"true\"><\/i><\/span><div class=\"fusion-li-item-content\">\n<p>Dual-Wasserk\u00fchlungsschaltung f\u00fcr Kollimationslinse und Fokussierlinse.<\/p>\n<\/div><\/li><li class=\"fusion-li-item\" style=\"\"><span class=\"icon-wrapper circle-no\"><i class=\"fusion-li-icon fa-chevron-circle-right fas\" aria-hidden=\"true\"><\/i><\/span><div class=\"fusion-li-item-content\">\n<p>IP65 staubdichtes Niveau mit vollst\u00e4ndig geschlossenem Strahlweg zur Verringerung des Kontaminationsrisikos.<\/p>\n<\/div><\/li><\/ul><div class=\"fusion-image-element\" style=\"text-align:center;--awb-margin-top:30px;--awb-max-width:600px;--awb-caption-title-font-family:var(--h2_typography-font-family);--awb-caption-title-font-weight:var(--h2_typography-font-weight);--awb-caption-title-font-style:var(--h2_typography-font-style);--awb-caption-title-size:var(--h2_typography-font-size);--awb-caption-title-transform:var(--h2_typography-text-transform);--awb-caption-title-line-height:var(--h2_typography-line-height);--awb-caption-title-letter-spacing:var(--h2_typography-letter-spacing);\"><span class=\"fusion-imageframe imageframe-none imageframe-1 hover-type-none\" style=\"border:1px solid var(--awb-color2);border-radius:8px;\"><img decoding=\"async\" width=\"1000\" height=\"684\" title=\"Raytools BT240S &#8211; Product Details 1\" src=\"https:\/\/www.yupeclaser.eu\/wp-content\/uploads\/2024\/08\/Raytools-BT240S-Product-Details-1.webp\" data-orig-src=\"https:\/\/www.yupeclaser.eu\/wp-content\/uploads\/2024\/08\/Raytools-BT240S-Product-Details-1.webp\" alt class=\"lazyload img-responsive wp-image-7455\" srcset=\"data:image\/svg+xml,%3Csvg%20xmlns%3D%27http%3A%2F%2Fwww.w3.org%2F2000%2Fsvg%27%20width%3D%271000%27%20height%3D%27684%27%20viewBox%3D%270%200%201000%20684%27%3E%3Crect%20width%3D%271000%27%20height%3D%27684%27%20fill-opacity%3D%220%22%2F%3E%3C%2Fsvg%3E\" data-srcset=\"https:\/\/www.yupeclaser.eu\/wp-content\/uploads\/2024\/08\/Raytools-BT240S-Product-Details-1-200x137.webp 200w, https:\/\/www.yupeclaser.eu\/wp-content\/uploads\/2024\/08\/Raytools-BT240S-Product-Details-1-400x274.webp 400w, https:\/\/www.yupeclaser.eu\/wp-content\/uploads\/2024\/08\/Raytools-BT240S-Product-Details-1-600x410.webp 600w, https:\/\/www.yupeclaser.eu\/wp-content\/uploads\/2024\/08\/Raytools-BT240S-Product-Details-1-800x547.webp 800w, https:\/\/www.yupeclaser.eu\/wp-content\/uploads\/2024\/08\/Raytools-BT240S-Product-Details-1.webp 1000w\" data-sizes=\"auto\" data-orig-sizes=\"(max-width: 640px) 100vw, 1000px\" \/><\/span><\/div><\/div><\/div><\/div><\/div><div class=\"fusion-fullwidth fullwidth-box fusion-builder-row-2 fusion-flex-container has-pattern-background has-mask-background nonhundred-percent-fullwidth non-hundred-percent-height-scrolling fusion-animated\" style=\"--awb-border-radius-top-left:0px;--awb-border-radius-top-right:0px;--awb-border-radius-bottom-right:0px;--awb-border-radius-bottom-left:0px;--awb-padding-top:0px;--awb-padding-right:0px;--awb-padding-bottom:0px;--awb-padding-left:0px;--awb-margin-top:60px;--awb-flex-wrap:wrap;\" data-animationtype=\"fadeInLeft\" data-animationduration=\"2.0\" data-animationoffset=\"top-into-view\" ><div class=\"fusion-builder-row fusion-row fusion-flex-align-items-flex-start fusion-flex-content-wrap\" style=\"max-width:1372.8px;margin-left: calc(-4% \/ 2 );margin-right: calc(-4% \/ 2 );\"><div class=\"fusion-layout-column fusion_builder_column fusion-builder-column-1 fusion_builder_column_1_1 1_1 fusion-flex-column\" style=\"--awb-bg-size:cover;--awb-width-large:100%;--awb-margin-top-large:20px;--awb-spacing-right-large:1.92%;--awb-margin-bottom-large:20px;--awb-spacing-left-large:1.92%;--awb-width-medium:100%;--awb-order-medium:0;--awb-spacing-right-medium:1.92%;--awb-spacing-left-medium:1.92%;--awb-width-small:100%;--awb-order-small:0;--awb-spacing-right-small:1.92%;--awb-spacing-left-small:1.92%;\"><div class=\"fusion-column-wrapper fusion-column-has-shadow fusion-flex-justify-content-flex-start fusion-content-layout-column\"><div class=\"fusion-title title fusion-title-2 fusion-sep-none fusion-title-text fusion-title-size-two\" style=\"--awb-text-color:var(--awb-color8);--awb-sep-color:var(--awb-custom_color_1);--awb-font-size:24px;\"><h2 class=\"fusion-title-heading title-heading-left fusion-responsive-typography-calculated\" style=\"margin:0;font-size:1em;--fontSize:24;line-height:1.3;\">Technische Daten<\/h2><\/div><div class=\"fusion-separator\" style=\"align-self: flex-start;margin-right:auto;margin-top:-10px;width:100%;max-width:60px;\"><div class=\"fusion-separator-border sep-single sep-solid\" style=\"--awb-height:20px;--awb-amount:20px;--awb-sep-color:var(--awb-custom_color_1);border-color:var(--awb-custom_color_1);border-top-width:5px;\"><\/div><\/div>\n<div class=\"table-1\" style=\"--awb-margin-top:30px;\">\n<table width=\"100%\">\n<thead>\n<tr>\n<th align=\"left\" width=\"50%\">Modell<\/th>\n<th style=\"text-align: center;\" align=\"left\" width=\"50%\">RayTools BT240S<\/th>\n<\/tr>\n<\/thead>\n<tbody>\n<tr>\n<td align=\"left\">Anwendbare Leistung<\/td>\n<td style=\"text-align: center;\" align=\"left\">\u22643000W<\/td>\n<\/tr>\n<tr>\n<td align=\"left\">Faseranschluss<\/td>\n<td style=\"text-align: center;\" align=\"left\">QBH<\/td>\n<\/tr>\n<tr>\n<td align=\"left\">Maximaler Gasdruck<\/td>\n<td style=\"text-align: center;\" align=\"left\">25Bar<\/td>\n<\/tr>\n<tr>\n<td align=\"left\">Kollimationsbrennweite<\/td>\n<td style=\"text-align: center;\" align=\"left\">F100<\/td>\n<\/tr>\n<tr>\n<td align=\"left\">Fokussierbrennweite<\/td>\n<td style=\"text-align: center;\" align=\"left\">F125 \/ F155 \/ F200<\/td>\n<\/tr>\n<tr>\n<td align=\"left\">Entfernungsbereich (1mm empfohlen)<\/td>\n<td style=\"text-align: center;\" align=\"left\">0.3-10mm<\/td>\n<\/tr>\n<tr>\n<td align=\"left\">Kalibrierung<\/td>\n<td style=\"text-align: center;\" align=\"left\">Automatische Kalibrierung \/ Manuelle Kalibrierung<\/td>\n<\/tr>\n<tr>\n<td align=\"left\">Effektive Apertur<\/td>\n<td style=\"text-align: center;\" align=\"left\">28mm<\/td>\n<\/tr>\n<tr>\n<td align=\"left\">Reaktionszeit<\/td>\n<td style=\"text-align: center;\" align=\"left\">\uff1c1ms<\/td>\n<\/tr>\n<tr>\n<td style=\"text-align: left;\" align=\"left\">Temperaturstabilit\u00e4t<\/td>\n<td style=\"text-align: center;\" align=\"left\">Im Bereich von 0 bis 45\u00b0C liegt die Temperaturstabilit\u00e4t im Bereich<\/td>\n<\/tr>\n<tr>\n<td style=\"text-align: left;\" align=\"left\">Stromversorgung<\/td>\n<td style=\"text-align: center;\" align=\"left\">24V<\/td>\n<\/tr>\n<tr>\n<td align=\"left\">Ausgang (lineares oder optimiertes Kurvensignal)<\/td>\n<td style=\"text-align: center;\" align=\"left\">0~10V \/ +-10V Analog<\/td>\n<\/tr>\n<tr>\n<td align=\"left\">Bruttogewicht<\/td>\n<td style=\"text-align: center;\" align=\"left\">3.5kg<\/td>\n<\/tr>\n<\/tbody>\n<\/table>\n<\/div>\n<\/div><\/div><\/div><\/div><div class=\"fusion-fullwidth fullwidth-box fusion-builder-row-3 fusion-flex-container has-pattern-background has-mask-background nonhundred-percent-fullwidth non-hundred-percent-height-scrolling fusion-animated\" style=\"--awb-border-radius-top-left:0px;--awb-border-radius-top-right:0px;--awb-border-radius-bottom-right:0px;--awb-border-radius-bottom-left:0px;--awb-padding-top:0px;--awb-padding-right:0px;--awb-padding-bottom:0px;--awb-padding-left:0px;--awb-margin-top:60px;--awb-flex-wrap:wrap;\" data-animationtype=\"fadeInLeft\" data-animationduration=\"2.0\" data-animationoffset=\"top-into-view\" ><div class=\"fusion-builder-row fusion-row fusion-flex-align-items-flex-start fusion-flex-content-wrap\" style=\"max-width:1372.8px;margin-left: calc(-4% \/ 2 );margin-right: calc(-4% \/ 2 );\"><div class=\"fusion-layout-column fusion_builder_column fusion-builder-column-2 fusion_builder_column_1_1 1_1 fusion-flex-column\" style=\"--awb-bg-size:cover;--awb-width-large:100%;--awb-margin-top-large:20px;--awb-spacing-right-large:1.92%;--awb-margin-bottom-large:20px;--awb-spacing-left-large:1.92%;--awb-width-medium:100%;--awb-order-medium:0;--awb-spacing-right-medium:1.92%;--awb-spacing-left-medium:1.92%;--awb-width-small:100%;--awb-order-small:0;--awb-spacing-right-small:1.92%;--awb-spacing-left-small:1.92%;\"><div class=\"fusion-column-wrapper fusion-column-has-shadow fusion-flex-justify-content-flex-start fusion-content-layout-column\"><div class=\"fusion-title title fusion-title-3 fusion-sep-none fusion-title-text fusion-title-size-two\" style=\"--awb-text-color:var(--awb-color8);--awb-sep-color:var(--awb-custom_color_1);--awb-font-size:24px;\"><h2 class=\"fusion-title-heading title-heading-left fusion-responsive-typography-calculated\" style=\"margin:0;font-size:1em;--fontSize:24;line-height:1.3;\">Produktstruktur<\/h2><\/div><div class=\"fusion-separator\" style=\"align-self: flex-start;margin-right:auto;margin-top:-10px;width:100%;max-width:60px;\"><div class=\"fusion-separator-border sep-single sep-solid\" style=\"--awb-height:20px;--awb-amount:20px;--awb-sep-color:var(--awb-custom_color_1);border-color:var(--awb-custom_color_1);border-top-width:5px;\"><\/div><\/div><div class=\"fusion-image-element\" style=\"text-align:center;--awb-margin-top:30px;--awb-max-width:800px;--awb-caption-title-font-family:var(--h2_typography-font-family);--awb-caption-title-font-weight:var(--h2_typography-font-weight);--awb-caption-title-font-style:var(--h2_typography-font-style);--awb-caption-title-size:var(--h2_typography-font-size);--awb-caption-title-transform:var(--h2_typography-text-transform);--awb-caption-title-line-height:var(--h2_typography-line-height);--awb-caption-title-letter-spacing:var(--h2_typography-letter-spacing);\"><span class=\"fusion-imageframe imageframe-none imageframe-2 hover-type-none\" style=\"border:1px solid var(--awb-color2);border-radius:8px;\"><img decoding=\"async\" width=\"1000\" height=\"645\" title=\"Raytools BT240S &#8211; Product Details 2\" src=\"https:\/\/www.yupeclaser.eu\/wp-content\/uploads\/2024\/08\/Raytools-BT240S-Product-Details-2.webp\" data-orig-src=\"https:\/\/www.yupeclaser.eu\/wp-content\/uploads\/2024\/08\/Raytools-BT240S-Product-Details-2.webp\" alt class=\"lazyload img-responsive wp-image-7456\" srcset=\"data:image\/svg+xml,%3Csvg%20xmlns%3D%27http%3A%2F%2Fwww.w3.org%2F2000%2Fsvg%27%20width%3D%271000%27%20height%3D%27645%27%20viewBox%3D%270%200%201000%20645%27%3E%3Crect%20width%3D%271000%27%20height%3D%27645%27%20fill-opacity%3D%220%22%2F%3E%3C%2Fsvg%3E\" data-srcset=\"https:\/\/www.yupeclaser.eu\/wp-content\/uploads\/2024\/08\/Raytools-BT240S-Product-Details-2-200x129.webp 200w, https:\/\/www.yupeclaser.eu\/wp-content\/uploads\/2024\/08\/Raytools-BT240S-Product-Details-2-400x258.webp 400w, https:\/\/www.yupeclaser.eu\/wp-content\/uploads\/2024\/08\/Raytools-BT240S-Product-Details-2-600x387.webp 600w, https:\/\/www.yupeclaser.eu\/wp-content\/uploads\/2024\/08\/Raytools-BT240S-Product-Details-2-800x516.webp 800w, https:\/\/www.yupeclaser.eu\/wp-content\/uploads\/2024\/08\/Raytools-BT240S-Product-Details-2.webp 1000w\" data-sizes=\"auto\" data-orig-sizes=\"(max-width: 640px) 100vw, 1000px\" \/><\/span><\/div><div class=\"fusion-image-element\" style=\"text-align:center;--awb-margin-top:30px;--awb-max-width:800px;--awb-caption-title-font-family:var(--h2_typography-font-family);--awb-caption-title-font-weight:var(--h2_typography-font-weight);--awb-caption-title-font-style:var(--h2_typography-font-style);--awb-caption-title-size:var(--h2_typography-font-size);--awb-caption-title-transform:var(--h2_typography-text-transform);--awb-caption-title-line-height:var(--h2_typography-line-height);--awb-caption-title-letter-spacing:var(--h2_typography-letter-spacing);\"><span class=\"fusion-imageframe imageframe-none imageframe-3 hover-type-none\" style=\"border:1px solid var(--awb-color2);border-radius:8px;\"><img decoding=\"async\" width=\"1000\" height=\"286\" title=\"Raytools BT240S &#8211; Product Details 3\" src=\"https:\/\/www.yupeclaser.eu\/wp-content\/uploads\/2024\/08\/Raytools-BT240S-Product-Details-3.webp\" data-orig-src=\"https:\/\/www.yupeclaser.eu\/wp-content\/uploads\/2024\/08\/Raytools-BT240S-Product-Details-3.webp\" alt class=\"lazyload img-responsive wp-image-7457\" srcset=\"data:image\/svg+xml,%3Csvg%20xmlns%3D%27http%3A%2F%2Fwww.w3.org%2F2000%2Fsvg%27%20width%3D%271000%27%20height%3D%27286%27%20viewBox%3D%270%200%201000%20286%27%3E%3Crect%20width%3D%271000%27%20height%3D%27286%27%20fill-opacity%3D%220%22%2F%3E%3C%2Fsvg%3E\" data-srcset=\"https:\/\/www.yupeclaser.eu\/wp-content\/uploads\/2024\/08\/Raytools-BT240S-Product-Details-3-200x57.webp 200w, https:\/\/www.yupeclaser.eu\/wp-content\/uploads\/2024\/08\/Raytools-BT240S-Product-Details-3-400x114.webp 400w, https:\/\/www.yupeclaser.eu\/wp-content\/uploads\/2024\/08\/Raytools-BT240S-Product-Details-3-600x172.webp 600w, https:\/\/www.yupeclaser.eu\/wp-content\/uploads\/2024\/08\/Raytools-BT240S-Product-Details-3-800x229.webp 800w, https:\/\/www.yupeclaser.eu\/wp-content\/uploads\/2024\/08\/Raytools-BT240S-Product-Details-3.webp 1000w\" data-sizes=\"auto\" data-orig-sizes=\"(max-width: 640px) 100vw, 1000px\" \/><\/span><\/div><\/div><\/div><\/div><\/div><\/p>","protected":false},"excerpt":{"rendered":"<p>Der BT240S ist ein Schneidkopf, der f\u00fcr niedrige bis mittlere Leistungsstufen mit einer Leistungsbewertung von 2kW entwickelt wurde. Dieses Produkt ist mit mehreren Faseranschl\u00fcssen, einschlie\u00dflich QBH und QCS, ausgestattet, wodurch es mit verschiedenen g\u00e4ngigen Lasern kompatibel ist. Die optimierte optische Konfiguration und das reibungslose, effiziente Luftstromdesign verbessern die Schneidqualit\u00e4t und -effizienz erheblich.<\/p>","protected":false},"featured_media":7454,"template":"","meta":[],"product_brand":[],"product_cat":[47],"product_tag":[],"class_list":{"0":"post-7453","1":"product","2":"type-product","3":"status-publish","4":"has-post-thumbnail","6":"product_cat-laser-cutting-heads","8":"first","9":"instock","10":"shipping-taxable","11":"product-type-simple"},"yoast_head":"<!-- This site is optimized with the Yoast SEO plugin v26.5 - https:\/\/yoast.com\/wordpress\/plugins\/seo\/ -->\n<title>RayTools BT240S 0-3kW Manual Focus Fiber Laser Cutting Head - YUPEC Laser<\/title>\n<meta name=\"description\" content=\"RayTools BT240S Laser Cutting Head - The first choice for economical laser cutting equipment with power of 3000W and below.\" \/>\n<meta name=\"robots\" content=\"index, follow, max-snippet:-1, max-image-preview:large, max-video-preview:-1\" \/>\n<link rel=\"canonical\" href=\"https:\/\/www.yupeclaser.eu\/de\/product\/raytools-bt240s-0-3kw-manual-focus-fiber-laser-cutting-head\/\" \/>\n<meta property=\"og:locale\" content=\"de_DE\" \/>\n<meta property=\"og:type\" content=\"article\" \/>\n<meta property=\"og:title\" content=\"RayTools BT240S 0-3kW Manual Focus Fiber Laser Cutting Head - YUPEC Laser\" \/>\n<meta property=\"og:description\" content=\"RayTools BT240S Laser Cutting Head - The first choice for economical laser cutting equipment with power of 3000W and below.\" \/>\n<meta property=\"og:url\" content=\"https:\/\/www.yupeclaser.eu\/de\/product\/raytools-bt240s-0-3kw-manual-focus-fiber-laser-cutting-head\/\" \/>\n<meta property=\"og:site_name\" content=\"YUPEC Laser\" \/>\n<meta property=\"og:image\" content=\"https:\/\/www.yupeclaser.eu\/wp-content\/uploads\/2024\/08\/Raytools-BT240S.png\" \/>\n\t<meta property=\"og:image:width\" content=\"750\" \/>\n\t<meta property=\"og:image:height\" content=\"513\" \/>\n\t<meta property=\"og:image:type\" content=\"image\/png\" \/>\n<meta name=\"twitter:card\" content=\"summary_large_image\" \/>\n<meta name=\"twitter:label1\" content=\"Gesch\u00e4tzte Lesezeit\" \/>\n\t<meta name=\"twitter:data1\" content=\"2\u00a0Minuten\" \/>\n<script type=\"application\/ld+json\" class=\"yoast-schema-graph\">{\"@context\":\"https:\/\/schema.org\",\"@graph\":[{\"@type\":\"WebPage\",\"@id\":\"https:\/\/www.yupeclaser.eu\/product\/raytools-bt240s-0-3kw-manual-focus-fiber-laser-cutting-head\/\",\"url\":\"https:\/\/www.yupeclaser.eu\/product\/raytools-bt240s-0-3kw-manual-focus-fiber-laser-cutting-head\/\",\"name\":\"RayTools BT240S 0-3kW Manual Focus Fiber Laser Cutting Head - YUPEC Laser\",\"isPartOf\":{\"@id\":\"https:\/\/www.yupeclaser.eu\/#website\"},\"primaryImageOfPage\":{\"@id\":\"https:\/\/www.yupeclaser.eu\/product\/raytools-bt240s-0-3kw-manual-focus-fiber-laser-cutting-head\/#primaryimage\"},\"image\":{\"@id\":\"https:\/\/www.yupeclaser.eu\/product\/raytools-bt240s-0-3kw-manual-focus-fiber-laser-cutting-head\/#primaryimage\"},\"thumbnailUrl\":\"https:\/\/www.yupeclaser.eu\/wp-content\/uploads\/2024\/08\/Raytools-BT240S.png\",\"datePublished\":\"2024-08-06T03:53:03+00:00\",\"dateModified\":\"2024-08-06T05:37:03+00:00\",\"description\":\"RayTools BT240S Laser Cutting Head - The first choice for economical laser cutting equipment with power of 3000W and below.\",\"breadcrumb\":{\"@id\":\"https:\/\/www.yupeclaser.eu\/product\/raytools-bt240s-0-3kw-manual-focus-fiber-laser-cutting-head\/#breadcrumb\"},\"inLanguage\":\"de\",\"potentialAction\":[{\"@type\":\"ReadAction\",\"target\":[\"https:\/\/www.yupeclaser.eu\/product\/raytools-bt240s-0-3kw-manual-focus-fiber-laser-cutting-head\/\"]}]},{\"@type\":\"ImageObject\",\"inLanguage\":\"de\",\"@id\":\"https:\/\/www.yupeclaser.eu\/product\/raytools-bt240s-0-3kw-manual-focus-fiber-laser-cutting-head\/#primaryimage\",\"url\":\"https:\/\/www.yupeclaser.eu\/wp-content\/uploads\/2024\/08\/Raytools-BT240S.png\",\"contentUrl\":\"https:\/\/www.yupeclaser.eu\/wp-content\/uploads\/2024\/08\/Raytools-BT240S.png\",\"width\":750,\"height\":513},{\"@type\":\"BreadcrumbList\",\"@id\":\"https:\/\/www.yupeclaser.eu\/product\/raytools-bt240s-0-3kw-manual-focus-fiber-laser-cutting-head\/#breadcrumb\",\"itemListElement\":[{\"@type\":\"ListItem\",\"position\":1,\"name\":\"Home\",\"item\":\"https:\/\/www.yupeclaser.eu\/\"},{\"@type\":\"ListItem\",\"position\":2,\"name\":\"Products\",\"item\":\"https:\/\/www.yupeclaser.eu\/products\/\"},{\"@type\":\"ListItem\",\"position\":3,\"name\":\"Laser Cutting Heads\",\"item\":\"https:\/\/www.yupeclaser.eu\/laser-cutting-heads\/\"},{\"@type\":\"ListItem\",\"position\":4,\"name\":\"RayTools BT240S 0-3kW Manual Focus Fiber Laser Cutting Head\"}]},{\"@type\":\"WebSite\",\"@id\":\"https:\/\/www.yupeclaser.eu\/#website\",\"url\":\"https:\/\/www.yupeclaser.eu\/\",\"name\":\"YUPEC Laser\",\"description\":\"\",\"potentialAction\":[{\"@type\":\"SearchAction\",\"target\":{\"@type\":\"EntryPoint\",\"urlTemplate\":\"https:\/\/www.yupeclaser.eu\/?s={search_term_string}\"},\"query-input\":{\"@type\":\"PropertyValueSpecification\",\"valueRequired\":true,\"valueName\":\"search_term_string\"}}],\"inLanguage\":\"de\"}]}<\/script>\n<!-- \/ Yoast SEO plugin. -->","yoast_head_json":{"title":"RayTools BT240S 0-3kW Manueller Fokus Faserlaser-Schneidkopf - YUPEC Laser","description":"RayTools BT240S Laserschneidkopf - Die erste Wahl f\u00fcr wirtschaftliche Laserschneidanlagen mit einer Leistung von 3000W und darunter.","robots":{"index":"index","follow":"follow","max-snippet":"max-snippet:-1","max-image-preview":"max-image-preview:large","max-video-preview":"max-video-preview:-1"},"canonical":"https:\/\/www.yupeclaser.eu\/de\/product\/raytools-bt240s-0-3kw-manual-focus-fiber-laser-cutting-head\/","og_locale":"de_DE","og_type":"article","og_title":"RayTools BT240S 0-3kW Manual Focus Fiber Laser Cutting Head - YUPEC Laser","og_description":"RayTools BT240S Laser Cutting Head - The first choice for economical laser cutting equipment with power of 3000W and below.","og_url":"https:\/\/www.yupeclaser.eu\/de\/product\/raytools-bt240s-0-3kw-manual-focus-fiber-laser-cutting-head\/","og_site_name":"YUPEC Laser","og_image":[{"width":750,"height":513,"url":"https:\/\/www.yupeclaser.eu\/wp-content\/uploads\/2024\/08\/Raytools-BT240S.png","type":"image\/png"}],"twitter_card":"summary_large_image","twitter_misc":{"Gesch\u00e4tzte Lesezeit":"2\u00a0Minuten"},"schema":{"@context":"https:\/\/schema.org","@graph":[{"@type":"WebPage","@id":"https:\/\/www.yupeclaser.eu\/product\/raytools-bt240s-0-3kw-manual-focus-fiber-laser-cutting-head\/","url":"https:\/\/www.yupeclaser.eu\/product\/raytools-bt240s-0-3kw-manual-focus-fiber-laser-cutting-head\/","name":"RayTools BT240S 0-3kW Manueller Fokus Faserlaser-Schneidkopf - YUPEC Laser","isPartOf":{"@id":"https:\/\/www.yupeclaser.eu\/#website"},"primaryImageOfPage":{"@id":"https:\/\/www.yupeclaser.eu\/product\/raytools-bt240s-0-3kw-manual-focus-fiber-laser-cutting-head\/#primaryimage"},"image":{"@id":"https:\/\/www.yupeclaser.eu\/product\/raytools-bt240s-0-3kw-manual-focus-fiber-laser-cutting-head\/#primaryimage"},"thumbnailUrl":"https:\/\/www.yupeclaser.eu\/wp-content\/uploads\/2024\/08\/Raytools-BT240S.png","datePublished":"2024-08-06T03:53:03+00:00","dateModified":"2024-08-06T05:37:03+00:00","description":"RayTools BT240S Laserschneidkopf - Die erste Wahl f\u00fcr wirtschaftliche Laserschneidanlagen mit einer Leistung von 3000W und darunter.","breadcrumb":{"@id":"https:\/\/www.yupeclaser.eu\/product\/raytools-bt240s-0-3kw-manual-focus-fiber-laser-cutting-head\/#breadcrumb"},"inLanguage":"de","potentialAction":[{"@type":"ReadAction","target":["https:\/\/www.yupeclaser.eu\/product\/raytools-bt240s-0-3kw-manual-focus-fiber-laser-cutting-head\/"]}]},{"@type":"ImageObject","inLanguage":"de","@id":"https:\/\/www.yupeclaser.eu\/product\/raytools-bt240s-0-3kw-manual-focus-fiber-laser-cutting-head\/#primaryimage","url":"https:\/\/www.yupeclaser.eu\/wp-content\/uploads\/2024\/08\/Raytools-BT240S.png","contentUrl":"https:\/\/www.yupeclaser.eu\/wp-content\/uploads\/2024\/08\/Raytools-BT240S.png","width":750,"height":513},{"@type":"BreadcrumbList","@id":"https:\/\/www.yupeclaser.eu\/product\/raytools-bt240s-0-3kw-manual-focus-fiber-laser-cutting-head\/#breadcrumb","itemListElement":[{"@type":"ListItem","position":1,"name":"Home","item":"https:\/\/www.yupeclaser.eu\/"},{"@type":"ListItem","position":2,"name":"Products","item":"https:\/\/www.yupeclaser.eu\/products\/"},{"@type":"ListItem","position":3,"name":"Laser Cutting Heads","item":"https:\/\/www.yupeclaser.eu\/laser-cutting-heads\/"},{"@type":"ListItem","position":4,"name":"RayTools BT240S 0-3kW Manual Focus Fiber Laser Cutting Head"}]},{"@type":"WebSite","@id":"https:\/\/www.yupeclaser.eu\/#website","url":"https:\/\/www.yupeclaser.eu\/","name":"YUPEC Laser","description":"","potentialAction":[{"@type":"SearchAction","target":{"@type":"EntryPoint","urlTemplate":"https:\/\/www.yupeclaser.eu\/?s={search_term_string}"},"query-input":{"@type":"PropertyValueSpecification","valueRequired":true,"valueName":"search_term_string"}}],"inLanguage":"de"}]}},"_links":{"self":[{"href":"https:\/\/www.yupeclaser.eu\/de\/wp-json\/wp\/v2\/product\/7453","targetHints":{"allow":["GET"]}}],"collection":[{"href":"https:\/\/www.yupeclaser.eu\/de\/wp-json\/wp\/v2\/product"}],"about":[{"href":"https:\/\/www.yupeclaser.eu\/de\/wp-json\/wp\/v2\/types\/product"}],"wp:featuredmedia":[{"embeddable":true,"href":"https:\/\/www.yupeclaser.eu\/de\/wp-json\/wp\/v2\/media\/7454"}],"wp:attachment":[{"href":"https:\/\/www.yupeclaser.eu\/de\/wp-json\/wp\/v2\/media?parent=7453"}],"wp:term":[{"taxonomy":"product_brand","embeddable":true,"href":"https:\/\/www.yupeclaser.eu\/de\/wp-json\/wp\/v2\/product_brand?post=7453"},{"taxonomy":"product_cat","embeddable":true,"href":"https:\/\/www.yupeclaser.eu\/de\/wp-json\/wp\/v2\/product_cat?post=7453"},{"taxonomy":"product_tag","embeddable":true,"href":"https:\/\/www.yupeclaser.eu\/de\/wp-json\/wp\/v2\/product_tag?post=7453"}],"curies":[{"name":"wp","href":"https:\/\/api.w.org\/{rel}","templated":true}]}}